{"id":9990,"date":"2016-02-29T13:44:50","date_gmt":"2016-02-29T12:44:50","guid":{"rendered":"https:\/\/websjop.bwhontwerpers.nl\/?post_type=product&#038;p=9990"},"modified":"2026-03-04T14:04:27","modified_gmt":"2026-03-04T13:04:27","slug":"in-reis-nei-de-moanne","status":"publish","type":"product","link":"https:\/\/websjop.afuk.frl\/nl\/winkel\/in-reis-nei-de-moanne\/","title":{"rendered":"In reis nei de moanne"},"content":{"rendered":"<p>Jules Verne (1828\u20131905) is in wiid ferneamd skriuwer \u00fat &#8216;e njoggentjende iuw. Yn syn romans nimt er syn l\u00eazers mei op fiere reizen, dwers troch Afrika, oer de Russyske steppes, nei de Noardpoal of nei de djipten fan &#8216;e oseaan. Jules Verne kombinearre spannende aventoeren mei boeiende beskriuwings fan lannen en folken. Klassikers as De la Terre \u00e0 la Lune (In reis nei de moanne), Le Tour du monde en 80 jours (In wr\u00e2ldreis yn 80 dagen) en Voyage au centre de la Terre (De reis nei it middelpunt fan &#8216;e ierde) hawwe al in soad generaasjes fassinearre, en noch altyd foarmet it wurk fan Jules Verne in boarne fan ynspiraasje foar filmers, skriuwers en reklameburo&#8217;s.<\/p>\n<p>Yn<em> In reis nei de moanne<\/em> beskriuwt Jules Verne hoe&#8217;t in bemanne k\u00fbgel mei in gigantysk kanon nei de moanne ta sketten wurdt. Net earder yn de literatuerskiednis waarden de natuerkundige en technyske eftergr\u00fbnen fan sa&#8217;n reis sa sekuer beskreaun. Verne basearde him op aktuele kennis en r\u00f4p foar de berekkenings ferneamde wiskundigen te help. De la Terre \u00e0 la Lune jout d\u00eartroch in goed byld fan de wittenskiplike st\u00e2n fan saken yn 1865. De roman hat dan ek tige bydr\u00fbgen oan Jules Verne syn reputaasje as gr\u00fbnlizzer fan de science fiction. Mar efter de wittenskiplike roman binne mear lagen te finen: it ferhaal kin ek l\u00eazen wurde as in skerpe satire op &#8216;e driuw ta dieden fan de Amerikanen en har militarisme.<\/p>\n<p>Dizze klassiker is no foar &#8216;t earst yn it Frysk \u00fatbrocht yn in yntegrale oersetting mei alle oarspronklike gravueres, guon sels yn kleur.<\/p>\n<p>&nbsp;<\/p>\n<p>Frysk, oersetting Syt Bakker-Palma, 196 siden, yllustrearre, paperback<\/p>\n","protected":false},"excerpt":{"rendered":"<p>In reis nei de moanne &#8211; roman fan Jules Verne<\/p>\n","protected":false},"featured_media":9991,"comment_status":"closed","ping_status":"closed","template":"","meta":{"_acf_changed":false},"product_brand":[],"product_cat":[21735],"product_tag":[],"class_list":{"0":"post-9990","1":"product","2":"type-product","3":"status-publish","4":"has-post-thumbnail","6":"product_cat-boekenweek-2026","7":"product_shipping_class-brievenbus-verzending","8":"pa_auteur-1370","9":"pa_is-een-afuk-product-0-2","10":"pa_new-label-1-3","11":"pa_sale-label-0-3","13":"first","14":"instock","15":"taxable","16":"shipping-taxable","17":"purchasable","18":"product-type-simple"},"acf":[],"yoast_head":"<!-- This site is optimized with the Yoast SEO plugin v27.3 - https:\/\/yoast.com\/product\/yoast-seo-wordpress\/ -->\n<title>In reis nei de moanne &#8211; Af\u00fbk Websjop<\/title>\n<meta name=\"robots\" content=\"index, follow, max-snippet:-1, max-image-preview:large, max-video-preview:-1\" \/>\n<link rel=\"canonical\" href=\"https:\/\/websjop.afuk.frl\/nl\/winkel\/in-reis-nei-de-moanne\/\" \/>\n<meta property=\"og:locale\" content=\"nl_NL\" \/>\n<meta property=\"og:type\" content=\"article\" \/>\n<meta property=\"og:title\" content=\"In reis nei de moanne &#8211; Af\u00fbk Websjop\" \/>\n<meta property=\"og:description\" content=\"In reis nei de moanne - roman fan Jules Verne\" \/>\n<meta property=\"og:url\" content=\"https:\/\/websjop.afuk.frl\/nl\/winkel\/in-reis-nei-de-moanne\/\" \/>\n<meta property=\"og:site_name\" content=\"Af\u00fbk Websjop\" \/>\n<meta property=\"article:modified_time\" content=\"2026-03-04T13:04:27+00:00\" \/>\n<meta property=\"og:image\" content=\"https:\/\/websjop.afuk.frl\/wp-content\/uploads\/2016\/02\/products-in_reis_nei_de_moanne.jpg\" \/>\n\t<meta property=\"og:image:width\" content=\"300\" \/>\n\t<meta property=\"og:image:height\" content=\"434\" \/>\n\t<meta property=\"og:image:type\" content=\"image\/jpeg\" \/>\n<meta name=\"twitter:card\" content=\"summary_large_image\" \/>\n<meta name=\"twitter:label1\" content=\"Geschatte leestijd\" \/>\n\t<meta name=\"twitter:data1\" content=\"3 minuten\" \/>\n<script type=\"application\/ld+json\" class=\"yoast-schema-graph\">{\"@context\":\"https:\\\/\\\/schema.org\",\"@graph\":[{\"@type\":\"WebPage\",\"@id\":\"https:\\\/\\\/websjop.afuk.frl\\\/nl\\\/winkel\\\/in-reis-nei-de-moanne\\\/\",\"url\":\"https:\\\/\\\/websjop.afuk.frl\\\/nl\\\/winkel\\\/in-reis-nei-de-moanne\\\/\",\"name\":\"In reis nei de moanne &#8211; Af\u00fbk Websjop\",\"isPartOf\":{\"@id\":\"https:\\\/\\\/websjop.afuk.frl\\\/nl\\\/#website\"},\"primaryImageOfPage\":{\"@id\":\"https:\\\/\\\/websjop.afuk.frl\\\/nl\\\/winkel\\\/in-reis-nei-de-moanne\\\/#primaryimage\"},\"image\":{\"@id\":\"https:\\\/\\\/websjop.afuk.frl\\\/nl\\\/winkel\\\/in-reis-nei-de-moanne\\\/#primaryimage\"},\"thumbnailUrl\":\"https:\\\/\\\/websjop.afuk.frl\\\/wp-content\\\/uploads\\\/2016\\\/02\\\/products-in_reis_nei_de_moanne.jpg\",\"datePublished\":\"2016-02-29T12:44:50+00:00\",\"dateModified\":\"2026-03-04T13:04:27+00:00\",\"breadcrumb\":{\"@id\":\"https:\\\/\\\/websjop.afuk.frl\\\/nl\\\/winkel\\\/in-reis-nei-de-moanne\\\/#breadcrumb\"},\"inLanguage\":\"nl-NL\",\"potentialAction\":[{\"@type\":\"ReadAction\",\"target\":[\"https:\\\/\\\/websjop.afuk.frl\\\/nl\\\/winkel\\\/in-reis-nei-de-moanne\\\/\"]}]},{\"@type\":\"ImageObject\",\"inLanguage\":\"nl-NL\",\"@id\":\"https:\\\/\\\/websjop.afuk.frl\\\/nl\\\/winkel\\\/in-reis-nei-de-moanne\\\/#primaryimage\",\"url\":\"https:\\\/\\\/websjop.afuk.frl\\\/wp-content\\\/uploads\\\/2016\\\/02\\\/products-in_reis_nei_de_moanne.jpg\",\"contentUrl\":\"https:\\\/\\\/websjop.afuk.frl\\\/wp-content\\\/uploads\\\/2016\\\/02\\\/products-in_reis_nei_de_moanne.jpg\",\"width\":300,\"height\":434,\"caption\":\"In reis nei de moanne\"},{\"@type\":\"BreadcrumbList\",\"@id\":\"https:\\\/\\\/websjop.afuk.frl\\\/nl\\\/winkel\\\/in-reis-nei-de-moanne\\\/#breadcrumb\",\"itemListElement\":[{\"@type\":\"ListItem\",\"position\":1,\"name\":\"Home\",\"item\":\"https:\\\/\\\/websjop.afuk.frl\\\/nl\\\/\"},{\"@type\":\"ListItem\",\"position\":2,\"name\":\"Winkel\",\"item\":\"https:\\\/\\\/websjop.afuk.frl\\\/nl\\\/winkel\\\/\"},{\"@type\":\"ListItem\",\"position\":3,\"name\":\"In reis nei de moanne\"}]},{\"@type\":\"WebSite\",\"@id\":\"https:\\\/\\\/websjop.afuk.frl\\\/nl\\\/#website\",\"url\":\"https:\\\/\\\/websjop.afuk.frl\\\/nl\\\/\",\"name\":\"Af\u00fbk Websjop\",\"description\":\"\",\"potentialAction\":[{\"@type\":\"SearchAction\",\"target\":{\"@type\":\"EntryPoint\",\"urlTemplate\":\"https:\\\/\\\/websjop.afuk.frl\\\/nl\\\/?s={search_term_string}\"},\"query-input\":{\"@type\":\"PropertyValueSpecification\",\"valueRequired\":true,\"valueName\":\"search_term_string\"}}],\"inLanguage\":\"nl-NL\"}]}<\/script>\n<!-- \/ Yoast SEO plugin. -->","yoast_head_json":{"title":"In reis nei de moanne &#8211; Af\u00fbk Websjop","robots":{"index":"index","follow":"follow","max-snippet":"max-snippet:-1","max-image-preview":"max-image-preview:large","max-video-preview":"max-video-preview:-1"},"canonical":"https:\/\/websjop.afuk.frl\/nl\/winkel\/in-reis-nei-de-moanne\/","og_locale":"nl_NL","og_type":"article","og_title":"In reis nei de moanne &#8211; Af\u00fbk Websjop","og_description":"In reis nei de moanne - roman fan Jules Verne","og_url":"https:\/\/websjop.afuk.frl\/nl\/winkel\/in-reis-nei-de-moanne\/","og_site_name":"Af\u00fbk Websjop","article_modified_time":"2026-03-04T13:04:27+00:00","og_image":[{"width":300,"height":434,"url":"https:\/\/websjop.afuk.frl\/wp-content\/uploads\/2016\/02\/products-in_reis_nei_de_moanne.jpg","type":"image\/jpeg"}],"twitter_card":"summary_large_image","twitter_misc":{"Geschatte leestijd":"3 minuten"},"schema":{"@context":"https:\/\/schema.org","@graph":[{"@type":"WebPage","@id":"https:\/\/websjop.afuk.frl\/nl\/winkel\/in-reis-nei-de-moanne\/","url":"https:\/\/websjop.afuk.frl\/nl\/winkel\/in-reis-nei-de-moanne\/","name":"In reis nei de moanne &#8211; Af\u00fbk Websjop","isPartOf":{"@id":"https:\/\/websjop.afuk.frl\/nl\/#website"},"primaryImageOfPage":{"@id":"https:\/\/websjop.afuk.frl\/nl\/winkel\/in-reis-nei-de-moanne\/#primaryimage"},"image":{"@id":"https:\/\/websjop.afuk.frl\/nl\/winkel\/in-reis-nei-de-moanne\/#primaryimage"},"thumbnailUrl":"https:\/\/websjop.afuk.frl\/wp-content\/uploads\/2016\/02\/products-in_reis_nei_de_moanne.jpg","datePublished":"2016-02-29T12:44:50+00:00","dateModified":"2026-03-04T13:04:27+00:00","breadcrumb":{"@id":"https:\/\/websjop.afuk.frl\/nl\/winkel\/in-reis-nei-de-moanne\/#breadcrumb"},"inLanguage":"nl-NL","potentialAction":[{"@type":"ReadAction","target":["https:\/\/websjop.afuk.frl\/nl\/winkel\/in-reis-nei-de-moanne\/"]}]},{"@type":"ImageObject","inLanguage":"nl-NL","@id":"https:\/\/websjop.afuk.frl\/nl\/winkel\/in-reis-nei-de-moanne\/#primaryimage","url":"https:\/\/websjop.afuk.frl\/wp-content\/uploads\/2016\/02\/products-in_reis_nei_de_moanne.jpg","contentUrl":"https:\/\/websjop.afuk.frl\/wp-content\/uploads\/2016\/02\/products-in_reis_nei_de_moanne.jpg","width":300,"height":434,"caption":"In reis nei de moanne"},{"@type":"BreadcrumbList","@id":"https:\/\/websjop.afuk.frl\/nl\/winkel\/in-reis-nei-de-moanne\/#breadcrumb","itemListElement":[{"@type":"ListItem","position":1,"name":"Home","item":"https:\/\/websjop.afuk.frl\/nl\/"},{"@type":"ListItem","position":2,"name":"Winkel","item":"https:\/\/websjop.afuk.frl\/nl\/winkel\/"},{"@type":"ListItem","position":3,"name":"In reis nei de moanne"}]},{"@type":"WebSite","@id":"https:\/\/websjop.afuk.frl\/nl\/#website","url":"https:\/\/websjop.afuk.frl\/nl\/","name":"Af\u00fbk Websjop","description":"","potentialAction":[{"@type":"SearchAction","target":{"@type":"EntryPoint","urlTemplate":"https:\/\/websjop.afuk.frl\/nl\/?s={search_term_string}"},"query-input":{"@type":"PropertyValueSpecification","valueRequired":true,"valueName":"search_term_string"}}],"inLanguage":"nl-NL"}]}},"_links":{"self":[{"href":"https:\/\/websjop.afuk.frl\/nl\/wp-json\/wp\/v2\/product\/9990","targetHints":{"allow":["GET"]}}],"collection":[{"href":"https:\/\/websjop.afuk.frl\/nl\/wp-json\/wp\/v2\/product"}],"about":[{"href":"https:\/\/websjop.afuk.frl\/nl\/wp-json\/wp\/v2\/types\/product"}],"replies":[{"embeddable":true,"href":"https:\/\/websjop.afuk.frl\/nl\/wp-json\/wp\/v2\/comments?post=9990"}],"wp:featuredmedia":[{"embeddable":true,"href":"https:\/\/websjop.afuk.frl\/nl\/wp-json\/wp\/v2\/media\/9991"}],"wp:attachment":[{"href":"https:\/\/websjop.afuk.frl\/nl\/wp-json\/wp\/v2\/media?parent=9990"}],"wp:term":[{"taxonomy":"product_brand","embeddable":true,"href":"https:\/\/websjop.afuk.frl\/nl\/wp-json\/wp\/v2\/product_brand?post=9990"},{"taxonomy":"product_cat","embeddable":true,"href":"https:\/\/websjop.afuk.frl\/nl\/wp-json\/wp\/v2\/product_cat?post=9990"},{"taxonomy":"product_tag","embeddable":true,"href":"https:\/\/websjop.afuk.frl\/nl\/wp-json\/wp\/v2\/product_tag?post=9990"}],"curies":[{"name":"wp","href":"https:\/\/api.w.org\/{rel}","templated":true}]}}