{"id":9972,"date":"2016-02-11T10:55:17","date_gmt":"2016-02-11T09:55:17","guid":{"rendered":"https:\/\/websjop.bwhontwerpers.nl\/?post_type=product&#038;p=9972"},"modified":"2025-11-05T13:27:17","modified_gmt":"2025-11-05T12:27:17","slug":"siem-en-sanne-sjogge-sint-piter","status":"publish","type":"product","link":"https:\/\/websjop.afuk.frl\/nl\/winkel\/siem-en-sanne-sjogge-sint-piter\/","title":{"rendered":"Siem en Sanne sjogge Sint Piter"},"content":{"rendered":"<p>Het huis van Siem en het huis van Sanne staan dicht bij elkaar. Het is februari. Het is koud buiten. De wereld is wit. Als Siem en Sanne aan het slee\u00ebn zijn, zien ze een boot varen. Wie staat daar op de boot?<\/p>\n<p>&#8216;Siem en Sanne sjogge Sint Piter&#8217; is een bijzondere lees- en voorleesboek voor kinderen tussen de 3 en 7 jaar. Een boek met prachtige tekeningen en een spannend verhaal.<\/p>\n","protected":false},"excerpt":{"rendered":"<p>Siem en Sanne sjogge Sint Piter<\/p>\n","protected":false},"featured_media":9973,"comment_status":"closed","ping_status":"closed","template":"","meta":{"_acf_changed":false},"product_brand":[],"product_cat":[1213,549,550,535,22942,22392,9316],"product_tag":[5216,6533,6532],"class_list":{"0":"post-9972","1":"product","2":"type-product","3":"status-publish","4":"has-post-thumbnail","6":"product_cat-berne-en-jeugdboeken","7":"product_cat-berneboeken-0-tot-4-jaar","8":"product_cat-berneboeken-4-8","9":"product_cat-fryske-boeken","10":"product_cat-tema-sinteklaas-en-krystfeest","11":"product_cat-tema-feestdagen","12":"product_cat-winter","13":"product_tag-grou","14":"product_tag-siem-en-sanne-sjogge-sint-piter","15":"product_tag-sint-piter","16":"product_shipping_class-brievenbus-verzending","17":"pa_auteur-hendrika-vis-de-ruiter-2","18":"pa_isbn-2649","19":"pa_taal-frysk","20":"pa_uitgever-louise","22":"first","23":"instock","24":"taxable","25":"shipping-taxable","26":"purchasable","27":"product-type-simple"},"acf":[],"yoast_head":"<!-- This site is optimized with the Yoast SEO plugin v27.3 - https:\/\/yoast.com\/product\/yoast-seo-wordpress\/ -->\n<title>Siem en Sanne sjogge Sint Piter &#8211; Af\u00fbk Websjop<\/title>\n<meta name=\"description\" content=\"Siem en Sanne sjogge Sint Piter is in bys\u00fbnder l\u00eas- en foarl\u00easboek foar bern tusken de 3 en 7 jier.In boek mei prachtige tekeningen en in spannend ferhaal.\" \/>\n<meta name=\"robots\" content=\"index, follow, max-snippet:-1, max-image-preview:large, max-video-preview:-1\" \/>\n<link rel=\"canonical\" href=\"https:\/\/websjop.afuk.frl\/nl\/winkel\/siem-en-sanne-sjogge-sint-piter\/\" \/>\n<meta property=\"og:locale\" content=\"nl_NL\" \/>\n<meta property=\"og:type\" content=\"article\" \/>\n<meta property=\"og:title\" content=\"Siem en Sanne sjogge Sint Piter &#8211; Af\u00fbk Websjop\" \/>\n<meta property=\"og:description\" content=\"Siem en Sanne sjogge Sint Piter is in bys\u00fbnder l\u00eas- en foarl\u00easboek foar bern tusken de 3 en 7 jier.In boek mei prachtige tekeningen en in spannend ferhaal.\" \/>\n<meta property=\"og:url\" content=\"https:\/\/websjop.afuk.frl\/nl\/winkel\/siem-en-sanne-sjogge-sint-piter\/\" \/>\n<meta property=\"og:site_name\" content=\"Af\u00fbk Websjop\" \/>\n<meta property=\"article:modified_time\" content=\"2025-11-05T12:27:17+00:00\" \/>\n<meta property=\"og:image\" content=\"https:\/\/websjop.afuk.frl\/wp-content\/uploads\/2016\/02\/products-siem-en-sanne_1.gif\" \/>\n\t<meta property=\"og:image:width\" content=\"700\" \/>\n\t<meta property=\"og:image:height\" content=\"546\" \/>\n\t<meta property=\"og:image:type\" content=\"image\/jpeg\" \/>\n<meta name=\"twitter:card\" content=\"summary_large_image\" \/>\n<script type=\"application\/ld+json\" class=\"yoast-schema-graph\">{\"@context\":\"https:\\\/\\\/schema.org\",\"@graph\":[{\"@type\":\"WebPage\",\"@id\":\"https:\\\/\\\/websjop.afuk.frl\\\/nl\\\/winkel\\\/siem-en-sanne-sjogge-sint-piter\\\/\",\"url\":\"https:\\\/\\\/websjop.afuk.frl\\\/nl\\\/winkel\\\/siem-en-sanne-sjogge-sint-piter\\\/\",\"name\":\"Siem en Sanne sjogge Sint Piter &#8211; Af\u00fbk Websjop\",\"isPartOf\":{\"@id\":\"https:\\\/\\\/websjop.afuk.frl\\\/nl\\\/#website\"},\"primaryImageOfPage\":{\"@id\":\"https:\\\/\\\/websjop.afuk.frl\\\/nl\\\/winkel\\\/siem-en-sanne-sjogge-sint-piter\\\/#primaryimage\"},\"image\":{\"@id\":\"https:\\\/\\\/websjop.afuk.frl\\\/nl\\\/winkel\\\/siem-en-sanne-sjogge-sint-piter\\\/#primaryimage\"},\"thumbnailUrl\":\"https:\\\/\\\/websjop.afuk.frl\\\/wp-content\\\/uploads\\\/2016\\\/02\\\/products-siem-en-sanne_1.gif\",\"datePublished\":\"2016-02-11T09:55:17+00:00\",\"dateModified\":\"2025-11-05T12:27:17+00:00\",\"description\":\"Siem en Sanne sjogge Sint Piter is in bys\u00fbnder l\u00eas- en foarl\u00easboek foar bern tusken de 3 en 7 jier.In boek mei prachtige tekeningen en in spannend ferhaal.\",\"breadcrumb\":{\"@id\":\"https:\\\/\\\/websjop.afuk.frl\\\/nl\\\/winkel\\\/siem-en-sanne-sjogge-sint-piter\\\/#breadcrumb\"},\"inLanguage\":\"nl-NL\",\"potentialAction\":[{\"@type\":\"ReadAction\",\"target\":[\"https:\\\/\\\/websjop.afuk.frl\\\/nl\\\/winkel\\\/siem-en-sanne-sjogge-sint-piter\\\/\"]}]},{\"@type\":\"ImageObject\",\"inLanguage\":\"nl-NL\",\"@id\":\"https:\\\/\\\/websjop.afuk.frl\\\/nl\\\/winkel\\\/siem-en-sanne-sjogge-sint-piter\\\/#primaryimage\",\"url\":\"https:\\\/\\\/websjop.afuk.frl\\\/wp-content\\\/uploads\\\/2016\\\/02\\\/products-siem-en-sanne_1.gif\",\"contentUrl\":\"https:\\\/\\\/websjop.afuk.frl\\\/wp-content\\\/uploads\\\/2016\\\/02\\\/products-siem-en-sanne_1.gif\",\"width\":700,\"height\":546,\"caption\":\"Siem en en Sanne sjogge Sint Piter\"},{\"@type\":\"BreadcrumbList\",\"@id\":\"https:\\\/\\\/websjop.afuk.frl\\\/nl\\\/winkel\\\/siem-en-sanne-sjogge-sint-piter\\\/#breadcrumb\",\"itemListElement\":[{\"@type\":\"ListItem\",\"position\":1,\"name\":\"Home\",\"item\":\"https:\\\/\\\/websjop.afuk.frl\\\/nl\\\/\"},{\"@type\":\"ListItem\",\"position\":2,\"name\":\"Winkel\",\"item\":\"https:\\\/\\\/websjop.afuk.frl\\\/nl\\\/winkel\\\/\"},{\"@type\":\"ListItem\",\"position\":3,\"name\":\"Siem en Sanne sjogge Sint Piter\"}]},{\"@type\":\"WebSite\",\"@id\":\"https:\\\/\\\/websjop.afuk.frl\\\/nl\\\/#website\",\"url\":\"https:\\\/\\\/websjop.afuk.frl\\\/nl\\\/\",\"name\":\"Af\u00fbk Websjop\",\"description\":\"\",\"potentialAction\":[{\"@type\":\"SearchAction\",\"target\":{\"@type\":\"EntryPoint\",\"urlTemplate\":\"https:\\\/\\\/websjop.afuk.frl\\\/nl\\\/?s={search_term_string}\"},\"query-input\":{\"@type\":\"PropertyValueSpecification\",\"valueRequired\":true,\"valueName\":\"search_term_string\"}}],\"inLanguage\":\"nl-NL\"}]}<\/script>\n<!-- \/ Yoast SEO plugin. -->","yoast_head_json":{"title":"Siem en Sanne sjogge Sint Piter &#8211; Af\u00fbk Websjop","description":"Siem en Sanne sjogge Sint Piter is in bys\u00fbnder l\u00eas- en foarl\u00easboek foar bern tusken de 3 en 7 jier.In boek mei prachtige tekeningen en in spannend ferhaal.","robots":{"index":"index","follow":"follow","max-snippet":"max-snippet:-1","max-image-preview":"max-image-preview:large","max-video-preview":"max-video-preview:-1"},"canonical":"https:\/\/websjop.afuk.frl\/nl\/winkel\/siem-en-sanne-sjogge-sint-piter\/","og_locale":"nl_NL","og_type":"article","og_title":"Siem en Sanne sjogge Sint Piter &#8211; Af\u00fbk Websjop","og_description":"Siem en Sanne sjogge Sint Piter is in bys\u00fbnder l\u00eas- en foarl\u00easboek foar bern tusken de 3 en 7 jier.In boek mei prachtige tekeningen en in spannend ferhaal.","og_url":"https:\/\/websjop.afuk.frl\/nl\/winkel\/siem-en-sanne-sjogge-sint-piter\/","og_site_name":"Af\u00fbk Websjop","article_modified_time":"2025-11-05T12:27:17+00:00","og_image":[{"width":700,"height":546,"url":"https:\/\/websjop.afuk.frl\/wp-content\/uploads\/2016\/02\/products-siem-en-sanne_1.gif","type":"image\/jpeg"}],"twitter_card":"summary_large_image","schema":{"@context":"https:\/\/schema.org","@graph":[{"@type":"WebPage","@id":"https:\/\/websjop.afuk.frl\/nl\/winkel\/siem-en-sanne-sjogge-sint-piter\/","url":"https:\/\/websjop.afuk.frl\/nl\/winkel\/siem-en-sanne-sjogge-sint-piter\/","name":"Siem en Sanne sjogge Sint Piter &#8211; Af\u00fbk Websjop","isPartOf":{"@id":"https:\/\/websjop.afuk.frl\/nl\/#website"},"primaryImageOfPage":{"@id":"https:\/\/websjop.afuk.frl\/nl\/winkel\/siem-en-sanne-sjogge-sint-piter\/#primaryimage"},"image":{"@id":"https:\/\/websjop.afuk.frl\/nl\/winkel\/siem-en-sanne-sjogge-sint-piter\/#primaryimage"},"thumbnailUrl":"https:\/\/websjop.afuk.frl\/wp-content\/uploads\/2016\/02\/products-siem-en-sanne_1.gif","datePublished":"2016-02-11T09:55:17+00:00","dateModified":"2025-11-05T12:27:17+00:00","description":"Siem en Sanne sjogge Sint Piter is in bys\u00fbnder l\u00eas- en foarl\u00easboek foar bern tusken de 3 en 7 jier.In boek mei prachtige tekeningen en in spannend ferhaal.","breadcrumb":{"@id":"https:\/\/websjop.afuk.frl\/nl\/winkel\/siem-en-sanne-sjogge-sint-piter\/#breadcrumb"},"inLanguage":"nl-NL","potentialAction":[{"@type":"ReadAction","target":["https:\/\/websjop.afuk.frl\/nl\/winkel\/siem-en-sanne-sjogge-sint-piter\/"]}]},{"@type":"ImageObject","inLanguage":"nl-NL","@id":"https:\/\/websjop.afuk.frl\/nl\/winkel\/siem-en-sanne-sjogge-sint-piter\/#primaryimage","url":"https:\/\/websjop.afuk.frl\/wp-content\/uploads\/2016\/02\/products-siem-en-sanne_1.gif","contentUrl":"https:\/\/websjop.afuk.frl\/wp-content\/uploads\/2016\/02\/products-siem-en-sanne_1.gif","width":700,"height":546,"caption":"Siem en en Sanne sjogge Sint Piter"},{"@type":"BreadcrumbList","@id":"https:\/\/websjop.afuk.frl\/nl\/winkel\/siem-en-sanne-sjogge-sint-piter\/#breadcrumb","itemListElement":[{"@type":"ListItem","position":1,"name":"Home","item":"https:\/\/websjop.afuk.frl\/nl\/"},{"@type":"ListItem","position":2,"name":"Winkel","item":"https:\/\/websjop.afuk.frl\/nl\/winkel\/"},{"@type":"ListItem","position":3,"name":"Siem en Sanne sjogge Sint Piter"}]},{"@type":"WebSite","@id":"https:\/\/websjop.afuk.frl\/nl\/#website","url":"https:\/\/websjop.afuk.frl\/nl\/","name":"Af\u00fbk Websjop","description":"","potentialAction":[{"@type":"SearchAction","target":{"@type":"EntryPoint","urlTemplate":"https:\/\/websjop.afuk.frl\/nl\/?s={search_term_string}"},"query-input":{"@type":"PropertyValueSpecification","valueRequired":true,"valueName":"search_term_string"}}],"inLanguage":"nl-NL"}]}},"_links":{"self":[{"href":"https:\/\/websjop.afuk.frl\/nl\/wp-json\/wp\/v2\/product\/9972","targetHints":{"allow":["GET"]}}],"collection":[{"href":"https:\/\/websjop.afuk.frl\/nl\/wp-json\/wp\/v2\/product"}],"about":[{"href":"https:\/\/websjop.afuk.frl\/nl\/wp-json\/wp\/v2\/types\/product"}],"replies":[{"embeddable":true,"href":"https:\/\/websjop.afuk.frl\/nl\/wp-json\/wp\/v2\/comments?post=9972"}],"wp:featuredmedia":[{"embeddable":true,"href":"https:\/\/websjop.afuk.frl\/nl\/wp-json\/wp\/v2\/media\/9973"}],"wp:attachment":[{"href":"https:\/\/websjop.afuk.frl\/nl\/wp-json\/wp\/v2\/media?parent=9972"}],"wp:term":[{"taxonomy":"product_brand","embeddable":true,"href":"https:\/\/websjop.afuk.frl\/nl\/wp-json\/wp\/v2\/product_brand?post=9972"},{"taxonomy":"product_cat","embeddable":true,"href":"https:\/\/websjop.afuk.frl\/nl\/wp-json\/wp\/v2\/product_cat?post=9972"},{"taxonomy":"product_tag","embeddable":true,"href":"https:\/\/websjop.afuk.frl\/nl\/wp-json\/wp\/v2\/product_tag?post=9972"}],"curies":[{"name":"wp","href":"https:\/\/api.w.org\/{rel}","templated":true}]}}