{"id":9912,"date":"2020-12-01T09:43:35","date_gmt":"2020-12-01T08:43:35","guid":{"rendered":"https:\/\/websjop.bwhontwerpers.nl\/?post_type=product&#038;p=9912"},"modified":"2024-07-22T11:57:14","modified_gmt":"2024-07-22T10:57:14","slug":"fryske-bernemutse-noarske-styl","status":"publish","type":"product","link":"https:\/\/websjop.afuk.frl\/nl\/winkel\/fryske-bernemutse-noarske-styl\/","title":{"rendered":"Fryske bernem\u00fbtse &#8211; Noarske styl"},"content":{"rendered":"<p>Frysl\u00e2n kindermuts met bolletje van Robin Ruth.<br \/>\nEen kwaliteitsmuts speciaal voor kinderen met aan de binnenkant lekkere warme fleece-voering.<\/p>\n","protected":false},"excerpt":{"rendered":"<p>Bernem\u00fbtse Frysl\u00e2n mei fleecefuorring<\/p>\n","protected":false},"featured_media":9913,"comment_status":"closed","ping_status":"closed","template":"","meta":{"_acf_changed":false},"product_brand":[],"product_cat":[566,568,1255,21286,9316],"product_tag":[18025,18028,18027,18024,18023,18026,9327],"class_list":{"0":"post-9912","1":"product","2":"type-product","3":"status-publish","4":"has-post-thumbnail","6":"product_cat-fryslan-klean","7":"product_cat-bern","8":"product_cat-kado-s-foar-de-feestdagen","9":"product_cat-skoechkadootsjes","10":"product_cat-winter","11":"product_tag-bernemutse","12":"product_tag-frieslandmuts","13":"product_tag-fryslanmutse","14":"product_tag-kindermuts","15":"product_tag-muts","16":"product_tag-mutse","17":"product_tag-winter","18":"product_shipping_class-pakketpost-verzending","20":"first","21":"instock","22":"taxable","23":"shipping-taxable","24":"purchasable","25":"product-type-simple"},"acf":[],"yoast_head":"<!-- This site is optimized with the Yoast SEO plugin v27.3 - https:\/\/yoast.com\/product\/yoast-seo-wordpress\/ -->\n<title>Fryske bernem\u00fbtse - Noarske styl &#8211; Af\u00fbk Websjop<\/title>\n<meta name=\"description\" content=\"Frysl\u00e2n kindermuts met bolletje van Robin Ruth.Een kwaliteitsmuts speciaal voor kinderen met aan de binnenkant lekkere warme fleece-voering.\" \/>\n<meta name=\"robots\" content=\"index, follow, max-snippet:-1, max-image-preview:large, max-video-preview:-1\" \/>\n<link rel=\"canonical\" href=\"https:\/\/websjop.afuk.frl\/nl\/winkel\/fryske-bernemutse-noarske-styl\/\" \/>\n<meta property=\"og:locale\" content=\"nl_NL\" \/>\n<meta property=\"og:type\" content=\"article\" \/>\n<meta property=\"og:title\" content=\"Fryske bernem\u00fbtse - Noarske styl &#8211; Af\u00fbk Websjop\" \/>\n<meta property=\"og:description\" content=\"Frysl\u00e2n kindermuts met bolletje van Robin Ruth.Een kwaliteitsmuts speciaal voor kinderen met aan de binnenkant lekkere warme fleece-voering.\" \/>\n<meta property=\"og:url\" content=\"https:\/\/websjop.afuk.frl\/nl\/winkel\/fryske-bernemutse-noarske-styl\/\" \/>\n<meta property=\"og:site_name\" content=\"Af\u00fbk Websjop\" \/>\n<meta property=\"article:modified_time\" content=\"2024-07-22T10:57:14+00:00\" \/>\n<meta property=\"og:image\" content=\"https:\/\/websjop.afuk.frl\/wp-content\/uploads\/2015\/12\/products-fryslan_muts_voor.png\" \/>\n\t<meta property=\"og:image:width\" content=\"492\" \/>\n\t<meta property=\"og:image:height\" content=\"900\" \/>\n\t<meta property=\"og:image:type\" content=\"image\/jpeg\" \/>\n<meta name=\"twitter:card\" content=\"summary_large_image\" \/>\n<script type=\"application\/ld+json\" class=\"yoast-schema-graph\">{\"@context\":\"https:\\\/\\\/schema.org\",\"@graph\":[{\"@type\":\"WebPage\",\"@id\":\"https:\\\/\\\/websjop.afuk.frl\\\/nl\\\/winkel\\\/fryske-bernemutse-noarske-styl\\\/\",\"url\":\"https:\\\/\\\/websjop.afuk.frl\\\/nl\\\/winkel\\\/fryske-bernemutse-noarske-styl\\\/\",\"name\":\"Fryske bernem\u00fbtse - Noarske styl &#8211; Af\u00fbk Websjop\",\"isPartOf\":{\"@id\":\"https:\\\/\\\/websjop.afuk.frl\\\/nl\\\/#website\"},\"primaryImageOfPage\":{\"@id\":\"https:\\\/\\\/websjop.afuk.frl\\\/nl\\\/winkel\\\/fryske-bernemutse-noarske-styl\\\/#primaryimage\"},\"image\":{\"@id\":\"https:\\\/\\\/websjop.afuk.frl\\\/nl\\\/winkel\\\/fryske-bernemutse-noarske-styl\\\/#primaryimage\"},\"thumbnailUrl\":\"https:\\\/\\\/websjop.afuk.frl\\\/wp-content\\\/uploads\\\/2015\\\/12\\\/products-fryslan_muts_voor.png\",\"datePublished\":\"2020-12-01T08:43:35+00:00\",\"dateModified\":\"2024-07-22T10:57:14+00:00\",\"description\":\"Frysl\u00e2n kindermuts met bolletje van Robin Ruth.Een kwaliteitsmuts speciaal voor kinderen met aan de binnenkant lekkere warme fleece-voering.\",\"breadcrumb\":{\"@id\":\"https:\\\/\\\/websjop.afuk.frl\\\/nl\\\/winkel\\\/fryske-bernemutse-noarske-styl\\\/#breadcrumb\"},\"inLanguage\":\"nl-NL\",\"potentialAction\":[{\"@type\":\"ReadAction\",\"target\":[\"https:\\\/\\\/websjop.afuk.frl\\\/nl\\\/winkel\\\/fryske-bernemutse-noarske-styl\\\/\"]}]},{\"@type\":\"ImageObject\",\"inLanguage\":\"nl-NL\",\"@id\":\"https:\\\/\\\/websjop.afuk.frl\\\/nl\\\/winkel\\\/fryske-bernemutse-noarske-styl\\\/#primaryimage\",\"url\":\"https:\\\/\\\/websjop.afuk.frl\\\/wp-content\\\/uploads\\\/2015\\\/12\\\/products-fryslan_muts_voor.png\",\"contentUrl\":\"https:\\\/\\\/websjop.afuk.frl\\\/wp-content\\\/uploads\\\/2015\\\/12\\\/products-fryslan_muts_voor.png\",\"width\":492,\"height\":900},{\"@type\":\"BreadcrumbList\",\"@id\":\"https:\\\/\\\/websjop.afuk.frl\\\/nl\\\/winkel\\\/fryske-bernemutse-noarske-styl\\\/#breadcrumb\",\"itemListElement\":[{\"@type\":\"ListItem\",\"position\":1,\"name\":\"Home\",\"item\":\"https:\\\/\\\/websjop.afuk.frl\\\/nl\\\/\"},{\"@type\":\"ListItem\",\"position\":2,\"name\":\"Winkel\",\"item\":\"https:\\\/\\\/websjop.afuk.frl\\\/nl\\\/winkel\\\/\"},{\"@type\":\"ListItem\",\"position\":3,\"name\":\"Fryske bernem\u00fbtse &#8211; Noarske styl\"}]},{\"@type\":\"WebSite\",\"@id\":\"https:\\\/\\\/websjop.afuk.frl\\\/nl\\\/#website\",\"url\":\"https:\\\/\\\/websjop.afuk.frl\\\/nl\\\/\",\"name\":\"Af\u00fbk Websjop\",\"description\":\"\",\"potentialAction\":[{\"@type\":\"SearchAction\",\"target\":{\"@type\":\"EntryPoint\",\"urlTemplate\":\"https:\\\/\\\/websjop.afuk.frl\\\/nl\\\/?s={search_term_string}\"},\"query-input\":{\"@type\":\"PropertyValueSpecification\",\"valueRequired\":true,\"valueName\":\"search_term_string\"}}],\"inLanguage\":\"nl-NL\"}]}<\/script>\n<!-- \/ Yoast SEO plugin. -->","yoast_head_json":{"title":"Fryske bernem\u00fbtse - Noarske styl &#8211; Af\u00fbk Websjop","description":"Frysl\u00e2n kindermuts met bolletje van Robin Ruth.Een kwaliteitsmuts speciaal voor kinderen met aan de binnenkant lekkere warme fleece-voering.","robots":{"index":"index","follow":"follow","max-snippet":"max-snippet:-1","max-image-preview":"max-image-preview:large","max-video-preview":"max-video-preview:-1"},"canonical":"https:\/\/websjop.afuk.frl\/nl\/winkel\/fryske-bernemutse-noarske-styl\/","og_locale":"nl_NL","og_type":"article","og_title":"Fryske bernem\u00fbtse - Noarske styl &#8211; Af\u00fbk Websjop","og_description":"Frysl\u00e2n kindermuts met bolletje van Robin Ruth.Een kwaliteitsmuts speciaal voor kinderen met aan de binnenkant lekkere warme fleece-voering.","og_url":"https:\/\/websjop.afuk.frl\/nl\/winkel\/fryske-bernemutse-noarske-styl\/","og_site_name":"Af\u00fbk Websjop","article_modified_time":"2024-07-22T10:57:14+00:00","og_image":[{"width":492,"height":900,"url":"https:\/\/websjop.afuk.frl\/wp-content\/uploads\/2015\/12\/products-fryslan_muts_voor.png","type":"image\/jpeg"}],"twitter_card":"summary_large_image","schema":{"@context":"https:\/\/schema.org","@graph":[{"@type":"WebPage","@id":"https:\/\/websjop.afuk.frl\/nl\/winkel\/fryske-bernemutse-noarske-styl\/","url":"https:\/\/websjop.afuk.frl\/nl\/winkel\/fryske-bernemutse-noarske-styl\/","name":"Fryske bernem\u00fbtse - Noarske styl &#8211; Af\u00fbk Websjop","isPartOf":{"@id":"https:\/\/websjop.afuk.frl\/nl\/#website"},"primaryImageOfPage":{"@id":"https:\/\/websjop.afuk.frl\/nl\/winkel\/fryske-bernemutse-noarske-styl\/#primaryimage"},"image":{"@id":"https:\/\/websjop.afuk.frl\/nl\/winkel\/fryske-bernemutse-noarske-styl\/#primaryimage"},"thumbnailUrl":"https:\/\/websjop.afuk.frl\/wp-content\/uploads\/2015\/12\/products-fryslan_muts_voor.png","datePublished":"2020-12-01T08:43:35+00:00","dateModified":"2024-07-22T10:57:14+00:00","description":"Frysl\u00e2n kindermuts met bolletje van Robin Ruth.Een kwaliteitsmuts speciaal voor kinderen met aan de binnenkant lekkere warme fleece-voering.","breadcrumb":{"@id":"https:\/\/websjop.afuk.frl\/nl\/winkel\/fryske-bernemutse-noarske-styl\/#breadcrumb"},"inLanguage":"nl-NL","potentialAction":[{"@type":"ReadAction","target":["https:\/\/websjop.afuk.frl\/nl\/winkel\/fryske-bernemutse-noarske-styl\/"]}]},{"@type":"ImageObject","inLanguage":"nl-NL","@id":"https:\/\/websjop.afuk.frl\/nl\/winkel\/fryske-bernemutse-noarske-styl\/#primaryimage","url":"https:\/\/websjop.afuk.frl\/wp-content\/uploads\/2015\/12\/products-fryslan_muts_voor.png","contentUrl":"https:\/\/websjop.afuk.frl\/wp-content\/uploads\/2015\/12\/products-fryslan_muts_voor.png","width":492,"height":900},{"@type":"BreadcrumbList","@id":"https:\/\/websjop.afuk.frl\/nl\/winkel\/fryske-bernemutse-noarske-styl\/#breadcrumb","itemListElement":[{"@type":"ListItem","position":1,"name":"Home","item":"https:\/\/websjop.afuk.frl\/nl\/"},{"@type":"ListItem","position":2,"name":"Winkel","item":"https:\/\/websjop.afuk.frl\/nl\/winkel\/"},{"@type":"ListItem","position":3,"name":"Fryske bernem\u00fbtse &#8211; Noarske styl"}]},{"@type":"WebSite","@id":"https:\/\/websjop.afuk.frl\/nl\/#website","url":"https:\/\/websjop.afuk.frl\/nl\/","name":"Af\u00fbk Websjop","description":"","potentialAction":[{"@type":"SearchAction","target":{"@type":"EntryPoint","urlTemplate":"https:\/\/websjop.afuk.frl\/nl\/?s={search_term_string}"},"query-input":{"@type":"PropertyValueSpecification","valueRequired":true,"valueName":"search_term_string"}}],"inLanguage":"nl-NL"}]}},"_links":{"self":[{"href":"https:\/\/websjop.afuk.frl\/nl\/wp-json\/wp\/v2\/product\/9912","targetHints":{"allow":["GET"]}}],"collection":[{"href":"https:\/\/websjop.afuk.frl\/nl\/wp-json\/wp\/v2\/product"}],"about":[{"href":"https:\/\/websjop.afuk.frl\/nl\/wp-json\/wp\/v2\/types\/product"}],"replies":[{"embeddable":true,"href":"https:\/\/websjop.afuk.frl\/nl\/wp-json\/wp\/v2\/comments?post=9912"}],"wp:featuredmedia":[{"embeddable":true,"href":"https:\/\/websjop.afuk.frl\/nl\/wp-json\/wp\/v2\/media\/9913"}],"wp:attachment":[{"href":"https:\/\/websjop.afuk.frl\/nl\/wp-json\/wp\/v2\/media?parent=9912"}],"wp:term":[{"taxonomy":"product_brand","embeddable":true,"href":"https:\/\/websjop.afuk.frl\/nl\/wp-json\/wp\/v2\/product_brand?post=9912"},{"taxonomy":"product_cat","embeddable":true,"href":"https:\/\/websjop.afuk.frl\/nl\/wp-json\/wp\/v2\/product_cat?post=9912"},{"taxonomy":"product_tag","embeddable":true,"href":"https:\/\/websjop.afuk.frl\/nl\/wp-json\/wp\/v2\/product_tag?post=9912"}],"curies":[{"name":"wp","href":"https:\/\/api.w.org\/{rel}","templated":true}]}}