{"id":9776,"date":"2015-10-15T11:23:03","date_gmt":"2015-10-15T10:23:03","guid":{"rendered":"https:\/\/websjop.bwhontwerpers.nl\/?post_type=product&#038;p=9776"},"modified":"2026-03-17T19:08:44","modified_gmt":"2026-03-17T18:08:44","slug":"midfrysk-goud","status":"publish","type":"product","link":"https:\/\/websjop.afuk.frl\/nl\/winkel\/midfrysk-goud\/","title":{"rendered":"Midfrysk Goud"},"content":{"rendered":"<div class=\"product-short-description\"><strong>Midfrysk Goud<br \/>\n<\/strong><em>In fermaaklike, ferrassende en oansprekkende bondeling fan Midfrysk wurk<br \/>\n<\/em><em>It b\u00easte \u00fat \u2019e 17e iuw yn goed l\u00easber Frysk<\/em><\/div>\n<p>&nbsp;<\/p>\n<p>Yn dizze bloml\u00eazing behannelet Eric Hoekstra \u00fbnder oaren \u00fbndogenske lietsjes fan Giacomo Vredeman, it petear tusken mem en dochter oer de leafde yn Johan fan Hichtum syn <em>Ansk en Houk<\/em>, <em>Deiboek en reis<\/em> fan Jan van Vliet, <em>De Sprekwurden<\/em> fan Jurjen fan Burmania, de lyryske Gysbert Japicx en Gysbert Japicx as kristen en as kluchtige moralist. Alle stikke binne foarsjoen fan in ynlieding en sa nedich \u00fatlis. In fermaaklike, ferrassende en oansprekkende bondeling.<\/p>\n<p>&nbsp;<\/p>\n<p>&#8216;<em>Mei dizze bloml\u00eazing besykje ik \u00fas perspektyf op Fryske literatuer yn de 17e iuw by te stjoeren. It byld sa\u2019t it no is, wurdt iensidich beskaat troch de reuzefiguer fan Gysbert Japicx. Syn wurk wurdt ferhearlike, net kritysk hifke, en it wurk fan in Van Hichtum wurdt s\u00fbnder fierdere analyze as ynferieur besk\u00f4ge.<\/em> &#8216;<\/p>\n<p>Frysk, paperback, 170 siden<\/p>\n","protected":false},"excerpt":{"rendered":"<p>Midfrysk Goud<br \/>\nIt b\u00easte \u00fat &#8216;e 17e iuw yn goed l\u00easber Frysk<br \/>\nEric Hoekstra<\/p>\n","protected":false},"featured_media":12422,"comment_status":"closed","ping_status":"closed","template":"","meta":{"_acf_changed":false},"product_brand":[],"product_cat":[1185,538,1040,535,1215,539],"product_tag":[],"class_list":{"0":"post-9776","1":"product","2":"type-product","3":"status-publish","4":"has-post-thumbnail","6":"product_cat-16-gysbert-japix","7":"product_cat-dichtbondels","8":"product_cat-ferhalebondels","9":"product_cat-fryske-boeken","10":"product_cat-romans-en-literatuer","11":"product_cat-skiednis","12":"product_shipping_class-brievenbus-verzending","13":"pa_auteur-eric-hoekstra","14":"pa_is-een-afuk-product-0-2","15":"pa_sale-label-0-3","17":"first","18":"outofstock","19":"taxable","20":"shipping-taxable","21":"purchasable","22":"product-type-simple"},"acf":[],"yoast_head":"<!-- This site is optimized with the Yoast SEO plugin v27.3 - https:\/\/yoast.com\/product\/yoast-seo-wordpress\/ -->\n<title>Midfrysk Goud &#8211; Af\u00fbk Websjop<\/title>\n<meta name=\"robots\" content=\"index, follow, max-snippet:-1, max-image-preview:large, max-video-preview:-1\" \/>\n<link rel=\"canonical\" href=\"https:\/\/websjop.afuk.frl\/nl\/winkel\/midfrysk-goud\/\" \/>\n<meta property=\"og:locale\" content=\"nl_NL\" \/>\n<meta property=\"og:type\" content=\"article\" \/>\n<meta property=\"og:title\" content=\"Midfrysk Goud &#8211; Af\u00fbk Websjop\" \/>\n<meta property=\"og:description\" content=\"Midfrysk Goud It b\u00easte \u00fat &#039;e 17e iuw yn goed l\u00easber Frysk Eric Hoekstra\" \/>\n<meta property=\"og:url\" content=\"https:\/\/websjop.afuk.frl\/nl\/winkel\/midfrysk-goud\/\" \/>\n<meta property=\"og:site_name\" content=\"Af\u00fbk Websjop\" \/>\n<meta property=\"article:modified_time\" content=\"2026-03-17T18:08:44+00:00\" \/>\n<meta property=\"og:image\" content=\"https:\/\/websjop.afuk.frl\/wp-content\/uploads\/2015\/10\/midfrysk-goud.jpg\" \/>\n\t<meta property=\"og:image:width\" content=\"550\" \/>\n\t<meta property=\"og:image:height\" content=\"794\" \/>\n\t<meta property=\"og:image:type\" content=\"image\/jpeg\" \/>\n<meta name=\"twitter:card\" content=\"summary_large_image\" \/>\n<meta name=\"twitter:label1\" content=\"Geschatte leestijd\" \/>\n\t<meta name=\"twitter:data1\" content=\"1 minuut\" \/>\n<script type=\"application\/ld+json\" class=\"yoast-schema-graph\">{\"@context\":\"https:\\\/\\\/schema.org\",\"@graph\":[{\"@type\":\"WebPage\",\"@id\":\"https:\\\/\\\/websjop.afuk.frl\\\/nl\\\/winkel\\\/midfrysk-goud\\\/\",\"url\":\"https:\\\/\\\/websjop.afuk.frl\\\/nl\\\/winkel\\\/midfrysk-goud\\\/\",\"name\":\"Midfrysk Goud &#8211; Af\u00fbk Websjop\",\"isPartOf\":{\"@id\":\"https:\\\/\\\/websjop.afuk.frl\\\/nl\\\/#website\"},\"primaryImageOfPage\":{\"@id\":\"https:\\\/\\\/websjop.afuk.frl\\\/nl\\\/winkel\\\/midfrysk-goud\\\/#primaryimage\"},\"image\":{\"@id\":\"https:\\\/\\\/websjop.afuk.frl\\\/nl\\\/winkel\\\/midfrysk-goud\\\/#primaryimage\"},\"thumbnailUrl\":\"https:\\\/\\\/websjop.afuk.frl\\\/wp-content\\\/uploads\\\/2015\\\/10\\\/midfrysk-goud.jpg\",\"datePublished\":\"2015-10-15T10:23:03+00:00\",\"dateModified\":\"2026-03-17T18:08:44+00:00\",\"breadcrumb\":{\"@id\":\"https:\\\/\\\/websjop.afuk.frl\\\/nl\\\/winkel\\\/midfrysk-goud\\\/#breadcrumb\"},\"inLanguage\":\"nl-NL\",\"potentialAction\":[{\"@type\":\"ReadAction\",\"target\":[\"https:\\\/\\\/websjop.afuk.frl\\\/nl\\\/winkel\\\/midfrysk-goud\\\/\"]}]},{\"@type\":\"ImageObject\",\"inLanguage\":\"nl-NL\",\"@id\":\"https:\\\/\\\/websjop.afuk.frl\\\/nl\\\/winkel\\\/midfrysk-goud\\\/#primaryimage\",\"url\":\"https:\\\/\\\/websjop.afuk.frl\\\/wp-content\\\/uploads\\\/2015\\\/10\\\/midfrysk-goud.jpg\",\"contentUrl\":\"https:\\\/\\\/websjop.afuk.frl\\\/wp-content\\\/uploads\\\/2015\\\/10\\\/midfrysk-goud.jpg\",\"width\":550,\"height\":794},{\"@type\":\"BreadcrumbList\",\"@id\":\"https:\\\/\\\/websjop.afuk.frl\\\/nl\\\/winkel\\\/midfrysk-goud\\\/#breadcrumb\",\"itemListElement\":[{\"@type\":\"ListItem\",\"position\":1,\"name\":\"Home\",\"item\":\"https:\\\/\\\/websjop.afuk.frl\\\/nl\\\/\"},{\"@type\":\"ListItem\",\"position\":2,\"name\":\"Winkel\",\"item\":\"https:\\\/\\\/websjop.afuk.frl\\\/nl\\\/winkel\\\/\"},{\"@type\":\"ListItem\",\"position\":3,\"name\":\"Midfrysk Goud\"}]},{\"@type\":\"WebSite\",\"@id\":\"https:\\\/\\\/websjop.afuk.frl\\\/nl\\\/#website\",\"url\":\"https:\\\/\\\/websjop.afuk.frl\\\/nl\\\/\",\"name\":\"Af\u00fbk Websjop\",\"description\":\"\",\"potentialAction\":[{\"@type\":\"SearchAction\",\"target\":{\"@type\":\"EntryPoint\",\"urlTemplate\":\"https:\\\/\\\/websjop.afuk.frl\\\/nl\\\/?s={search_term_string}\"},\"query-input\":{\"@type\":\"PropertyValueSpecification\",\"valueRequired\":true,\"valueName\":\"search_term_string\"}}],\"inLanguage\":\"nl-NL\"}]}<\/script>\n<!-- \/ Yoast SEO plugin. -->","yoast_head_json":{"title":"Midfrysk Goud &#8211; Af\u00fbk Websjop","robots":{"index":"index","follow":"follow","max-snippet":"max-snippet:-1","max-image-preview":"max-image-preview:large","max-video-preview":"max-video-preview:-1"},"canonical":"https:\/\/websjop.afuk.frl\/nl\/winkel\/midfrysk-goud\/","og_locale":"nl_NL","og_type":"article","og_title":"Midfrysk Goud &#8211; Af\u00fbk Websjop","og_description":"Midfrysk Goud It b\u00easte \u00fat 'e 17e iuw yn goed l\u00easber Frysk Eric Hoekstra","og_url":"https:\/\/websjop.afuk.frl\/nl\/winkel\/midfrysk-goud\/","og_site_name":"Af\u00fbk Websjop","article_modified_time":"2026-03-17T18:08:44+00:00","og_image":[{"width":550,"height":794,"url":"https:\/\/websjop.afuk.frl\/wp-content\/uploads\/2015\/10\/midfrysk-goud.jpg","type":"image\/jpeg"}],"twitter_card":"summary_large_image","twitter_misc":{"Geschatte leestijd":"1 minuut"},"schema":{"@context":"https:\/\/schema.org","@graph":[{"@type":"WebPage","@id":"https:\/\/websjop.afuk.frl\/nl\/winkel\/midfrysk-goud\/","url":"https:\/\/websjop.afuk.frl\/nl\/winkel\/midfrysk-goud\/","name":"Midfrysk Goud &#8211; Af\u00fbk Websjop","isPartOf":{"@id":"https:\/\/websjop.afuk.frl\/nl\/#website"},"primaryImageOfPage":{"@id":"https:\/\/websjop.afuk.frl\/nl\/winkel\/midfrysk-goud\/#primaryimage"},"image":{"@id":"https:\/\/websjop.afuk.frl\/nl\/winkel\/midfrysk-goud\/#primaryimage"},"thumbnailUrl":"https:\/\/websjop.afuk.frl\/wp-content\/uploads\/2015\/10\/midfrysk-goud.jpg","datePublished":"2015-10-15T10:23:03+00:00","dateModified":"2026-03-17T18:08:44+00:00","breadcrumb":{"@id":"https:\/\/websjop.afuk.frl\/nl\/winkel\/midfrysk-goud\/#breadcrumb"},"inLanguage":"nl-NL","potentialAction":[{"@type":"ReadAction","target":["https:\/\/websjop.afuk.frl\/nl\/winkel\/midfrysk-goud\/"]}]},{"@type":"ImageObject","inLanguage":"nl-NL","@id":"https:\/\/websjop.afuk.frl\/nl\/winkel\/midfrysk-goud\/#primaryimage","url":"https:\/\/websjop.afuk.frl\/wp-content\/uploads\/2015\/10\/midfrysk-goud.jpg","contentUrl":"https:\/\/websjop.afuk.frl\/wp-content\/uploads\/2015\/10\/midfrysk-goud.jpg","width":550,"height":794},{"@type":"BreadcrumbList","@id":"https:\/\/websjop.afuk.frl\/nl\/winkel\/midfrysk-goud\/#breadcrumb","itemListElement":[{"@type":"ListItem","position":1,"name":"Home","item":"https:\/\/websjop.afuk.frl\/nl\/"},{"@type":"ListItem","position":2,"name":"Winkel","item":"https:\/\/websjop.afuk.frl\/nl\/winkel\/"},{"@type":"ListItem","position":3,"name":"Midfrysk Goud"}]},{"@type":"WebSite","@id":"https:\/\/websjop.afuk.frl\/nl\/#website","url":"https:\/\/websjop.afuk.frl\/nl\/","name":"Af\u00fbk Websjop","description":"","potentialAction":[{"@type":"SearchAction","target":{"@type":"EntryPoint","urlTemplate":"https:\/\/websjop.afuk.frl\/nl\/?s={search_term_string}"},"query-input":{"@type":"PropertyValueSpecification","valueRequired":true,"valueName":"search_term_string"}}],"inLanguage":"nl-NL"}]}},"_links":{"self":[{"href":"https:\/\/websjop.afuk.frl\/nl\/wp-json\/wp\/v2\/product\/9776","targetHints":{"allow":["GET"]}}],"collection":[{"href":"https:\/\/websjop.afuk.frl\/nl\/wp-json\/wp\/v2\/product"}],"about":[{"href":"https:\/\/websjop.afuk.frl\/nl\/wp-json\/wp\/v2\/types\/product"}],"replies":[{"embeddable":true,"href":"https:\/\/websjop.afuk.frl\/nl\/wp-json\/wp\/v2\/comments?post=9776"}],"wp:featuredmedia":[{"embeddable":true,"href":"https:\/\/websjop.afuk.frl\/nl\/wp-json\/wp\/v2\/media\/12422"}],"wp:attachment":[{"href":"https:\/\/websjop.afuk.frl\/nl\/wp-json\/wp\/v2\/media?parent=9776"}],"wp:term":[{"taxonomy":"product_brand","embeddable":true,"href":"https:\/\/websjop.afuk.frl\/nl\/wp-json\/wp\/v2\/product_brand?post=9776"},{"taxonomy":"product_cat","embeddable":true,"href":"https:\/\/websjop.afuk.frl\/nl\/wp-json\/wp\/v2\/product_cat?post=9776"},{"taxonomy":"product_tag","embeddable":true,"href":"https:\/\/websjop.afuk.frl\/nl\/wp-json\/wp\/v2\/product_tag?post=9776"}],"curies":[{"name":"wp","href":"https:\/\/api.w.org\/{rel}","templated":true}]}}