{"id":9754,"date":"2015-10-01T10:05:58","date_gmt":"2015-10-01T09:05:58","guid":{"rendered":"https:\/\/websjop.bwhontwerpers.nl\/?post_type=product&#038;p=9754"},"modified":"2019-11-05T16:00:25","modified_gmt":"2019-11-05T15:00:25","slug":"it-deistich-bestean-by-alds-obe-postma","status":"publish","type":"product","link":"https:\/\/websjop.afuk.frl\/nl\/winkel\/it-deistich-bestean-by-alds-obe-postma\/","title":{"rendered":"It deistich bestean by \u00e2lds &#8211; Obe Postma"},"content":{"rendered":"<h1>It deistich bestean by \u00e2lds &#8211; Obe Postma<\/h1>\n<p>&nbsp;<\/p>\n<p>&nbsp;<\/p>\n<p>&nbsp;<\/p>\n<p>Samle histoaryske opstellen II<br \/>\nUtj\u00fbn troch Philippus Breuker<\/p>\n<p>&nbsp;<\/p>\n<p><em>It deistich bestean by \u00e2lds<\/em> is\u00a0 it twadde en tagelyk l\u00easte diel mei st\u00fadzjes op histoarysk gebiet fan Obe Postma. Syn fersprate histoarysk wurk is d\u00earmei maklik tagonklik makke.<\/p>\n<p>&nbsp;<\/p>\n<p>De earste bondel mei histoaryske st\u00fadzjes wie Veld, huis en bedrijf. Landbouwhistorische opstellen (2010). It karakter fan It deistich bestean by \u00e2lds is lykwols hiel oars as fan dat boek. Dat befettet meast st\u00fadzjes fan de earste jierren, dit fan de lettere tiid; de grins leit om 1935 hinne.<\/p>\n<p>&nbsp;<\/p>\n<p>Dit boek giet meast oer de santjinde en achttjinde iuw en jout in b\u00fbnt ferskaat fan \u00fbnbekende feiten oer it deistich bestean fan boeren en boargers, ek \u00fat de st\u00ead. Ekonomy en bestjoer krije rom omtinken.<\/p>\n<p>&nbsp;<\/p>\n<p>Sa&#8217;t Veld, huis en bedrijf in boek is foar de wittenskipper, is dit boek mear foar de ynteressearre leek. D\u00earmei wjerspegelje se twa kanten fan Postma, dy\u2019t yn de tiid by him op elkoar folgen. Tegearre meitsje se it byld kompleet fan de man dy\u2019t neist de dichter ek de gelearde fan it Fryske l\u00e2n en libben wie.<\/p>\n<p>&nbsp;<\/p>\n<p>&nbsp;<\/p>\n<p>&nbsp;<\/p>\n<p>Utjouwerij Wijdemeer<\/p>\n<p>&nbsp;<\/p>\n<p>ISBN 978 949 2052 124<\/p>\n<p>&nbsp;<\/p>\n<p>263 siden<\/p>\n","protected":false},"excerpt":{"rendered":"<p>It deistich bestean by \u00e2lds &#8211; Obe Postma<\/p>\n<p>Samle histoaryske opstellen II<br \/>\nUtj\u00fbn troch Philippus Breuke<\/p>\n","protected":false},"featured_media":12424,"comment_status":"closed","ping_status":"closed","template":"","meta":{"_acf_changed":false},"product_brand":[],"product_cat":[1061,535,539,536],"product_tag":[],"class_list":{"0":"post-9754","1":"product","2":"type-product","3":"status-publish","4":"has-post-thumbnail","6":"product_cat-essays","7":"product_cat-fryske-boeken","8":"product_cat-skiednis","9":"product_cat-taal-en-studzjeboeken","10":"product_shipping_class-pakketpost-verzending","11":"pa_auteur-obe-postma-2","12":"pa_is-een-afuk-product-0-2","13":"pa_sale-label-0-3","15":"first","16":"instock","17":"taxable","18":"shipping-taxable","19":"purchasable","20":"product-type-simple"},"acf":[],"yoast_head":"<!-- This site is optimized with the Yoast SEO plugin v27.3 - https:\/\/yoast.com\/product\/yoast-seo-wordpress\/ -->\n<title>It deistich bestean by \u00e2lds - Obe Postma &#8211; Af\u00fbk Websjop<\/title>\n<meta name=\"robots\" content=\"index, follow, max-snippet:-1, max-image-preview:large, max-video-preview:-1\" \/>\n<link rel=\"canonical\" href=\"https:\/\/websjop.afuk.frl\/nl\/winkel\/it-deistich-bestean-by-alds-obe-postma\/\" \/>\n<meta property=\"og:locale\" content=\"nl_NL\" \/>\n<meta property=\"og:type\" content=\"article\" \/>\n<meta property=\"og:title\" content=\"It deistich bestean by \u00e2lds - Obe Postma &#8211; Af\u00fbk Websjop\" \/>\n<meta property=\"og:description\" content=\"It deistich bestean by \u00e2lds - Obe Postma  Samle histoaryske opstellen II Utj\u00fbn troch Philippus Breuke\" \/>\n<meta property=\"og:url\" content=\"https:\/\/websjop.afuk.frl\/nl\/winkel\/it-deistich-bestean-by-alds-obe-postma\/\" \/>\n<meta property=\"og:site_name\" content=\"Af\u00fbk Websjop\" \/>\n<meta property=\"article:modified_time\" content=\"2019-11-05T15:00:25+00:00\" \/>\n<meta property=\"og:image\" content=\"https:\/\/websjop.afuk.frl\/wp-content\/uploads\/2015\/10\/it-deistich-libben-001.jpg\" \/>\n\t<meta property=\"og:image:width\" content=\"2012\" \/>\n\t<meta property=\"og:image:height\" content=\"2888\" \/>\n\t<meta property=\"og:image:type\" content=\"image\/jpeg\" \/>\n<meta name=\"twitter:card\" content=\"summary_large_image\" \/>\n<meta name=\"twitter:label1\" content=\"Geschatte leestijd\" \/>\n\t<meta name=\"twitter:data1\" content=\"1 minuut\" \/>\n<script type=\"application\/ld+json\" class=\"yoast-schema-graph\">{\"@context\":\"https:\\\/\\\/schema.org\",\"@graph\":[{\"@type\":\"WebPage\",\"@id\":\"https:\\\/\\\/websjop.afuk.frl\\\/nl\\\/winkel\\\/it-deistich-bestean-by-alds-obe-postma\\\/\",\"url\":\"https:\\\/\\\/websjop.afuk.frl\\\/nl\\\/winkel\\\/it-deistich-bestean-by-alds-obe-postma\\\/\",\"name\":\"It deistich bestean by \u00e2lds - Obe Postma &#8211; Af\u00fbk Websjop\",\"isPartOf\":{\"@id\":\"https:\\\/\\\/websjop.afuk.frl\\\/nl\\\/#website\"},\"primaryImageOfPage\":{\"@id\":\"https:\\\/\\\/websjop.afuk.frl\\\/nl\\\/winkel\\\/it-deistich-bestean-by-alds-obe-postma\\\/#primaryimage\"},\"image\":{\"@id\":\"https:\\\/\\\/websjop.afuk.frl\\\/nl\\\/winkel\\\/it-deistich-bestean-by-alds-obe-postma\\\/#primaryimage\"},\"thumbnailUrl\":\"https:\\\/\\\/websjop.afuk.frl\\\/wp-content\\\/uploads\\\/2015\\\/10\\\/it-deistich-libben-001.jpg\",\"datePublished\":\"2015-10-01T09:05:58+00:00\",\"dateModified\":\"2019-11-05T15:00:25+00:00\",\"breadcrumb\":{\"@id\":\"https:\\\/\\\/websjop.afuk.frl\\\/nl\\\/winkel\\\/it-deistich-bestean-by-alds-obe-postma\\\/#breadcrumb\"},\"inLanguage\":\"nl-NL\",\"potentialAction\":[{\"@type\":\"ReadAction\",\"target\":[\"https:\\\/\\\/websjop.afuk.frl\\\/nl\\\/winkel\\\/it-deistich-bestean-by-alds-obe-postma\\\/\"]}]},{\"@type\":\"ImageObject\",\"inLanguage\":\"nl-NL\",\"@id\":\"https:\\\/\\\/websjop.afuk.frl\\\/nl\\\/winkel\\\/it-deistich-bestean-by-alds-obe-postma\\\/#primaryimage\",\"url\":\"https:\\\/\\\/websjop.afuk.frl\\\/wp-content\\\/uploads\\\/2015\\\/10\\\/it-deistich-libben-001.jpg\",\"contentUrl\":\"https:\\\/\\\/websjop.afuk.frl\\\/wp-content\\\/uploads\\\/2015\\\/10\\\/it-deistich-libben-001.jpg\",\"width\":2012,\"height\":2888},{\"@type\":\"BreadcrumbList\",\"@id\":\"https:\\\/\\\/websjop.afuk.frl\\\/nl\\\/winkel\\\/it-deistich-bestean-by-alds-obe-postma\\\/#breadcrumb\",\"itemListElement\":[{\"@type\":\"ListItem\",\"position\":1,\"name\":\"Home\",\"item\":\"https:\\\/\\\/websjop.afuk.frl\\\/nl\\\/\"},{\"@type\":\"ListItem\",\"position\":2,\"name\":\"Winkel\",\"item\":\"https:\\\/\\\/websjop.afuk.frl\\\/nl\\\/winkel\\\/\"},{\"@type\":\"ListItem\",\"position\":3,\"name\":\"It deistich bestean by \u00e2lds &#8211; Obe Postma\"}]},{\"@type\":\"WebSite\",\"@id\":\"https:\\\/\\\/websjop.afuk.frl\\\/nl\\\/#website\",\"url\":\"https:\\\/\\\/websjop.afuk.frl\\\/nl\\\/\",\"name\":\"Af\u00fbk Websjop\",\"description\":\"\",\"potentialAction\":[{\"@type\":\"SearchAction\",\"target\":{\"@type\":\"EntryPoint\",\"urlTemplate\":\"https:\\\/\\\/websjop.afuk.frl\\\/nl\\\/?s={search_term_string}\"},\"query-input\":{\"@type\":\"PropertyValueSpecification\",\"valueRequired\":true,\"valueName\":\"search_term_string\"}}],\"inLanguage\":\"nl-NL\"}]}<\/script>\n<!-- \/ Yoast SEO plugin. -->","yoast_head_json":{"title":"It deistich bestean by \u00e2lds - Obe Postma &#8211; Af\u00fbk Websjop","robots":{"index":"index","follow":"follow","max-snippet":"max-snippet:-1","max-image-preview":"max-image-preview:large","max-video-preview":"max-video-preview:-1"},"canonical":"https:\/\/websjop.afuk.frl\/nl\/winkel\/it-deistich-bestean-by-alds-obe-postma\/","og_locale":"nl_NL","og_type":"article","og_title":"It deistich bestean by \u00e2lds - Obe Postma &#8211; Af\u00fbk Websjop","og_description":"It deistich bestean by \u00e2lds - Obe Postma  Samle histoaryske opstellen II Utj\u00fbn troch Philippus Breuke","og_url":"https:\/\/websjop.afuk.frl\/nl\/winkel\/it-deistich-bestean-by-alds-obe-postma\/","og_site_name":"Af\u00fbk Websjop","article_modified_time":"2019-11-05T15:00:25+00:00","og_image":[{"width":2012,"height":2888,"url":"https:\/\/websjop.afuk.frl\/wp-content\/uploads\/2015\/10\/it-deistich-libben-001.jpg","type":"image\/jpeg"}],"twitter_card":"summary_large_image","twitter_misc":{"Geschatte leestijd":"1 minuut"},"schema":{"@context":"https:\/\/schema.org","@graph":[{"@type":"WebPage","@id":"https:\/\/websjop.afuk.frl\/nl\/winkel\/it-deistich-bestean-by-alds-obe-postma\/","url":"https:\/\/websjop.afuk.frl\/nl\/winkel\/it-deistich-bestean-by-alds-obe-postma\/","name":"It deistich bestean by \u00e2lds - Obe Postma &#8211; Af\u00fbk Websjop","isPartOf":{"@id":"https:\/\/websjop.afuk.frl\/nl\/#website"},"primaryImageOfPage":{"@id":"https:\/\/websjop.afuk.frl\/nl\/winkel\/it-deistich-bestean-by-alds-obe-postma\/#primaryimage"},"image":{"@id":"https:\/\/websjop.afuk.frl\/nl\/winkel\/it-deistich-bestean-by-alds-obe-postma\/#primaryimage"},"thumbnailUrl":"https:\/\/websjop.afuk.frl\/wp-content\/uploads\/2015\/10\/it-deistich-libben-001.jpg","datePublished":"2015-10-01T09:05:58+00:00","dateModified":"2019-11-05T15:00:25+00:00","breadcrumb":{"@id":"https:\/\/websjop.afuk.frl\/nl\/winkel\/it-deistich-bestean-by-alds-obe-postma\/#breadcrumb"},"inLanguage":"nl-NL","potentialAction":[{"@type":"ReadAction","target":["https:\/\/websjop.afuk.frl\/nl\/winkel\/it-deistich-bestean-by-alds-obe-postma\/"]}]},{"@type":"ImageObject","inLanguage":"nl-NL","@id":"https:\/\/websjop.afuk.frl\/nl\/winkel\/it-deistich-bestean-by-alds-obe-postma\/#primaryimage","url":"https:\/\/websjop.afuk.frl\/wp-content\/uploads\/2015\/10\/it-deistich-libben-001.jpg","contentUrl":"https:\/\/websjop.afuk.frl\/wp-content\/uploads\/2015\/10\/it-deistich-libben-001.jpg","width":2012,"height":2888},{"@type":"BreadcrumbList","@id":"https:\/\/websjop.afuk.frl\/nl\/winkel\/it-deistich-bestean-by-alds-obe-postma\/#breadcrumb","itemListElement":[{"@type":"ListItem","position":1,"name":"Home","item":"https:\/\/websjop.afuk.frl\/nl\/"},{"@type":"ListItem","position":2,"name":"Winkel","item":"https:\/\/websjop.afuk.frl\/nl\/winkel\/"},{"@type":"ListItem","position":3,"name":"It deistich bestean by \u00e2lds &#8211; Obe Postma"}]},{"@type":"WebSite","@id":"https:\/\/websjop.afuk.frl\/nl\/#website","url":"https:\/\/websjop.afuk.frl\/nl\/","name":"Af\u00fbk Websjop","description":"","potentialAction":[{"@type":"SearchAction","target":{"@type":"EntryPoint","urlTemplate":"https:\/\/websjop.afuk.frl\/nl\/?s={search_term_string}"},"query-input":{"@type":"PropertyValueSpecification","valueRequired":true,"valueName":"search_term_string"}}],"inLanguage":"nl-NL"}]}},"_links":{"self":[{"href":"https:\/\/websjop.afuk.frl\/nl\/wp-json\/wp\/v2\/product\/9754","targetHints":{"allow":["GET"]}}],"collection":[{"href":"https:\/\/websjop.afuk.frl\/nl\/wp-json\/wp\/v2\/product"}],"about":[{"href":"https:\/\/websjop.afuk.frl\/nl\/wp-json\/wp\/v2\/types\/product"}],"replies":[{"embeddable":true,"href":"https:\/\/websjop.afuk.frl\/nl\/wp-json\/wp\/v2\/comments?post=9754"}],"wp:featuredmedia":[{"embeddable":true,"href":"https:\/\/websjop.afuk.frl\/nl\/wp-json\/wp\/v2\/media\/12424"}],"wp:attachment":[{"href":"https:\/\/websjop.afuk.frl\/nl\/wp-json\/wp\/v2\/media?parent=9754"}],"wp:term":[{"taxonomy":"product_brand","embeddable":true,"href":"https:\/\/websjop.afuk.frl\/nl\/wp-json\/wp\/v2\/product_brand?post=9754"},{"taxonomy":"product_cat","embeddable":true,"href":"https:\/\/websjop.afuk.frl\/nl\/wp-json\/wp\/v2\/product_cat?post=9754"},{"taxonomy":"product_tag","embeddable":true,"href":"https:\/\/websjop.afuk.frl\/nl\/wp-json\/wp\/v2\/product_tag?post=9754"}],"curies":[{"name":"wp","href":"https:\/\/api.w.org\/{rel}","templated":true}]}}