{"id":9710,"date":"2015-08-27T10:07:53","date_gmt":"2015-08-27T09:07:53","guid":{"rendered":"https:\/\/websjop.bwhontwerpers.nl\/?post_type=product&#038;p=9710"},"modified":"2024-04-10T10:30:47","modified_gmt":"2024-04-10T09:30:47","slug":"wittenskip-en-beweging-skogings-oer-libben-en-wurk-fan-tony-feitsma","status":"publish","type":"product","link":"https:\/\/websjop.afuk.frl\/nl\/winkel\/wittenskip-en-beweging-skogings-oer-libben-en-wurk-fan-tony-feitsma\/","title":{"rendered":"Tf &#8211; Wittenskip en Beweging, Sk\u00f4gings oer libben en wurk fan Tony Feitsma"},"content":{"rendered":"<div class=\"productDescriptionShort\">\n<p>Het boek <em>Wittenskip en Beweging <\/em>bevat een elftal beschouwingen van vooraanstaande wetenschappers over het werk van Prof. Dr. Anthonia (Tony) Feitsma (1928-2009). Feitsma was niet alleen een lange tijd professor Fries in Amsterdam, maar ook een fel strijdster voor het Fries; daarbij meed ze beslist de confrontatie niet. Bovendien was Tony Feitsma in de jaren 60 een van de oprichters van de FNP. In &#8211; letterlijk &#8211; duizenden stukken heeft Feitsma in kranten, tijdschriften en boeken geschreven en gewreven oer het Fries en zijn positie in de maatschappij. Ook heeft ze in de zeventiger jaren geprobeerd om een eigen spelling te introduceren, die erg afweek van het gangbare.<\/p>\n<p>Het boek bevat als bijlage een volledige lijst van al haar stukken.<\/p>\n<\/div>\n<div class=\"productDescriptionLong\">\n<p><strong>Medewerkers<\/strong>:<br \/>\nHenk Meijering<br \/>\nAlex Riemersma<br \/>\nJarich Hoekstra<br \/>\nPhilippus H. Breuker<br \/>\nArjen Versloot<br \/>\nJan Noordegraaf<br \/>\nAnne Dykstra<br \/>\nHindrik Sijens<br \/>\nJan Popkema<br \/>\nLiuwe H. Westra<\/p>\n<p>&nbsp;<\/p>\n<\/div>\n","protected":false},"excerpt":{"rendered":"<p>Wittenskip en Beweging Sk\u00f4gings oer libben en wurk fan Tony Feitsma<\/p>\n","protected":false},"featured_media":12430,"comment_status":"closed","ping_status":"closed","template":"","meta":{"_acf_changed":false},"product_brand":[],"product_cat":[1037,1061,535],"product_tag":[22670,19068,22668,21184,22669],"class_list":{"0":"post-9710","1":"product","2":"type-product","3":"status-publish","4":"has-post-thumbnail","6":"product_cat-biografy","7":"product_cat-essays","8":"product_cat-fryske-boeken","9":"product_tag-beschouwingen","10":"product_tag-skogings","11":"product_tag-tf","12":"product_tag-tony-feitsma","13":"product_tag-wittenskip-en-beweging","14":"product_shipping_class-pakketpost-verzending","15":"pa_auteur-redaksje-anne-tjerk-popkema-e-o","16":"pa_isbn-978-949-205-213-1","17":"pa_taal-frysk","18":"pa_uitgever-wijdemeer","20":"first","21":"instock","22":"taxable","23":"shipping-taxable","24":"purchasable","25":"product-type-simple"},"acf":[],"yoast_head":"<!-- This site is optimized with the Yoast SEO plugin v27.3 - https:\/\/yoast.com\/product\/yoast-seo-wordpress\/ -->\n<title>Tf - Wittenskip en Beweging, Sk\u00f4gings oer libben en wurk fan Tony Feitsma &#8211; Af\u00fbk Websjop<\/title>\n<meta name=\"description\" content=\"Tf - Wittenskip en Beweging, Sk\u00f4gings oer libben en wurk fan Tony Feitsma bevat beschouwingen waarin haar rol in de frisistiek wordt gewogen.\" \/>\n<meta name=\"robots\" content=\"index, follow, max-snippet:-1, max-image-preview:large, max-video-preview:-1\" \/>\n<link rel=\"canonical\" href=\"https:\/\/websjop.afuk.frl\/nl\/winkel\/wittenskip-en-beweging-skogings-oer-libben-en-wurk-fan-tony-feitsma\/\" \/>\n<meta property=\"og:locale\" content=\"nl_NL\" \/>\n<meta property=\"og:type\" content=\"article\" \/>\n<meta property=\"og:title\" content=\"Tf - Wittenskip en Beweging, Sk\u00f4gings oer libben en wurk fan Tony Feitsma &#8211; Af\u00fbk Websjop\" \/>\n<meta property=\"og:description\" content=\"Tf - Wittenskip en Beweging, Sk\u00f4gings oer libben en wurk fan Tony Feitsma bevat beschouwingen waarin haar rol in de frisistiek wordt gewogen.\" \/>\n<meta property=\"og:url\" content=\"https:\/\/websjop.afuk.frl\/nl\/winkel\/wittenskip-en-beweging-skogings-oer-libben-en-wurk-fan-tony-feitsma\/\" \/>\n<meta property=\"og:site_name\" content=\"Af\u00fbk Websjop\" \/>\n<meta property=\"article:modified_time\" content=\"2024-04-10T09:30:47+00:00\" \/>\n<meta property=\"og:image\" content=\"https:\/\/websjop.afuk.frl\/wp-content\/uploads\/2015\/08\/wittenskip-en-beweging-001.jpg\" \/>\n\t<meta property=\"og:image:width\" content=\"1772\" \/>\n\t<meta property=\"og:image:height\" content=\"2756\" \/>\n\t<meta property=\"og:image:type\" content=\"image\/jpeg\" \/>\n<meta name=\"twitter:card\" content=\"summary_large_image\" \/>\n<meta name=\"twitter:label1\" content=\"Geschatte leestijd\" \/>\n\t<meta name=\"twitter:data1\" content=\"1 minuut\" \/>\n<script type=\"application\/ld+json\" class=\"yoast-schema-graph\">{\"@context\":\"https:\\\/\\\/schema.org\",\"@graph\":[{\"@type\":\"WebPage\",\"@id\":\"https:\\\/\\\/websjop.afuk.frl\\\/nl\\\/winkel\\\/wittenskip-en-beweging-skogings-oer-libben-en-wurk-fan-tony-feitsma\\\/\",\"url\":\"https:\\\/\\\/websjop.afuk.frl\\\/nl\\\/winkel\\\/wittenskip-en-beweging-skogings-oer-libben-en-wurk-fan-tony-feitsma\\\/\",\"name\":\"Tf - Wittenskip en Beweging, Sk\u00f4gings oer libben en wurk fan Tony Feitsma &#8211; Af\u00fbk Websjop\",\"isPartOf\":{\"@id\":\"https:\\\/\\\/websjop.afuk.frl\\\/nl\\\/#website\"},\"primaryImageOfPage\":{\"@id\":\"https:\\\/\\\/websjop.afuk.frl\\\/nl\\\/winkel\\\/wittenskip-en-beweging-skogings-oer-libben-en-wurk-fan-tony-feitsma\\\/#primaryimage\"},\"image\":{\"@id\":\"https:\\\/\\\/websjop.afuk.frl\\\/nl\\\/winkel\\\/wittenskip-en-beweging-skogings-oer-libben-en-wurk-fan-tony-feitsma\\\/#primaryimage\"},\"thumbnailUrl\":\"https:\\\/\\\/websjop.afuk.frl\\\/wp-content\\\/uploads\\\/2015\\\/08\\\/wittenskip-en-beweging-001.jpg\",\"datePublished\":\"2015-08-27T09:07:53+00:00\",\"dateModified\":\"2024-04-10T09:30:47+00:00\",\"description\":\"Tf - Wittenskip en Beweging, Sk\u00f4gings oer libben en wurk fan Tony Feitsma bevat beschouwingen waarin haar rol in de frisistiek wordt gewogen.\",\"breadcrumb\":{\"@id\":\"https:\\\/\\\/websjop.afuk.frl\\\/nl\\\/winkel\\\/wittenskip-en-beweging-skogings-oer-libben-en-wurk-fan-tony-feitsma\\\/#breadcrumb\"},\"inLanguage\":\"nl-NL\",\"potentialAction\":[{\"@type\":\"ReadAction\",\"target\":[\"https:\\\/\\\/websjop.afuk.frl\\\/nl\\\/winkel\\\/wittenskip-en-beweging-skogings-oer-libben-en-wurk-fan-tony-feitsma\\\/\"]}]},{\"@type\":\"ImageObject\",\"inLanguage\":\"nl-NL\",\"@id\":\"https:\\\/\\\/websjop.afuk.frl\\\/nl\\\/winkel\\\/wittenskip-en-beweging-skogings-oer-libben-en-wurk-fan-tony-feitsma\\\/#primaryimage\",\"url\":\"https:\\\/\\\/websjop.afuk.frl\\\/wp-content\\\/uploads\\\/2015\\\/08\\\/wittenskip-en-beweging-001.jpg\",\"contentUrl\":\"https:\\\/\\\/websjop.afuk.frl\\\/wp-content\\\/uploads\\\/2015\\\/08\\\/wittenskip-en-beweging-001.jpg\",\"width\":1772,\"height\":2756},{\"@type\":\"BreadcrumbList\",\"@id\":\"https:\\\/\\\/websjop.afuk.frl\\\/nl\\\/winkel\\\/wittenskip-en-beweging-skogings-oer-libben-en-wurk-fan-tony-feitsma\\\/#breadcrumb\",\"itemListElement\":[{\"@type\":\"ListItem\",\"position\":1,\"name\":\"Home\",\"item\":\"https:\\\/\\\/websjop.afuk.frl\\\/nl\\\/\"},{\"@type\":\"ListItem\",\"position\":2,\"name\":\"Winkel\",\"item\":\"https:\\\/\\\/websjop.afuk.frl\\\/nl\\\/winkel\\\/\"},{\"@type\":\"ListItem\",\"position\":3,\"name\":\"Tf &#8211; Wittenskip en Beweging, Sk\u00f4gings oer libben en wurk fan Tony Feitsma\"}]},{\"@type\":\"WebSite\",\"@id\":\"https:\\\/\\\/websjop.afuk.frl\\\/nl\\\/#website\",\"url\":\"https:\\\/\\\/websjop.afuk.frl\\\/nl\\\/\",\"name\":\"Af\u00fbk Websjop\",\"description\":\"\",\"potentialAction\":[{\"@type\":\"SearchAction\",\"target\":{\"@type\":\"EntryPoint\",\"urlTemplate\":\"https:\\\/\\\/websjop.afuk.frl\\\/nl\\\/?s={search_term_string}\"},\"query-input\":{\"@type\":\"PropertyValueSpecification\",\"valueRequired\":true,\"valueName\":\"search_term_string\"}}],\"inLanguage\":\"nl-NL\"}]}<\/script>\n<!-- \/ Yoast SEO plugin. -->","yoast_head_json":{"title":"Tf - Wittenskip en Beweging, Sk\u00f4gings oer libben en wurk fan Tony Feitsma &#8211; Af\u00fbk Websjop","description":"Tf - Wittenskip en Beweging, Sk\u00f4gings oer libben en wurk fan Tony Feitsma bevat beschouwingen waarin haar rol in de frisistiek wordt gewogen.","robots":{"index":"index","follow":"follow","max-snippet":"max-snippet:-1","max-image-preview":"max-image-preview:large","max-video-preview":"max-video-preview:-1"},"canonical":"https:\/\/websjop.afuk.frl\/nl\/winkel\/wittenskip-en-beweging-skogings-oer-libben-en-wurk-fan-tony-feitsma\/","og_locale":"nl_NL","og_type":"article","og_title":"Tf - Wittenskip en Beweging, Sk\u00f4gings oer libben en wurk fan Tony Feitsma &#8211; Af\u00fbk Websjop","og_description":"Tf - Wittenskip en Beweging, Sk\u00f4gings oer libben en wurk fan Tony Feitsma bevat beschouwingen waarin haar rol in de frisistiek wordt gewogen.","og_url":"https:\/\/websjop.afuk.frl\/nl\/winkel\/wittenskip-en-beweging-skogings-oer-libben-en-wurk-fan-tony-feitsma\/","og_site_name":"Af\u00fbk Websjop","article_modified_time":"2024-04-10T09:30:47+00:00","og_image":[{"width":1772,"height":2756,"url":"https:\/\/websjop.afuk.frl\/wp-content\/uploads\/2015\/08\/wittenskip-en-beweging-001.jpg","type":"image\/jpeg"}],"twitter_card":"summary_large_image","twitter_misc":{"Geschatte leestijd":"1 minuut"},"schema":{"@context":"https:\/\/schema.org","@graph":[{"@type":"WebPage","@id":"https:\/\/websjop.afuk.frl\/nl\/winkel\/wittenskip-en-beweging-skogings-oer-libben-en-wurk-fan-tony-feitsma\/","url":"https:\/\/websjop.afuk.frl\/nl\/winkel\/wittenskip-en-beweging-skogings-oer-libben-en-wurk-fan-tony-feitsma\/","name":"Tf - Wittenskip en Beweging, Sk\u00f4gings oer libben en wurk fan Tony Feitsma &#8211; Af\u00fbk Websjop","isPartOf":{"@id":"https:\/\/websjop.afuk.frl\/nl\/#website"},"primaryImageOfPage":{"@id":"https:\/\/websjop.afuk.frl\/nl\/winkel\/wittenskip-en-beweging-skogings-oer-libben-en-wurk-fan-tony-feitsma\/#primaryimage"},"image":{"@id":"https:\/\/websjop.afuk.frl\/nl\/winkel\/wittenskip-en-beweging-skogings-oer-libben-en-wurk-fan-tony-feitsma\/#primaryimage"},"thumbnailUrl":"https:\/\/websjop.afuk.frl\/wp-content\/uploads\/2015\/08\/wittenskip-en-beweging-001.jpg","datePublished":"2015-08-27T09:07:53+00:00","dateModified":"2024-04-10T09:30:47+00:00","description":"Tf - Wittenskip en Beweging, Sk\u00f4gings oer libben en wurk fan Tony Feitsma bevat beschouwingen waarin haar rol in de frisistiek wordt gewogen.","breadcrumb":{"@id":"https:\/\/websjop.afuk.frl\/nl\/winkel\/wittenskip-en-beweging-skogings-oer-libben-en-wurk-fan-tony-feitsma\/#breadcrumb"},"inLanguage":"nl-NL","potentialAction":[{"@type":"ReadAction","target":["https:\/\/websjop.afuk.frl\/nl\/winkel\/wittenskip-en-beweging-skogings-oer-libben-en-wurk-fan-tony-feitsma\/"]}]},{"@type":"ImageObject","inLanguage":"nl-NL","@id":"https:\/\/websjop.afuk.frl\/nl\/winkel\/wittenskip-en-beweging-skogings-oer-libben-en-wurk-fan-tony-feitsma\/#primaryimage","url":"https:\/\/websjop.afuk.frl\/wp-content\/uploads\/2015\/08\/wittenskip-en-beweging-001.jpg","contentUrl":"https:\/\/websjop.afuk.frl\/wp-content\/uploads\/2015\/08\/wittenskip-en-beweging-001.jpg","width":1772,"height":2756},{"@type":"BreadcrumbList","@id":"https:\/\/websjop.afuk.frl\/nl\/winkel\/wittenskip-en-beweging-skogings-oer-libben-en-wurk-fan-tony-feitsma\/#breadcrumb","itemListElement":[{"@type":"ListItem","position":1,"name":"Home","item":"https:\/\/websjop.afuk.frl\/nl\/"},{"@type":"ListItem","position":2,"name":"Winkel","item":"https:\/\/websjop.afuk.frl\/nl\/winkel\/"},{"@type":"ListItem","position":3,"name":"Tf &#8211; Wittenskip en Beweging, Sk\u00f4gings oer libben en wurk fan Tony Feitsma"}]},{"@type":"WebSite","@id":"https:\/\/websjop.afuk.frl\/nl\/#website","url":"https:\/\/websjop.afuk.frl\/nl\/","name":"Af\u00fbk Websjop","description":"","potentialAction":[{"@type":"SearchAction","target":{"@type":"EntryPoint","urlTemplate":"https:\/\/websjop.afuk.frl\/nl\/?s={search_term_string}"},"query-input":{"@type":"PropertyValueSpecification","valueRequired":true,"valueName":"search_term_string"}}],"inLanguage":"nl-NL"}]}},"_links":{"self":[{"href":"https:\/\/websjop.afuk.frl\/nl\/wp-json\/wp\/v2\/product\/9710","targetHints":{"allow":["GET"]}}],"collection":[{"href":"https:\/\/websjop.afuk.frl\/nl\/wp-json\/wp\/v2\/product"}],"about":[{"href":"https:\/\/websjop.afuk.frl\/nl\/wp-json\/wp\/v2\/types\/product"}],"replies":[{"embeddable":true,"href":"https:\/\/websjop.afuk.frl\/nl\/wp-json\/wp\/v2\/comments?post=9710"}],"wp:featuredmedia":[{"embeddable":true,"href":"https:\/\/websjop.afuk.frl\/nl\/wp-json\/wp\/v2\/media\/12430"}],"wp:attachment":[{"href":"https:\/\/websjop.afuk.frl\/nl\/wp-json\/wp\/v2\/media?parent=9710"}],"wp:term":[{"taxonomy":"product_brand","embeddable":true,"href":"https:\/\/websjop.afuk.frl\/nl\/wp-json\/wp\/v2\/product_brand?post=9710"},{"taxonomy":"product_cat","embeddable":true,"href":"https:\/\/websjop.afuk.frl\/nl\/wp-json\/wp\/v2\/product_cat?post=9710"},{"taxonomy":"product_tag","embeddable":true,"href":"https:\/\/websjop.afuk.frl\/nl\/wp-json\/wp\/v2\/product_tag?post=9710"}],"curies":[{"name":"wp","href":"https:\/\/api.w.org\/{rel}","templated":true}]}}