{"id":9608,"date":"2015-06-26T08:53:30","date_gmt":"2015-06-26T07:53:30","guid":{"rendered":"https:\/\/websjop.bwhontwerpers.nl\/?post_type=product&#038;p=9608"},"modified":"2026-03-05T20:19:16","modified_gmt":"2026-03-05T19:19:16","slug":"tegeltsje-wer-t-wy-op-e-wrald-ek-binne-oeral-skynt-deselde-sinne","status":"publish","type":"product","link":"https:\/\/websjop.afuk.frl\/nl\/winkel\/tegeltsje-wer-t-wy-op-e-wrald-ek-binne-oeral-skynt-deselde-sinne\/","title":{"rendered":"Friese spreuktegel: W\u00ear&#8217;t wy op &#8216;e wr\u00e2ld ek binne oeral skynt deselde sinne"},"content":{"rendered":"<p>Tegel mei Friese spreuk: W\u00ear&#8217;t wy op &#8216;e wr\u00e2ld ek binne, oeral skynt deselde sinne.<\/p>\n<p>Hang &#8216;m op in de kamer, in de hal, op kantoor of in het kleinste kamertje. Ook leuk om kado te geven!<\/p>\n<p>Maat: 15 x 15 cm.<\/p>\n","protected":false},"excerpt":{"rendered":"<p>Tegeltsje: W\u00ear&#8217;t wy op &#8216;e wr\u00e2ld ek binne oeral skynt deselde sinne<\/p>\n","protected":false},"featured_media":9609,"comment_status":"closed","ping_status":"closed","template":"","meta":{"_acf_changed":false},"product_brand":[],"product_cat":[565,5065,1244,1255],"product_tag":[17131,17110,17136,17135],"class_list":{"0":"post-9608","1":"product","2":"type-product","3":"status-publish","4":"has-post-thumbnail","6":"product_cat-friese-producten","7":"product_cat-fryske-suvenirs","8":"product_cat-fryske-tegeltsjes","9":"product_cat-kado-s-foar-de-feestdagen","10":"product_tag-friese-spreuktegel","11":"product_tag-fryske-spreuken","12":"product_tag-oeral-skynt-deselde-sinne","13":"product_tag-wert-wy-op-e-wrald-ek-binne","14":"product_shipping_class-brievenbus-verzending","16":"first","17":"outofstock","18":"taxable","19":"shipping-taxable","20":"purchasable","21":"product-type-simple"},"acf":[],"yoast_head":"<!-- This site is optimized with the Yoast SEO plugin v27.2 - https:\/\/yoast.com\/product\/yoast-seo-wordpress\/ -->\n<title>Friese spreuktegel: W\u00ear&#039;t wy op &#039;e wr\u00e2ld ek binne oeral skynt deselde sinne &#8211; Af\u00fbk Websjop<\/title>\n<meta name=\"description\" content=\"Tegel mei Friese spreuk: W\u00ear&#039;t wy op &#039;e wr\u00e2ld ek binne, oeral skynt deselde sinne. Hang &#039;m op in de kamer, op kantoor of in het kleinste kamertje.\" \/>\n<meta name=\"robots\" content=\"index, follow, max-snippet:-1, max-image-preview:large, max-video-preview:-1\" \/>\n<link rel=\"canonical\" href=\"https:\/\/websjop.afuk.frl\/nl\/winkel\/tegeltsje-wer-t-wy-op-e-wrald-ek-binne-oeral-skynt-deselde-sinne\/\" \/>\n<meta property=\"og:locale\" content=\"nl_NL\" \/>\n<meta property=\"og:type\" content=\"article\" \/>\n<meta property=\"og:title\" content=\"Friese spreuktegel: W\u00ear&#039;t wy op &#039;e wr\u00e2ld ek binne oeral skynt deselde sinne &#8211; Af\u00fbk Websjop\" \/>\n<meta property=\"og:description\" content=\"Tegel mei Friese spreuk: W\u00ear&#039;t wy op &#039;e wr\u00e2ld ek binne, oeral skynt deselde sinne. Hang &#039;m op in de kamer, op kantoor of in het kleinste kamertje.\" \/>\n<meta property=\"og:url\" content=\"https:\/\/websjop.afuk.frl\/nl\/winkel\/tegeltsje-wer-t-wy-op-e-wrald-ek-binne-oeral-skynt-deselde-sinne\/\" \/>\n<meta property=\"og:site_name\" content=\"Af\u00fbk Websjop\" \/>\n<meta property=\"article:modified_time\" content=\"2026-03-05T19:19:16+00:00\" \/>\n<meta property=\"og:image\" content=\"https:\/\/websjop.afuk.frl\/wp-content\/uploads\/2015\/06\/products-wert_wy_op_e_wrald_ek_binne.jpg\" \/>\n\t<meta property=\"og:image:width\" content=\"700\" \/>\n\t<meta property=\"og:image:height\" content=\"723\" \/>\n\t<meta property=\"og:image:type\" content=\"image\/jpeg\" \/>\n<meta name=\"twitter:card\" content=\"summary_large_image\" \/>\n<script type=\"application\/ld+json\" class=\"yoast-schema-graph\">{\"@context\":\"https:\/\/schema.org\",\"@graph\":[{\"@type\":\"WebPage\",\"@id\":\"https:\/\/websjop.afuk.frl\/nl\/winkel\/tegeltsje-wer-t-wy-op-e-wrald-ek-binne-oeral-skynt-deselde-sinne\/\",\"url\":\"https:\/\/websjop.afuk.frl\/nl\/winkel\/tegeltsje-wer-t-wy-op-e-wrald-ek-binne-oeral-skynt-deselde-sinne\/\",\"name\":\"Friese spreuktegel: W\u00ear't wy op 'e wr\u00e2ld ek binne oeral skynt deselde sinne &#8211; Af\u00fbk Websjop\",\"isPartOf\":{\"@id\":\"https:\/\/websjop.afuk.frl\/nl\/#website\"},\"primaryImageOfPage\":{\"@id\":\"https:\/\/websjop.afuk.frl\/nl\/winkel\/tegeltsje-wer-t-wy-op-e-wrald-ek-binne-oeral-skynt-deselde-sinne\/#primaryimage\"},\"image\":{\"@id\":\"https:\/\/websjop.afuk.frl\/nl\/winkel\/tegeltsje-wer-t-wy-op-e-wrald-ek-binne-oeral-skynt-deselde-sinne\/#primaryimage\"},\"thumbnailUrl\":\"https:\/\/websjop.afuk.frl\/wp-content\/uploads\/2015\/06\/products-wert_wy_op_e_wrald_ek_binne.jpg\",\"datePublished\":\"2015-06-26T07:53:30+00:00\",\"dateModified\":\"2026-03-05T19:19:16+00:00\",\"description\":\"Tegel mei Friese spreuk: W\u00ear't wy op 'e wr\u00e2ld ek binne, oeral skynt deselde sinne. Hang 'm op in de kamer, op kantoor of in het kleinste kamertje.\",\"breadcrumb\":{\"@id\":\"https:\/\/websjop.afuk.frl\/nl\/winkel\/tegeltsje-wer-t-wy-op-e-wrald-ek-binne-oeral-skynt-deselde-sinne\/#breadcrumb\"},\"inLanguage\":\"nl-NL\",\"potentialAction\":[{\"@type\":\"ReadAction\",\"target\":[\"https:\/\/websjop.afuk.frl\/nl\/winkel\/tegeltsje-wer-t-wy-op-e-wrald-ek-binne-oeral-skynt-deselde-sinne\/\"]}]},{\"@type\":\"ImageObject\",\"inLanguage\":\"nl-NL\",\"@id\":\"https:\/\/websjop.afuk.frl\/nl\/winkel\/tegeltsje-wer-t-wy-op-e-wrald-ek-binne-oeral-skynt-deselde-sinne\/#primaryimage\",\"url\":\"https:\/\/websjop.afuk.frl\/wp-content\/uploads\/2015\/06\/products-wert_wy_op_e_wrald_ek_binne.jpg\",\"contentUrl\":\"https:\/\/websjop.afuk.frl\/wp-content\/uploads\/2015\/06\/products-wert_wy_op_e_wrald_ek_binne.jpg\",\"width\":700,\"height\":723},{\"@type\":\"BreadcrumbList\",\"@id\":\"https:\/\/websjop.afuk.frl\/nl\/winkel\/tegeltsje-wer-t-wy-op-e-wrald-ek-binne-oeral-skynt-deselde-sinne\/#breadcrumb\",\"itemListElement\":[{\"@type\":\"ListItem\",\"position\":1,\"name\":\"Home\",\"item\":\"https:\/\/websjop.afuk.frl\/nl\/\"},{\"@type\":\"ListItem\",\"position\":2,\"name\":\"Winkel\",\"item\":\"https:\/\/websjop.afuk.frl\/nl\/winkel\/\"},{\"@type\":\"ListItem\",\"position\":3,\"name\":\"Friese spreuktegel: W\u00ear&#8217;t wy op &#8216;e wr\u00e2ld ek binne oeral skynt deselde sinne\"}]},{\"@type\":\"WebSite\",\"@id\":\"https:\/\/websjop.afuk.frl\/nl\/#website\",\"url\":\"https:\/\/websjop.afuk.frl\/nl\/\",\"name\":\"Af\u00fbk Websjop\",\"description\":\"\",\"potentialAction\":[{\"@type\":\"SearchAction\",\"target\":{\"@type\":\"EntryPoint\",\"urlTemplate\":\"https:\/\/websjop.afuk.frl\/nl\/?s={search_term_string}\"},\"query-input\":{\"@type\":\"PropertyValueSpecification\",\"valueRequired\":true,\"valueName\":\"search_term_string\"}}],\"inLanguage\":\"nl-NL\"}]}<\/script>\n<!-- \/ Yoast SEO plugin. -->","yoast_head_json":{"title":"Friese spreuktegel: W\u00ear't wy op 'e wr\u00e2ld ek binne oeral skynt deselde sinne &#8211; Af\u00fbk Websjop","description":"Tegel mei Friese spreuk: W\u00ear't wy op 'e wr\u00e2ld ek binne, oeral skynt deselde sinne. Hang 'm op in de kamer, op kantoor of in het kleinste kamertje.","robots":{"index":"index","follow":"follow","max-snippet":"max-snippet:-1","max-image-preview":"max-image-preview:large","max-video-preview":"max-video-preview:-1"},"canonical":"https:\/\/websjop.afuk.frl\/nl\/winkel\/tegeltsje-wer-t-wy-op-e-wrald-ek-binne-oeral-skynt-deselde-sinne\/","og_locale":"nl_NL","og_type":"article","og_title":"Friese spreuktegel: W\u00ear't wy op 'e wr\u00e2ld ek binne oeral skynt deselde sinne &#8211; Af\u00fbk Websjop","og_description":"Tegel mei Friese spreuk: W\u00ear't wy op 'e wr\u00e2ld ek binne, oeral skynt deselde sinne. Hang 'm op in de kamer, op kantoor of in het kleinste kamertje.","og_url":"https:\/\/websjop.afuk.frl\/nl\/winkel\/tegeltsje-wer-t-wy-op-e-wrald-ek-binne-oeral-skynt-deselde-sinne\/","og_site_name":"Af\u00fbk Websjop","article_modified_time":"2026-03-05T19:19:16+00:00","og_image":[{"width":700,"height":723,"url":"https:\/\/websjop.afuk.frl\/wp-content\/uploads\/2015\/06\/products-wert_wy_op_e_wrald_ek_binne.jpg","type":"image\/jpeg"}],"twitter_card":"summary_large_image","schema":{"@context":"https:\/\/schema.org","@graph":[{"@type":"WebPage","@id":"https:\/\/websjop.afuk.frl\/nl\/winkel\/tegeltsje-wer-t-wy-op-e-wrald-ek-binne-oeral-skynt-deselde-sinne\/","url":"https:\/\/websjop.afuk.frl\/nl\/winkel\/tegeltsje-wer-t-wy-op-e-wrald-ek-binne-oeral-skynt-deselde-sinne\/","name":"Friese spreuktegel: W\u00ear't wy op 'e wr\u00e2ld ek binne oeral skynt deselde sinne &#8211; Af\u00fbk Websjop","isPartOf":{"@id":"https:\/\/websjop.afuk.frl\/nl\/#website"},"primaryImageOfPage":{"@id":"https:\/\/websjop.afuk.frl\/nl\/winkel\/tegeltsje-wer-t-wy-op-e-wrald-ek-binne-oeral-skynt-deselde-sinne\/#primaryimage"},"image":{"@id":"https:\/\/websjop.afuk.frl\/nl\/winkel\/tegeltsje-wer-t-wy-op-e-wrald-ek-binne-oeral-skynt-deselde-sinne\/#primaryimage"},"thumbnailUrl":"https:\/\/websjop.afuk.frl\/wp-content\/uploads\/2015\/06\/products-wert_wy_op_e_wrald_ek_binne.jpg","datePublished":"2015-06-26T07:53:30+00:00","dateModified":"2026-03-05T19:19:16+00:00","description":"Tegel mei Friese spreuk: W\u00ear't wy op 'e wr\u00e2ld ek binne, oeral skynt deselde sinne. Hang 'm op in de kamer, op kantoor of in het kleinste kamertje.","breadcrumb":{"@id":"https:\/\/websjop.afuk.frl\/nl\/winkel\/tegeltsje-wer-t-wy-op-e-wrald-ek-binne-oeral-skynt-deselde-sinne\/#breadcrumb"},"inLanguage":"nl-NL","potentialAction":[{"@type":"ReadAction","target":["https:\/\/websjop.afuk.frl\/nl\/winkel\/tegeltsje-wer-t-wy-op-e-wrald-ek-binne-oeral-skynt-deselde-sinne\/"]}]},{"@type":"ImageObject","inLanguage":"nl-NL","@id":"https:\/\/websjop.afuk.frl\/nl\/winkel\/tegeltsje-wer-t-wy-op-e-wrald-ek-binne-oeral-skynt-deselde-sinne\/#primaryimage","url":"https:\/\/websjop.afuk.frl\/wp-content\/uploads\/2015\/06\/products-wert_wy_op_e_wrald_ek_binne.jpg","contentUrl":"https:\/\/websjop.afuk.frl\/wp-content\/uploads\/2015\/06\/products-wert_wy_op_e_wrald_ek_binne.jpg","width":700,"height":723},{"@type":"BreadcrumbList","@id":"https:\/\/websjop.afuk.frl\/nl\/winkel\/tegeltsje-wer-t-wy-op-e-wrald-ek-binne-oeral-skynt-deselde-sinne\/#breadcrumb","itemListElement":[{"@type":"ListItem","position":1,"name":"Home","item":"https:\/\/websjop.afuk.frl\/nl\/"},{"@type":"ListItem","position":2,"name":"Winkel","item":"https:\/\/websjop.afuk.frl\/nl\/winkel\/"},{"@type":"ListItem","position":3,"name":"Friese spreuktegel: W\u00ear&#8217;t wy op &#8216;e wr\u00e2ld ek binne oeral skynt deselde sinne"}]},{"@type":"WebSite","@id":"https:\/\/websjop.afuk.frl\/nl\/#website","url":"https:\/\/websjop.afuk.frl\/nl\/","name":"Af\u00fbk Websjop","description":"","potentialAction":[{"@type":"SearchAction","target":{"@type":"EntryPoint","urlTemplate":"https:\/\/websjop.afuk.frl\/nl\/?s={search_term_string}"},"query-input":{"@type":"PropertyValueSpecification","valueRequired":true,"valueName":"search_term_string"}}],"inLanguage":"nl-NL"}]}},"_links":{"self":[{"href":"https:\/\/websjop.afuk.frl\/nl\/wp-json\/wp\/v2\/product\/9608","targetHints":{"allow":["GET"]}}],"collection":[{"href":"https:\/\/websjop.afuk.frl\/nl\/wp-json\/wp\/v2\/product"}],"about":[{"href":"https:\/\/websjop.afuk.frl\/nl\/wp-json\/wp\/v2\/types\/product"}],"replies":[{"embeddable":true,"href":"https:\/\/websjop.afuk.frl\/nl\/wp-json\/wp\/v2\/comments?post=9608"}],"wp:featuredmedia":[{"embeddable":true,"href":"https:\/\/websjop.afuk.frl\/nl\/wp-json\/wp\/v2\/media\/9609"}],"wp:attachment":[{"href":"https:\/\/websjop.afuk.frl\/nl\/wp-json\/wp\/v2\/media?parent=9608"}],"wp:term":[{"taxonomy":"product_brand","embeddable":true,"href":"https:\/\/websjop.afuk.frl\/nl\/wp-json\/wp\/v2\/product_brand?post=9608"},{"taxonomy":"product_cat","embeddable":true,"href":"https:\/\/websjop.afuk.frl\/nl\/wp-json\/wp\/v2\/product_cat?post=9608"},{"taxonomy":"product_tag","embeddable":true,"href":"https:\/\/websjop.afuk.frl\/nl\/wp-json\/wp\/v2\/product_tag?post=9608"}],"curies":[{"name":"wp","href":"https:\/\/api.w.org\/{rel}","templated":true}]}}