{"id":9332,"date":"2015-03-30T12:23:28","date_gmt":"2015-03-30T11:23:28","guid":{"rendered":"https:\/\/websjop.bwhontwerpers.nl\/?post_type=product&#038;p=9332"},"modified":"2025-08-20T14:45:23","modified_gmt":"2025-08-20T12:45:23","slug":"de-alvestedetocht-dvd","status":"publish","type":"product","link":"https:\/\/websjop.afuk.frl\/nl\/winkel\/de-alvestedetocht-dvd\/","title":{"rendered":"De Alvest\u00eadetocht DVD"},"content":{"rendered":"<p>Het begon allemaal met Pim Mulier die net als vele anderen op schaatsen een dag langs de elf Friese steden ging. Alleen hij daagde de Friezen uit om er een georganiseerde tocht van te maken. Frysl\u00e2n nam de uitdaging aan, de eerste Elfstedentocht was op 2 januari 1909 en in een eeuw zouden er noch 14 volgen. Het geheel groeide uit tot een mythisch, bijna heilig schaatsersfeest.<\/p>\n<p>Krakend kwalsterijs, zware windvlagen, diskwalificaties, wilde en alternatieve tochten, kou, stuifsneeuw, onbegaanbaar ijs, wakken, bevroren neuzen en tenen, duisternis, heldendom, angst en trots. Er bestaan ontzettend veel verhalen van prachtige tochten door winterse Friese landschappen. En er was honderd jaar lang die machtige twee-eenheid van rijders en toeschouwers.<\/p>\n<p>Omrop Frysl\u00e2n zette de beelden, verhalen en helden van vroeger en wat minder lang geleden in 13 documentaires op deze dvd&#8217;s. Van het verleden tot aan de toekomst.<\/p>\n<p>Taal: Frysk\/Nederlands. Speelduur: 340 minuten, met Nederlandse ondertiteling op 2 dvd&#8217;s.<\/p>\n","protected":false},"excerpt":{"rendered":"<p>De Alvest\u00eadetocht DVD<br \/>\nde moaiste bylden<br \/>\nde spannendste ferhalen<br \/>\nde grutste helden<\/p>\n","protected":false},"featured_media":12538,"comment_status":"closed","ping_status":"closed","template":"","meta":{"_acf_changed":false},"product_brand":[],"product_cat":[1210,561,564,575,1255,23293,574,539,541,1214,1039,9316],"product_tag":[24122,24121,6215,5342,5416,23361,24123,6105],"class_list":{"0":"post-9332","1":"product","2":"type-product","3":"status-publish","4":"has-post-thumbnail","6":"product_cat-35-de-alvestedetocht","7":"product_cat-cd-s-en-dvd-s","8":"product_cat-film","9":"product_cat-oanbieding-folwoeksenen","10":"product_cat-kado-s-foar-de-feestdagen","11":"product_cat-kassakoopjes","12":"product_cat-oanbiedingen","13":"product_cat-skiednis","14":"product_cat-sport","15":"product_cat-sport-en-hobby","16":"product_cat-telefyzje","17":"product_cat-winter","18":"product_tag-beelden","19":"product_tag-de-alvestedetocht","20":"product_tag-dvd","21":"product_tag-elfstedentocht","22":"product_tag-geschiedenis","23":"product_tag-omrop-fryslan","24":"product_tag-pim-mulier","25":"product_tag-skiednis","26":"product_shipping_class-brievenbus-verzending","27":"pa_isbn-24120","28":"pa_sale-label-1337","29":"pa_taal-frysk-nederlansk","30":"pa_uitgever-omrop-fryslan","32":"first","33":"instock","34":"sale","35":"taxable","36":"shipping-taxable","37":"purchasable","38":"product-type-simple"},"acf":[],"yoast_head":"<!-- This site is optimized with the Yoast SEO plugin v27.2 - https:\/\/yoast.com\/product\/yoast-seo-wordpress\/ -->\n<title>De Alvest\u00eadetocht DVD &#8211; Af\u00fbk Websjop<\/title>\n<meta name=\"description\" content=\"Omrop Frysl\u00e2n zette de beelden, verhalen en helden van vroeger en wat minder lang geleden in 13 documentaires op deze Alvest\u00eadetocht dvd&#039;s.\" \/>\n<meta name=\"robots\" content=\"index, follow, max-snippet:-1, max-image-preview:large, max-video-preview:-1\" \/>\n<link rel=\"canonical\" href=\"https:\/\/websjop.afuk.frl\/nl\/winkel\/de-alvestedetocht-dvd\/\" \/>\n<meta property=\"og:locale\" content=\"nl_NL\" \/>\n<meta property=\"og:type\" content=\"article\" \/>\n<meta property=\"og:title\" content=\"De Alvest\u00eadetocht DVD &#8211; Af\u00fbk Websjop\" \/>\n<meta property=\"og:description\" content=\"Omrop Frysl\u00e2n zette de beelden, verhalen en helden van vroeger en wat minder lang geleden in 13 documentaires op deze Alvest\u00eadetocht dvd&#039;s.\" \/>\n<meta property=\"og:url\" content=\"https:\/\/websjop.afuk.frl\/nl\/winkel\/de-alvestedetocht-dvd\/\" \/>\n<meta property=\"og:site_name\" content=\"Af\u00fbk Websjop\" \/>\n<meta property=\"article:modified_time\" content=\"2025-08-20T12:45:23+00:00\" \/>\n<meta property=\"og:image\" content=\"https:\/\/websjop.afuk.frl\/wp-content\/uploads\/2015\/03\/001.jpg\" \/>\n\t<meta property=\"og:image:width\" content=\"700\" \/>\n\t<meta property=\"og:image:height\" content=\"623\" \/>\n\t<meta property=\"og:image:type\" content=\"image\/jpeg\" \/>\n<meta name=\"twitter:card\" content=\"summary_large_image\" \/>\n<meta name=\"twitter:label1\" content=\"Geschatte leestijd\" \/>\n\t<meta name=\"twitter:data1\" content=\"2 minuten\" \/>\n<script type=\"application\/ld+json\" class=\"yoast-schema-graph\">{\"@context\":\"https:\/\/schema.org\",\"@graph\":[{\"@type\":\"WebPage\",\"@id\":\"https:\/\/websjop.afuk.frl\/nl\/winkel\/de-alvestedetocht-dvd\/\",\"url\":\"https:\/\/websjop.afuk.frl\/nl\/winkel\/de-alvestedetocht-dvd\/\",\"name\":\"De Alvest\u00eadetocht DVD &#8211; Af\u00fbk Websjop\",\"isPartOf\":{\"@id\":\"https:\/\/websjop.afuk.frl\/nl\/#website\"},\"primaryImageOfPage\":{\"@id\":\"https:\/\/websjop.afuk.frl\/nl\/winkel\/de-alvestedetocht-dvd\/#primaryimage\"},\"image\":{\"@id\":\"https:\/\/websjop.afuk.frl\/nl\/winkel\/de-alvestedetocht-dvd\/#primaryimage\"},\"thumbnailUrl\":\"https:\/\/websjop.afuk.frl\/wp-content\/uploads\/2015\/03\/001.jpg\",\"datePublished\":\"2015-03-30T11:23:28+00:00\",\"dateModified\":\"2025-08-20T12:45:23+00:00\",\"description\":\"Omrop Frysl\u00e2n zette de beelden, verhalen en helden van vroeger en wat minder lang geleden in 13 documentaires op deze Alvest\u00eadetocht dvd's.\",\"breadcrumb\":{\"@id\":\"https:\/\/websjop.afuk.frl\/nl\/winkel\/de-alvestedetocht-dvd\/#breadcrumb\"},\"inLanguage\":\"nl-NL\",\"potentialAction\":[{\"@type\":\"ReadAction\",\"target\":[\"https:\/\/websjop.afuk.frl\/nl\/winkel\/de-alvestedetocht-dvd\/\"]}]},{\"@type\":\"ImageObject\",\"inLanguage\":\"nl-NL\",\"@id\":\"https:\/\/websjop.afuk.frl\/nl\/winkel\/de-alvestedetocht-dvd\/#primaryimage\",\"url\":\"https:\/\/websjop.afuk.frl\/wp-content\/uploads\/2015\/03\/001.jpg\",\"contentUrl\":\"https:\/\/websjop.afuk.frl\/wp-content\/uploads\/2015\/03\/001.jpg\",\"width\":700,\"height\":623},{\"@type\":\"BreadcrumbList\",\"@id\":\"https:\/\/websjop.afuk.frl\/nl\/winkel\/de-alvestedetocht-dvd\/#breadcrumb\",\"itemListElement\":[{\"@type\":\"ListItem\",\"position\":1,\"name\":\"Home\",\"item\":\"https:\/\/websjop.afuk.frl\/nl\/\"},{\"@type\":\"ListItem\",\"position\":2,\"name\":\"Winkel\",\"item\":\"https:\/\/websjop.afuk.frl\/nl\/winkel\/\"},{\"@type\":\"ListItem\",\"position\":3,\"name\":\"De Alvest\u00eadetocht DVD\"}]},{\"@type\":\"WebSite\",\"@id\":\"https:\/\/websjop.afuk.frl\/nl\/#website\",\"url\":\"https:\/\/websjop.afuk.frl\/nl\/\",\"name\":\"Af\u00fbk Websjop\",\"description\":\"\",\"potentialAction\":[{\"@type\":\"SearchAction\",\"target\":{\"@type\":\"EntryPoint\",\"urlTemplate\":\"https:\/\/websjop.afuk.frl\/nl\/?s={search_term_string}\"},\"query-input\":{\"@type\":\"PropertyValueSpecification\",\"valueRequired\":true,\"valueName\":\"search_term_string\"}}],\"inLanguage\":\"nl-NL\"}]}<\/script>\n<!-- \/ Yoast SEO plugin. -->","yoast_head_json":{"title":"De Alvest\u00eadetocht DVD &#8211; Af\u00fbk Websjop","description":"Omrop Frysl\u00e2n zette de beelden, verhalen en helden van vroeger en wat minder lang geleden in 13 documentaires op deze Alvest\u00eadetocht dvd's.","robots":{"index":"index","follow":"follow","max-snippet":"max-snippet:-1","max-image-preview":"max-image-preview:large","max-video-preview":"max-video-preview:-1"},"canonical":"https:\/\/websjop.afuk.frl\/nl\/winkel\/de-alvestedetocht-dvd\/","og_locale":"nl_NL","og_type":"article","og_title":"De Alvest\u00eadetocht DVD &#8211; Af\u00fbk Websjop","og_description":"Omrop Frysl\u00e2n zette de beelden, verhalen en helden van vroeger en wat minder lang geleden in 13 documentaires op deze Alvest\u00eadetocht dvd's.","og_url":"https:\/\/websjop.afuk.frl\/nl\/winkel\/de-alvestedetocht-dvd\/","og_site_name":"Af\u00fbk Websjop","article_modified_time":"2025-08-20T12:45:23+00:00","og_image":[{"width":700,"height":623,"url":"https:\/\/websjop.afuk.frl\/wp-content\/uploads\/2015\/03\/001.jpg","type":"image\/jpeg"}],"twitter_card":"summary_large_image","twitter_misc":{"Geschatte leestijd":"2 minuten"},"schema":{"@context":"https:\/\/schema.org","@graph":[{"@type":"WebPage","@id":"https:\/\/websjop.afuk.frl\/nl\/winkel\/de-alvestedetocht-dvd\/","url":"https:\/\/websjop.afuk.frl\/nl\/winkel\/de-alvestedetocht-dvd\/","name":"De Alvest\u00eadetocht DVD &#8211; Af\u00fbk Websjop","isPartOf":{"@id":"https:\/\/websjop.afuk.frl\/nl\/#website"},"primaryImageOfPage":{"@id":"https:\/\/websjop.afuk.frl\/nl\/winkel\/de-alvestedetocht-dvd\/#primaryimage"},"image":{"@id":"https:\/\/websjop.afuk.frl\/nl\/winkel\/de-alvestedetocht-dvd\/#primaryimage"},"thumbnailUrl":"https:\/\/websjop.afuk.frl\/wp-content\/uploads\/2015\/03\/001.jpg","datePublished":"2015-03-30T11:23:28+00:00","dateModified":"2025-08-20T12:45:23+00:00","description":"Omrop Frysl\u00e2n zette de beelden, verhalen en helden van vroeger en wat minder lang geleden in 13 documentaires op deze Alvest\u00eadetocht dvd's.","breadcrumb":{"@id":"https:\/\/websjop.afuk.frl\/nl\/winkel\/de-alvestedetocht-dvd\/#breadcrumb"},"inLanguage":"nl-NL","potentialAction":[{"@type":"ReadAction","target":["https:\/\/websjop.afuk.frl\/nl\/winkel\/de-alvestedetocht-dvd\/"]}]},{"@type":"ImageObject","inLanguage":"nl-NL","@id":"https:\/\/websjop.afuk.frl\/nl\/winkel\/de-alvestedetocht-dvd\/#primaryimage","url":"https:\/\/websjop.afuk.frl\/wp-content\/uploads\/2015\/03\/001.jpg","contentUrl":"https:\/\/websjop.afuk.frl\/wp-content\/uploads\/2015\/03\/001.jpg","width":700,"height":623},{"@type":"BreadcrumbList","@id":"https:\/\/websjop.afuk.frl\/nl\/winkel\/de-alvestedetocht-dvd\/#breadcrumb","itemListElement":[{"@type":"ListItem","position":1,"name":"Home","item":"https:\/\/websjop.afuk.frl\/nl\/"},{"@type":"ListItem","position":2,"name":"Winkel","item":"https:\/\/websjop.afuk.frl\/nl\/winkel\/"},{"@type":"ListItem","position":3,"name":"De Alvest\u00eadetocht DVD"}]},{"@type":"WebSite","@id":"https:\/\/websjop.afuk.frl\/nl\/#website","url":"https:\/\/websjop.afuk.frl\/nl\/","name":"Af\u00fbk Websjop","description":"","potentialAction":[{"@type":"SearchAction","target":{"@type":"EntryPoint","urlTemplate":"https:\/\/websjop.afuk.frl\/nl\/?s={search_term_string}"},"query-input":{"@type":"PropertyValueSpecification","valueRequired":true,"valueName":"search_term_string"}}],"inLanguage":"nl-NL"}]}},"_links":{"self":[{"href":"https:\/\/websjop.afuk.frl\/nl\/wp-json\/wp\/v2\/product\/9332","targetHints":{"allow":["GET"]}}],"collection":[{"href":"https:\/\/websjop.afuk.frl\/nl\/wp-json\/wp\/v2\/product"}],"about":[{"href":"https:\/\/websjop.afuk.frl\/nl\/wp-json\/wp\/v2\/types\/product"}],"replies":[{"embeddable":true,"href":"https:\/\/websjop.afuk.frl\/nl\/wp-json\/wp\/v2\/comments?post=9332"}],"wp:featuredmedia":[{"embeddable":true,"href":"https:\/\/websjop.afuk.frl\/nl\/wp-json\/wp\/v2\/media\/12538"}],"wp:attachment":[{"href":"https:\/\/websjop.afuk.frl\/nl\/wp-json\/wp\/v2\/media?parent=9332"}],"wp:term":[{"taxonomy":"product_brand","embeddable":true,"href":"https:\/\/websjop.afuk.frl\/nl\/wp-json\/wp\/v2\/product_brand?post=9332"},{"taxonomy":"product_cat","embeddable":true,"href":"https:\/\/websjop.afuk.frl\/nl\/wp-json\/wp\/v2\/product_cat?post=9332"},{"taxonomy":"product_tag","embeddable":true,"href":"https:\/\/websjop.afuk.frl\/nl\/wp-json\/wp\/v2\/product_tag?post=9332"}],"curies":[{"name":"wp","href":"https:\/\/api.w.org\/{rel}","templated":true}]}}