{"id":9311,"date":"2015-03-23T12:41:03","date_gmt":"2015-03-23T11:41:03","guid":{"rendered":"https:\/\/websjop.bwhontwerpers.nl\/?post_type=product&#038;p=9311"},"modified":"2022-03-28T13:21:12","modified_gmt":"2022-03-28T12:21:12","slug":"ljip-en-aai-yn-hert-en-holle","status":"publish","type":"product","link":"https:\/\/websjop.afuk.frl\/nl\/winkel\/ljip-en-aai-yn-hert-en-holle\/","title":{"rendered":"Ljip en aai yn hert en holle"},"content":{"rendered":"<p>Aaisykje as folkssport, f\u00eastlein yn wurden en bylden. Sa bedrige as de ljip langer yn it &#8220;frije&#8221; fjild is, sa oanw\u00eazich is er (miskien krekt mei d\u00earom) yn it libben fan de Friezen.<\/p>\n<p>&nbsp;<\/p>\n<p>Yn it boek <em>Ljip en aai yn hert en holle<\/em> fan Pieter Breuker steane de ljip, syn aai en it aaisykjen sintraal. De skriuwer hat foar syn \u00fbnderwerp trije ynfalshoeken keazen: it gefoel (hert), de ferwurking d\u00earfan yn wurden en bylden (holle) en it aaisykjen sels. Mei-inoar binne goed 100 skilderijen, tekeningen, oare yllustraasjes en (fragminten fan) gedichten en ferhalen oer de ljip en it aaisykjen opnommen.<\/p>\n<p>&nbsp;<\/p>\n<p>Mar al hoe grut oft it plak fan de faak heechwurdige keunstuteringen ek is, it boek jout folle mear. It giet om ljip en aai yn it libben fan de \u2018gewoane\u2019 aaisiker. Dy is yn it fjild te finen, dy ferstiet en br\u00fbkt it aaisikersjargon, dy is de finer fan it earste aai. Der binne yn dat ferb\u00e2n haadstikken oer: de ljip yn de Fryske folkskunde; de ljip en syn nammen; de aaisikerstaal; it earste ljipaai: jild, eare en rom; it aaisykjen as sport; grappen en bedroch mei it earste aai.<\/p>\n<p>&nbsp;<\/p>\n<p>It boek heart by in tentoanstelling mei itselde tema yn it Fries Landbouwmuseum yn Earnew\u00e2ld, dy\u2019t op 19 april iepene wurdt.<\/p>\n<p><em>Ljip en aai yn hert en holle, Pieter Breuker,\u00a0Frysk, ynb\u00fbn, 160 siden<\/em><\/p>\n","protected":false},"excerpt":{"rendered":"<p>Ljip en aai en hert en holle<br \/>\nAaisykjen as folkssport, f\u00eastlein yn wurden en bylden<br \/>\nPieter Breuker<\/p>\n","protected":false},"featured_media":9312,"comment_status":"closed","ping_status":"closed","template":"","meta":{"_acf_changed":false},"product_brand":[],"product_cat":[535,18568,544,542,1216],"product_tag":[],"class_list":{"0":"post-9311","1":"product","2":"type-product","3":"status-publish","4":"has-post-thumbnail","6":"product_cat-fryske-boeken","7":"product_cat-fugels-yn-fryslan","8":"product_cat-keunst-en-kultuer","9":"product_cat-natoer","10":"product_cat-natoer-en-toerisme","11":"product_shipping_class-brievenbus-verzending","12":"pa_auteur-pieter-breuker-2","13":"pa_is-een-afuk-product-0-2","14":"pa_sale-label-0-3","16":"first","17":"instock","18":"taxable","19":"shipping-taxable","20":"purchasable","21":"product-type-simple"},"acf":[],"yoast_head":"<!-- This site is optimized with the Yoast SEO plugin v27.2 - https:\/\/yoast.com\/product\/yoast-seo-wordpress\/ -->\n<title>Ljip en aai yn hert en holle &#8211; Af\u00fbk Websjop<\/title>\n<meta name=\"robots\" content=\"index, follow, max-snippet:-1, max-image-preview:large, max-video-preview:-1\" \/>\n<link rel=\"canonical\" href=\"https:\/\/websjop.afuk.frl\/nl\/winkel\/ljip-en-aai-yn-hert-en-holle\/\" \/>\n<meta property=\"og:locale\" content=\"nl_NL\" \/>\n<meta property=\"og:type\" content=\"article\" \/>\n<meta property=\"og:title\" content=\"Ljip en aai yn hert en holle &#8211; Af\u00fbk Websjop\" \/>\n<meta property=\"og:description\" content=\"Ljip en aai en hert en holle Aaisykjen as folkssport, f\u00eastlein yn wurden en bylden Pieter Breuker\" \/>\n<meta property=\"og:url\" content=\"https:\/\/websjop.afuk.frl\/nl\/winkel\/ljip-en-aai-yn-hert-en-holle\/\" \/>\n<meta property=\"og:site_name\" content=\"Af\u00fbk Websjop\" \/>\n<meta property=\"article:modified_time\" content=\"2022-03-28T12:21:12+00:00\" \/>\n<meta property=\"og:image\" content=\"https:\/\/websjop.afuk.frl\/wp-content\/uploads\/2015\/03\/products-ljip-en-aai-yn-hert-en-holle.jpg\" \/>\n\t<meta property=\"og:image:width\" content=\"522\" \/>\n\t<meta property=\"og:image:height\" content=\"650\" \/>\n\t<meta property=\"og:image:type\" content=\"image\/jpeg\" \/>\n<meta name=\"twitter:card\" content=\"summary_large_image\" \/>\n<meta name=\"twitter:label1\" content=\"Geschatte leestijd\" \/>\n\t<meta name=\"twitter:data1\" content=\"1 minuut\" \/>\n<script type=\"application\/ld+json\" class=\"yoast-schema-graph\">{\"@context\":\"https:\/\/schema.org\",\"@graph\":[{\"@type\":\"WebPage\",\"@id\":\"https:\/\/websjop.afuk.frl\/nl\/winkel\/ljip-en-aai-yn-hert-en-holle\/\",\"url\":\"https:\/\/websjop.afuk.frl\/nl\/winkel\/ljip-en-aai-yn-hert-en-holle\/\",\"name\":\"Ljip en aai yn hert en holle &#8211; Af\u00fbk Websjop\",\"isPartOf\":{\"@id\":\"https:\/\/websjop.afuk.frl\/nl\/#website\"},\"primaryImageOfPage\":{\"@id\":\"https:\/\/websjop.afuk.frl\/nl\/winkel\/ljip-en-aai-yn-hert-en-holle\/#primaryimage\"},\"image\":{\"@id\":\"https:\/\/websjop.afuk.frl\/nl\/winkel\/ljip-en-aai-yn-hert-en-holle\/#primaryimage\"},\"thumbnailUrl\":\"https:\/\/websjop.afuk.frl\/wp-content\/uploads\/2015\/03\/products-ljip-en-aai-yn-hert-en-holle.jpg\",\"datePublished\":\"2015-03-23T11:41:03+00:00\",\"dateModified\":\"2022-03-28T12:21:12+00:00\",\"breadcrumb\":{\"@id\":\"https:\/\/websjop.afuk.frl\/nl\/winkel\/ljip-en-aai-yn-hert-en-holle\/#breadcrumb\"},\"inLanguage\":\"nl-NL\",\"potentialAction\":[{\"@type\":\"ReadAction\",\"target\":[\"https:\/\/websjop.afuk.frl\/nl\/winkel\/ljip-en-aai-yn-hert-en-holle\/\"]}]},{\"@type\":\"ImageObject\",\"inLanguage\":\"nl-NL\",\"@id\":\"https:\/\/websjop.afuk.frl\/nl\/winkel\/ljip-en-aai-yn-hert-en-holle\/#primaryimage\",\"url\":\"https:\/\/websjop.afuk.frl\/wp-content\/uploads\/2015\/03\/products-ljip-en-aai-yn-hert-en-holle.jpg\",\"contentUrl\":\"https:\/\/websjop.afuk.frl\/wp-content\/uploads\/2015\/03\/products-ljip-en-aai-yn-hert-en-holle.jpg\",\"width\":522,\"height\":650},{\"@type\":\"BreadcrumbList\",\"@id\":\"https:\/\/websjop.afuk.frl\/nl\/winkel\/ljip-en-aai-yn-hert-en-holle\/#breadcrumb\",\"itemListElement\":[{\"@type\":\"ListItem\",\"position\":1,\"name\":\"Home\",\"item\":\"https:\/\/websjop.afuk.frl\/nl\/\"},{\"@type\":\"ListItem\",\"position\":2,\"name\":\"Winkel\",\"item\":\"https:\/\/websjop.afuk.frl\/nl\/winkel\/\"},{\"@type\":\"ListItem\",\"position\":3,\"name\":\"Ljip en aai yn hert en holle\"}]},{\"@type\":\"WebSite\",\"@id\":\"https:\/\/websjop.afuk.frl\/nl\/#website\",\"url\":\"https:\/\/websjop.afuk.frl\/nl\/\",\"name\":\"Af\u00fbk Websjop\",\"description\":\"\",\"potentialAction\":[{\"@type\":\"SearchAction\",\"target\":{\"@type\":\"EntryPoint\",\"urlTemplate\":\"https:\/\/websjop.afuk.frl\/nl\/?s={search_term_string}\"},\"query-input\":{\"@type\":\"PropertyValueSpecification\",\"valueRequired\":true,\"valueName\":\"search_term_string\"}}],\"inLanguage\":\"nl-NL\"}]}<\/script>\n<!-- \/ Yoast SEO plugin. -->","yoast_head_json":{"title":"Ljip en aai yn hert en holle &#8211; Af\u00fbk Websjop","robots":{"index":"index","follow":"follow","max-snippet":"max-snippet:-1","max-image-preview":"max-image-preview:large","max-video-preview":"max-video-preview:-1"},"canonical":"https:\/\/websjop.afuk.frl\/nl\/winkel\/ljip-en-aai-yn-hert-en-holle\/","og_locale":"nl_NL","og_type":"article","og_title":"Ljip en aai yn hert en holle &#8211; Af\u00fbk Websjop","og_description":"Ljip en aai en hert en holle Aaisykjen as folkssport, f\u00eastlein yn wurden en bylden Pieter Breuker","og_url":"https:\/\/websjop.afuk.frl\/nl\/winkel\/ljip-en-aai-yn-hert-en-holle\/","og_site_name":"Af\u00fbk Websjop","article_modified_time":"2022-03-28T12:21:12+00:00","og_image":[{"width":522,"height":650,"url":"https:\/\/websjop.afuk.frl\/wp-content\/uploads\/2015\/03\/products-ljip-en-aai-yn-hert-en-holle.jpg","type":"image\/jpeg"}],"twitter_card":"summary_large_image","twitter_misc":{"Geschatte leestijd":"1 minuut"},"schema":{"@context":"https:\/\/schema.org","@graph":[{"@type":"WebPage","@id":"https:\/\/websjop.afuk.frl\/nl\/winkel\/ljip-en-aai-yn-hert-en-holle\/","url":"https:\/\/websjop.afuk.frl\/nl\/winkel\/ljip-en-aai-yn-hert-en-holle\/","name":"Ljip en aai yn hert en holle &#8211; Af\u00fbk Websjop","isPartOf":{"@id":"https:\/\/websjop.afuk.frl\/nl\/#website"},"primaryImageOfPage":{"@id":"https:\/\/websjop.afuk.frl\/nl\/winkel\/ljip-en-aai-yn-hert-en-holle\/#primaryimage"},"image":{"@id":"https:\/\/websjop.afuk.frl\/nl\/winkel\/ljip-en-aai-yn-hert-en-holle\/#primaryimage"},"thumbnailUrl":"https:\/\/websjop.afuk.frl\/wp-content\/uploads\/2015\/03\/products-ljip-en-aai-yn-hert-en-holle.jpg","datePublished":"2015-03-23T11:41:03+00:00","dateModified":"2022-03-28T12:21:12+00:00","breadcrumb":{"@id":"https:\/\/websjop.afuk.frl\/nl\/winkel\/ljip-en-aai-yn-hert-en-holle\/#breadcrumb"},"inLanguage":"nl-NL","potentialAction":[{"@type":"ReadAction","target":["https:\/\/websjop.afuk.frl\/nl\/winkel\/ljip-en-aai-yn-hert-en-holle\/"]}]},{"@type":"ImageObject","inLanguage":"nl-NL","@id":"https:\/\/websjop.afuk.frl\/nl\/winkel\/ljip-en-aai-yn-hert-en-holle\/#primaryimage","url":"https:\/\/websjop.afuk.frl\/wp-content\/uploads\/2015\/03\/products-ljip-en-aai-yn-hert-en-holle.jpg","contentUrl":"https:\/\/websjop.afuk.frl\/wp-content\/uploads\/2015\/03\/products-ljip-en-aai-yn-hert-en-holle.jpg","width":522,"height":650},{"@type":"BreadcrumbList","@id":"https:\/\/websjop.afuk.frl\/nl\/winkel\/ljip-en-aai-yn-hert-en-holle\/#breadcrumb","itemListElement":[{"@type":"ListItem","position":1,"name":"Home","item":"https:\/\/websjop.afuk.frl\/nl\/"},{"@type":"ListItem","position":2,"name":"Winkel","item":"https:\/\/websjop.afuk.frl\/nl\/winkel\/"},{"@type":"ListItem","position":3,"name":"Ljip en aai yn hert en holle"}]},{"@type":"WebSite","@id":"https:\/\/websjop.afuk.frl\/nl\/#website","url":"https:\/\/websjop.afuk.frl\/nl\/","name":"Af\u00fbk Websjop","description":"","potentialAction":[{"@type":"SearchAction","target":{"@type":"EntryPoint","urlTemplate":"https:\/\/websjop.afuk.frl\/nl\/?s={search_term_string}"},"query-input":{"@type":"PropertyValueSpecification","valueRequired":true,"valueName":"search_term_string"}}],"inLanguage":"nl-NL"}]}},"_links":{"self":[{"href":"https:\/\/websjop.afuk.frl\/nl\/wp-json\/wp\/v2\/product\/9311","targetHints":{"allow":["GET"]}}],"collection":[{"href":"https:\/\/websjop.afuk.frl\/nl\/wp-json\/wp\/v2\/product"}],"about":[{"href":"https:\/\/websjop.afuk.frl\/nl\/wp-json\/wp\/v2\/types\/product"}],"replies":[{"embeddable":true,"href":"https:\/\/websjop.afuk.frl\/nl\/wp-json\/wp\/v2\/comments?post=9311"}],"wp:featuredmedia":[{"embeddable":true,"href":"https:\/\/websjop.afuk.frl\/nl\/wp-json\/wp\/v2\/media\/9312"}],"wp:attachment":[{"href":"https:\/\/websjop.afuk.frl\/nl\/wp-json\/wp\/v2\/media?parent=9311"}],"wp:term":[{"taxonomy":"product_brand","embeddable":true,"href":"https:\/\/websjop.afuk.frl\/nl\/wp-json\/wp\/v2\/product_brand?post=9311"},{"taxonomy":"product_cat","embeddable":true,"href":"https:\/\/websjop.afuk.frl\/nl\/wp-json\/wp\/v2\/product_cat?post=9311"},{"taxonomy":"product_tag","embeddable":true,"href":"https:\/\/websjop.afuk.frl\/nl\/wp-json\/wp\/v2\/product_tag?post=9311"}],"curies":[{"name":"wp","href":"https:\/\/api.w.org\/{rel}","templated":true}]}}