{"id":9186,"date":"2014-12-12T06:34:09","date_gmt":"2014-12-12T05:34:09","guid":{"rendered":"https:\/\/websjop.bwhontwerpers.nl\/?post_type=product&#038;p=9186"},"modified":"2020-03-06T17:11:32","modified_gmt":"2020-03-06T16:11:32","slug":"femke-faalt-e-book","status":"publish","type":"product","link":"https:\/\/websjop.afuk.frl\/nl\/winkel\/femke-faalt-e-book\/","title":{"rendered":"Femke faalt &#8211; e-book"},"content":{"rendered":"<p>Femke faalt<br \/>\nAte Grypstra<\/p>\n<p>&nbsp;<\/p>\n<p>Femke Koning is hast sechstjin en yn &#8216;e regel net al te \u00fbngelokkich. Net dat se gjin problemen hat.\u00a0<em>On the contrary<\/em>, soe har hertsfreondinne Jellien wol sizze, problemen by de r\u00fbs. Mar hee: dy ha we allegear, is&#8217;t net?<\/p>\n<p>&nbsp;<\/p>\n<p>Femke fynt lykwols dat h\u00e1r problemen feroarsake wurde troch it feit dat se alle kearen wer tekoartsjit en iderien teloarstelt. Of, sa&#8217;t se it sels sizze soe: <em>Femke faalt. <\/em>In prachtich nij jeugdboek fan Ate Grypstra.<\/p>\n<p>e-book<\/p>\n<p>&nbsp;<\/p>\n<p>Reaksjes:<\/p>\n<p>&nbsp;<\/p>\n<p>&#8216;De Af\u00fbk sjocht it boek as ekspermint om de jongerein op in betelbere wize oan it l\u00eazen te krijen. Dat soe mei dit maklik l\u00easbere boekje wolris suksesfol w\u00eaze kinne.&#8217;<\/p>\n<p>&nbsp;<\/p>\n<p>L\u00eas <a href=\"https:\/\/www.facebook.com\/profile.php?id=100001485540269&amp;fref=ts\">hjir<\/a> de resinsje fan Jelle van der Meulen en\u00a0<a title=\"Femke op facebook\" href=\"https:\/\/www.facebook.com\/pages\/Femke-Koning\/1525351411052284\" target=\"_blank\" rel=\"noopener noreferrer\"><strong><em>folgje Femke ek op Facebook!<\/em><\/strong><\/a><\/p>\n","protected":false},"excerpt":{"rendered":"<p>Femke faalt is in jeugdboek fan Ate Grypstra oer freonskip, leafde en flink w\u00eaze at net alles meisit yn it libben.<\/p>\n","protected":false},"featured_media":9187,"comment_status":"closed","ping_status":"closed","template":"","meta":{"_acf_changed":false},"product_brand":[],"product_cat":[1213,548,535,552],"product_tag":[],"class_list":{"0":"post-9186","1":"product","2":"type-product","3":"status-publish","4":"has-post-thumbnail","6":"product_cat-berne-en-jeugdboeken","7":"product_cat-e-books","8":"product_cat-fryske-boeken","9":"product_cat-jeugdboeken","10":"pa_auteur-ate-grypstra-2","11":"pa_is-een-afuk-product-1-2","12":"pa_sale-label-0-3","14":"first","15":"instock","16":"downloadable","17":"virtual","18":"taxable","19":"purchasable","20":"product-type-simple"},"acf":[],"yoast_head":"<!-- This site is optimized with the Yoast SEO plugin v27.2 - https:\/\/yoast.com\/product\/yoast-seo-wordpress\/ -->\n<title>Femke faalt - e-book &#8211; Af\u00fbk Websjop<\/title>\n<meta name=\"robots\" content=\"index, follow, max-snippet:-1, max-image-preview:large, max-video-preview:-1\" \/>\n<link rel=\"canonical\" href=\"https:\/\/websjop.afuk.frl\/nl\/winkel\/femke-faalt-e-book\/\" \/>\n<meta property=\"og:locale\" content=\"nl_NL\" \/>\n<meta property=\"og:type\" content=\"article\" \/>\n<meta property=\"og:title\" content=\"Femke faalt - e-book &#8211; Af\u00fbk Websjop\" \/>\n<meta property=\"og:description\" content=\"Femke faalt is in jeugdboek fan Ate Grypstra oer freonskip, leafde en flink w\u00eaze at net alles meisit yn it libben.\" \/>\n<meta property=\"og:url\" content=\"https:\/\/websjop.afuk.frl\/nl\/winkel\/femke-faalt-e-book\/\" \/>\n<meta property=\"og:site_name\" content=\"Af\u00fbk Websjop\" \/>\n<meta property=\"article:modified_time\" content=\"2020-03-06T16:11:32+00:00\" \/>\n<meta property=\"og:image\" content=\"https:\/\/websjop.afuk.frl\/wp-content\/uploads\/2016\/05\/products-femke-faalt-web.gif\" \/>\n\t<meta property=\"og:image:width\" content=\"700\" \/>\n\t<meta property=\"og:image:height\" content=\"1087\" \/>\n\t<meta property=\"og:image:type\" content=\"image\/jpeg\" \/>\n<meta name=\"twitter:card\" content=\"summary_large_image\" \/>\n<meta name=\"twitter:label1\" content=\"Geschatte leestijd\" \/>\n\t<meta name=\"twitter:data1\" content=\"1 minuut\" \/>\n<script type=\"application\/ld+json\" class=\"yoast-schema-graph\">{\"@context\":\"https:\/\/schema.org\",\"@graph\":[{\"@type\":\"WebPage\",\"@id\":\"https:\/\/websjop.afuk.frl\/nl\/winkel\/femke-faalt-e-book\/\",\"url\":\"https:\/\/websjop.afuk.frl\/nl\/winkel\/femke-faalt-e-book\/\",\"name\":\"Femke faalt - e-book &#8211; Af\u00fbk Websjop\",\"isPartOf\":{\"@id\":\"https:\/\/websjop.afuk.frl\/nl\/#website\"},\"primaryImageOfPage\":{\"@id\":\"https:\/\/websjop.afuk.frl\/nl\/winkel\/femke-faalt-e-book\/#primaryimage\"},\"image\":{\"@id\":\"https:\/\/websjop.afuk.frl\/nl\/winkel\/femke-faalt-e-book\/#primaryimage\"},\"thumbnailUrl\":\"https:\/\/websjop.afuk.frl\/wp-content\/uploads\/2016\/05\/products-femke-faalt-web.gif\",\"datePublished\":\"2014-12-12T05:34:09+00:00\",\"dateModified\":\"2020-03-06T16:11:32+00:00\",\"breadcrumb\":{\"@id\":\"https:\/\/websjop.afuk.frl\/nl\/winkel\/femke-faalt-e-book\/#breadcrumb\"},\"inLanguage\":\"nl-NL\",\"potentialAction\":[{\"@type\":\"ReadAction\",\"target\":[\"https:\/\/websjop.afuk.frl\/nl\/winkel\/femke-faalt-e-book\/\"]}]},{\"@type\":\"ImageObject\",\"inLanguage\":\"nl-NL\",\"@id\":\"https:\/\/websjop.afuk.frl\/nl\/winkel\/femke-faalt-e-book\/#primaryimage\",\"url\":\"https:\/\/websjop.afuk.frl\/wp-content\/uploads\/2016\/05\/products-femke-faalt-web.gif\",\"contentUrl\":\"https:\/\/websjop.afuk.frl\/wp-content\/uploads\/2016\/05\/products-femke-faalt-web.gif\",\"width\":700,\"height\":1087},{\"@type\":\"BreadcrumbList\",\"@id\":\"https:\/\/websjop.afuk.frl\/nl\/winkel\/femke-faalt-e-book\/#breadcrumb\",\"itemListElement\":[{\"@type\":\"ListItem\",\"position\":1,\"name\":\"Home\",\"item\":\"https:\/\/websjop.afuk.frl\/nl\/\"},{\"@type\":\"ListItem\",\"position\":2,\"name\":\"Winkel\",\"item\":\"https:\/\/websjop.afuk.frl\/nl\/winkel\/\"},{\"@type\":\"ListItem\",\"position\":3,\"name\":\"Femke faalt &#8211; e-book\"}]},{\"@type\":\"WebSite\",\"@id\":\"https:\/\/websjop.afuk.frl\/nl\/#website\",\"url\":\"https:\/\/websjop.afuk.frl\/nl\/\",\"name\":\"Af\u00fbk Websjop\",\"description\":\"\",\"potentialAction\":[{\"@type\":\"SearchAction\",\"target\":{\"@type\":\"EntryPoint\",\"urlTemplate\":\"https:\/\/websjop.afuk.frl\/nl\/?s={search_term_string}\"},\"query-input\":{\"@type\":\"PropertyValueSpecification\",\"valueRequired\":true,\"valueName\":\"search_term_string\"}}],\"inLanguage\":\"nl-NL\"}]}<\/script>\n<!-- \/ Yoast SEO plugin. -->","yoast_head_json":{"title":"Femke faalt - e-book &#8211; Af\u00fbk Websjop","robots":{"index":"index","follow":"follow","max-snippet":"max-snippet:-1","max-image-preview":"max-image-preview:large","max-video-preview":"max-video-preview:-1"},"canonical":"https:\/\/websjop.afuk.frl\/nl\/winkel\/femke-faalt-e-book\/","og_locale":"nl_NL","og_type":"article","og_title":"Femke faalt - e-book &#8211; Af\u00fbk Websjop","og_description":"Femke faalt is in jeugdboek fan Ate Grypstra oer freonskip, leafde en flink w\u00eaze at net alles meisit yn it libben.","og_url":"https:\/\/websjop.afuk.frl\/nl\/winkel\/femke-faalt-e-book\/","og_site_name":"Af\u00fbk Websjop","article_modified_time":"2020-03-06T16:11:32+00:00","og_image":[{"width":700,"height":1087,"url":"https:\/\/websjop.afuk.frl\/wp-content\/uploads\/2016\/05\/products-femke-faalt-web.gif","type":"image\/jpeg"}],"twitter_card":"summary_large_image","twitter_misc":{"Geschatte leestijd":"1 minuut"},"schema":{"@context":"https:\/\/schema.org","@graph":[{"@type":"WebPage","@id":"https:\/\/websjop.afuk.frl\/nl\/winkel\/femke-faalt-e-book\/","url":"https:\/\/websjop.afuk.frl\/nl\/winkel\/femke-faalt-e-book\/","name":"Femke faalt - e-book &#8211; Af\u00fbk Websjop","isPartOf":{"@id":"https:\/\/websjop.afuk.frl\/nl\/#website"},"primaryImageOfPage":{"@id":"https:\/\/websjop.afuk.frl\/nl\/winkel\/femke-faalt-e-book\/#primaryimage"},"image":{"@id":"https:\/\/websjop.afuk.frl\/nl\/winkel\/femke-faalt-e-book\/#primaryimage"},"thumbnailUrl":"https:\/\/websjop.afuk.frl\/wp-content\/uploads\/2016\/05\/products-femke-faalt-web.gif","datePublished":"2014-12-12T05:34:09+00:00","dateModified":"2020-03-06T16:11:32+00:00","breadcrumb":{"@id":"https:\/\/websjop.afuk.frl\/nl\/winkel\/femke-faalt-e-book\/#breadcrumb"},"inLanguage":"nl-NL","potentialAction":[{"@type":"ReadAction","target":["https:\/\/websjop.afuk.frl\/nl\/winkel\/femke-faalt-e-book\/"]}]},{"@type":"ImageObject","inLanguage":"nl-NL","@id":"https:\/\/websjop.afuk.frl\/nl\/winkel\/femke-faalt-e-book\/#primaryimage","url":"https:\/\/websjop.afuk.frl\/wp-content\/uploads\/2016\/05\/products-femke-faalt-web.gif","contentUrl":"https:\/\/websjop.afuk.frl\/wp-content\/uploads\/2016\/05\/products-femke-faalt-web.gif","width":700,"height":1087},{"@type":"BreadcrumbList","@id":"https:\/\/websjop.afuk.frl\/nl\/winkel\/femke-faalt-e-book\/#breadcrumb","itemListElement":[{"@type":"ListItem","position":1,"name":"Home","item":"https:\/\/websjop.afuk.frl\/nl\/"},{"@type":"ListItem","position":2,"name":"Winkel","item":"https:\/\/websjop.afuk.frl\/nl\/winkel\/"},{"@type":"ListItem","position":3,"name":"Femke faalt &#8211; e-book"}]},{"@type":"WebSite","@id":"https:\/\/websjop.afuk.frl\/nl\/#website","url":"https:\/\/websjop.afuk.frl\/nl\/","name":"Af\u00fbk Websjop","description":"","potentialAction":[{"@type":"SearchAction","target":{"@type":"EntryPoint","urlTemplate":"https:\/\/websjop.afuk.frl\/nl\/?s={search_term_string}"},"query-input":{"@type":"PropertyValueSpecification","valueRequired":true,"valueName":"search_term_string"}}],"inLanguage":"nl-NL"}]}},"_links":{"self":[{"href":"https:\/\/websjop.afuk.frl\/nl\/wp-json\/wp\/v2\/product\/9186","targetHints":{"allow":["GET"]}}],"collection":[{"href":"https:\/\/websjop.afuk.frl\/nl\/wp-json\/wp\/v2\/product"}],"about":[{"href":"https:\/\/websjop.afuk.frl\/nl\/wp-json\/wp\/v2\/types\/product"}],"replies":[{"embeddable":true,"href":"https:\/\/websjop.afuk.frl\/nl\/wp-json\/wp\/v2\/comments?post=9186"}],"wp:featuredmedia":[{"embeddable":true,"href":"https:\/\/websjop.afuk.frl\/nl\/wp-json\/wp\/v2\/media\/9187"}],"wp:attachment":[{"href":"https:\/\/websjop.afuk.frl\/nl\/wp-json\/wp\/v2\/media?parent=9186"}],"wp:term":[{"taxonomy":"product_brand","embeddable":true,"href":"https:\/\/websjop.afuk.frl\/nl\/wp-json\/wp\/v2\/product_brand?post=9186"},{"taxonomy":"product_cat","embeddable":true,"href":"https:\/\/websjop.afuk.frl\/nl\/wp-json\/wp\/v2\/product_cat?post=9186"},{"taxonomy":"product_tag","embeddable":true,"href":"https:\/\/websjop.afuk.frl\/nl\/wp-json\/wp\/v2\/product_tag?post=9186"}],"curies":[{"name":"wp","href":"https:\/\/api.w.org\/{rel}","templated":true}]}}