{"id":9116,"date":"2014-11-19T09:46:27","date_gmt":"2014-11-19T08:46:27","guid":{"rendered":"https:\/\/websjop.bwhontwerpers.nl\/?post_type=product&#038;p=9116"},"modified":"2022-01-31T14:12:44","modified_gmt":"2022-01-31T13:12:44","slug":"afke-s-tiental","status":"publish","type":"product","link":"https:\/\/websjop.afuk.frl\/nl\/winkel\/afke-s-tiental\/","title":{"rendered":"Afke&#8217;s Tiental &#8211; Strip"},"content":{"rendered":"<p>Naar het boek van Nienke van Hichtum<\/p>\n<p>Hoe het leven er ruim honderd jaar geleden in Frysl\u00e2n uitzag, kunnen we ons dankzij Nienke van Hichtum goed voorstellen. Ze schreef met <em>Afke&#8217;s Tiental<\/em> een prachtig boek over het zware bestaan van een arm arbeidersgezin uit Wergea. Dit boek is een reallife soap, want de familie met de tien kinderen bestond echt, al hadden ze in werkelijkheid andere namen.<\/p>\n<p>Schrijfster Nienke had grote bewondering voor Afke. Hoewel ze het zwaar had met de zorg voor de tien kinderen, dwong Afke veel respect af. Ze was de ideale moeder die voor iedereen klaar stond, lief was en met het beetje geld dat er was, wonderen kon verrichten. Het verhaal over Afke en haar gezin was al gauw \u00e9\u00e9n van de allermooiste kinderboeken. Tegelijk konden ze in de rest van het land lezen hoe het leven in Frysl\u00e2n was. Daarmee ontstond er bij de rijkere bevolking uit de steden meer begrip voor het leven in arme arbeidersgezinnen op het platteland.<\/p>\n<p>Nog steeds is <em>Afke&#8217;s Tienta<\/em>l een herkenbaar verhaal dat ook vandaag de dag nog tot de laatste pagina boeit. Het laat zien dat de tijd niet heeft stilgestaan in Frysl\u00e2n, maar dat sommige situaties van alle tijden zijn. Ook nog eens prachtig verbeeld met dank aan het fraaie tekenwerk van Dick Matena. Het blijft een prachtig kinderboek, waar ook volwassenen plezier aan beleven. Dat was precies wat Nienke van Hichtum graag wilde: schrijven voor kinderen van 8 tot 88 jaar.<\/p>\n","protected":false},"excerpt":{"rendered":"<p>Afke&#8217;s Tiental, een strip door Dick Matena<\/p>\n","protected":false},"featured_media":12465,"comment_status":"closed","ping_status":"closed","template":"","meta":{"_acf_changed":false},"product_brand":[],"product_cat":[1213,551,535,539,556],"product_tag":[20029,20031,20030,5318,20033,20032],"class_list":{"0":"post-9116","1":"product","2":"type-product","3":"status-publish","4":"has-post-thumbnail","6":"product_cat-berne-en-jeugdboeken","7":"product_cat-berneboeken-8-12","8":"product_cat-fryske-boeken","9":"product_cat-skiednis","10":"product_cat-stripboeken","11":"product_tag-afkes-tiental","12":"product_tag-dick-matena","13":"product_tag-nienke-van-hichtum","14":"product_tag-strip","15":"product_tag-warga","16":"product_tag-wergea","17":"product_shipping_class-brievenbus-verzending","18":"pa_auteur-nienke-van-hichtum","19":"pa_isbn-20026","20":"pa_taal-nederlands","21":"pa_uitgever-uitgeverij-personalia","23":"first","24":"instock","25":"taxable","26":"shipping-taxable","27":"purchasable","28":"product-type-simple"},"acf":[],"yoast_head":"<!-- This site is optimized with the Yoast SEO plugin v27.3 - https:\/\/yoast.com\/product\/yoast-seo-wordpress\/ -->\n<title>Afke&#039;s Tiental - Strip &#8211; Af\u00fbk Websjop<\/title>\n<meta name=\"description\" content=\"Nienke van Hichtum schreef met Afke&#039;s Tiental een prachtig boek over het zware bestaan van een arm arbeidersgezin uit Wergea. Dick Matena verstripte het.\" \/>\n<meta name=\"robots\" content=\"index, follow, max-snippet:-1, max-image-preview:large, max-video-preview:-1\" \/>\n<link rel=\"canonical\" href=\"https:\/\/websjop.afuk.frl\/nl\/winkel\/afke-s-tiental\/\" \/>\n<meta property=\"og:locale\" content=\"nl_NL\" \/>\n<meta property=\"og:type\" content=\"article\" \/>\n<meta property=\"og:title\" content=\"Afke&#039;s Tiental - Strip &#8211; Af\u00fbk Websjop\" \/>\n<meta property=\"og:description\" content=\"Nienke van Hichtum schreef met Afke&#039;s Tiental een prachtig boek over het zware bestaan van een arm arbeidersgezin uit Wergea. Dick Matena verstripte het.\" \/>\n<meta property=\"og:url\" content=\"https:\/\/websjop.afuk.frl\/nl\/winkel\/afke-s-tiental\/\" \/>\n<meta property=\"og:site_name\" content=\"Af\u00fbk Websjop\" \/>\n<meta property=\"article:modified_time\" content=\"2022-01-31T13:12:44+00:00\" \/>\n<meta property=\"og:image\" content=\"https:\/\/websjop.afuk.frl\/wp-content\/uploads\/2014\/11\/Afkes-tiental.jpg\" \/>\n\t<meta property=\"og:image:width\" content=\"787\" \/>\n\t<meta property=\"og:image:height\" content=\"1024\" \/>\n\t<meta property=\"og:image:type\" content=\"image\/jpeg\" \/>\n<meta name=\"twitter:card\" content=\"summary_large_image\" \/>\n<meta name=\"twitter:label1\" content=\"Geschatte leestijd\" \/>\n\t<meta name=\"twitter:data1\" content=\"1 minuut\" \/>\n<script type=\"application\/ld+json\" class=\"yoast-schema-graph\">{\"@context\":\"https:\\\/\\\/schema.org\",\"@graph\":[{\"@type\":\"WebPage\",\"@id\":\"https:\\\/\\\/websjop.afuk.frl\\\/nl\\\/winkel\\\/afke-s-tiental\\\/\",\"url\":\"https:\\\/\\\/websjop.afuk.frl\\\/nl\\\/winkel\\\/afke-s-tiental\\\/\",\"name\":\"Afke's Tiental - Strip &#8211; Af\u00fbk Websjop\",\"isPartOf\":{\"@id\":\"https:\\\/\\\/websjop.afuk.frl\\\/nl\\\/#website\"},\"primaryImageOfPage\":{\"@id\":\"https:\\\/\\\/websjop.afuk.frl\\\/nl\\\/winkel\\\/afke-s-tiental\\\/#primaryimage\"},\"image\":{\"@id\":\"https:\\\/\\\/websjop.afuk.frl\\\/nl\\\/winkel\\\/afke-s-tiental\\\/#primaryimage\"},\"thumbnailUrl\":\"https:\\\/\\\/websjop.afuk.frl\\\/wp-content\\\/uploads\\\/2014\\\/11\\\/Afkes-tiental.jpg\",\"datePublished\":\"2014-11-19T08:46:27+00:00\",\"dateModified\":\"2022-01-31T13:12:44+00:00\",\"description\":\"Nienke van Hichtum schreef met Afke's Tiental een prachtig boek over het zware bestaan van een arm arbeidersgezin uit Wergea. Dick Matena verstripte het.\",\"breadcrumb\":{\"@id\":\"https:\\\/\\\/websjop.afuk.frl\\\/nl\\\/winkel\\\/afke-s-tiental\\\/#breadcrumb\"},\"inLanguage\":\"nl-NL\",\"potentialAction\":[{\"@type\":\"ReadAction\",\"target\":[\"https:\\\/\\\/websjop.afuk.frl\\\/nl\\\/winkel\\\/afke-s-tiental\\\/\"]}]},{\"@type\":\"ImageObject\",\"inLanguage\":\"nl-NL\",\"@id\":\"https:\\\/\\\/websjop.afuk.frl\\\/nl\\\/winkel\\\/afke-s-tiental\\\/#primaryimage\",\"url\":\"https:\\\/\\\/websjop.afuk.frl\\\/wp-content\\\/uploads\\\/2014\\\/11\\\/Afkes-tiental.jpg\",\"contentUrl\":\"https:\\\/\\\/websjop.afuk.frl\\\/wp-content\\\/uploads\\\/2014\\\/11\\\/Afkes-tiental.jpg\",\"width\":787,\"height\":1024},{\"@type\":\"BreadcrumbList\",\"@id\":\"https:\\\/\\\/websjop.afuk.frl\\\/nl\\\/winkel\\\/afke-s-tiental\\\/#breadcrumb\",\"itemListElement\":[{\"@type\":\"ListItem\",\"position\":1,\"name\":\"Home\",\"item\":\"https:\\\/\\\/websjop.afuk.frl\\\/nl\\\/\"},{\"@type\":\"ListItem\",\"position\":2,\"name\":\"Winkel\",\"item\":\"https:\\\/\\\/websjop.afuk.frl\\\/nl\\\/winkel\\\/\"},{\"@type\":\"ListItem\",\"position\":3,\"name\":\"Afke&#8217;s Tiental &#8211; Strip\"}]},{\"@type\":\"WebSite\",\"@id\":\"https:\\\/\\\/websjop.afuk.frl\\\/nl\\\/#website\",\"url\":\"https:\\\/\\\/websjop.afuk.frl\\\/nl\\\/\",\"name\":\"Af\u00fbk Websjop\",\"description\":\"\",\"potentialAction\":[{\"@type\":\"SearchAction\",\"target\":{\"@type\":\"EntryPoint\",\"urlTemplate\":\"https:\\\/\\\/websjop.afuk.frl\\\/nl\\\/?s={search_term_string}\"},\"query-input\":{\"@type\":\"PropertyValueSpecification\",\"valueRequired\":true,\"valueName\":\"search_term_string\"}}],\"inLanguage\":\"nl-NL\"}]}<\/script>\n<!-- \/ Yoast SEO plugin. -->","yoast_head_json":{"title":"Afke's Tiental - Strip &#8211; Af\u00fbk Websjop","description":"Nienke van Hichtum schreef met Afke's Tiental een prachtig boek over het zware bestaan van een arm arbeidersgezin uit Wergea. Dick Matena verstripte het.","robots":{"index":"index","follow":"follow","max-snippet":"max-snippet:-1","max-image-preview":"max-image-preview:large","max-video-preview":"max-video-preview:-1"},"canonical":"https:\/\/websjop.afuk.frl\/nl\/winkel\/afke-s-tiental\/","og_locale":"nl_NL","og_type":"article","og_title":"Afke's Tiental - Strip &#8211; Af\u00fbk Websjop","og_description":"Nienke van Hichtum schreef met Afke's Tiental een prachtig boek over het zware bestaan van een arm arbeidersgezin uit Wergea. Dick Matena verstripte het.","og_url":"https:\/\/websjop.afuk.frl\/nl\/winkel\/afke-s-tiental\/","og_site_name":"Af\u00fbk Websjop","article_modified_time":"2022-01-31T13:12:44+00:00","og_image":[{"width":787,"height":1024,"url":"https:\/\/websjop.afuk.frl\/wp-content\/uploads\/2014\/11\/Afkes-tiental.jpg","type":"image\/jpeg"}],"twitter_card":"summary_large_image","twitter_misc":{"Geschatte leestijd":"1 minuut"},"schema":{"@context":"https:\/\/schema.org","@graph":[{"@type":"WebPage","@id":"https:\/\/websjop.afuk.frl\/nl\/winkel\/afke-s-tiental\/","url":"https:\/\/websjop.afuk.frl\/nl\/winkel\/afke-s-tiental\/","name":"Afke's Tiental - Strip &#8211; Af\u00fbk Websjop","isPartOf":{"@id":"https:\/\/websjop.afuk.frl\/nl\/#website"},"primaryImageOfPage":{"@id":"https:\/\/websjop.afuk.frl\/nl\/winkel\/afke-s-tiental\/#primaryimage"},"image":{"@id":"https:\/\/websjop.afuk.frl\/nl\/winkel\/afke-s-tiental\/#primaryimage"},"thumbnailUrl":"https:\/\/websjop.afuk.frl\/wp-content\/uploads\/2014\/11\/Afkes-tiental.jpg","datePublished":"2014-11-19T08:46:27+00:00","dateModified":"2022-01-31T13:12:44+00:00","description":"Nienke van Hichtum schreef met Afke's Tiental een prachtig boek over het zware bestaan van een arm arbeidersgezin uit Wergea. Dick Matena verstripte het.","breadcrumb":{"@id":"https:\/\/websjop.afuk.frl\/nl\/winkel\/afke-s-tiental\/#breadcrumb"},"inLanguage":"nl-NL","potentialAction":[{"@type":"ReadAction","target":["https:\/\/websjop.afuk.frl\/nl\/winkel\/afke-s-tiental\/"]}]},{"@type":"ImageObject","inLanguage":"nl-NL","@id":"https:\/\/websjop.afuk.frl\/nl\/winkel\/afke-s-tiental\/#primaryimage","url":"https:\/\/websjop.afuk.frl\/wp-content\/uploads\/2014\/11\/Afkes-tiental.jpg","contentUrl":"https:\/\/websjop.afuk.frl\/wp-content\/uploads\/2014\/11\/Afkes-tiental.jpg","width":787,"height":1024},{"@type":"BreadcrumbList","@id":"https:\/\/websjop.afuk.frl\/nl\/winkel\/afke-s-tiental\/#breadcrumb","itemListElement":[{"@type":"ListItem","position":1,"name":"Home","item":"https:\/\/websjop.afuk.frl\/nl\/"},{"@type":"ListItem","position":2,"name":"Winkel","item":"https:\/\/websjop.afuk.frl\/nl\/winkel\/"},{"@type":"ListItem","position":3,"name":"Afke&#8217;s Tiental &#8211; Strip"}]},{"@type":"WebSite","@id":"https:\/\/websjop.afuk.frl\/nl\/#website","url":"https:\/\/websjop.afuk.frl\/nl\/","name":"Af\u00fbk Websjop","description":"","potentialAction":[{"@type":"SearchAction","target":{"@type":"EntryPoint","urlTemplate":"https:\/\/websjop.afuk.frl\/nl\/?s={search_term_string}"},"query-input":{"@type":"PropertyValueSpecification","valueRequired":true,"valueName":"search_term_string"}}],"inLanguage":"nl-NL"}]}},"_links":{"self":[{"href":"https:\/\/websjop.afuk.frl\/nl\/wp-json\/wp\/v2\/product\/9116","targetHints":{"allow":["GET"]}}],"collection":[{"href":"https:\/\/websjop.afuk.frl\/nl\/wp-json\/wp\/v2\/product"}],"about":[{"href":"https:\/\/websjop.afuk.frl\/nl\/wp-json\/wp\/v2\/types\/product"}],"replies":[{"embeddable":true,"href":"https:\/\/websjop.afuk.frl\/nl\/wp-json\/wp\/v2\/comments?post=9116"}],"wp:featuredmedia":[{"embeddable":true,"href":"https:\/\/websjop.afuk.frl\/nl\/wp-json\/wp\/v2\/media\/12465"}],"wp:attachment":[{"href":"https:\/\/websjop.afuk.frl\/nl\/wp-json\/wp\/v2\/media?parent=9116"}],"wp:term":[{"taxonomy":"product_brand","embeddable":true,"href":"https:\/\/websjop.afuk.frl\/nl\/wp-json\/wp\/v2\/product_brand?post=9116"},{"taxonomy":"product_cat","embeddable":true,"href":"https:\/\/websjop.afuk.frl\/nl\/wp-json\/wp\/v2\/product_cat?post=9116"},{"taxonomy":"product_tag","embeddable":true,"href":"https:\/\/websjop.afuk.frl\/nl\/wp-json\/wp\/v2\/product_tag?post=9116"}],"curies":[{"name":"wp","href":"https:\/\/api.w.org\/{rel}","templated":true}]}}