{"id":8874,"date":"2014-09-10T08:36:58","date_gmt":"2014-09-10T07:36:58","guid":{"rendered":"https:\/\/websjop.bwhontwerpers.nl\/?post_type=product&#038;p=8874"},"modified":"2022-03-03T11:05:38","modified_gmt":"2022-03-03T10:05:38","slug":"yn-it-skaad-fan-de-wolf","status":"publish","type":"product","link":"https:\/\/websjop.afuk.frl\/nl\/winkel\/yn-it-skaad-fan-de-wolf\/","title":{"rendered":"Yn it skaad fan de wolf"},"content":{"rendered":"<p>Ingrey sjocht himsels as in sljochtwei kriichsman, sij it ien mei in boppenatuerlik erfskip, en as in trou tsjinner fan \u2019e segelmaster, hear Hetwar, dy\u2019t it Wold regearret no\u2019t de hjelkening op stjerren leit. Mar as der op in jachtslot yn in \u00fathoeke fan it l\u00e2n in prins fermoarde wurdt, en Hetwar oan him de opdracht tafertrout om it lyk en de moardneresse nei de haadst\u00ead te bringen, \u00fbntdekt Ingrey dat der frjemde en \u00f4fgryslike dingen geande binne, d\u00ear\u2019t hysels oan kop en earen ta yn behelle rekket.<\/p>\n<p>In moard dy\u2019t selsferdigening blykt te w\u00eazen, in moardneresse dy\u2019t op mear as ien m\u00ead Ingrey syn oandacht opeasket, in moardsuchtige betsjoening dy\u2019t him oplein w\u00eaze moat troch immen \u00fat syn kunde &#8230; De wei werom nei de haadst\u00ead is fol gefaren.<\/p>\n<p>En sels as er d\u00ear wer oankomt, is er noch net feilich, want in d\u00fbnkere, skriklike fij\u00e2n kriget him yn \u2019e macht. Mar it docht bliken dat dat net de iennichste is dy\u2019t Ingrey besiket te manipulearjen. En dan wurdt njonkelytsen oan Ingrey iepenbiere hokker lotsbestimming oft oan him taparte is troch de goaden, de ferflokten en de deaden.<\/p>\n","protected":false},"excerpt":{"rendered":"<p>fantasy<\/p>\n","protected":false},"featured_media":8875,"comment_status":"closed","ping_status":"closed","template":"","meta":{"_acf_changed":false},"product_brand":[],"product_cat":[535,537,1215],"product_tag":[7198,7195,7197,7196],"class_list":{"0":"post-8874","1":"product","2":"type-product","3":"status-publish","4":"has-post-thumbnail","6":"product_cat-fryske-boeken","7":"product_cat-romans","8":"product_cat-romans-en-literatuer","9":"product_tag-fantasy","10":"product_tag-kriichsman","11":"product_tag-lois-mc-master-bujold","12":"product_tag-yn-it-skaad-fan-de-wolf","13":"product_shipping_class-brievenbus-verzending","14":"pa_auteur-lois-mcmaster-bujold-2","15":"pa_isbn-2340","16":"pa_taal-frysk","17":"pa_uitgever-elikser","19":"first","20":"instock","21":"taxable","22":"shipping-taxable","23":"purchasable","24":"product-type-simple"},"acf":[],"yoast_head":"<!-- This site is optimized with the Yoast SEO plugin v27.2 - https:\/\/yoast.com\/product\/yoast-seo-wordpress\/ -->\n<title>Yn it skaad fan de wolf<\/title>\n<meta name=\"description\" content=\"Yn it skaad fan de wolf\" \/>\n<meta name=\"robots\" content=\"index, follow, max-snippet:-1, max-image-preview:large, max-video-preview:-1\" \/>\n<link rel=\"canonical\" href=\"https:\/\/websjop.afuk.frl\/nl\/winkel\/yn-it-skaad-fan-de-wolf\/\" \/>\n<meta property=\"og:locale\" content=\"nl_NL\" \/>\n<meta property=\"og:type\" content=\"article\" \/>\n<meta property=\"og:title\" content=\"Yn it skaad fan de wolf\" \/>\n<meta property=\"og:description\" content=\"Yn it skaad fan de wolf\" \/>\n<meta property=\"og:url\" content=\"https:\/\/websjop.afuk.frl\/nl\/winkel\/yn-it-skaad-fan-de-wolf\/\" \/>\n<meta property=\"og:site_name\" content=\"Af\u00fbk Websjop\" \/>\n<meta property=\"article:modified_time\" content=\"2022-03-03T10:05:38+00:00\" \/>\n<meta property=\"og:image\" content=\"https:\/\/websjop.afuk.frl\/wp-content\/uploads\/2014\/09\/products-product_4879_0.jpg\" \/>\n\t<meta property=\"og:image:width\" content=\"544\" \/>\n\t<meta property=\"og:image:height\" content=\"788\" \/>\n\t<meta property=\"og:image:type\" content=\"image\/jpeg\" \/>\n<meta name=\"twitter:card\" content=\"summary_large_image\" \/>\n<meta name=\"twitter:label1\" content=\"Geschatte leestijd\" \/>\n\t<meta name=\"twitter:data1\" content=\"1 minuut\" \/>\n<script type=\"application\/ld+json\" class=\"yoast-schema-graph\">{\"@context\":\"https:\/\/schema.org\",\"@graph\":[{\"@type\":\"WebPage\",\"@id\":\"https:\/\/websjop.afuk.frl\/nl\/winkel\/yn-it-skaad-fan-de-wolf\/\",\"url\":\"https:\/\/websjop.afuk.frl\/nl\/winkel\/yn-it-skaad-fan-de-wolf\/\",\"name\":\"Yn it skaad fan de wolf\",\"isPartOf\":{\"@id\":\"https:\/\/websjop.afuk.frl\/nl\/#website\"},\"primaryImageOfPage\":{\"@id\":\"https:\/\/websjop.afuk.frl\/nl\/winkel\/yn-it-skaad-fan-de-wolf\/#primaryimage\"},\"image\":{\"@id\":\"https:\/\/websjop.afuk.frl\/nl\/winkel\/yn-it-skaad-fan-de-wolf\/#primaryimage\"},\"thumbnailUrl\":\"https:\/\/websjop.afuk.frl\/wp-content\/uploads\/2014\/09\/products-product_4879_0.jpg\",\"datePublished\":\"2014-09-10T07:36:58+00:00\",\"dateModified\":\"2022-03-03T10:05:38+00:00\",\"description\":\"Yn it skaad fan de wolf\",\"breadcrumb\":{\"@id\":\"https:\/\/websjop.afuk.frl\/nl\/winkel\/yn-it-skaad-fan-de-wolf\/#breadcrumb\"},\"inLanguage\":\"nl-NL\",\"potentialAction\":[{\"@type\":\"ReadAction\",\"target\":[\"https:\/\/websjop.afuk.frl\/nl\/winkel\/yn-it-skaad-fan-de-wolf\/\"]}]},{\"@type\":\"ImageObject\",\"inLanguage\":\"nl-NL\",\"@id\":\"https:\/\/websjop.afuk.frl\/nl\/winkel\/yn-it-skaad-fan-de-wolf\/#primaryimage\",\"url\":\"https:\/\/websjop.afuk.frl\/wp-content\/uploads\/2014\/09\/products-product_4879_0.jpg\",\"contentUrl\":\"https:\/\/websjop.afuk.frl\/wp-content\/uploads\/2014\/09\/products-product_4879_0.jpg\",\"width\":544,\"height\":788,\"caption\":\"Yn it skaad fan de wolf\"},{\"@type\":\"BreadcrumbList\",\"@id\":\"https:\/\/websjop.afuk.frl\/nl\/winkel\/yn-it-skaad-fan-de-wolf\/#breadcrumb\",\"itemListElement\":[{\"@type\":\"ListItem\",\"position\":1,\"name\":\"Home\",\"item\":\"https:\/\/websjop.afuk.frl\/nl\/\"},{\"@type\":\"ListItem\",\"position\":2,\"name\":\"Winkel\",\"item\":\"https:\/\/websjop.afuk.frl\/nl\/winkel\/\"},{\"@type\":\"ListItem\",\"position\":3,\"name\":\"Yn it skaad fan de wolf\"}]},{\"@type\":\"WebSite\",\"@id\":\"https:\/\/websjop.afuk.frl\/nl\/#website\",\"url\":\"https:\/\/websjop.afuk.frl\/nl\/\",\"name\":\"Af\u00fbk Websjop\",\"description\":\"\",\"potentialAction\":[{\"@type\":\"SearchAction\",\"target\":{\"@type\":\"EntryPoint\",\"urlTemplate\":\"https:\/\/websjop.afuk.frl\/nl\/?s={search_term_string}\"},\"query-input\":{\"@type\":\"PropertyValueSpecification\",\"valueRequired\":true,\"valueName\":\"search_term_string\"}}],\"inLanguage\":\"nl-NL\"}]}<\/script>\n<!-- \/ Yoast SEO plugin. -->","yoast_head_json":{"title":"Yn it skaad fan de wolf","description":"Yn it skaad fan de wolf","robots":{"index":"index","follow":"follow","max-snippet":"max-snippet:-1","max-image-preview":"max-image-preview:large","max-video-preview":"max-video-preview:-1"},"canonical":"https:\/\/websjop.afuk.frl\/nl\/winkel\/yn-it-skaad-fan-de-wolf\/","og_locale":"nl_NL","og_type":"article","og_title":"Yn it skaad fan de wolf","og_description":"Yn it skaad fan de wolf","og_url":"https:\/\/websjop.afuk.frl\/nl\/winkel\/yn-it-skaad-fan-de-wolf\/","og_site_name":"Af\u00fbk Websjop","article_modified_time":"2022-03-03T10:05:38+00:00","og_image":[{"width":544,"height":788,"url":"https:\/\/websjop.afuk.frl\/wp-content\/uploads\/2014\/09\/products-product_4879_0.jpg","type":"image\/jpeg"}],"twitter_card":"summary_large_image","twitter_misc":{"Geschatte leestijd":"1 minuut"},"schema":{"@context":"https:\/\/schema.org","@graph":[{"@type":"WebPage","@id":"https:\/\/websjop.afuk.frl\/nl\/winkel\/yn-it-skaad-fan-de-wolf\/","url":"https:\/\/websjop.afuk.frl\/nl\/winkel\/yn-it-skaad-fan-de-wolf\/","name":"Yn it skaad fan de wolf","isPartOf":{"@id":"https:\/\/websjop.afuk.frl\/nl\/#website"},"primaryImageOfPage":{"@id":"https:\/\/websjop.afuk.frl\/nl\/winkel\/yn-it-skaad-fan-de-wolf\/#primaryimage"},"image":{"@id":"https:\/\/websjop.afuk.frl\/nl\/winkel\/yn-it-skaad-fan-de-wolf\/#primaryimage"},"thumbnailUrl":"https:\/\/websjop.afuk.frl\/wp-content\/uploads\/2014\/09\/products-product_4879_0.jpg","datePublished":"2014-09-10T07:36:58+00:00","dateModified":"2022-03-03T10:05:38+00:00","description":"Yn it skaad fan de wolf","breadcrumb":{"@id":"https:\/\/websjop.afuk.frl\/nl\/winkel\/yn-it-skaad-fan-de-wolf\/#breadcrumb"},"inLanguage":"nl-NL","potentialAction":[{"@type":"ReadAction","target":["https:\/\/websjop.afuk.frl\/nl\/winkel\/yn-it-skaad-fan-de-wolf\/"]}]},{"@type":"ImageObject","inLanguage":"nl-NL","@id":"https:\/\/websjop.afuk.frl\/nl\/winkel\/yn-it-skaad-fan-de-wolf\/#primaryimage","url":"https:\/\/websjop.afuk.frl\/wp-content\/uploads\/2014\/09\/products-product_4879_0.jpg","contentUrl":"https:\/\/websjop.afuk.frl\/wp-content\/uploads\/2014\/09\/products-product_4879_0.jpg","width":544,"height":788,"caption":"Yn it skaad fan de wolf"},{"@type":"BreadcrumbList","@id":"https:\/\/websjop.afuk.frl\/nl\/winkel\/yn-it-skaad-fan-de-wolf\/#breadcrumb","itemListElement":[{"@type":"ListItem","position":1,"name":"Home","item":"https:\/\/websjop.afuk.frl\/nl\/"},{"@type":"ListItem","position":2,"name":"Winkel","item":"https:\/\/websjop.afuk.frl\/nl\/winkel\/"},{"@type":"ListItem","position":3,"name":"Yn it skaad fan de wolf"}]},{"@type":"WebSite","@id":"https:\/\/websjop.afuk.frl\/nl\/#website","url":"https:\/\/websjop.afuk.frl\/nl\/","name":"Af\u00fbk Websjop","description":"","potentialAction":[{"@type":"SearchAction","target":{"@type":"EntryPoint","urlTemplate":"https:\/\/websjop.afuk.frl\/nl\/?s={search_term_string}"},"query-input":{"@type":"PropertyValueSpecification","valueRequired":true,"valueName":"search_term_string"}}],"inLanguage":"nl-NL"}]}},"_links":{"self":[{"href":"https:\/\/websjop.afuk.frl\/nl\/wp-json\/wp\/v2\/product\/8874","targetHints":{"allow":["GET"]}}],"collection":[{"href":"https:\/\/websjop.afuk.frl\/nl\/wp-json\/wp\/v2\/product"}],"about":[{"href":"https:\/\/websjop.afuk.frl\/nl\/wp-json\/wp\/v2\/types\/product"}],"replies":[{"embeddable":true,"href":"https:\/\/websjop.afuk.frl\/nl\/wp-json\/wp\/v2\/comments?post=8874"}],"wp:featuredmedia":[{"embeddable":true,"href":"https:\/\/websjop.afuk.frl\/nl\/wp-json\/wp\/v2\/media\/8875"}],"wp:attachment":[{"href":"https:\/\/websjop.afuk.frl\/nl\/wp-json\/wp\/v2\/media?parent=8874"}],"wp:term":[{"taxonomy":"product_brand","embeddable":true,"href":"https:\/\/websjop.afuk.frl\/nl\/wp-json\/wp\/v2\/product_brand?post=8874"},{"taxonomy":"product_cat","embeddable":true,"href":"https:\/\/websjop.afuk.frl\/nl\/wp-json\/wp\/v2\/product_cat?post=8874"},{"taxonomy":"product_tag","embeddable":true,"href":"https:\/\/websjop.afuk.frl\/nl\/wp-json\/wp\/v2\/product_tag?post=8874"}],"curies":[{"name":"wp","href":"https:\/\/api.w.org\/{rel}","templated":true}]}}