{"id":8850,"date":"2014-10-09T08:35:04","date_gmt":"2014-10-09T07:35:04","guid":{"rendered":"https:\/\/websjop.bwhontwerpers.nl\/?post_type=product&#038;p=8850"},"modified":"2025-12-17T14:56:14","modified_gmt":"2025-12-17T13:56:14","slug":"skeind-ferline","status":"publish","type":"product","link":"https:\/\/websjop.afuk.frl\/nl\/winkel\/skeind-ferline\/","title":{"rendered":"Skeind ferline"},"content":{"rendered":"<p>Nei fjouwer s\u00faksesfolle boeken oer de lokale skiednis fan Drachten en Achtkarspelen hat Douwe de Graaf him no weage oan in Fryske roman. In roman oer in fergriemd libben, dat him ek hjoed-de-dei noch krekt sa \u00f4fspylje koe.<\/p>\n<p><em>Flokkend en d\u00fbm fan lulkens r\u00fbn er nei de brommer, stapte op en ried nei h\u00fbs. Th\u00fas pakte er syn jachtgewear, die der patroanen yn en troppe noch in pear yn &#8216;e b\u00fbse. D\u00earnei ried er werom nei de pleats oan de Koaibosk. In pear h\u00fbndert meter foar de pleats die er de brommer \u00fat en skode dy yn it tsjuster foar him \u00fat, it hiem op.<br \/>\nHy sette de brommer tsjin in hoeke fan it h\u00fbs en sl\u00fbpte nei in r\u00fat yn &#8216;e foarkeamer en loerde nei binnen. Se wienen d\u00ear no allebeide; Hinke siet oan tafel en de man siet te krantl\u00eazen. De lulkens en de haat kaam wer br\u00fbzjend yn Romke omheech, it waard him swart foar de eagen.<br \/>\nHy raasde: &#8220;Smearlap, dikke smearlap. Smoarge hoer datst bist. Woest my net ha, hen, ik wie te min foar dy!&#8221; Doe lei er it gewear oan syn skouder en skeat troch de ruten.<\/em><\/p>\n","protected":false},"excerpt":{"rendered":"<p>Skeind ferline, in Fryske roman<\/p>\n","protected":false},"featured_media":8851,"comment_status":"closed","ping_status":"closed","template":"","meta":{"_acf_changed":false},"product_brand":[],"product_cat":[535,537,1215],"product_tag":[8190,5641,8189],"class_list":{"0":"post-8850","1":"product","2":"type-product","3":"status-publish","4":"has-post-thumbnail","6":"product_cat-fryske-boeken","7":"product_cat-romans","8":"product_cat-romans-en-literatuer","9":"product_tag-douwe-de-graaf","10":"product_tag-roman","11":"product_tag-skeind-ferline","12":"product_shipping_class-brievenbus-verzending","13":"pa_auteur-douwe-de-graaf-2","14":"pa_isbn-8187","15":"pa_taal-frysk","16":"pa_uitgever-afuk","18":"first","19":"instock","20":"sale","21":"taxable","22":"shipping-taxable","23":"purchasable","24":"product-type-simple"},"acf":[],"yoast_head":"<!-- This site is optimized with the Yoast SEO plugin v27.3 - https:\/\/yoast.com\/product\/yoast-seo-wordpress\/ -->\n<title>Skeind ferline<\/title>\n<meta name=\"description\" content=\"Skeind ferline\" \/>\n<meta name=\"robots\" content=\"index, follow, max-snippet:-1, max-image-preview:large, max-video-preview:-1\" \/>\n<link rel=\"canonical\" href=\"https:\/\/websjop.afuk.frl\/nl\/winkel\/skeind-ferline\/\" \/>\n<meta property=\"og:locale\" content=\"nl_NL\" \/>\n<meta property=\"og:type\" content=\"article\" \/>\n<meta property=\"og:title\" content=\"Skeind ferline\" \/>\n<meta property=\"og:description\" content=\"Skeind ferline\" \/>\n<meta property=\"og:url\" content=\"https:\/\/websjop.afuk.frl\/nl\/winkel\/skeind-ferline\/\" \/>\n<meta property=\"og:site_name\" content=\"Af\u00fbk Websjop\" \/>\n<meta property=\"article:modified_time\" content=\"2025-12-17T13:56:14+00:00\" \/>\n<meta property=\"og:image\" content=\"https:\/\/websjop.afuk.frl\/wp-content\/uploads\/2014\/09\/products-product_4864_0.jpg\" \/>\n\t<meta property=\"og:image:width\" content=\"700\" \/>\n\t<meta property=\"og:image:height\" content=\"1044\" \/>\n\t<meta property=\"og:image:type\" content=\"image\/jpeg\" \/>\n<meta name=\"twitter:card\" content=\"summary_large_image\" \/>\n<meta name=\"twitter:label1\" content=\"Geschatte leestijd\" \/>\n\t<meta name=\"twitter:data1\" content=\"1 minuut\" \/>\n<script type=\"application\/ld+json\" class=\"yoast-schema-graph\">{\"@context\":\"https:\\\/\\\/schema.org\",\"@graph\":[{\"@type\":\"WebPage\",\"@id\":\"https:\\\/\\\/websjop.afuk.frl\\\/nl\\\/winkel\\\/skeind-ferline\\\/\",\"url\":\"https:\\\/\\\/websjop.afuk.frl\\\/nl\\\/winkel\\\/skeind-ferline\\\/\",\"name\":\"Skeind ferline\",\"isPartOf\":{\"@id\":\"https:\\\/\\\/websjop.afuk.frl\\\/nl\\\/#website\"},\"primaryImageOfPage\":{\"@id\":\"https:\\\/\\\/websjop.afuk.frl\\\/nl\\\/winkel\\\/skeind-ferline\\\/#primaryimage\"},\"image\":{\"@id\":\"https:\\\/\\\/websjop.afuk.frl\\\/nl\\\/winkel\\\/skeind-ferline\\\/#primaryimage\"},\"thumbnailUrl\":\"https:\\\/\\\/websjop.afuk.frl\\\/wp-content\\\/uploads\\\/2014\\\/09\\\/products-product_4864_0.jpg\",\"datePublished\":\"2014-10-09T07:35:04+00:00\",\"dateModified\":\"2025-12-17T13:56:14+00:00\",\"description\":\"Skeind ferline\",\"breadcrumb\":{\"@id\":\"https:\\\/\\\/websjop.afuk.frl\\\/nl\\\/winkel\\\/skeind-ferline\\\/#breadcrumb\"},\"inLanguage\":\"nl-NL\",\"potentialAction\":[{\"@type\":\"ReadAction\",\"target\":[\"https:\\\/\\\/websjop.afuk.frl\\\/nl\\\/winkel\\\/skeind-ferline\\\/\"]}]},{\"@type\":\"ImageObject\",\"inLanguage\":\"nl-NL\",\"@id\":\"https:\\\/\\\/websjop.afuk.frl\\\/nl\\\/winkel\\\/skeind-ferline\\\/#primaryimage\",\"url\":\"https:\\\/\\\/websjop.afuk.frl\\\/wp-content\\\/uploads\\\/2014\\\/09\\\/products-product_4864_0.jpg\",\"contentUrl\":\"https:\\\/\\\/websjop.afuk.frl\\\/wp-content\\\/uploads\\\/2014\\\/09\\\/products-product_4864_0.jpg\",\"width\":700,\"height\":1044,\"caption\":\"Skeind ferline\"},{\"@type\":\"BreadcrumbList\",\"@id\":\"https:\\\/\\\/websjop.afuk.frl\\\/nl\\\/winkel\\\/skeind-ferline\\\/#breadcrumb\",\"itemListElement\":[{\"@type\":\"ListItem\",\"position\":1,\"name\":\"Home\",\"item\":\"https:\\\/\\\/websjop.afuk.frl\\\/nl\\\/\"},{\"@type\":\"ListItem\",\"position\":2,\"name\":\"Winkel\",\"item\":\"https:\\\/\\\/websjop.afuk.frl\\\/nl\\\/winkel\\\/\"},{\"@type\":\"ListItem\",\"position\":3,\"name\":\"Skeind ferline\"}]},{\"@type\":\"WebSite\",\"@id\":\"https:\\\/\\\/websjop.afuk.frl\\\/nl\\\/#website\",\"url\":\"https:\\\/\\\/websjop.afuk.frl\\\/nl\\\/\",\"name\":\"Af\u00fbk Websjop\",\"description\":\"\",\"potentialAction\":[{\"@type\":\"SearchAction\",\"target\":{\"@type\":\"EntryPoint\",\"urlTemplate\":\"https:\\\/\\\/websjop.afuk.frl\\\/nl\\\/?s={search_term_string}\"},\"query-input\":{\"@type\":\"PropertyValueSpecification\",\"valueRequired\":true,\"valueName\":\"search_term_string\"}}],\"inLanguage\":\"nl-NL\"}]}<\/script>\n<!-- \/ Yoast SEO plugin. -->","yoast_head_json":{"title":"Skeind ferline","description":"Skeind ferline","robots":{"index":"index","follow":"follow","max-snippet":"max-snippet:-1","max-image-preview":"max-image-preview:large","max-video-preview":"max-video-preview:-1"},"canonical":"https:\/\/websjop.afuk.frl\/nl\/winkel\/skeind-ferline\/","og_locale":"nl_NL","og_type":"article","og_title":"Skeind ferline","og_description":"Skeind ferline","og_url":"https:\/\/websjop.afuk.frl\/nl\/winkel\/skeind-ferline\/","og_site_name":"Af\u00fbk Websjop","article_modified_time":"2025-12-17T13:56:14+00:00","og_image":[{"width":700,"height":1044,"url":"https:\/\/websjop.afuk.frl\/wp-content\/uploads\/2014\/09\/products-product_4864_0.jpg","type":"image\/jpeg"}],"twitter_card":"summary_large_image","twitter_misc":{"Geschatte leestijd":"1 minuut"},"schema":{"@context":"https:\/\/schema.org","@graph":[{"@type":"WebPage","@id":"https:\/\/websjop.afuk.frl\/nl\/winkel\/skeind-ferline\/","url":"https:\/\/websjop.afuk.frl\/nl\/winkel\/skeind-ferline\/","name":"Skeind ferline","isPartOf":{"@id":"https:\/\/websjop.afuk.frl\/nl\/#website"},"primaryImageOfPage":{"@id":"https:\/\/websjop.afuk.frl\/nl\/winkel\/skeind-ferline\/#primaryimage"},"image":{"@id":"https:\/\/websjop.afuk.frl\/nl\/winkel\/skeind-ferline\/#primaryimage"},"thumbnailUrl":"https:\/\/websjop.afuk.frl\/wp-content\/uploads\/2014\/09\/products-product_4864_0.jpg","datePublished":"2014-10-09T07:35:04+00:00","dateModified":"2025-12-17T13:56:14+00:00","description":"Skeind ferline","breadcrumb":{"@id":"https:\/\/websjop.afuk.frl\/nl\/winkel\/skeind-ferline\/#breadcrumb"},"inLanguage":"nl-NL","potentialAction":[{"@type":"ReadAction","target":["https:\/\/websjop.afuk.frl\/nl\/winkel\/skeind-ferline\/"]}]},{"@type":"ImageObject","inLanguage":"nl-NL","@id":"https:\/\/websjop.afuk.frl\/nl\/winkel\/skeind-ferline\/#primaryimage","url":"https:\/\/websjop.afuk.frl\/wp-content\/uploads\/2014\/09\/products-product_4864_0.jpg","contentUrl":"https:\/\/websjop.afuk.frl\/wp-content\/uploads\/2014\/09\/products-product_4864_0.jpg","width":700,"height":1044,"caption":"Skeind ferline"},{"@type":"BreadcrumbList","@id":"https:\/\/websjop.afuk.frl\/nl\/winkel\/skeind-ferline\/#breadcrumb","itemListElement":[{"@type":"ListItem","position":1,"name":"Home","item":"https:\/\/websjop.afuk.frl\/nl\/"},{"@type":"ListItem","position":2,"name":"Winkel","item":"https:\/\/websjop.afuk.frl\/nl\/winkel\/"},{"@type":"ListItem","position":3,"name":"Skeind ferline"}]},{"@type":"WebSite","@id":"https:\/\/websjop.afuk.frl\/nl\/#website","url":"https:\/\/websjop.afuk.frl\/nl\/","name":"Af\u00fbk Websjop","description":"","potentialAction":[{"@type":"SearchAction","target":{"@type":"EntryPoint","urlTemplate":"https:\/\/websjop.afuk.frl\/nl\/?s={search_term_string}"},"query-input":{"@type":"PropertyValueSpecification","valueRequired":true,"valueName":"search_term_string"}}],"inLanguage":"nl-NL"}]}},"_links":{"self":[{"href":"https:\/\/websjop.afuk.frl\/nl\/wp-json\/wp\/v2\/product\/8850","targetHints":{"allow":["GET"]}}],"collection":[{"href":"https:\/\/websjop.afuk.frl\/nl\/wp-json\/wp\/v2\/product"}],"about":[{"href":"https:\/\/websjop.afuk.frl\/nl\/wp-json\/wp\/v2\/types\/product"}],"replies":[{"embeddable":true,"href":"https:\/\/websjop.afuk.frl\/nl\/wp-json\/wp\/v2\/comments?post=8850"}],"wp:featuredmedia":[{"embeddable":true,"href":"https:\/\/websjop.afuk.frl\/nl\/wp-json\/wp\/v2\/media\/8851"}],"wp:attachment":[{"href":"https:\/\/websjop.afuk.frl\/nl\/wp-json\/wp\/v2\/media?parent=8850"}],"wp:term":[{"taxonomy":"product_brand","embeddable":true,"href":"https:\/\/websjop.afuk.frl\/nl\/wp-json\/wp\/v2\/product_brand?post=8850"},{"taxonomy":"product_cat","embeddable":true,"href":"https:\/\/websjop.afuk.frl\/nl\/wp-json\/wp\/v2\/product_cat?post=8850"},{"taxonomy":"product_tag","embeddable":true,"href":"https:\/\/websjop.afuk.frl\/nl\/wp-json\/wp\/v2\/product_tag?post=8850"}],"curies":[{"name":"wp","href":"https:\/\/api.w.org\/{rel}","templated":true}]}}