{"id":8633,"date":"2014-09-10T08:30:00","date_gmt":"2014-09-10T07:30:00","guid":{"rendered":"https:\/\/websjop.bwhontwerpers.nl\/?post_type=product&#038;p=8633"},"modified":"2025-11-13T09:46:47","modified_gmt":"2025-11-13T08:46:47","slug":"dat-kin-de-brune-net-luke","status":"publish","type":"product","link":"https:\/\/websjop.afuk.frl\/nl\/winkel\/dat-kin-de-brune-net-luke\/","title":{"rendered":"Dat kin de brune net l\u00fbke"},"content":{"rendered":"<p>As it giet om sammeljen fan sprekwurden, hat Frysl\u00e2n in lange en rike tradysje, dy&#8217;t fan Bogerman en Waling Dijkstra nei Tabe Beintema rint. Yn 1989 set Dick Eisma dy tradysje fourt mei <i>Sa hat it sitten<\/i>, folge troch in rige fan trije titels: <i>It is mei sizzen net te dwaan<\/i>, <i>Dat kin de brune net l\u00fbke<\/i> en <i>In lyk man is in ryk man<\/i><i><\/i><\/p>\n<p>Dat kin de brune net l\u00fbke is in samling neffens tema&#8217;s: beammen, fruchten en griente, dieren, f\u00fbgels, getallen, jild, kleuren, misdied en straf, plaknammen, skipfeart en fiskerij en tiid. De l\u00eazer sil grif in protte wille belibje oan dit grut ferskaat fan Fryskeigene sprekwurden, siswizen en \u00fatdrukkingen.<\/p>\n","protected":false},"excerpt":{"rendered":"<p>Dat kin de brune net l\u00fbke. Fryske siswizen<\/p>\n","protected":false},"featured_media":8634,"comment_status":"closed","ping_status":"closed","template":"","meta":{"_acf_changed":false},"product_brand":[],"product_cat":[1043,535,536],"product_tag":[6642,6644,6643,6645],"class_list":{"0":"post-8633","1":"product","2":"type-product","3":"status-publish","4":"has-post-thumbnail","6":"product_cat-edukatyf","7":"product_cat-fryske-boeken","8":"product_cat-taal-en-studzjeboeken","9":"product_tag-dat-kin-de-brune-net-luke","10":"product_tag-siswizen","11":"product_tag-sprekwurden","12":"product_tag-utdrukkingen","13":"product_shipping_class-brievenbus-verzending","14":"pa_auteur-dick-eisma-2","15":"pa_isbn-6638","16":"pa_taal-frysk","17":"pa_uitgever-afuk","19":"first","20":"outofstock","21":"taxable","22":"shipping-taxable","23":"purchasable","24":"product-type-simple"},"acf":[],"yoast_head":"<!-- This site is optimized with the Yoast SEO plugin v27.3 - https:\/\/yoast.com\/product\/yoast-seo-wordpress\/ -->\n<title>Dat kin de brune net l\u00fbke<\/title>\n<meta name=\"description\" content=\"Dat kin de brune net l\u00fbke\" \/>\n<meta name=\"robots\" content=\"index, follow, max-snippet:-1, max-image-preview:large, max-video-preview:-1\" \/>\n<link rel=\"canonical\" href=\"https:\/\/websjop.afuk.frl\/nl\/winkel\/dat-kin-de-brune-net-luke\/\" \/>\n<meta property=\"og:locale\" content=\"nl_NL\" \/>\n<meta property=\"og:type\" content=\"article\" \/>\n<meta property=\"og:title\" content=\"Dat kin de brune net l\u00fbke\" \/>\n<meta property=\"og:description\" content=\"Dat kin de brune net l\u00fbke\" \/>\n<meta property=\"og:url\" content=\"https:\/\/websjop.afuk.frl\/nl\/winkel\/dat-kin-de-brune-net-luke\/\" \/>\n<meta property=\"og:site_name\" content=\"Af\u00fbk Websjop\" \/>\n<meta property=\"article:modified_time\" content=\"2025-11-13T08:46:47+00:00\" \/>\n<meta property=\"og:image\" content=\"https:\/\/websjop.afuk.frl\/wp-content\/uploads\/2014\/09\/products-product_4739_0.jpg\" \/>\n\t<meta property=\"og:image:width\" content=\"1478\" \/>\n\t<meta property=\"og:image:height\" content=\"2325\" \/>\n\t<meta property=\"og:image:type\" content=\"image\/jpeg\" \/>\n<meta name=\"twitter:card\" content=\"summary_large_image\" \/>\n<meta name=\"twitter:label1\" content=\"Geschatte leestijd\" \/>\n\t<meta name=\"twitter:data1\" content=\"1 minuut\" \/>\n<script type=\"application\/ld+json\" class=\"yoast-schema-graph\">{\"@context\":\"https:\\\/\\\/schema.org\",\"@graph\":[{\"@type\":\"WebPage\",\"@id\":\"https:\\\/\\\/websjop.afuk.frl\\\/nl\\\/winkel\\\/dat-kin-de-brune-net-luke\\\/\",\"url\":\"https:\\\/\\\/websjop.afuk.frl\\\/nl\\\/winkel\\\/dat-kin-de-brune-net-luke\\\/\",\"name\":\"Dat kin de brune net l\u00fbke\",\"isPartOf\":{\"@id\":\"https:\\\/\\\/websjop.afuk.frl\\\/nl\\\/#website\"},\"primaryImageOfPage\":{\"@id\":\"https:\\\/\\\/websjop.afuk.frl\\\/nl\\\/winkel\\\/dat-kin-de-brune-net-luke\\\/#primaryimage\"},\"image\":{\"@id\":\"https:\\\/\\\/websjop.afuk.frl\\\/nl\\\/winkel\\\/dat-kin-de-brune-net-luke\\\/#primaryimage\"},\"thumbnailUrl\":\"https:\\\/\\\/websjop.afuk.frl\\\/wp-content\\\/uploads\\\/2014\\\/09\\\/products-product_4739_0.jpg\",\"datePublished\":\"2014-09-10T07:30:00+00:00\",\"dateModified\":\"2025-11-13T08:46:47+00:00\",\"description\":\"Dat kin de brune net l\u00fbke\",\"breadcrumb\":{\"@id\":\"https:\\\/\\\/websjop.afuk.frl\\\/nl\\\/winkel\\\/dat-kin-de-brune-net-luke\\\/#breadcrumb\"},\"inLanguage\":\"nl-NL\",\"potentialAction\":[{\"@type\":\"ReadAction\",\"target\":[\"https:\\\/\\\/websjop.afuk.frl\\\/nl\\\/winkel\\\/dat-kin-de-brune-net-luke\\\/\"]}]},{\"@type\":\"ImageObject\",\"inLanguage\":\"nl-NL\",\"@id\":\"https:\\\/\\\/websjop.afuk.frl\\\/nl\\\/winkel\\\/dat-kin-de-brune-net-luke\\\/#primaryimage\",\"url\":\"https:\\\/\\\/websjop.afuk.frl\\\/wp-content\\\/uploads\\\/2014\\\/09\\\/products-product_4739_0.jpg\",\"contentUrl\":\"https:\\\/\\\/websjop.afuk.frl\\\/wp-content\\\/uploads\\\/2014\\\/09\\\/products-product_4739_0.jpg\",\"width\":1478,\"height\":2325,\"caption\":\"Dat kin de brune net l\u00fbke\"},{\"@type\":\"BreadcrumbList\",\"@id\":\"https:\\\/\\\/websjop.afuk.frl\\\/nl\\\/winkel\\\/dat-kin-de-brune-net-luke\\\/#breadcrumb\",\"itemListElement\":[{\"@type\":\"ListItem\",\"position\":1,\"name\":\"Home\",\"item\":\"https:\\\/\\\/websjop.afuk.frl\\\/nl\\\/\"},{\"@type\":\"ListItem\",\"position\":2,\"name\":\"Winkel\",\"item\":\"https:\\\/\\\/websjop.afuk.frl\\\/nl\\\/winkel\\\/\"},{\"@type\":\"ListItem\",\"position\":3,\"name\":\"Dat kin de brune net l\u00fbke\"}]},{\"@type\":\"WebSite\",\"@id\":\"https:\\\/\\\/websjop.afuk.frl\\\/nl\\\/#website\",\"url\":\"https:\\\/\\\/websjop.afuk.frl\\\/nl\\\/\",\"name\":\"Af\u00fbk Websjop\",\"description\":\"\",\"potentialAction\":[{\"@type\":\"SearchAction\",\"target\":{\"@type\":\"EntryPoint\",\"urlTemplate\":\"https:\\\/\\\/websjop.afuk.frl\\\/nl\\\/?s={search_term_string}\"},\"query-input\":{\"@type\":\"PropertyValueSpecification\",\"valueRequired\":true,\"valueName\":\"search_term_string\"}}],\"inLanguage\":\"nl-NL\"}]}<\/script>\n<!-- \/ Yoast SEO plugin. -->","yoast_head_json":{"title":"Dat kin de brune net l\u00fbke","description":"Dat kin de brune net l\u00fbke","robots":{"index":"index","follow":"follow","max-snippet":"max-snippet:-1","max-image-preview":"max-image-preview:large","max-video-preview":"max-video-preview:-1"},"canonical":"https:\/\/websjop.afuk.frl\/nl\/winkel\/dat-kin-de-brune-net-luke\/","og_locale":"nl_NL","og_type":"article","og_title":"Dat kin de brune net l\u00fbke","og_description":"Dat kin de brune net l\u00fbke","og_url":"https:\/\/websjop.afuk.frl\/nl\/winkel\/dat-kin-de-brune-net-luke\/","og_site_name":"Af\u00fbk Websjop","article_modified_time":"2025-11-13T08:46:47+00:00","og_image":[{"width":1478,"height":2325,"url":"https:\/\/websjop.afuk.frl\/wp-content\/uploads\/2014\/09\/products-product_4739_0.jpg","type":"image\/jpeg"}],"twitter_card":"summary_large_image","twitter_misc":{"Geschatte leestijd":"1 minuut"},"schema":{"@context":"https:\/\/schema.org","@graph":[{"@type":"WebPage","@id":"https:\/\/websjop.afuk.frl\/nl\/winkel\/dat-kin-de-brune-net-luke\/","url":"https:\/\/websjop.afuk.frl\/nl\/winkel\/dat-kin-de-brune-net-luke\/","name":"Dat kin de brune net l\u00fbke","isPartOf":{"@id":"https:\/\/websjop.afuk.frl\/nl\/#website"},"primaryImageOfPage":{"@id":"https:\/\/websjop.afuk.frl\/nl\/winkel\/dat-kin-de-brune-net-luke\/#primaryimage"},"image":{"@id":"https:\/\/websjop.afuk.frl\/nl\/winkel\/dat-kin-de-brune-net-luke\/#primaryimage"},"thumbnailUrl":"https:\/\/websjop.afuk.frl\/wp-content\/uploads\/2014\/09\/products-product_4739_0.jpg","datePublished":"2014-09-10T07:30:00+00:00","dateModified":"2025-11-13T08:46:47+00:00","description":"Dat kin de brune net l\u00fbke","breadcrumb":{"@id":"https:\/\/websjop.afuk.frl\/nl\/winkel\/dat-kin-de-brune-net-luke\/#breadcrumb"},"inLanguage":"nl-NL","potentialAction":[{"@type":"ReadAction","target":["https:\/\/websjop.afuk.frl\/nl\/winkel\/dat-kin-de-brune-net-luke\/"]}]},{"@type":"ImageObject","inLanguage":"nl-NL","@id":"https:\/\/websjop.afuk.frl\/nl\/winkel\/dat-kin-de-brune-net-luke\/#primaryimage","url":"https:\/\/websjop.afuk.frl\/wp-content\/uploads\/2014\/09\/products-product_4739_0.jpg","contentUrl":"https:\/\/websjop.afuk.frl\/wp-content\/uploads\/2014\/09\/products-product_4739_0.jpg","width":1478,"height":2325,"caption":"Dat kin de brune net l\u00fbke"},{"@type":"BreadcrumbList","@id":"https:\/\/websjop.afuk.frl\/nl\/winkel\/dat-kin-de-brune-net-luke\/#breadcrumb","itemListElement":[{"@type":"ListItem","position":1,"name":"Home","item":"https:\/\/websjop.afuk.frl\/nl\/"},{"@type":"ListItem","position":2,"name":"Winkel","item":"https:\/\/websjop.afuk.frl\/nl\/winkel\/"},{"@type":"ListItem","position":3,"name":"Dat kin de brune net l\u00fbke"}]},{"@type":"WebSite","@id":"https:\/\/websjop.afuk.frl\/nl\/#website","url":"https:\/\/websjop.afuk.frl\/nl\/","name":"Af\u00fbk Websjop","description":"","potentialAction":[{"@type":"SearchAction","target":{"@type":"EntryPoint","urlTemplate":"https:\/\/websjop.afuk.frl\/nl\/?s={search_term_string}"},"query-input":{"@type":"PropertyValueSpecification","valueRequired":true,"valueName":"search_term_string"}}],"inLanguage":"nl-NL"}]}},"_links":{"self":[{"href":"https:\/\/websjop.afuk.frl\/nl\/wp-json\/wp\/v2\/product\/8633","targetHints":{"allow":["GET"]}}],"collection":[{"href":"https:\/\/websjop.afuk.frl\/nl\/wp-json\/wp\/v2\/product"}],"about":[{"href":"https:\/\/websjop.afuk.frl\/nl\/wp-json\/wp\/v2\/types\/product"}],"replies":[{"embeddable":true,"href":"https:\/\/websjop.afuk.frl\/nl\/wp-json\/wp\/v2\/comments?post=8633"}],"wp:featuredmedia":[{"embeddable":true,"href":"https:\/\/websjop.afuk.frl\/nl\/wp-json\/wp\/v2\/media\/8634"}],"wp:attachment":[{"href":"https:\/\/websjop.afuk.frl\/nl\/wp-json\/wp\/v2\/media?parent=8633"}],"wp:term":[{"taxonomy":"product_brand","embeddable":true,"href":"https:\/\/websjop.afuk.frl\/nl\/wp-json\/wp\/v2\/product_brand?post=8633"},{"taxonomy":"product_cat","embeddable":true,"href":"https:\/\/websjop.afuk.frl\/nl\/wp-json\/wp\/v2\/product_cat?post=8633"},{"taxonomy":"product_tag","embeddable":true,"href":"https:\/\/websjop.afuk.frl\/nl\/wp-json\/wp\/v2\/product_tag?post=8633"}],"curies":[{"name":"wp","href":"https:\/\/api.w.org\/{rel}","templated":true}]}}