{"id":8357,"date":"2021-01-15T10:18:31","date_gmt":"2021-01-15T09:18:31","guid":{"rendered":"https:\/\/websjop.bwhontwerpers.nl\/?post_type=product&#038;p=8357"},"modified":"2023-10-11T09:03:46","modified_gmt":"2023-10-11T08:03:46","slug":"11-stedenkoorts","status":"publish","type":"product","link":"https:\/\/websjop.afuk.frl\/nl\/winkel\/11-stedenkoorts\/","title":{"rendered":"11 Stedenkoorts"},"content":{"rendered":"<p>11 Stedenkoorts is in twatalich humoristysk taalgidske foar reedriders, mei tekeningen fan Geert Gratama (bekend fan Mijn vrouw is uitgenaaid).<\/p>\n<hr \/>\n<p><em>Irene Klompmaker: &#8220;11-Stedenkoorts: Fries voor schaatsenrijders is in lyts kadoboekje oer \u2013 de namme jout it al wei \u2013 de Alvest\u00eadetocht. It twatalige taalgidske stiet gr\u00f4tfol \u00fatdrukkingen dy\u2019t mei reedriden en de Alvest\u00eadetocht te krijen hawwe, mei de Nederl\u00e2nske oersetting derby. Tink dy ris yn. Dat nei 24 jier it iis einlings wer ris goed gen\u00f4ch is foar in Alvest\u00eadetocht. Yn it hiele l\u00e2n brekt de Alvest\u00eadekoarts \u00fat. Neist it firus dat \u00fas al hast in jier lang yn \u2019e h\u00fbs h\u00e2ldt. Alvest\u00eadekoarts en Covid-19: dat giet mei gjin mooglikheid tegearre. It kin net! Ik hoopje mar dat er dit jier gjin ridersiis komt fan fyftjin sintimeter oer 200 kilometer.&#8221; <a href=\"https:\/\/heitenmem.nl\/artikel\/20721\/11stedenkoorts\/\" target=\"_blank\" rel=\"noopener\">L\u00eas hjir de folsleine resinsje fan Irene.<\/a><\/em><\/p>\n<p><em>Wietske Siemensma: &#8220;Zelfs ik, als vrij doorgewinterde Fries kon er nog wat van leren. Nooit geweten wat een \u2018diske\u2019 is. Nu blijft het niet bij al die mooie termen en afbeeldingen, achterin het boekje staat ook nog wat \u2018serieuze\u2019 informatie. Hier lees je over de eerste offici\u00eble tocht, de hel van 63, de route en het Fryske folksliet. En wist je dat het ijs over de hele tocht een minimale dikte van 15 cm moet hebben? IJsmeesters gaan soms zelfs tot ware ijstransplantaties over om deze minimale dikte te behalen!&#8221; <a href=\"https:\/\/heitenmem.nl\/artikel\/20762\/recensie-11-stedenkoorts\/\" target=\"_blank\" rel=\"noopener\">Lees hier de volledige recensie van Wietske.<\/a><\/em><\/p>\n","protected":false},"excerpt":{"rendered":"<p>11 Stedenkoorts. In humoristysk taalgidske foar reedriders, mei tekeningen fan Geert Gratama<\/p>\n","protected":false},"featured_media":8358,"comment_status":"closed","ping_status":"closed","template":"","meta":{"_acf_changed":false},"product_brand":[],"product_cat":[1210,535,565,1216,541,1214,543,9316],"product_tag":[6003,11927,5342,5224,17827,9325,6004,9327],"class_list":{"0":"post-8357","1":"product","2":"type-product","3":"status-publish","4":"has-post-thumbnail","6":"product_cat-35-de-alvestedetocht","7":"product_cat-fryske-boeken","8":"product_cat-friese-producten","9":"product_cat-natoer-en-toerisme","10":"product_cat-sport","11":"product_cat-sport-en-hobby","12":"product_cat-toerisme","13":"product_cat-winter","14":"product_tag-11-stedenkoorts","15":"product_tag-cadeauboekje","16":"product_tag-elfstedentocht","17":"product_tag-fries","18":"product_tag-kadoboekje","19":"product_tag-schaatsen","20":"product_tag-schaatsenrijders","21":"product_tag-winter","22":"product_shipping_class-brievenbus-verzending","23":"pa_isbn-6002","24":"pa_taal-fries","25":"pa_taal-nederlands","26":"pa_uitgever-afuk","28":"first","29":"instock","30":"taxable","31":"shipping-taxable","32":"purchasable","33":"product-type-simple"},"acf":[],"yoast_head":"<!-- This site is optimized with the Yoast SEO plugin v27.2 - https:\/\/yoast.com\/product\/yoast-seo-wordpress\/ -->\n<title>11 Stedenkoorts<\/title>\n<meta name=\"description\" content=\"11 Stedenkoorts is in twatalich humoristysk taalgidske foar reedriders, mei tekeningen fan Geert Gratama (bekend fan Mijn vrouw is uitgenaaid).\" \/>\n<meta name=\"robots\" content=\"index, follow, max-snippet:-1, max-image-preview:large, max-video-preview:-1\" \/>\n<link rel=\"canonical\" href=\"https:\/\/websjop.afuk.frl\/nl\/winkel\/11-stedenkoorts\/\" \/>\n<meta property=\"og:locale\" content=\"nl_NL\" \/>\n<meta property=\"og:type\" content=\"article\" \/>\n<meta property=\"og:title\" content=\"11 Stedenkoorts\" \/>\n<meta property=\"og:description\" content=\"11 Stedenkoorts is in twatalich humoristysk taalgidske foar reedriders, mei tekeningen fan Geert Gratama (bekend fan Mijn vrouw is uitgenaaid).\" \/>\n<meta property=\"og:url\" content=\"https:\/\/websjop.afuk.frl\/nl\/winkel\/11-stedenkoorts\/\" \/>\n<meta property=\"og:site_name\" content=\"Af\u00fbk Websjop\" \/>\n<meta property=\"article:modified_time\" content=\"2023-10-11T08:03:46+00:00\" \/>\n<meta property=\"og:image\" content=\"https:\/\/websjop.afuk.frl\/wp-content\/uploads\/2014\/09\/products-product_4514_0.jpg\" \/>\n\t<meta property=\"og:image:width\" content=\"805\" \/>\n\t<meta property=\"og:image:height\" content=\"793\" \/>\n\t<meta property=\"og:image:type\" content=\"image\/jpeg\" \/>\n<meta name=\"twitter:card\" content=\"summary_large_image\" \/>\n<meta name=\"twitter:label1\" content=\"Geschatte leestijd\" \/>\n\t<meta name=\"twitter:data1\" content=\"1 minuut\" \/>\n<script type=\"application\/ld+json\" class=\"yoast-schema-graph\">{\"@context\":\"https:\/\/schema.org\",\"@graph\":[{\"@type\":\"WebPage\",\"@id\":\"https:\/\/websjop.afuk.frl\/nl\/winkel\/11-stedenkoorts\/\",\"url\":\"https:\/\/websjop.afuk.frl\/nl\/winkel\/11-stedenkoorts\/\",\"name\":\"11 Stedenkoorts\",\"isPartOf\":{\"@id\":\"https:\/\/websjop.afuk.frl\/nl\/#website\"},\"primaryImageOfPage\":{\"@id\":\"https:\/\/websjop.afuk.frl\/nl\/winkel\/11-stedenkoorts\/#primaryimage\"},\"image\":{\"@id\":\"https:\/\/websjop.afuk.frl\/nl\/winkel\/11-stedenkoorts\/#primaryimage\"},\"thumbnailUrl\":\"https:\/\/websjop.afuk.frl\/wp-content\/uploads\/2014\/09\/products-product_4514_0.jpg\",\"datePublished\":\"2021-01-15T09:18:31+00:00\",\"dateModified\":\"2023-10-11T08:03:46+00:00\",\"description\":\"11 Stedenkoorts is in twatalich humoristysk taalgidske foar reedriders, mei tekeningen fan Geert Gratama (bekend fan Mijn vrouw is uitgenaaid).\",\"breadcrumb\":{\"@id\":\"https:\/\/websjop.afuk.frl\/nl\/winkel\/11-stedenkoorts\/#breadcrumb\"},\"inLanguage\":\"nl-NL\",\"potentialAction\":[{\"@type\":\"ReadAction\",\"target\":[\"https:\/\/websjop.afuk.frl\/nl\/winkel\/11-stedenkoorts\/\"]}]},{\"@type\":\"ImageObject\",\"inLanguage\":\"nl-NL\",\"@id\":\"https:\/\/websjop.afuk.frl\/nl\/winkel\/11-stedenkoorts\/#primaryimage\",\"url\":\"https:\/\/websjop.afuk.frl\/wp-content\/uploads\/2014\/09\/products-product_4514_0.jpg\",\"contentUrl\":\"https:\/\/websjop.afuk.frl\/wp-content\/uploads\/2014\/09\/products-product_4514_0.jpg\",\"width\":805,\"height\":793,\"caption\":\"11 Stedenkoorts\"},{\"@type\":\"BreadcrumbList\",\"@id\":\"https:\/\/websjop.afuk.frl\/nl\/winkel\/11-stedenkoorts\/#breadcrumb\",\"itemListElement\":[{\"@type\":\"ListItem\",\"position\":1,\"name\":\"Home\",\"item\":\"https:\/\/websjop.afuk.frl\/nl\/\"},{\"@type\":\"ListItem\",\"position\":2,\"name\":\"Winkel\",\"item\":\"https:\/\/websjop.afuk.frl\/nl\/winkel\/\"},{\"@type\":\"ListItem\",\"position\":3,\"name\":\"11 Stedenkoorts\"}]},{\"@type\":\"WebSite\",\"@id\":\"https:\/\/websjop.afuk.frl\/nl\/#website\",\"url\":\"https:\/\/websjop.afuk.frl\/nl\/\",\"name\":\"Af\u00fbk Websjop\",\"description\":\"\",\"potentialAction\":[{\"@type\":\"SearchAction\",\"target\":{\"@type\":\"EntryPoint\",\"urlTemplate\":\"https:\/\/websjop.afuk.frl\/nl\/?s={search_term_string}\"},\"query-input\":{\"@type\":\"PropertyValueSpecification\",\"valueRequired\":true,\"valueName\":\"search_term_string\"}}],\"inLanguage\":\"nl-NL\"}]}<\/script>\n<!-- \/ Yoast SEO plugin. -->","yoast_head_json":{"title":"11 Stedenkoorts","description":"11 Stedenkoorts is in twatalich humoristysk taalgidske foar reedriders, mei tekeningen fan Geert Gratama (bekend fan Mijn vrouw is uitgenaaid).","robots":{"index":"index","follow":"follow","max-snippet":"max-snippet:-1","max-image-preview":"max-image-preview:large","max-video-preview":"max-video-preview:-1"},"canonical":"https:\/\/websjop.afuk.frl\/nl\/winkel\/11-stedenkoorts\/","og_locale":"nl_NL","og_type":"article","og_title":"11 Stedenkoorts","og_description":"11 Stedenkoorts is in twatalich humoristysk taalgidske foar reedriders, mei tekeningen fan Geert Gratama (bekend fan Mijn vrouw is uitgenaaid).","og_url":"https:\/\/websjop.afuk.frl\/nl\/winkel\/11-stedenkoorts\/","og_site_name":"Af\u00fbk Websjop","article_modified_time":"2023-10-11T08:03:46+00:00","og_image":[{"width":805,"height":793,"url":"https:\/\/websjop.afuk.frl\/wp-content\/uploads\/2014\/09\/products-product_4514_0.jpg","type":"image\/jpeg"}],"twitter_card":"summary_large_image","twitter_misc":{"Geschatte leestijd":"1 minuut"},"schema":{"@context":"https:\/\/schema.org","@graph":[{"@type":"WebPage","@id":"https:\/\/websjop.afuk.frl\/nl\/winkel\/11-stedenkoorts\/","url":"https:\/\/websjop.afuk.frl\/nl\/winkel\/11-stedenkoorts\/","name":"11 Stedenkoorts","isPartOf":{"@id":"https:\/\/websjop.afuk.frl\/nl\/#website"},"primaryImageOfPage":{"@id":"https:\/\/websjop.afuk.frl\/nl\/winkel\/11-stedenkoorts\/#primaryimage"},"image":{"@id":"https:\/\/websjop.afuk.frl\/nl\/winkel\/11-stedenkoorts\/#primaryimage"},"thumbnailUrl":"https:\/\/websjop.afuk.frl\/wp-content\/uploads\/2014\/09\/products-product_4514_0.jpg","datePublished":"2021-01-15T09:18:31+00:00","dateModified":"2023-10-11T08:03:46+00:00","description":"11 Stedenkoorts is in twatalich humoristysk taalgidske foar reedriders, mei tekeningen fan Geert Gratama (bekend fan Mijn vrouw is uitgenaaid).","breadcrumb":{"@id":"https:\/\/websjop.afuk.frl\/nl\/winkel\/11-stedenkoorts\/#breadcrumb"},"inLanguage":"nl-NL","potentialAction":[{"@type":"ReadAction","target":["https:\/\/websjop.afuk.frl\/nl\/winkel\/11-stedenkoorts\/"]}]},{"@type":"ImageObject","inLanguage":"nl-NL","@id":"https:\/\/websjop.afuk.frl\/nl\/winkel\/11-stedenkoorts\/#primaryimage","url":"https:\/\/websjop.afuk.frl\/wp-content\/uploads\/2014\/09\/products-product_4514_0.jpg","contentUrl":"https:\/\/websjop.afuk.frl\/wp-content\/uploads\/2014\/09\/products-product_4514_0.jpg","width":805,"height":793,"caption":"11 Stedenkoorts"},{"@type":"BreadcrumbList","@id":"https:\/\/websjop.afuk.frl\/nl\/winkel\/11-stedenkoorts\/#breadcrumb","itemListElement":[{"@type":"ListItem","position":1,"name":"Home","item":"https:\/\/websjop.afuk.frl\/nl\/"},{"@type":"ListItem","position":2,"name":"Winkel","item":"https:\/\/websjop.afuk.frl\/nl\/winkel\/"},{"@type":"ListItem","position":3,"name":"11 Stedenkoorts"}]},{"@type":"WebSite","@id":"https:\/\/websjop.afuk.frl\/nl\/#website","url":"https:\/\/websjop.afuk.frl\/nl\/","name":"Af\u00fbk Websjop","description":"","potentialAction":[{"@type":"SearchAction","target":{"@type":"EntryPoint","urlTemplate":"https:\/\/websjop.afuk.frl\/nl\/?s={search_term_string}"},"query-input":{"@type":"PropertyValueSpecification","valueRequired":true,"valueName":"search_term_string"}}],"inLanguage":"nl-NL"}]}},"_links":{"self":[{"href":"https:\/\/websjop.afuk.frl\/nl\/wp-json\/wp\/v2\/product\/8357","targetHints":{"allow":["GET"]}}],"collection":[{"href":"https:\/\/websjop.afuk.frl\/nl\/wp-json\/wp\/v2\/product"}],"about":[{"href":"https:\/\/websjop.afuk.frl\/nl\/wp-json\/wp\/v2\/types\/product"}],"replies":[{"embeddable":true,"href":"https:\/\/websjop.afuk.frl\/nl\/wp-json\/wp\/v2\/comments?post=8357"}],"wp:featuredmedia":[{"embeddable":true,"href":"https:\/\/websjop.afuk.frl\/nl\/wp-json\/wp\/v2\/media\/8358"}],"wp:attachment":[{"href":"https:\/\/websjop.afuk.frl\/nl\/wp-json\/wp\/v2\/media?parent=8357"}],"wp:term":[{"taxonomy":"product_brand","embeddable":true,"href":"https:\/\/websjop.afuk.frl\/nl\/wp-json\/wp\/v2\/product_brand?post=8357"},{"taxonomy":"product_cat","embeddable":true,"href":"https:\/\/websjop.afuk.frl\/nl\/wp-json\/wp\/v2\/product_cat?post=8357"},{"taxonomy":"product_tag","embeddable":true,"href":"https:\/\/websjop.afuk.frl\/nl\/wp-json\/wp\/v2\/product_tag?post=8357"}],"curies":[{"name":"wp","href":"https:\/\/api.w.org\/{rel}","templated":true}]}}