{"id":8066,"date":"2014-09-10T07:53:22","date_gmt":"2014-09-10T06:53:22","guid":{"rendered":"https:\/\/websjop.bwhontwerpers.nl\/?post_type=product&#038;p=8066"},"modified":"2025-01-09T15:31:53","modified_gmt":"2025-01-09T14:31:53","slug":"de-fryske-skiednis-yn-11-30-finsters-diel-trije","status":"publish","type":"product","link":"https:\/\/websjop.afuk.frl\/nl\/winkel\/de-fryske-skiednis-yn-11-30-finsters-diel-trije\/","title":{"rendered":"De Fryske skiednis yn 11 &amp; 30 finsters, diel trije"},"content":{"rendered":"<p>Presintator Freark Smink liedt de sjogger troch de l\u00easte 16 finsters fan \u2018e Fryske Kanon. Op dy wize \u00fbntstiet in kronologysk byld fan it \u00fbntstean fan \u00fas provinsje, fan \u2018e earste bewenners yn \u2018e preehistoarje oant de moderne tiid. De programma&#8217;s binne makke foar de earste klassen fan it fuortset \u00fbnderwiis, mar binne nijsgjirrich foar alle leeftiden.<\/p>\n<p>Mei dizze l\u00easte finsters is de searje &#8216;De Fryske skiednis yn 11&amp;30 finsters&#8217; kompleet. Dit tredde diel wurdt levere mei in dvd-boks, d\u00ear&#8217;t jo alle 3 dielen yn opbergje kinne.<\/p>\n<p>2 DVD&#8217;s, finster 25 o\/m 41, \u00f4flevering 13 o\/m 21.<br \/>\nTaal: Frysk (gjin \u00fbndertiteling)<\/p>\n<p>DVD 1: Finster 25-32 \/ Oflevering 13-16<br \/>\nDVD 2: Finster 33-41 \/ Oflevering 17-21<\/p>\n","protected":false},"excerpt":{"rendered":"<p>DVD, diel 3. Oer de kanon fan de skiednis fan Frysl\u00e2n.<\/p>\n","protected":false},"featured_media":8067,"comment_status":"closed","ping_status":"closed","template":"","meta":{"_acf_changed":false},"product_brand":[],"product_cat":[1169,578,561,1043,1217,575,1168,574,539,1218,1039],"product_tag":[],"class_list":{"0":"post-8066","1":"product","2":"type-product","3":"status-publish","4":"has-post-thumbnail","6":"product_cat-0-lesmateriaal-en-algemien","7":"product_cat-bern-2","8":"product_cat-cd-s-en-dvd-s","9":"product_cat-edukatyf","10":"product_cat-foar-bern","11":"product_cat-oanbieding-folwoeksenen","12":"product_cat-fryske-kanon","13":"product_cat-oanbiedingen","14":"product_cat-skiednis","15":"product_cat-skiednis-2","16":"product_cat-telefyzje","17":"product_shipping_class-brievenbus-verzending","18":"pa_auteur-1370","19":"pa_is-een-afuk-product-0-2","20":"pa_sale-label-1337","22":"first","23":"instock","24":"sale","25":"taxable","26":"shipping-taxable","27":"purchasable","28":"product-type-simple"},"acf":[],"yoast_head":"<!-- This site is optimized with the Yoast SEO plugin v27.3 - https:\/\/yoast.com\/product\/yoast-seo-wordpress\/ -->\n<title>De Fryske skiednis yn 11 &amp; 30 finsters III<\/title>\n<meta name=\"description\" content=\"De Fryske skiednis yn 11 &amp; 30 finsters III\" \/>\n<meta name=\"robots\" content=\"index, follow, max-snippet:-1, max-image-preview:large, max-video-preview:-1\" \/>\n<link rel=\"canonical\" href=\"https:\/\/websjop.afuk.frl\/nl\/winkel\/de-fryske-skiednis-yn-11-30-finsters-diel-trije\/\" \/>\n<meta property=\"og:locale\" content=\"nl_NL\" \/>\n<meta property=\"og:type\" content=\"article\" \/>\n<meta property=\"og:title\" content=\"De Fryske skiednis yn 11 &amp; 30 finsters III\" \/>\n<meta property=\"og:description\" content=\"De Fryske skiednis yn 11 &amp; 30 finsters III\" \/>\n<meta property=\"og:url\" content=\"https:\/\/websjop.afuk.frl\/nl\/winkel\/de-fryske-skiednis-yn-11-30-finsters-diel-trije\/\" \/>\n<meta property=\"og:site_name\" content=\"Af\u00fbk Websjop\" \/>\n<meta property=\"article:modified_time\" content=\"2025-01-09T14:31:53+00:00\" \/>\n<meta property=\"og:image\" content=\"https:\/\/websjop.afuk.frl\/wp-content\/uploads\/2014\/09\/products-product_4226_0.jpg\" \/>\n\t<meta property=\"og:image:width\" content=\"300\" \/>\n\t<meta property=\"og:image:height\" content=\"270\" \/>\n\t<meta property=\"og:image:type\" content=\"image\/jpeg\" \/>\n<meta name=\"twitter:card\" content=\"summary_large_image\" \/>\n<meta name=\"twitter:label1\" content=\"Geschatte leestijd\" \/>\n\t<meta name=\"twitter:data1\" content=\"1 minuut\" \/>\n<script type=\"application\/ld+json\" class=\"yoast-schema-graph\">{\"@context\":\"https:\\\/\\\/schema.org\",\"@graph\":[{\"@type\":\"WebPage\",\"@id\":\"https:\\\/\\\/websjop.afuk.frl\\\/nl\\\/winkel\\\/de-fryske-skiednis-yn-11-30-finsters-diel-trije\\\/\",\"url\":\"https:\\\/\\\/websjop.afuk.frl\\\/nl\\\/winkel\\\/de-fryske-skiednis-yn-11-30-finsters-diel-trije\\\/\",\"name\":\"De Fryske skiednis yn 11 & 30 finsters III\",\"isPartOf\":{\"@id\":\"https:\\\/\\\/websjop.afuk.frl\\\/nl\\\/#website\"},\"primaryImageOfPage\":{\"@id\":\"https:\\\/\\\/websjop.afuk.frl\\\/nl\\\/winkel\\\/de-fryske-skiednis-yn-11-30-finsters-diel-trije\\\/#primaryimage\"},\"image\":{\"@id\":\"https:\\\/\\\/websjop.afuk.frl\\\/nl\\\/winkel\\\/de-fryske-skiednis-yn-11-30-finsters-diel-trije\\\/#primaryimage\"},\"thumbnailUrl\":\"https:\\\/\\\/websjop.afuk.frl\\\/wp-content\\\/uploads\\\/2014\\\/09\\\/products-product_4226_0.jpg\",\"datePublished\":\"2014-09-10T06:53:22+00:00\",\"dateModified\":\"2025-01-09T14:31:53+00:00\",\"description\":\"De Fryske skiednis yn 11 & 30 finsters III\",\"breadcrumb\":{\"@id\":\"https:\\\/\\\/websjop.afuk.frl\\\/nl\\\/winkel\\\/de-fryske-skiednis-yn-11-30-finsters-diel-trije\\\/#breadcrumb\"},\"inLanguage\":\"nl-NL\",\"potentialAction\":[{\"@type\":\"ReadAction\",\"target\":[\"https:\\\/\\\/websjop.afuk.frl\\\/nl\\\/winkel\\\/de-fryske-skiednis-yn-11-30-finsters-diel-trije\\\/\"]}]},{\"@type\":\"ImageObject\",\"inLanguage\":\"nl-NL\",\"@id\":\"https:\\\/\\\/websjop.afuk.frl\\\/nl\\\/winkel\\\/de-fryske-skiednis-yn-11-30-finsters-diel-trije\\\/#primaryimage\",\"url\":\"https:\\\/\\\/websjop.afuk.frl\\\/wp-content\\\/uploads\\\/2014\\\/09\\\/products-product_4226_0.jpg\",\"contentUrl\":\"https:\\\/\\\/websjop.afuk.frl\\\/wp-content\\\/uploads\\\/2014\\\/09\\\/products-product_4226_0.jpg\",\"width\":300,\"height\":270,\"caption\":\"De Fryske skiednis yn 11 & 30 finsters III\"},{\"@type\":\"BreadcrumbList\",\"@id\":\"https:\\\/\\\/websjop.afuk.frl\\\/nl\\\/winkel\\\/de-fryske-skiednis-yn-11-30-finsters-diel-trije\\\/#breadcrumb\",\"itemListElement\":[{\"@type\":\"ListItem\",\"position\":1,\"name\":\"Home\",\"item\":\"https:\\\/\\\/websjop.afuk.frl\\\/nl\\\/\"},{\"@type\":\"ListItem\",\"position\":2,\"name\":\"Winkel\",\"item\":\"https:\\\/\\\/websjop.afuk.frl\\\/nl\\\/winkel\\\/\"},{\"@type\":\"ListItem\",\"position\":3,\"name\":\"De Fryske skiednis yn 11 &amp; 30 finsters, diel trije\"}]},{\"@type\":\"WebSite\",\"@id\":\"https:\\\/\\\/websjop.afuk.frl\\\/nl\\\/#website\",\"url\":\"https:\\\/\\\/websjop.afuk.frl\\\/nl\\\/\",\"name\":\"Af\u00fbk Websjop\",\"description\":\"\",\"potentialAction\":[{\"@type\":\"SearchAction\",\"target\":{\"@type\":\"EntryPoint\",\"urlTemplate\":\"https:\\\/\\\/websjop.afuk.frl\\\/nl\\\/?s={search_term_string}\"},\"query-input\":{\"@type\":\"PropertyValueSpecification\",\"valueRequired\":true,\"valueName\":\"search_term_string\"}}],\"inLanguage\":\"nl-NL\"}]}<\/script>\n<!-- \/ Yoast SEO plugin. -->","yoast_head_json":{"title":"De Fryske skiednis yn 11 & 30 finsters III","description":"De Fryske skiednis yn 11 & 30 finsters III","robots":{"index":"index","follow":"follow","max-snippet":"max-snippet:-1","max-image-preview":"max-image-preview:large","max-video-preview":"max-video-preview:-1"},"canonical":"https:\/\/websjop.afuk.frl\/nl\/winkel\/de-fryske-skiednis-yn-11-30-finsters-diel-trije\/","og_locale":"nl_NL","og_type":"article","og_title":"De Fryske skiednis yn 11 & 30 finsters III","og_description":"De Fryske skiednis yn 11 & 30 finsters III","og_url":"https:\/\/websjop.afuk.frl\/nl\/winkel\/de-fryske-skiednis-yn-11-30-finsters-diel-trije\/","og_site_name":"Af\u00fbk Websjop","article_modified_time":"2025-01-09T14:31:53+00:00","og_image":[{"width":300,"height":270,"url":"https:\/\/websjop.afuk.frl\/wp-content\/uploads\/2014\/09\/products-product_4226_0.jpg","type":"image\/jpeg"}],"twitter_card":"summary_large_image","twitter_misc":{"Geschatte leestijd":"1 minuut"},"schema":{"@context":"https:\/\/schema.org","@graph":[{"@type":"WebPage","@id":"https:\/\/websjop.afuk.frl\/nl\/winkel\/de-fryske-skiednis-yn-11-30-finsters-diel-trije\/","url":"https:\/\/websjop.afuk.frl\/nl\/winkel\/de-fryske-skiednis-yn-11-30-finsters-diel-trije\/","name":"De Fryske skiednis yn 11 & 30 finsters III","isPartOf":{"@id":"https:\/\/websjop.afuk.frl\/nl\/#website"},"primaryImageOfPage":{"@id":"https:\/\/websjop.afuk.frl\/nl\/winkel\/de-fryske-skiednis-yn-11-30-finsters-diel-trije\/#primaryimage"},"image":{"@id":"https:\/\/websjop.afuk.frl\/nl\/winkel\/de-fryske-skiednis-yn-11-30-finsters-diel-trije\/#primaryimage"},"thumbnailUrl":"https:\/\/websjop.afuk.frl\/wp-content\/uploads\/2014\/09\/products-product_4226_0.jpg","datePublished":"2014-09-10T06:53:22+00:00","dateModified":"2025-01-09T14:31:53+00:00","description":"De Fryske skiednis yn 11 & 30 finsters III","breadcrumb":{"@id":"https:\/\/websjop.afuk.frl\/nl\/winkel\/de-fryske-skiednis-yn-11-30-finsters-diel-trije\/#breadcrumb"},"inLanguage":"nl-NL","potentialAction":[{"@type":"ReadAction","target":["https:\/\/websjop.afuk.frl\/nl\/winkel\/de-fryske-skiednis-yn-11-30-finsters-diel-trije\/"]}]},{"@type":"ImageObject","inLanguage":"nl-NL","@id":"https:\/\/websjop.afuk.frl\/nl\/winkel\/de-fryske-skiednis-yn-11-30-finsters-diel-trije\/#primaryimage","url":"https:\/\/websjop.afuk.frl\/wp-content\/uploads\/2014\/09\/products-product_4226_0.jpg","contentUrl":"https:\/\/websjop.afuk.frl\/wp-content\/uploads\/2014\/09\/products-product_4226_0.jpg","width":300,"height":270,"caption":"De Fryske skiednis yn 11 & 30 finsters III"},{"@type":"BreadcrumbList","@id":"https:\/\/websjop.afuk.frl\/nl\/winkel\/de-fryske-skiednis-yn-11-30-finsters-diel-trije\/#breadcrumb","itemListElement":[{"@type":"ListItem","position":1,"name":"Home","item":"https:\/\/websjop.afuk.frl\/nl\/"},{"@type":"ListItem","position":2,"name":"Winkel","item":"https:\/\/websjop.afuk.frl\/nl\/winkel\/"},{"@type":"ListItem","position":3,"name":"De Fryske skiednis yn 11 &amp; 30 finsters, diel trije"}]},{"@type":"WebSite","@id":"https:\/\/websjop.afuk.frl\/nl\/#website","url":"https:\/\/websjop.afuk.frl\/nl\/","name":"Af\u00fbk Websjop","description":"","potentialAction":[{"@type":"SearchAction","target":{"@type":"EntryPoint","urlTemplate":"https:\/\/websjop.afuk.frl\/nl\/?s={search_term_string}"},"query-input":{"@type":"PropertyValueSpecification","valueRequired":true,"valueName":"search_term_string"}}],"inLanguage":"nl-NL"}]}},"_links":{"self":[{"href":"https:\/\/websjop.afuk.frl\/nl\/wp-json\/wp\/v2\/product\/8066","targetHints":{"allow":["GET"]}}],"collection":[{"href":"https:\/\/websjop.afuk.frl\/nl\/wp-json\/wp\/v2\/product"}],"about":[{"href":"https:\/\/websjop.afuk.frl\/nl\/wp-json\/wp\/v2\/types\/product"}],"replies":[{"embeddable":true,"href":"https:\/\/websjop.afuk.frl\/nl\/wp-json\/wp\/v2\/comments?post=8066"}],"wp:featuredmedia":[{"embeddable":true,"href":"https:\/\/websjop.afuk.frl\/nl\/wp-json\/wp\/v2\/media\/8067"}],"wp:attachment":[{"href":"https:\/\/websjop.afuk.frl\/nl\/wp-json\/wp\/v2\/media?parent=8066"}],"wp:term":[{"taxonomy":"product_brand","embeddable":true,"href":"https:\/\/websjop.afuk.frl\/nl\/wp-json\/wp\/v2\/product_brand?post=8066"},{"taxonomy":"product_cat","embeddable":true,"href":"https:\/\/websjop.afuk.frl\/nl\/wp-json\/wp\/v2\/product_cat?post=8066"},{"taxonomy":"product_tag","embeddable":true,"href":"https:\/\/websjop.afuk.frl\/nl\/wp-json\/wp\/v2\/product_tag?post=8066"}],"curies":[{"name":"wp","href":"https:\/\/api.w.org\/{rel}","templated":true}]}}