{"id":8044,"date":"2014-09-10T07:53:00","date_gmt":"2014-09-10T06:53:00","guid":{"rendered":"https:\/\/websjop.bwhontwerpers.nl\/?post_type=product&#038;p=8044"},"modified":"2020-09-01T08:15:59","modified_gmt":"2020-09-01T07:15:59","slug":"simmer-oan-e-pikmar","status":"publish","type":"product","link":"https:\/\/websjop.afuk.frl\/nl\/winkel\/simmer-oan-e-pikmar\/","title":{"rendered":"Simmer oan &#8216;e Pikmar"},"content":{"rendered":"<p>De \u00e2ld-Grouster Sybren Brouwer, studint yn Grins, docht fak\u00e2nsjewurk yn Grou. Hy hopet syn bestean wer fuotten \u00fbnder it gat te jaan, want syn ferkearing yn Grins is \u00fatskuord.<\/p>\n<p>Yn syn frije oeren stoart Sybren him mei syn freon Ljudger yn it nachtlibben fan Grou. Mar Sybren freget him \u00f4f oft it libben net mear hat te bieden. Dan treft er tafallich Japkje, dy\u2019t er noch ken fan syn klasse op de middelskoalle. Sy neamt har no Th\u00e9r\u00e8se en h\u00e2ldt mei freonen fak\u00e2nsje op de boat. Op skoalle hie Sybren in soad each foar har, mar dat wie net fan twa kanten. Dat liket no al hiel oars te w\u00eazen: Th\u00e9r\u00e8se hat it mei har freonen net al te al te nei it sin en sy in Sybren sjogge inoar mei g\u00e2ns oare eagen as op skoalle, of dochs net? En wat fynt Lineke, syn kollega yn de bar, d\u00ear fan? En wat is de rol fan Bartele, de buorman fan Sybren? Fan alle persoanen blykt Ljudger op it lange l\u00east de meast evenredige figuer te w\u00eazen, want wat giet it der om wei, d\u00ear oan \u2018e Pikmar.<\/p>\n","protected":false},"excerpt":{"rendered":"<p>roman<\/p>\n","protected":false},"featured_media":8045,"comment_status":"closed","ping_status":"closed","template":"","meta":{"_acf_changed":false},"product_brand":[],"product_cat":[535,537,1215,1313],"product_tag":[],"class_list":{"0":"post-8044","1":"product","2":"type-product","3":"status-publish","4":"has-post-thumbnail","6":"product_cat-fryske-boeken","7":"product_cat-romans","8":"product_cat-romans-en-literatuer","9":"product_cat-simmer-yn-fryslan","10":"product_shipping_class-brievenbus-verzending","11":"pa_auteur-sjieuwe-borger-2","12":"pa_is-een-afuk-product-0-2","13":"pa_sale-label-0-3","15":"first","16":"instock","17":"taxable","18":"shipping-taxable","19":"purchasable","20":"product-type-simple"},"acf":[],"yoast_head":"<!-- This site is optimized with the Yoast SEO plugin v27.3 - https:\/\/yoast.com\/product\/yoast-seo-wordpress\/ -->\n<title>Simmer oan &#039;e Pikmar<\/title>\n<meta name=\"description\" content=\"Simmer oan &#039;e Pikmar\" \/>\n<meta name=\"robots\" content=\"index, follow, max-snippet:-1, max-image-preview:large, max-video-preview:-1\" \/>\n<link rel=\"canonical\" href=\"https:\/\/websjop.afuk.frl\/nl\/winkel\/simmer-oan-e-pikmar\/\" \/>\n<meta property=\"og:locale\" content=\"nl_NL\" \/>\n<meta property=\"og:type\" content=\"article\" \/>\n<meta property=\"og:title\" content=\"Simmer oan &#039;e Pikmar\" \/>\n<meta property=\"og:description\" content=\"Simmer oan &#039;e Pikmar\" \/>\n<meta property=\"og:url\" content=\"https:\/\/websjop.afuk.frl\/nl\/winkel\/simmer-oan-e-pikmar\/\" \/>\n<meta property=\"og:site_name\" content=\"Af\u00fbk Websjop\" \/>\n<meta property=\"article:modified_time\" content=\"2020-09-01T07:15:59+00:00\" \/>\n<meta property=\"og:image\" content=\"https:\/\/websjop.afuk.frl\/wp-content\/uploads\/2014\/09\/products-product_4206_0.jpg\" \/>\n\t<meta property=\"og:image:width\" content=\"300\" \/>\n\t<meta property=\"og:image:height\" content=\"473\" \/>\n\t<meta property=\"og:image:type\" content=\"image\/jpeg\" \/>\n<meta name=\"twitter:card\" content=\"summary_large_image\" \/>\n<meta name=\"twitter:label1\" content=\"Geschatte leestijd\" \/>\n\t<meta name=\"twitter:data1\" content=\"1 minuut\" \/>\n<script type=\"application\/ld+json\" class=\"yoast-schema-graph\">{\"@context\":\"https:\\\/\\\/schema.org\",\"@graph\":[{\"@type\":\"WebPage\",\"@id\":\"https:\\\/\\\/websjop.afuk.frl\\\/nl\\\/winkel\\\/simmer-oan-e-pikmar\\\/\",\"url\":\"https:\\\/\\\/websjop.afuk.frl\\\/nl\\\/winkel\\\/simmer-oan-e-pikmar\\\/\",\"name\":\"Simmer oan 'e Pikmar\",\"isPartOf\":{\"@id\":\"https:\\\/\\\/websjop.afuk.frl\\\/nl\\\/#website\"},\"primaryImageOfPage\":{\"@id\":\"https:\\\/\\\/websjop.afuk.frl\\\/nl\\\/winkel\\\/simmer-oan-e-pikmar\\\/#primaryimage\"},\"image\":{\"@id\":\"https:\\\/\\\/websjop.afuk.frl\\\/nl\\\/winkel\\\/simmer-oan-e-pikmar\\\/#primaryimage\"},\"thumbnailUrl\":\"https:\\\/\\\/websjop.afuk.frl\\\/wp-content\\\/uploads\\\/2014\\\/09\\\/products-product_4206_0.jpg\",\"datePublished\":\"2014-09-10T06:53:00+00:00\",\"dateModified\":\"2020-09-01T07:15:59+00:00\",\"description\":\"Simmer oan 'e Pikmar\",\"breadcrumb\":{\"@id\":\"https:\\\/\\\/websjop.afuk.frl\\\/nl\\\/winkel\\\/simmer-oan-e-pikmar\\\/#breadcrumb\"},\"inLanguage\":\"nl-NL\",\"potentialAction\":[{\"@type\":\"ReadAction\",\"target\":[\"https:\\\/\\\/websjop.afuk.frl\\\/nl\\\/winkel\\\/simmer-oan-e-pikmar\\\/\"]}]},{\"@type\":\"ImageObject\",\"inLanguage\":\"nl-NL\",\"@id\":\"https:\\\/\\\/websjop.afuk.frl\\\/nl\\\/winkel\\\/simmer-oan-e-pikmar\\\/#primaryimage\",\"url\":\"https:\\\/\\\/websjop.afuk.frl\\\/wp-content\\\/uploads\\\/2014\\\/09\\\/products-product_4206_0.jpg\",\"contentUrl\":\"https:\\\/\\\/websjop.afuk.frl\\\/wp-content\\\/uploads\\\/2014\\\/09\\\/products-product_4206_0.jpg\",\"width\":300,\"height\":473,\"caption\":\"Simmer oan 'e Pikmar\"},{\"@type\":\"BreadcrumbList\",\"@id\":\"https:\\\/\\\/websjop.afuk.frl\\\/nl\\\/winkel\\\/simmer-oan-e-pikmar\\\/#breadcrumb\",\"itemListElement\":[{\"@type\":\"ListItem\",\"position\":1,\"name\":\"Home\",\"item\":\"https:\\\/\\\/websjop.afuk.frl\\\/nl\\\/\"},{\"@type\":\"ListItem\",\"position\":2,\"name\":\"Winkel\",\"item\":\"https:\\\/\\\/websjop.afuk.frl\\\/nl\\\/winkel\\\/\"},{\"@type\":\"ListItem\",\"position\":3,\"name\":\"Simmer oan &#8216;e Pikmar\"}]},{\"@type\":\"WebSite\",\"@id\":\"https:\\\/\\\/websjop.afuk.frl\\\/nl\\\/#website\",\"url\":\"https:\\\/\\\/websjop.afuk.frl\\\/nl\\\/\",\"name\":\"Af\u00fbk Websjop\",\"description\":\"\",\"potentialAction\":[{\"@type\":\"SearchAction\",\"target\":{\"@type\":\"EntryPoint\",\"urlTemplate\":\"https:\\\/\\\/websjop.afuk.frl\\\/nl\\\/?s={search_term_string}\"},\"query-input\":{\"@type\":\"PropertyValueSpecification\",\"valueRequired\":true,\"valueName\":\"search_term_string\"}}],\"inLanguage\":\"nl-NL\"}]}<\/script>\n<!-- \/ Yoast SEO plugin. -->","yoast_head_json":{"title":"Simmer oan 'e Pikmar","description":"Simmer oan 'e Pikmar","robots":{"index":"index","follow":"follow","max-snippet":"max-snippet:-1","max-image-preview":"max-image-preview:large","max-video-preview":"max-video-preview:-1"},"canonical":"https:\/\/websjop.afuk.frl\/nl\/winkel\/simmer-oan-e-pikmar\/","og_locale":"nl_NL","og_type":"article","og_title":"Simmer oan 'e Pikmar","og_description":"Simmer oan 'e Pikmar","og_url":"https:\/\/websjop.afuk.frl\/nl\/winkel\/simmer-oan-e-pikmar\/","og_site_name":"Af\u00fbk Websjop","article_modified_time":"2020-09-01T07:15:59+00:00","og_image":[{"width":300,"height":473,"url":"https:\/\/websjop.afuk.frl\/wp-content\/uploads\/2014\/09\/products-product_4206_0.jpg","type":"image\/jpeg"}],"twitter_card":"summary_large_image","twitter_misc":{"Geschatte leestijd":"1 minuut"},"schema":{"@context":"https:\/\/schema.org","@graph":[{"@type":"WebPage","@id":"https:\/\/websjop.afuk.frl\/nl\/winkel\/simmer-oan-e-pikmar\/","url":"https:\/\/websjop.afuk.frl\/nl\/winkel\/simmer-oan-e-pikmar\/","name":"Simmer oan 'e Pikmar","isPartOf":{"@id":"https:\/\/websjop.afuk.frl\/nl\/#website"},"primaryImageOfPage":{"@id":"https:\/\/websjop.afuk.frl\/nl\/winkel\/simmer-oan-e-pikmar\/#primaryimage"},"image":{"@id":"https:\/\/websjop.afuk.frl\/nl\/winkel\/simmer-oan-e-pikmar\/#primaryimage"},"thumbnailUrl":"https:\/\/websjop.afuk.frl\/wp-content\/uploads\/2014\/09\/products-product_4206_0.jpg","datePublished":"2014-09-10T06:53:00+00:00","dateModified":"2020-09-01T07:15:59+00:00","description":"Simmer oan 'e Pikmar","breadcrumb":{"@id":"https:\/\/websjop.afuk.frl\/nl\/winkel\/simmer-oan-e-pikmar\/#breadcrumb"},"inLanguage":"nl-NL","potentialAction":[{"@type":"ReadAction","target":["https:\/\/websjop.afuk.frl\/nl\/winkel\/simmer-oan-e-pikmar\/"]}]},{"@type":"ImageObject","inLanguage":"nl-NL","@id":"https:\/\/websjop.afuk.frl\/nl\/winkel\/simmer-oan-e-pikmar\/#primaryimage","url":"https:\/\/websjop.afuk.frl\/wp-content\/uploads\/2014\/09\/products-product_4206_0.jpg","contentUrl":"https:\/\/websjop.afuk.frl\/wp-content\/uploads\/2014\/09\/products-product_4206_0.jpg","width":300,"height":473,"caption":"Simmer oan 'e Pikmar"},{"@type":"BreadcrumbList","@id":"https:\/\/websjop.afuk.frl\/nl\/winkel\/simmer-oan-e-pikmar\/#breadcrumb","itemListElement":[{"@type":"ListItem","position":1,"name":"Home","item":"https:\/\/websjop.afuk.frl\/nl\/"},{"@type":"ListItem","position":2,"name":"Winkel","item":"https:\/\/websjop.afuk.frl\/nl\/winkel\/"},{"@type":"ListItem","position":3,"name":"Simmer oan &#8216;e Pikmar"}]},{"@type":"WebSite","@id":"https:\/\/websjop.afuk.frl\/nl\/#website","url":"https:\/\/websjop.afuk.frl\/nl\/","name":"Af\u00fbk Websjop","description":"","potentialAction":[{"@type":"SearchAction","target":{"@type":"EntryPoint","urlTemplate":"https:\/\/websjop.afuk.frl\/nl\/?s={search_term_string}"},"query-input":{"@type":"PropertyValueSpecification","valueRequired":true,"valueName":"search_term_string"}}],"inLanguage":"nl-NL"}]}},"_links":{"self":[{"href":"https:\/\/websjop.afuk.frl\/nl\/wp-json\/wp\/v2\/product\/8044","targetHints":{"allow":["GET"]}}],"collection":[{"href":"https:\/\/websjop.afuk.frl\/nl\/wp-json\/wp\/v2\/product"}],"about":[{"href":"https:\/\/websjop.afuk.frl\/nl\/wp-json\/wp\/v2\/types\/product"}],"replies":[{"embeddable":true,"href":"https:\/\/websjop.afuk.frl\/nl\/wp-json\/wp\/v2\/comments?post=8044"}],"wp:featuredmedia":[{"embeddable":true,"href":"https:\/\/websjop.afuk.frl\/nl\/wp-json\/wp\/v2\/media\/8045"}],"wp:attachment":[{"href":"https:\/\/websjop.afuk.frl\/nl\/wp-json\/wp\/v2\/media?parent=8044"}],"wp:term":[{"taxonomy":"product_brand","embeddable":true,"href":"https:\/\/websjop.afuk.frl\/nl\/wp-json\/wp\/v2\/product_brand?post=8044"},{"taxonomy":"product_cat","embeddable":true,"href":"https:\/\/websjop.afuk.frl\/nl\/wp-json\/wp\/v2\/product_cat?post=8044"},{"taxonomy":"product_tag","embeddable":true,"href":"https:\/\/websjop.afuk.frl\/nl\/wp-json\/wp\/v2\/product_tag?post=8044"}],"curies":[{"name":"wp","href":"https:\/\/api.w.org\/{rel}","templated":true}]}}