{"id":7983,"date":"2014-09-10T07:46:40","date_gmt":"2014-09-10T06:46:40","guid":{"rendered":"https:\/\/websjop.bwhontwerpers.nl\/?post_type=product&#038;p=7983"},"modified":"2019-11-05T16:00:33","modified_gmt":"2019-11-05T15:00:33","slug":"ien-foar-de-wraak-audioboek","status":"publish","type":"product","link":"https:\/\/websjop.afuk.frl\/nl\/winkel\/ien-foar-de-wraak-audioboek\/","title":{"rendered":"Ien foar de wraak &#8211; Audioboek"},"content":{"rendered":"<p><em><strong>L\u00fasterboek<\/strong><\/em><\/p>\n<p><em>Ien foar de wraak<\/em>, de deb\u00fatroman fan Joop Boomsma, is de earste psychologyske misdiedroman yn de moderne Fryske literatuer. In misdiedroman dy&#8217;t Piter Terpstra doedestiids op slach werkende as \u2018de b\u00easte&#8217; yn syn soarte.<\/p>\n<p>Yn it begjin fan de maitiidsfak\u00e2nsje wurdt yn in Ljouwerter MAVO it lyk f\u00fbn fan learaar Arnold Hagen. As it plysje\u00fbndersyk nei in skoftsje liket te mislearjen giet freon en kollega Jaap Dykstra sels op \u00fbndersyk \u00fat. Hy pakt de tried op dy&#8217;t de offisjele ynst\u00e2nsjes neffens him sl\u00fbpe litten hawwe. Mar hy krijt al gau yn &#8216;e rekken dat sok speurderswurk net alhiel s\u00fbnder gefaar is &#8211; der falle slachtoffers.<\/p>\n<p>Joop Boomsma is nei 1988 mei in soad s\u00fakses fierder gien op it misdiedpaad. Sa publisearre er <em>Kwea jild <\/em>(roman, 1989), <em>Picasso, l\u00easte wurk <\/em>(ferhalen, 1992), <em>In frou mei ljochtblauwe eagen <\/em>(boekewikegeskink, 1994) en <em>Yn reek ferflein <\/em>(roman, 1998). Hy trune ek kollegaskriuwers oan om misdiedferhalen te skriuwen, dy&#8217;t bondele binne yn <em>Fryske Misdiedferhalen <\/em>(1991) en <em>Knyflok en Reidmannen <\/em>(1994). Boomsma syn boeken spylje yn de wr\u00e2ld fan de \u2018moderne&#8217; misdied. D\u00fadlik is te fernimmen dat hy him goed dokumintearret oer alle aspekten fan it plysje- en rezjersjewurk.<\/p>\n<p>Foarl\u00eazen troch Sjoerd van Beem<\/p>\n<p>3 cd&#8217;s<\/p>\n","protected":false},"excerpt":{"rendered":"<p>Foarl\u00eazen troch Sjoerd van Beem<\/p>\n","protected":false},"featured_media":7984,"comment_status":"closed","ping_status":"closed","template":"","meta":{"_acf_changed":false},"product_brand":[],"product_cat":[535,547],"product_tag":[5780,5789,5781],"class_list":{"0":"post-7983","1":"product","2":"type-product","3":"status-publish","4":"has-post-thumbnail","6":"product_cat-fryske-boeken","7":"product_cat-lusterboeken","8":"product_tag-audioboek","9":"product_tag-ien-foar-de-wraak","10":"product_tag-lusterboeken","11":"product_shipping_class-brievenbus-verzending","12":"pa_auteur-joop-boomsma-2","13":"pa_isbn-1953","14":"pa_taal-frysk","15":"pa_uitgever-audiofrysk","17":"first","18":"instock","19":"taxable","20":"shipping-taxable","21":"purchasable","22":"product-type-simple"},"acf":[],"yoast_head":"<!-- This site is optimized with the Yoast SEO plugin v27.2 - https:\/\/yoast.com\/product\/yoast-seo-wordpress\/ -->\n<title>Ien foar de wraak - Audioboek<\/title>\n<meta name=\"description\" content=\"Foarl\u00eazen troch Sjoerd van Beem\" \/>\n<meta name=\"robots\" content=\"index, follow, max-snippet:-1, max-image-preview:large, max-video-preview:-1\" \/>\n<link rel=\"canonical\" href=\"https:\/\/websjop.afuk.frl\/nl\/winkel\/ien-foar-de-wraak-audioboek\/\" \/>\n<meta property=\"og:locale\" content=\"nl_NL\" \/>\n<meta property=\"og:type\" content=\"article\" \/>\n<meta property=\"og:title\" content=\"Ien foar de wraak - Audioboek\" \/>\n<meta property=\"og:description\" content=\"Foarl\u00eazen troch Sjoerd van Beem\" \/>\n<meta property=\"og:url\" content=\"https:\/\/websjop.afuk.frl\/nl\/winkel\/ien-foar-de-wraak-audioboek\/\" \/>\n<meta property=\"og:site_name\" content=\"Af\u00fbk Websjop\" \/>\n<meta property=\"article:modified_time\" content=\"2019-11-05T15:00:33+00:00\" \/>\n<meta property=\"og:image\" content=\"https:\/\/websjop.afuk.frl\/wp-content\/uploads\/2014\/09\/products-product_4131_0.jpg\" \/>\n\t<meta property=\"og:image:width\" content=\"300\" \/>\n\t<meta property=\"og:image:height\" content=\"427\" \/>\n\t<meta property=\"og:image:type\" content=\"image\/jpeg\" \/>\n<meta name=\"twitter:card\" content=\"summary_large_image\" \/>\n<meta name=\"twitter:label1\" content=\"Geschatte leestijd\" \/>\n\t<meta name=\"twitter:data1\" content=\"1 minuut\" \/>\n<script type=\"application\/ld+json\" class=\"yoast-schema-graph\">{\"@context\":\"https:\/\/schema.org\",\"@graph\":[{\"@type\":\"WebPage\",\"@id\":\"https:\/\/websjop.afuk.frl\/nl\/winkel\/ien-foar-de-wraak-audioboek\/\",\"url\":\"https:\/\/websjop.afuk.frl\/nl\/winkel\/ien-foar-de-wraak-audioboek\/\",\"name\":\"Ien foar de wraak - Audioboek\",\"isPartOf\":{\"@id\":\"https:\/\/websjop.afuk.frl\/nl\/#website\"},\"primaryImageOfPage\":{\"@id\":\"https:\/\/websjop.afuk.frl\/nl\/winkel\/ien-foar-de-wraak-audioboek\/#primaryimage\"},\"image\":{\"@id\":\"https:\/\/websjop.afuk.frl\/nl\/winkel\/ien-foar-de-wraak-audioboek\/#primaryimage\"},\"thumbnailUrl\":\"https:\/\/websjop.afuk.frl\/wp-content\/uploads\/2014\/09\/products-product_4131_0.jpg\",\"datePublished\":\"2014-09-10T06:46:40+00:00\",\"dateModified\":\"2019-11-05T15:00:33+00:00\",\"description\":\"Foarl\u00eazen troch Sjoerd van Beem\",\"breadcrumb\":{\"@id\":\"https:\/\/websjop.afuk.frl\/nl\/winkel\/ien-foar-de-wraak-audioboek\/#breadcrumb\"},\"inLanguage\":\"nl-NL\",\"potentialAction\":[{\"@type\":\"ReadAction\",\"target\":[\"https:\/\/websjop.afuk.frl\/nl\/winkel\/ien-foar-de-wraak-audioboek\/\"]}]},{\"@type\":\"ImageObject\",\"inLanguage\":\"nl-NL\",\"@id\":\"https:\/\/websjop.afuk.frl\/nl\/winkel\/ien-foar-de-wraak-audioboek\/#primaryimage\",\"url\":\"https:\/\/websjop.afuk.frl\/wp-content\/uploads\/2014\/09\/products-product_4131_0.jpg\",\"contentUrl\":\"https:\/\/websjop.afuk.frl\/wp-content\/uploads\/2014\/09\/products-product_4131_0.jpg\",\"width\":300,\"height\":427,\"caption\":\"Ien foar de wraak - Audioboek\"},{\"@type\":\"BreadcrumbList\",\"@id\":\"https:\/\/websjop.afuk.frl\/nl\/winkel\/ien-foar-de-wraak-audioboek\/#breadcrumb\",\"itemListElement\":[{\"@type\":\"ListItem\",\"position\":1,\"name\":\"Home\",\"item\":\"https:\/\/websjop.afuk.frl\/nl\/\"},{\"@type\":\"ListItem\",\"position\":2,\"name\":\"Winkel\",\"item\":\"https:\/\/websjop.afuk.frl\/nl\/winkel\/\"},{\"@type\":\"ListItem\",\"position\":3,\"name\":\"Ien foar de wraak &#8211; Audioboek\"}]},{\"@type\":\"WebSite\",\"@id\":\"https:\/\/websjop.afuk.frl\/nl\/#website\",\"url\":\"https:\/\/websjop.afuk.frl\/nl\/\",\"name\":\"Af\u00fbk Websjop\",\"description\":\"\",\"potentialAction\":[{\"@type\":\"SearchAction\",\"target\":{\"@type\":\"EntryPoint\",\"urlTemplate\":\"https:\/\/websjop.afuk.frl\/nl\/?s={search_term_string}\"},\"query-input\":{\"@type\":\"PropertyValueSpecification\",\"valueRequired\":true,\"valueName\":\"search_term_string\"}}],\"inLanguage\":\"nl-NL\"}]}<\/script>\n<!-- \/ Yoast SEO plugin. -->","yoast_head_json":{"title":"Ien foar de wraak - Audioboek","description":"Foarl\u00eazen troch Sjoerd van Beem","robots":{"index":"index","follow":"follow","max-snippet":"max-snippet:-1","max-image-preview":"max-image-preview:large","max-video-preview":"max-video-preview:-1"},"canonical":"https:\/\/websjop.afuk.frl\/nl\/winkel\/ien-foar-de-wraak-audioboek\/","og_locale":"nl_NL","og_type":"article","og_title":"Ien foar de wraak - Audioboek","og_description":"Foarl\u00eazen troch Sjoerd van Beem","og_url":"https:\/\/websjop.afuk.frl\/nl\/winkel\/ien-foar-de-wraak-audioboek\/","og_site_name":"Af\u00fbk Websjop","article_modified_time":"2019-11-05T15:00:33+00:00","og_image":[{"width":300,"height":427,"url":"https:\/\/websjop.afuk.frl\/wp-content\/uploads\/2014\/09\/products-product_4131_0.jpg","type":"image\/jpeg"}],"twitter_card":"summary_large_image","twitter_misc":{"Geschatte leestijd":"1 minuut"},"schema":{"@context":"https:\/\/schema.org","@graph":[{"@type":"WebPage","@id":"https:\/\/websjop.afuk.frl\/nl\/winkel\/ien-foar-de-wraak-audioboek\/","url":"https:\/\/websjop.afuk.frl\/nl\/winkel\/ien-foar-de-wraak-audioboek\/","name":"Ien foar de wraak - Audioboek","isPartOf":{"@id":"https:\/\/websjop.afuk.frl\/nl\/#website"},"primaryImageOfPage":{"@id":"https:\/\/websjop.afuk.frl\/nl\/winkel\/ien-foar-de-wraak-audioboek\/#primaryimage"},"image":{"@id":"https:\/\/websjop.afuk.frl\/nl\/winkel\/ien-foar-de-wraak-audioboek\/#primaryimage"},"thumbnailUrl":"https:\/\/websjop.afuk.frl\/wp-content\/uploads\/2014\/09\/products-product_4131_0.jpg","datePublished":"2014-09-10T06:46:40+00:00","dateModified":"2019-11-05T15:00:33+00:00","description":"Foarl\u00eazen troch Sjoerd van Beem","breadcrumb":{"@id":"https:\/\/websjop.afuk.frl\/nl\/winkel\/ien-foar-de-wraak-audioboek\/#breadcrumb"},"inLanguage":"nl-NL","potentialAction":[{"@type":"ReadAction","target":["https:\/\/websjop.afuk.frl\/nl\/winkel\/ien-foar-de-wraak-audioboek\/"]}]},{"@type":"ImageObject","inLanguage":"nl-NL","@id":"https:\/\/websjop.afuk.frl\/nl\/winkel\/ien-foar-de-wraak-audioboek\/#primaryimage","url":"https:\/\/websjop.afuk.frl\/wp-content\/uploads\/2014\/09\/products-product_4131_0.jpg","contentUrl":"https:\/\/websjop.afuk.frl\/wp-content\/uploads\/2014\/09\/products-product_4131_0.jpg","width":300,"height":427,"caption":"Ien foar de wraak - Audioboek"},{"@type":"BreadcrumbList","@id":"https:\/\/websjop.afuk.frl\/nl\/winkel\/ien-foar-de-wraak-audioboek\/#breadcrumb","itemListElement":[{"@type":"ListItem","position":1,"name":"Home","item":"https:\/\/websjop.afuk.frl\/nl\/"},{"@type":"ListItem","position":2,"name":"Winkel","item":"https:\/\/websjop.afuk.frl\/nl\/winkel\/"},{"@type":"ListItem","position":3,"name":"Ien foar de wraak &#8211; Audioboek"}]},{"@type":"WebSite","@id":"https:\/\/websjop.afuk.frl\/nl\/#website","url":"https:\/\/websjop.afuk.frl\/nl\/","name":"Af\u00fbk Websjop","description":"","potentialAction":[{"@type":"SearchAction","target":{"@type":"EntryPoint","urlTemplate":"https:\/\/websjop.afuk.frl\/nl\/?s={search_term_string}"},"query-input":{"@type":"PropertyValueSpecification","valueRequired":true,"valueName":"search_term_string"}}],"inLanguage":"nl-NL"}]}},"_links":{"self":[{"href":"https:\/\/websjop.afuk.frl\/nl\/wp-json\/wp\/v2\/product\/7983","targetHints":{"allow":["GET"]}}],"collection":[{"href":"https:\/\/websjop.afuk.frl\/nl\/wp-json\/wp\/v2\/product"}],"about":[{"href":"https:\/\/websjop.afuk.frl\/nl\/wp-json\/wp\/v2\/types\/product"}],"replies":[{"embeddable":true,"href":"https:\/\/websjop.afuk.frl\/nl\/wp-json\/wp\/v2\/comments?post=7983"}],"wp:featuredmedia":[{"embeddable":true,"href":"https:\/\/websjop.afuk.frl\/nl\/wp-json\/wp\/v2\/media\/7984"}],"wp:attachment":[{"href":"https:\/\/websjop.afuk.frl\/nl\/wp-json\/wp\/v2\/media?parent=7983"}],"wp:term":[{"taxonomy":"product_brand","embeddable":true,"href":"https:\/\/websjop.afuk.frl\/nl\/wp-json\/wp\/v2\/product_brand?post=7983"},{"taxonomy":"product_cat","embeddable":true,"href":"https:\/\/websjop.afuk.frl\/nl\/wp-json\/wp\/v2\/product_cat?post=7983"},{"taxonomy":"product_tag","embeddable":true,"href":"https:\/\/websjop.afuk.frl\/nl\/wp-json\/wp\/v2\/product_tag?post=7983"}],"curies":[{"name":"wp","href":"https:\/\/api.w.org\/{rel}","templated":true}]}}