{"id":7981,"date":"2014-09-10T05:46:35","date_gmt":"2014-09-10T04:46:35","guid":{"rendered":"https:\/\/websjop.bwhontwerpers.nl\/?post_type=product&#038;p=7981"},"modified":"2021-11-02T21:32:42","modified_gmt":"2021-11-02T20:32:42","slug":"it-heksershol-audioboek","status":"publish","type":"product","link":"https:\/\/websjop.afuk.frl\/nl\/winkel\/it-heksershol-audioboek\/","title":{"rendered":"It Heksershol &#8211; Audioboek"},"content":{"rendered":"<p><em><strong>L\u00fasterboek<\/strong><\/em><\/p>\n<p>It Heksershol is publisearre yn de Rimen en Teltsjes, dat twa jier nei it ferstjerren fan J.H. Halbertsma yn 1871 ferskynde.<br \/>\nNeitiid is it yn 1963 troch Theun de Vries oersetten yn it Nederl\u00e2nsk en as los boekje yn de Wereld Bibliotheek-searje ferskynd.<br \/>\nOmdat it yn it Frysk nea as apart boekwurk op de merk kommen is, jout dit harkboek in moaie gelegenheid om yn de kunde te kommen mei de fertelkeunst fan de Halbertsma&#8217;s.<\/p>\n<p>Koartwei is It Heksershol it ferhaal fan Goasse Knop, dy&#8217;t syn siel oan de duvel ferkocht, fan syn nuveraardige aventoeren d\u00ear&#8217;t er yn bel\u00e2ne op syn libbensreis troch it hiele \u00c2lde Frysl\u00e2n, fan de skelmstikken dy&#8217;t er begie en hoe&#8217;t er raar oan syn ein kaam.<\/p>\n<p>Foarl\u00eazen troch Wouter van der Wal<\/p>\n<p>3 cd&#8217;s<\/p>\n","protected":false},"excerpt":{"rendered":"<p>Audioboek, foarl\u00eazen troch Wouter van der Wal<\/p>\n","protected":false},"featured_media":7982,"comment_status":"closed","ping_status":"closed","template":"","meta":{"_acf_changed":false},"product_brand":[],"product_cat":[1191,535,547],"product_tag":[5780,5796,5781],"class_list":{"0":"post-7981","1":"product","2":"type-product","3":"status-publish","4":"has-post-thumbnail","6":"product_cat-22-joast-hiddes-halbertsma","7":"product_cat-fryske-boeken","8":"product_cat-lusterboeken","9":"product_tag-audioboek","10":"product_tag-it-heksershol","11":"product_tag-lusterboeken","12":"product_shipping_class-brievenbus-verzending","13":"pa_auteur-j-h-halbertsma","14":"pa_isbn-1951","15":"pa_taal-frysk","16":"pa_uitgever-audiofrysk","18":"first","19":"instock","20":"taxable","21":"shipping-taxable","22":"purchasable","23":"product-type-simple"},"acf":[],"yoast_head":"<!-- This site is optimized with the Yoast SEO plugin v27.3 - https:\/\/yoast.com\/product\/yoast-seo-wordpress\/ -->\n<title>It Heksershol - Audioboek<\/title>\n<meta name=\"description\" content=\"Foarl\u00eazen trouch Wouter van der Wal\" \/>\n<meta name=\"robots\" content=\"index, follow, max-snippet:-1, max-image-preview:large, max-video-preview:-1\" \/>\n<link rel=\"canonical\" href=\"https:\/\/websjop.afuk.frl\/nl\/winkel\/it-heksershol-audioboek\/\" \/>\n<meta property=\"og:locale\" content=\"nl_NL\" \/>\n<meta property=\"og:type\" content=\"article\" \/>\n<meta property=\"og:title\" content=\"It Heksershol - Audioboek\" \/>\n<meta property=\"og:description\" content=\"Foarl\u00eazen trouch Wouter van der Wal\" \/>\n<meta property=\"og:url\" content=\"https:\/\/websjop.afuk.frl\/nl\/winkel\/it-heksershol-audioboek\/\" \/>\n<meta property=\"og:site_name\" content=\"Af\u00fbk Websjop\" \/>\n<meta property=\"article:modified_time\" content=\"2021-11-02T20:32:42+00:00\" \/>\n<meta property=\"og:image\" content=\"https:\/\/websjop.afuk.frl\/wp-content\/uploads\/2014\/09\/products-product_4127_0.jpg\" \/>\n\t<meta property=\"og:image:width\" content=\"300\" \/>\n\t<meta property=\"og:image:height\" content=\"430\" \/>\n\t<meta property=\"og:image:type\" content=\"image\/jpeg\" \/>\n<meta name=\"twitter:card\" content=\"summary_large_image\" \/>\n<meta name=\"twitter:label1\" content=\"Geschatte leestijd\" \/>\n\t<meta name=\"twitter:data1\" content=\"1 minuut\" \/>\n<script type=\"application\/ld+json\" class=\"yoast-schema-graph\">{\"@context\":\"https:\\\/\\\/schema.org\",\"@graph\":[{\"@type\":\"WebPage\",\"@id\":\"https:\\\/\\\/websjop.afuk.frl\\\/nl\\\/winkel\\\/it-heksershol-audioboek\\\/\",\"url\":\"https:\\\/\\\/websjop.afuk.frl\\\/nl\\\/winkel\\\/it-heksershol-audioboek\\\/\",\"name\":\"It Heksershol - Audioboek\",\"isPartOf\":{\"@id\":\"https:\\\/\\\/websjop.afuk.frl\\\/nl\\\/#website\"},\"primaryImageOfPage\":{\"@id\":\"https:\\\/\\\/websjop.afuk.frl\\\/nl\\\/winkel\\\/it-heksershol-audioboek\\\/#primaryimage\"},\"image\":{\"@id\":\"https:\\\/\\\/websjop.afuk.frl\\\/nl\\\/winkel\\\/it-heksershol-audioboek\\\/#primaryimage\"},\"thumbnailUrl\":\"https:\\\/\\\/websjop.afuk.frl\\\/wp-content\\\/uploads\\\/2014\\\/09\\\/products-product_4127_0.jpg\",\"datePublished\":\"2014-09-10T04:46:35+00:00\",\"dateModified\":\"2021-11-02T20:32:42+00:00\",\"description\":\"Foarl\u00eazen trouch Wouter van der Wal\",\"breadcrumb\":{\"@id\":\"https:\\\/\\\/websjop.afuk.frl\\\/nl\\\/winkel\\\/it-heksershol-audioboek\\\/#breadcrumb\"},\"inLanguage\":\"nl-NL\",\"potentialAction\":[{\"@type\":\"ReadAction\",\"target\":[\"https:\\\/\\\/websjop.afuk.frl\\\/nl\\\/winkel\\\/it-heksershol-audioboek\\\/\"]}]},{\"@type\":\"ImageObject\",\"inLanguage\":\"nl-NL\",\"@id\":\"https:\\\/\\\/websjop.afuk.frl\\\/nl\\\/winkel\\\/it-heksershol-audioboek\\\/#primaryimage\",\"url\":\"https:\\\/\\\/websjop.afuk.frl\\\/wp-content\\\/uploads\\\/2014\\\/09\\\/products-product_4127_0.jpg\",\"contentUrl\":\"https:\\\/\\\/websjop.afuk.frl\\\/wp-content\\\/uploads\\\/2014\\\/09\\\/products-product_4127_0.jpg\",\"width\":300,\"height\":430,\"caption\":\"It Heksershol - Audioboek\"},{\"@type\":\"BreadcrumbList\",\"@id\":\"https:\\\/\\\/websjop.afuk.frl\\\/nl\\\/winkel\\\/it-heksershol-audioboek\\\/#breadcrumb\",\"itemListElement\":[{\"@type\":\"ListItem\",\"position\":1,\"name\":\"Home\",\"item\":\"https:\\\/\\\/websjop.afuk.frl\\\/nl\\\/\"},{\"@type\":\"ListItem\",\"position\":2,\"name\":\"Winkel\",\"item\":\"https:\\\/\\\/websjop.afuk.frl\\\/nl\\\/winkel\\\/\"},{\"@type\":\"ListItem\",\"position\":3,\"name\":\"It Heksershol &#8211; Audioboek\"}]},{\"@type\":\"WebSite\",\"@id\":\"https:\\\/\\\/websjop.afuk.frl\\\/nl\\\/#website\",\"url\":\"https:\\\/\\\/websjop.afuk.frl\\\/nl\\\/\",\"name\":\"Af\u00fbk Websjop\",\"description\":\"\",\"potentialAction\":[{\"@type\":\"SearchAction\",\"target\":{\"@type\":\"EntryPoint\",\"urlTemplate\":\"https:\\\/\\\/websjop.afuk.frl\\\/nl\\\/?s={search_term_string}\"},\"query-input\":{\"@type\":\"PropertyValueSpecification\",\"valueRequired\":true,\"valueName\":\"search_term_string\"}}],\"inLanguage\":\"nl-NL\"}]}<\/script>\n<!-- \/ Yoast SEO plugin. -->","yoast_head_json":{"title":"It Heksershol - Audioboek","description":"Foarl\u00eazen trouch Wouter van der Wal","robots":{"index":"index","follow":"follow","max-snippet":"max-snippet:-1","max-image-preview":"max-image-preview:large","max-video-preview":"max-video-preview:-1"},"canonical":"https:\/\/websjop.afuk.frl\/nl\/winkel\/it-heksershol-audioboek\/","og_locale":"nl_NL","og_type":"article","og_title":"It Heksershol - Audioboek","og_description":"Foarl\u00eazen trouch Wouter van der Wal","og_url":"https:\/\/websjop.afuk.frl\/nl\/winkel\/it-heksershol-audioboek\/","og_site_name":"Af\u00fbk Websjop","article_modified_time":"2021-11-02T20:32:42+00:00","og_image":[{"width":300,"height":430,"url":"https:\/\/websjop.afuk.frl\/wp-content\/uploads\/2014\/09\/products-product_4127_0.jpg","type":"image\/jpeg"}],"twitter_card":"summary_large_image","twitter_misc":{"Geschatte leestijd":"1 minuut"},"schema":{"@context":"https:\/\/schema.org","@graph":[{"@type":"WebPage","@id":"https:\/\/websjop.afuk.frl\/nl\/winkel\/it-heksershol-audioboek\/","url":"https:\/\/websjop.afuk.frl\/nl\/winkel\/it-heksershol-audioboek\/","name":"It Heksershol - Audioboek","isPartOf":{"@id":"https:\/\/websjop.afuk.frl\/nl\/#website"},"primaryImageOfPage":{"@id":"https:\/\/websjop.afuk.frl\/nl\/winkel\/it-heksershol-audioboek\/#primaryimage"},"image":{"@id":"https:\/\/websjop.afuk.frl\/nl\/winkel\/it-heksershol-audioboek\/#primaryimage"},"thumbnailUrl":"https:\/\/websjop.afuk.frl\/wp-content\/uploads\/2014\/09\/products-product_4127_0.jpg","datePublished":"2014-09-10T04:46:35+00:00","dateModified":"2021-11-02T20:32:42+00:00","description":"Foarl\u00eazen trouch Wouter van der Wal","breadcrumb":{"@id":"https:\/\/websjop.afuk.frl\/nl\/winkel\/it-heksershol-audioboek\/#breadcrumb"},"inLanguage":"nl-NL","potentialAction":[{"@type":"ReadAction","target":["https:\/\/websjop.afuk.frl\/nl\/winkel\/it-heksershol-audioboek\/"]}]},{"@type":"ImageObject","inLanguage":"nl-NL","@id":"https:\/\/websjop.afuk.frl\/nl\/winkel\/it-heksershol-audioboek\/#primaryimage","url":"https:\/\/websjop.afuk.frl\/wp-content\/uploads\/2014\/09\/products-product_4127_0.jpg","contentUrl":"https:\/\/websjop.afuk.frl\/wp-content\/uploads\/2014\/09\/products-product_4127_0.jpg","width":300,"height":430,"caption":"It Heksershol - Audioboek"},{"@type":"BreadcrumbList","@id":"https:\/\/websjop.afuk.frl\/nl\/winkel\/it-heksershol-audioboek\/#breadcrumb","itemListElement":[{"@type":"ListItem","position":1,"name":"Home","item":"https:\/\/websjop.afuk.frl\/nl\/"},{"@type":"ListItem","position":2,"name":"Winkel","item":"https:\/\/websjop.afuk.frl\/nl\/winkel\/"},{"@type":"ListItem","position":3,"name":"It Heksershol &#8211; Audioboek"}]},{"@type":"WebSite","@id":"https:\/\/websjop.afuk.frl\/nl\/#website","url":"https:\/\/websjop.afuk.frl\/nl\/","name":"Af\u00fbk Websjop","description":"","potentialAction":[{"@type":"SearchAction","target":{"@type":"EntryPoint","urlTemplate":"https:\/\/websjop.afuk.frl\/nl\/?s={search_term_string}"},"query-input":{"@type":"PropertyValueSpecification","valueRequired":true,"valueName":"search_term_string"}}],"inLanguage":"nl-NL"}]}},"_links":{"self":[{"href":"https:\/\/websjop.afuk.frl\/nl\/wp-json\/wp\/v2\/product\/7981","targetHints":{"allow":["GET"]}}],"collection":[{"href":"https:\/\/websjop.afuk.frl\/nl\/wp-json\/wp\/v2\/product"}],"about":[{"href":"https:\/\/websjop.afuk.frl\/nl\/wp-json\/wp\/v2\/types\/product"}],"replies":[{"embeddable":true,"href":"https:\/\/websjop.afuk.frl\/nl\/wp-json\/wp\/v2\/comments?post=7981"}],"wp:featuredmedia":[{"embeddable":true,"href":"https:\/\/websjop.afuk.frl\/nl\/wp-json\/wp\/v2\/media\/7982"}],"wp:attachment":[{"href":"https:\/\/websjop.afuk.frl\/nl\/wp-json\/wp\/v2\/media?parent=7981"}],"wp:term":[{"taxonomy":"product_brand","embeddable":true,"href":"https:\/\/websjop.afuk.frl\/nl\/wp-json\/wp\/v2\/product_brand?post=7981"},{"taxonomy":"product_cat","embeddable":true,"href":"https:\/\/websjop.afuk.frl\/nl\/wp-json\/wp\/v2\/product_cat?post=7981"},{"taxonomy":"product_tag","embeddable":true,"href":"https:\/\/websjop.afuk.frl\/nl\/wp-json\/wp\/v2\/product_tag?post=7981"}],"curies":[{"name":"wp","href":"https:\/\/api.w.org\/{rel}","templated":true}]}}