{"id":7971,"date":"2014-09-10T03:46:28","date_gmt":"2014-09-10T02:46:28","guid":{"rendered":"https:\/\/websjop.bwhontwerpers.nl\/?post_type=product&#038;p=7971"},"modified":"2019-11-05T16:00:34","modified_gmt":"2019-11-05T15:00:34","slug":"de-traveliers-it-goud-fan-de-aboriginals","status":"publish","type":"product","link":"https:\/\/websjop.afuk.frl\/nl\/winkel\/de-traveliers-it-goud-fan-de-aboriginals\/","title":{"rendered":"De Traveliers: It goud fan de Aboriginals &#8211; Audioboek"},"content":{"rendered":"<p><em><strong>L\u00fasterboek<\/strong><\/em><\/p>\n<p>De Traveliers is in searje spannende en nijsgjirrige boeken foar bern fan 10 jier \u00f4f. De famylje Travelier reizget de wr\u00e2ld oer. Mei troch it wurk fan heit foar alderhanne projekten yn it b\u00fbtenl\u00e2n, komme Hidde en Fardau op plakken d\u00ear&#8217;t it aventoer om &#8216;e hoeke leit. Nei&#8217;t se in skoftke r\u00fbn hawwe, seit Hidde: &#8216;W\u00ear binne dy tekeningen no? Wy binne dochs echt fan dizze kant kommen.&#8217; &#8216;Ja,&#8217; seit Fardau, &#8216;wy hiene der al lang w\u00eaze moatten. Of wie it miskien in bytsje de oare kant \u00fat?&#8217;<\/p>\n<p>De panyk slacht ta. &#8216;Wy sitte midden yn de woastyn. Wy ha gjin iten en drinken by \u00fas. En dy sinne!&#8217; \u00dat it neat ferskynt ynienen in ploechje minsken. Brune minsken. Aboriginals, sjogge se daalk oan de gesichten. De mannen drage spearen as wapens&#8230;<\/p>\n<p>Foarl\u00eazen troch de skriuwer<\/p>\n<p>2 cd&#8217;s<\/p>\n","protected":false},"excerpt":{"rendered":"<p>Audioboek, foarl\u00eazen troch de skriuwster<\/p>\n","protected":false},"featured_media":7972,"comment_status":"closed","ping_status":"closed","template":"","meta":{"_acf_changed":false},"product_brand":[],"product_cat":[1213,551,1043,1217,535,552,547],"product_tag":[5780,5851,5856,5803,5781],"class_list":{"0":"post-7971","1":"product","2":"type-product","3":"status-publish","4":"has-post-thumbnail","6":"product_cat-berne-en-jeugdboeken","7":"product_cat-berneboeken-8-12","8":"product_cat-edukatyf","9":"product_cat-foar-bern","10":"product_cat-fryske-boeken","11":"product_cat-jeugdboeken","12":"product_cat-lusterboeken","13":"product_tag-audioboek","14":"product_tag-de-traveliers","15":"product_tag-de-traveliers-it-goud-fan-de-aboriginals","16":"product_tag-lusterboek","17":"product_tag-lusterboeken","18":"product_shipping_class-brievenbus-verzending","19":"pa_auteur-auck-peanstra-2","20":"pa_isbn-1944","21":"pa_taal-frysk","22":"pa_uitgever-audiofrysk","24":"first","25":"instock","26":"taxable","27":"shipping-taxable","28":"purchasable","29":"product-type-simple"},"acf":[],"yoast_head":"<!-- This site is optimized with the Yoast SEO plugin v27.3 - https:\/\/yoast.com\/product\/yoast-seo-wordpress\/ -->\n<title>De Traveliers - It goud fan de Aboriginals - Audioboek<\/title>\n<meta name=\"description\" content=\"Foarl\u00eazen troch de skriuwster\" \/>\n<meta name=\"robots\" content=\"index, follow, max-snippet:-1, max-image-preview:large, max-video-preview:-1\" \/>\n<link rel=\"canonical\" href=\"https:\/\/websjop.afuk.frl\/nl\/winkel\/de-traveliers-it-goud-fan-de-aboriginals\/\" \/>\n<meta property=\"og:locale\" content=\"nl_NL\" \/>\n<meta property=\"og:type\" content=\"article\" \/>\n<meta property=\"og:title\" content=\"De Traveliers - It goud fan de Aboriginals - Audioboek\" \/>\n<meta property=\"og:description\" content=\"Foarl\u00eazen troch de skriuwster\" \/>\n<meta property=\"og:url\" content=\"https:\/\/websjop.afuk.frl\/nl\/winkel\/de-traveliers-it-goud-fan-de-aboriginals\/\" \/>\n<meta property=\"og:site_name\" content=\"Af\u00fbk Websjop\" \/>\n<meta property=\"article:modified_time\" content=\"2019-11-05T15:00:34+00:00\" \/>\n<meta property=\"og:image\" content=\"https:\/\/websjop.afuk.frl\/wp-content\/uploads\/2014\/09\/products-product_4121_0_1.jpg\" \/>\n\t<meta property=\"og:image:width\" content=\"300\" \/>\n\t<meta property=\"og:image:height\" content=\"442\" \/>\n\t<meta property=\"og:image:type\" content=\"image\/jpeg\" \/>\n<meta name=\"twitter:card\" content=\"summary_large_image\" \/>\n<meta name=\"twitter:label1\" content=\"Geschatte leestijd\" \/>\n\t<meta name=\"twitter:data1\" content=\"1 minuut\" \/>\n<script type=\"application\/ld+json\" class=\"yoast-schema-graph\">{\"@context\":\"https:\\\/\\\/schema.org\",\"@graph\":[{\"@type\":\"WebPage\",\"@id\":\"https:\\\/\\\/websjop.afuk.frl\\\/nl\\\/winkel\\\/de-traveliers-it-goud-fan-de-aboriginals\\\/\",\"url\":\"https:\\\/\\\/websjop.afuk.frl\\\/nl\\\/winkel\\\/de-traveliers-it-goud-fan-de-aboriginals\\\/\",\"name\":\"De Traveliers - It goud fan de Aboriginals - Audioboek\",\"isPartOf\":{\"@id\":\"https:\\\/\\\/websjop.afuk.frl\\\/nl\\\/#website\"},\"primaryImageOfPage\":{\"@id\":\"https:\\\/\\\/websjop.afuk.frl\\\/nl\\\/winkel\\\/de-traveliers-it-goud-fan-de-aboriginals\\\/#primaryimage\"},\"image\":{\"@id\":\"https:\\\/\\\/websjop.afuk.frl\\\/nl\\\/winkel\\\/de-traveliers-it-goud-fan-de-aboriginals\\\/#primaryimage\"},\"thumbnailUrl\":\"https:\\\/\\\/websjop.afuk.frl\\\/wp-content\\\/uploads\\\/2014\\\/09\\\/products-product_4121_0_1.jpg\",\"datePublished\":\"2014-09-10T02:46:28+00:00\",\"dateModified\":\"2019-11-05T15:00:34+00:00\",\"description\":\"Foarl\u00eazen troch de skriuwster\",\"breadcrumb\":{\"@id\":\"https:\\\/\\\/websjop.afuk.frl\\\/nl\\\/winkel\\\/de-traveliers-it-goud-fan-de-aboriginals\\\/#breadcrumb\"},\"inLanguage\":\"nl-NL\",\"potentialAction\":[{\"@type\":\"ReadAction\",\"target\":[\"https:\\\/\\\/websjop.afuk.frl\\\/nl\\\/winkel\\\/de-traveliers-it-goud-fan-de-aboriginals\\\/\"]}]},{\"@type\":\"ImageObject\",\"inLanguage\":\"nl-NL\",\"@id\":\"https:\\\/\\\/websjop.afuk.frl\\\/nl\\\/winkel\\\/de-traveliers-it-goud-fan-de-aboriginals\\\/#primaryimage\",\"url\":\"https:\\\/\\\/websjop.afuk.frl\\\/wp-content\\\/uploads\\\/2014\\\/09\\\/products-product_4121_0_1.jpg\",\"contentUrl\":\"https:\\\/\\\/websjop.afuk.frl\\\/wp-content\\\/uploads\\\/2014\\\/09\\\/products-product_4121_0_1.jpg\",\"width\":300,\"height\":442,\"caption\":\"De Traveliers - It goud fan de Aboriginals - Audioboek\"},{\"@type\":\"BreadcrumbList\",\"@id\":\"https:\\\/\\\/websjop.afuk.frl\\\/nl\\\/winkel\\\/de-traveliers-it-goud-fan-de-aboriginals\\\/#breadcrumb\",\"itemListElement\":[{\"@type\":\"ListItem\",\"position\":1,\"name\":\"Home\",\"item\":\"https:\\\/\\\/websjop.afuk.frl\\\/nl\\\/\"},{\"@type\":\"ListItem\",\"position\":2,\"name\":\"Winkel\",\"item\":\"https:\\\/\\\/websjop.afuk.frl\\\/nl\\\/winkel\\\/\"},{\"@type\":\"ListItem\",\"position\":3,\"name\":\"De Traveliers: It goud fan de Aboriginals &#8211; Audioboek\"}]},{\"@type\":\"WebSite\",\"@id\":\"https:\\\/\\\/websjop.afuk.frl\\\/nl\\\/#website\",\"url\":\"https:\\\/\\\/websjop.afuk.frl\\\/nl\\\/\",\"name\":\"Af\u00fbk Websjop\",\"description\":\"\",\"potentialAction\":[{\"@type\":\"SearchAction\",\"target\":{\"@type\":\"EntryPoint\",\"urlTemplate\":\"https:\\\/\\\/websjop.afuk.frl\\\/nl\\\/?s={search_term_string}\"},\"query-input\":{\"@type\":\"PropertyValueSpecification\",\"valueRequired\":true,\"valueName\":\"search_term_string\"}}],\"inLanguage\":\"nl-NL\"}]}<\/script>\n<!-- \/ Yoast SEO plugin. -->","yoast_head_json":{"title":"De Traveliers - It goud fan de Aboriginals - Audioboek","description":"Foarl\u00eazen troch de skriuwster","robots":{"index":"index","follow":"follow","max-snippet":"max-snippet:-1","max-image-preview":"max-image-preview:large","max-video-preview":"max-video-preview:-1"},"canonical":"https:\/\/websjop.afuk.frl\/nl\/winkel\/de-traveliers-it-goud-fan-de-aboriginals\/","og_locale":"nl_NL","og_type":"article","og_title":"De Traveliers - It goud fan de Aboriginals - Audioboek","og_description":"Foarl\u00eazen troch de skriuwster","og_url":"https:\/\/websjop.afuk.frl\/nl\/winkel\/de-traveliers-it-goud-fan-de-aboriginals\/","og_site_name":"Af\u00fbk Websjop","article_modified_time":"2019-11-05T15:00:34+00:00","og_image":[{"width":300,"height":442,"url":"https:\/\/websjop.afuk.frl\/wp-content\/uploads\/2014\/09\/products-product_4121_0_1.jpg","type":"image\/jpeg"}],"twitter_card":"summary_large_image","twitter_misc":{"Geschatte leestijd":"1 minuut"},"schema":{"@context":"https:\/\/schema.org","@graph":[{"@type":"WebPage","@id":"https:\/\/websjop.afuk.frl\/nl\/winkel\/de-traveliers-it-goud-fan-de-aboriginals\/","url":"https:\/\/websjop.afuk.frl\/nl\/winkel\/de-traveliers-it-goud-fan-de-aboriginals\/","name":"De Traveliers - It goud fan de Aboriginals - Audioboek","isPartOf":{"@id":"https:\/\/websjop.afuk.frl\/nl\/#website"},"primaryImageOfPage":{"@id":"https:\/\/websjop.afuk.frl\/nl\/winkel\/de-traveliers-it-goud-fan-de-aboriginals\/#primaryimage"},"image":{"@id":"https:\/\/websjop.afuk.frl\/nl\/winkel\/de-traveliers-it-goud-fan-de-aboriginals\/#primaryimage"},"thumbnailUrl":"https:\/\/websjop.afuk.frl\/wp-content\/uploads\/2014\/09\/products-product_4121_0_1.jpg","datePublished":"2014-09-10T02:46:28+00:00","dateModified":"2019-11-05T15:00:34+00:00","description":"Foarl\u00eazen troch de skriuwster","breadcrumb":{"@id":"https:\/\/websjop.afuk.frl\/nl\/winkel\/de-traveliers-it-goud-fan-de-aboriginals\/#breadcrumb"},"inLanguage":"nl-NL","potentialAction":[{"@type":"ReadAction","target":["https:\/\/websjop.afuk.frl\/nl\/winkel\/de-traveliers-it-goud-fan-de-aboriginals\/"]}]},{"@type":"ImageObject","inLanguage":"nl-NL","@id":"https:\/\/websjop.afuk.frl\/nl\/winkel\/de-traveliers-it-goud-fan-de-aboriginals\/#primaryimage","url":"https:\/\/websjop.afuk.frl\/wp-content\/uploads\/2014\/09\/products-product_4121_0_1.jpg","contentUrl":"https:\/\/websjop.afuk.frl\/wp-content\/uploads\/2014\/09\/products-product_4121_0_1.jpg","width":300,"height":442,"caption":"De Traveliers - It goud fan de Aboriginals - Audioboek"},{"@type":"BreadcrumbList","@id":"https:\/\/websjop.afuk.frl\/nl\/winkel\/de-traveliers-it-goud-fan-de-aboriginals\/#breadcrumb","itemListElement":[{"@type":"ListItem","position":1,"name":"Home","item":"https:\/\/websjop.afuk.frl\/nl\/"},{"@type":"ListItem","position":2,"name":"Winkel","item":"https:\/\/websjop.afuk.frl\/nl\/winkel\/"},{"@type":"ListItem","position":3,"name":"De Traveliers: It goud fan de Aboriginals &#8211; Audioboek"}]},{"@type":"WebSite","@id":"https:\/\/websjop.afuk.frl\/nl\/#website","url":"https:\/\/websjop.afuk.frl\/nl\/","name":"Af\u00fbk Websjop","description":"","potentialAction":[{"@type":"SearchAction","target":{"@type":"EntryPoint","urlTemplate":"https:\/\/websjop.afuk.frl\/nl\/?s={search_term_string}"},"query-input":{"@type":"PropertyValueSpecification","valueRequired":true,"valueName":"search_term_string"}}],"inLanguage":"nl-NL"}]}},"_links":{"self":[{"href":"https:\/\/websjop.afuk.frl\/nl\/wp-json\/wp\/v2\/product\/7971","targetHints":{"allow":["GET"]}}],"collection":[{"href":"https:\/\/websjop.afuk.frl\/nl\/wp-json\/wp\/v2\/product"}],"about":[{"href":"https:\/\/websjop.afuk.frl\/nl\/wp-json\/wp\/v2\/types\/product"}],"replies":[{"embeddable":true,"href":"https:\/\/websjop.afuk.frl\/nl\/wp-json\/wp\/v2\/comments?post=7971"}],"wp:featuredmedia":[{"embeddable":true,"href":"https:\/\/websjop.afuk.frl\/nl\/wp-json\/wp\/v2\/media\/7972"}],"wp:attachment":[{"href":"https:\/\/websjop.afuk.frl\/nl\/wp-json\/wp\/v2\/media?parent=7971"}],"wp:term":[{"taxonomy":"product_brand","embeddable":true,"href":"https:\/\/websjop.afuk.frl\/nl\/wp-json\/wp\/v2\/product_brand?post=7971"},{"taxonomy":"product_cat","embeddable":true,"href":"https:\/\/websjop.afuk.frl\/nl\/wp-json\/wp\/v2\/product_cat?post=7971"},{"taxonomy":"product_tag","embeddable":true,"href":"https:\/\/websjop.afuk.frl\/nl\/wp-json\/wp\/v2\/product_tag?post=7971"}],"curies":[{"name":"wp","href":"https:\/\/api.w.org\/{rel}","templated":true}]}}