{"id":7965,"date":"2014-09-10T07:46:24","date_gmt":"2014-09-10T06:46:24","guid":{"rendered":"https:\/\/websjop.bwhontwerpers.nl\/?post_type=product&#038;p=7965"},"modified":"2019-11-05T16:00:33","modified_gmt":"2019-11-05T15:00:33","slug":"fan-flierefluiters-en-drochstinners-audioboek","status":"publish","type":"product","link":"https:\/\/websjop.afuk.frl\/nl\/winkel\/fan-flierefluiters-en-drochstinners-audioboek\/","title":{"rendered":"Fan flierefluiters en droechstinners &#8211; Audioboek"},"content":{"rendered":"<p><em><strong>L\u00fasterboek<\/strong><\/em><\/p>\n<p>Krekt as yn in mearkeboek stappe yn dit nije boek fan Meindert Bylsma keningen, reuzen, kabouters en bisten om. It is dan ek in &#8216;mearkeboek&#8217;, mar Bylsma neamt syn ferhalen kremearkes (krekt mearkes). It binne mearkes op syn wize en hy toant him d\u00earby tige fantasyryk en in skriuwer dy&#8217;t it boartsjes mei de taal yn it bloed sit. Dat it\u00a0 &#8216;krekt net mearkes&#8217; w\u00eaze wolle lit bygelyks de gekjeierige ein fan it ferhaal &#8216;Punt&#8217; sjen:<\/p>\n<p><em>&#8216;Moatte wy him no helpe en der in wenstige ein oan breidzje? Sa fan: lokkich kaam de punt ta ynkear, waard in tefreden punt en libbe noch lang en lokkich? It soe \u00f4fbriedzjen w\u00eaze mei in falske stek. Dat dogge wy dus net. Wy binne op in dea punt bedarre, punt \u00fat.<\/em><\/p>\n<p>Yn Bylsma syn kremearkes wurdt de l\u00eazer net allinne de mearkewr\u00e2ld ynlutsen, mar ek op absurdistyske wize konfrontearre mei de wr\u00e2ld fan hjoed. Syn mearkes binne by de tiid.<\/p>\n<p>Foarl\u00eazen troch de skriuwer.<\/p>\n<p>4 cd&#8217;s<\/p>\n","protected":false},"excerpt":{"rendered":"<p>Foarl\u00eazen troch de skriuwer<\/p>\n","protected":false},"featured_media":7966,"comment_status":"closed","ping_status":"closed","template":"","meta":{"_acf_changed":false},"product_brand":[],"product_cat":[535,547],"product_tag":[5780,5792,5781],"class_list":{"0":"post-7965","1":"product","2":"type-product","3":"status-publish","4":"has-post-thumbnail","6":"product_cat-fryske-boeken","7":"product_cat-lusterboeken","8":"product_tag-audioboek","9":"product_tag-fan-flierefluiters-en-droechstinners","10":"product_tag-lusterboeken","11":"product_shipping_class-brievenbus-verzending","12":"pa_auteur-meindert-bylsma-2","13":"pa_isbn-5791","14":"pa_taal-frysk","15":"pa_uitgever-audiofrysk","17":"first","18":"instock","19":"taxable","20":"shipping-taxable","21":"purchasable","22":"product-type-simple"},"acf":[],"yoast_head":"<!-- This site is optimized with the Yoast SEO plugin v27.2 - https:\/\/yoast.com\/product\/yoast-seo-wordpress\/ -->\n<title>Fan flierefluiters en drochstinners - Audioboek<\/title>\n<meta name=\"description\" content=\"Foarl\u00eazen troch de skriuwer\" \/>\n<meta name=\"robots\" content=\"index, follow, max-snippet:-1, max-image-preview:large, max-video-preview:-1\" \/>\n<link rel=\"canonical\" href=\"https:\/\/websjop.afuk.frl\/nl\/winkel\/fan-flierefluiters-en-drochstinners-audioboek\/\" \/>\n<meta property=\"og:locale\" content=\"nl_NL\" \/>\n<meta property=\"og:type\" content=\"article\" \/>\n<meta property=\"og:title\" content=\"Fan flierefluiters en drochstinners - Audioboek\" \/>\n<meta property=\"og:description\" content=\"Foarl\u00eazen troch de skriuwer\" \/>\n<meta property=\"og:url\" content=\"https:\/\/websjop.afuk.frl\/nl\/winkel\/fan-flierefluiters-en-drochstinners-audioboek\/\" \/>\n<meta property=\"og:site_name\" content=\"Af\u00fbk Websjop\" \/>\n<meta property=\"article:modified_time\" content=\"2019-11-05T15:00:33+00:00\" \/>\n<meta property=\"og:image\" content=\"https:\/\/websjop.afuk.frl\/wp-content\/uploads\/2014\/09\/products-product_4118_0.jpg\" \/>\n\t<meta property=\"og:image:width\" content=\"300\" \/>\n\t<meta property=\"og:image:height\" content=\"424\" \/>\n\t<meta property=\"og:image:type\" content=\"image\/jpeg\" \/>\n<meta name=\"twitter:card\" content=\"summary_large_image\" \/>\n<meta name=\"twitter:label1\" content=\"Geschatte leestijd\" \/>\n\t<meta name=\"twitter:data1\" content=\"1 minuut\" \/>\n<script type=\"application\/ld+json\" class=\"yoast-schema-graph\">{\"@context\":\"https:\/\/schema.org\",\"@graph\":[{\"@type\":\"WebPage\",\"@id\":\"https:\/\/websjop.afuk.frl\/nl\/winkel\/fan-flierefluiters-en-drochstinners-audioboek\/\",\"url\":\"https:\/\/websjop.afuk.frl\/nl\/winkel\/fan-flierefluiters-en-drochstinners-audioboek\/\",\"name\":\"Fan flierefluiters en drochstinners - Audioboek\",\"isPartOf\":{\"@id\":\"https:\/\/websjop.afuk.frl\/nl\/#website\"},\"primaryImageOfPage\":{\"@id\":\"https:\/\/websjop.afuk.frl\/nl\/winkel\/fan-flierefluiters-en-drochstinners-audioboek\/#primaryimage\"},\"image\":{\"@id\":\"https:\/\/websjop.afuk.frl\/nl\/winkel\/fan-flierefluiters-en-drochstinners-audioboek\/#primaryimage\"},\"thumbnailUrl\":\"https:\/\/websjop.afuk.frl\/wp-content\/uploads\/2014\/09\/products-product_4118_0.jpg\",\"datePublished\":\"2014-09-10T06:46:24+00:00\",\"dateModified\":\"2019-11-05T15:00:33+00:00\",\"description\":\"Foarl\u00eazen troch de skriuwer\",\"breadcrumb\":{\"@id\":\"https:\/\/websjop.afuk.frl\/nl\/winkel\/fan-flierefluiters-en-drochstinners-audioboek\/#breadcrumb\"},\"inLanguage\":\"nl-NL\",\"potentialAction\":[{\"@type\":\"ReadAction\",\"target\":[\"https:\/\/websjop.afuk.frl\/nl\/winkel\/fan-flierefluiters-en-drochstinners-audioboek\/\"]}]},{\"@type\":\"ImageObject\",\"inLanguage\":\"nl-NL\",\"@id\":\"https:\/\/websjop.afuk.frl\/nl\/winkel\/fan-flierefluiters-en-drochstinners-audioboek\/#primaryimage\",\"url\":\"https:\/\/websjop.afuk.frl\/wp-content\/uploads\/2014\/09\/products-product_4118_0.jpg\",\"contentUrl\":\"https:\/\/websjop.afuk.frl\/wp-content\/uploads\/2014\/09\/products-product_4118_0.jpg\",\"width\":300,\"height\":424,\"caption\":\"Fan flierefluiters en drochstinners - Audioboek\"},{\"@type\":\"BreadcrumbList\",\"@id\":\"https:\/\/websjop.afuk.frl\/nl\/winkel\/fan-flierefluiters-en-drochstinners-audioboek\/#breadcrumb\",\"itemListElement\":[{\"@type\":\"ListItem\",\"position\":1,\"name\":\"Home\",\"item\":\"https:\/\/websjop.afuk.frl\/nl\/\"},{\"@type\":\"ListItem\",\"position\":2,\"name\":\"Winkel\",\"item\":\"https:\/\/websjop.afuk.frl\/nl\/winkel\/\"},{\"@type\":\"ListItem\",\"position\":3,\"name\":\"Fan flierefluiters en droechstinners &#8211; Audioboek\"}]},{\"@type\":\"WebSite\",\"@id\":\"https:\/\/websjop.afuk.frl\/nl\/#website\",\"url\":\"https:\/\/websjop.afuk.frl\/nl\/\",\"name\":\"Af\u00fbk Websjop\",\"description\":\"\",\"potentialAction\":[{\"@type\":\"SearchAction\",\"target\":{\"@type\":\"EntryPoint\",\"urlTemplate\":\"https:\/\/websjop.afuk.frl\/nl\/?s={search_term_string}\"},\"query-input\":{\"@type\":\"PropertyValueSpecification\",\"valueRequired\":true,\"valueName\":\"search_term_string\"}}],\"inLanguage\":\"nl-NL\"}]}<\/script>\n<!-- \/ Yoast SEO plugin. -->","yoast_head_json":{"title":"Fan flierefluiters en drochstinners - Audioboek","description":"Foarl\u00eazen troch de skriuwer","robots":{"index":"index","follow":"follow","max-snippet":"max-snippet:-1","max-image-preview":"max-image-preview:large","max-video-preview":"max-video-preview:-1"},"canonical":"https:\/\/websjop.afuk.frl\/nl\/winkel\/fan-flierefluiters-en-drochstinners-audioboek\/","og_locale":"nl_NL","og_type":"article","og_title":"Fan flierefluiters en drochstinners - Audioboek","og_description":"Foarl\u00eazen troch de skriuwer","og_url":"https:\/\/websjop.afuk.frl\/nl\/winkel\/fan-flierefluiters-en-drochstinners-audioboek\/","og_site_name":"Af\u00fbk Websjop","article_modified_time":"2019-11-05T15:00:33+00:00","og_image":[{"width":300,"height":424,"url":"https:\/\/websjop.afuk.frl\/wp-content\/uploads\/2014\/09\/products-product_4118_0.jpg","type":"image\/jpeg"}],"twitter_card":"summary_large_image","twitter_misc":{"Geschatte leestijd":"1 minuut"},"schema":{"@context":"https:\/\/schema.org","@graph":[{"@type":"WebPage","@id":"https:\/\/websjop.afuk.frl\/nl\/winkel\/fan-flierefluiters-en-drochstinners-audioboek\/","url":"https:\/\/websjop.afuk.frl\/nl\/winkel\/fan-flierefluiters-en-drochstinners-audioboek\/","name":"Fan flierefluiters en drochstinners - Audioboek","isPartOf":{"@id":"https:\/\/websjop.afuk.frl\/nl\/#website"},"primaryImageOfPage":{"@id":"https:\/\/websjop.afuk.frl\/nl\/winkel\/fan-flierefluiters-en-drochstinners-audioboek\/#primaryimage"},"image":{"@id":"https:\/\/websjop.afuk.frl\/nl\/winkel\/fan-flierefluiters-en-drochstinners-audioboek\/#primaryimage"},"thumbnailUrl":"https:\/\/websjop.afuk.frl\/wp-content\/uploads\/2014\/09\/products-product_4118_0.jpg","datePublished":"2014-09-10T06:46:24+00:00","dateModified":"2019-11-05T15:00:33+00:00","description":"Foarl\u00eazen troch de skriuwer","breadcrumb":{"@id":"https:\/\/websjop.afuk.frl\/nl\/winkel\/fan-flierefluiters-en-drochstinners-audioboek\/#breadcrumb"},"inLanguage":"nl-NL","potentialAction":[{"@type":"ReadAction","target":["https:\/\/websjop.afuk.frl\/nl\/winkel\/fan-flierefluiters-en-drochstinners-audioboek\/"]}]},{"@type":"ImageObject","inLanguage":"nl-NL","@id":"https:\/\/websjop.afuk.frl\/nl\/winkel\/fan-flierefluiters-en-drochstinners-audioboek\/#primaryimage","url":"https:\/\/websjop.afuk.frl\/wp-content\/uploads\/2014\/09\/products-product_4118_0.jpg","contentUrl":"https:\/\/websjop.afuk.frl\/wp-content\/uploads\/2014\/09\/products-product_4118_0.jpg","width":300,"height":424,"caption":"Fan flierefluiters en drochstinners - Audioboek"},{"@type":"BreadcrumbList","@id":"https:\/\/websjop.afuk.frl\/nl\/winkel\/fan-flierefluiters-en-drochstinners-audioboek\/#breadcrumb","itemListElement":[{"@type":"ListItem","position":1,"name":"Home","item":"https:\/\/websjop.afuk.frl\/nl\/"},{"@type":"ListItem","position":2,"name":"Winkel","item":"https:\/\/websjop.afuk.frl\/nl\/winkel\/"},{"@type":"ListItem","position":3,"name":"Fan flierefluiters en droechstinners &#8211; Audioboek"}]},{"@type":"WebSite","@id":"https:\/\/websjop.afuk.frl\/nl\/#website","url":"https:\/\/websjop.afuk.frl\/nl\/","name":"Af\u00fbk Websjop","description":"","potentialAction":[{"@type":"SearchAction","target":{"@type":"EntryPoint","urlTemplate":"https:\/\/websjop.afuk.frl\/nl\/?s={search_term_string}"},"query-input":{"@type":"PropertyValueSpecification","valueRequired":true,"valueName":"search_term_string"}}],"inLanguage":"nl-NL"}]}},"_links":{"self":[{"href":"https:\/\/websjop.afuk.frl\/nl\/wp-json\/wp\/v2\/product\/7965","targetHints":{"allow":["GET"]}}],"collection":[{"href":"https:\/\/websjop.afuk.frl\/nl\/wp-json\/wp\/v2\/product"}],"about":[{"href":"https:\/\/websjop.afuk.frl\/nl\/wp-json\/wp\/v2\/types\/product"}],"replies":[{"embeddable":true,"href":"https:\/\/websjop.afuk.frl\/nl\/wp-json\/wp\/v2\/comments?post=7965"}],"wp:featuredmedia":[{"embeddable":true,"href":"https:\/\/websjop.afuk.frl\/nl\/wp-json\/wp\/v2\/media\/7966"}],"wp:attachment":[{"href":"https:\/\/websjop.afuk.frl\/nl\/wp-json\/wp\/v2\/media?parent=7965"}],"wp:term":[{"taxonomy":"product_brand","embeddable":true,"href":"https:\/\/websjop.afuk.frl\/nl\/wp-json\/wp\/v2\/product_brand?post=7965"},{"taxonomy":"product_cat","embeddable":true,"href":"https:\/\/websjop.afuk.frl\/nl\/wp-json\/wp\/v2\/product_cat?post=7965"},{"taxonomy":"product_tag","embeddable":true,"href":"https:\/\/websjop.afuk.frl\/nl\/wp-json\/wp\/v2\/product_tag?post=7965"}],"curies":[{"name":"wp","href":"https:\/\/api.w.org\/{rel}","templated":true}]}}