{"id":7963,"date":"2014-09-10T03:46:23","date_gmt":"2014-09-10T02:46:23","guid":{"rendered":"https:\/\/websjop.bwhontwerpers.nl\/?post_type=product&#038;p=7963"},"modified":"2019-11-05T16:00:34","modified_gmt":"2019-11-05T15:00:34","slug":"under-de-seespegel-audioboek","status":"publish","type":"product","link":"https:\/\/websjop.afuk.frl\/nl\/winkel\/under-de-seespegel-audioboek\/","title":{"rendered":"Under de Seespegel &#8211; Audioboek"},"content":{"rendered":"<p><em><strong>L\u00fasterboek<\/strong><\/em><\/p>\n<p>&#8216;\u00dbnder de Seespegel&#8217; bestiet yn haadsaak \u00fat koarte ferhalen dy&#8217;t yn it waadgebiet spylje. Durk van der Ploeg jout in sfearfolle ympresje fan it l\u00e2nskip en fan de faak wat iensume personaazjes dy&#8217;t syn ferhalen befolkje. Faak l\u00fbke dy minsken oan de koartste ein. Lykas de polhoeder fan de Bantspolder yn it ferhaal &#8216;It Keal&#8217;. Hy besiket in better takomst foar syn h\u00fash\u00e2lding te bestribjen yn de krisisjierren fan de foarige ieu. Yn &#8216;Gr\u00fbn fan \u00fas gr\u00fbn&#8217; skriuwt in frou in brief oan har skoansuster yn Kanada. Se fertelt oer twa broers dy&#8217;t inoar nei har jeugd noait wer sjoen ha. Yn it tragykomyske ferhaal &#8216;Snieflok yn &#8216;e simmer&#8217; siket in frou har frijheid yn aventoer. &#8216;De H\u00fbnsdagen&#8217; spilet op Skylge. In tragysk ynsidint soarget derfoar dat de haadpersoanen inoar nea wer ferjitte sille. &#8216;Fiif manieren om \u00f4fskie te nimmen&#8217; is de l\u00easte, tige ferrassende bydrage. cd1: 1. Duisterwinkel5. It keal8. Gr\u00fbn fan \u00fas gr\u00fbncd2: 1. De reinwettersbak5. It wie mar jiske dat wy loslieten cd3: 1. De h\u00fbnsdagen6. Snieflok yn &#8216;e simmercd4: 1. Der giet neat boppe de natuer7. Se witte net wat ik trochmeitsjecd5: 1. De opstanning3. Fiif manieren om \u00f4fskie te nimmen.<\/p>\n<p>Foarl\u00eazen troch Jan Schotanus<\/p>\n<p>5 cd&#8217;s<\/p>\n","protected":false},"excerpt":{"rendered":"<p>Foarl\u00eazen troch Jan Schotanus<\/p>\n","protected":false},"featured_media":7964,"comment_status":"closed","ping_status":"closed","template":"","meta":{"_acf_changed":false},"product_brand":[],"product_cat":[535,547],"product_tag":[5780,5781,5797],"class_list":{"0":"post-7963","1":"product","2":"type-product","3":"status-publish","4":"has-post-thumbnail","6":"product_cat-fryske-boeken","7":"product_cat-lusterboeken","8":"product_tag-audioboek","9":"product_tag-lusterboeken","10":"product_tag-under-de-seespegel","11":"product_shipping_class-brievenbus-verzending","12":"pa_auteur-durk-van-der-ploeg-2","13":"pa_isbn-1939","14":"pa_taal-frysk","15":"pa_uitgever-audiofrysk","17":"first","18":"instock","19":"taxable","20":"shipping-taxable","21":"purchasable","22":"product-type-simple"},"acf":[],"yoast_head":"<!-- This site is optimized with the Yoast SEO plugin v27.3 - https:\/\/yoast.com\/product\/yoast-seo-wordpress\/ -->\n<title>Under se Seespegel - Audioboek<\/title>\n<meta name=\"description\" content=\"Foarl\u00eazen troch Jan Schotanus\" \/>\n<meta name=\"robots\" content=\"index, follow, max-snippet:-1, max-image-preview:large, max-video-preview:-1\" \/>\n<link rel=\"canonical\" href=\"https:\/\/websjop.afuk.frl\/nl\/winkel\/under-de-seespegel-audioboek\/\" \/>\n<meta property=\"og:locale\" content=\"nl_NL\" \/>\n<meta property=\"og:type\" content=\"article\" \/>\n<meta property=\"og:title\" content=\"Under se Seespegel - Audioboek\" \/>\n<meta property=\"og:description\" content=\"Foarl\u00eazen troch Jan Schotanus\" \/>\n<meta property=\"og:url\" content=\"https:\/\/websjop.afuk.frl\/nl\/winkel\/under-de-seespegel-audioboek\/\" \/>\n<meta property=\"og:site_name\" content=\"Af\u00fbk Websjop\" \/>\n<meta property=\"article:modified_time\" content=\"2019-11-05T15:00:34+00:00\" \/>\n<meta property=\"og:image\" content=\"https:\/\/websjop.afuk.frl\/wp-content\/uploads\/2014\/09\/products-product_4117_0.jpg\" \/>\n\t<meta property=\"og:image:width\" content=\"300\" \/>\n\t<meta property=\"og:image:height\" content=\"414\" \/>\n\t<meta property=\"og:image:type\" content=\"image\/jpeg\" \/>\n<meta name=\"twitter:card\" content=\"summary_large_image\" \/>\n<meta name=\"twitter:label1\" content=\"Geschatte leestijd\" \/>\n\t<meta name=\"twitter:data1\" content=\"1 minuut\" \/>\n<script type=\"application\/ld+json\" class=\"yoast-schema-graph\">{\"@context\":\"https:\\\/\\\/schema.org\",\"@graph\":[{\"@type\":\"WebPage\",\"@id\":\"https:\\\/\\\/websjop.afuk.frl\\\/nl\\\/winkel\\\/under-de-seespegel-audioboek\\\/\",\"url\":\"https:\\\/\\\/websjop.afuk.frl\\\/nl\\\/winkel\\\/under-de-seespegel-audioboek\\\/\",\"name\":\"Under se Seespegel - Audioboek\",\"isPartOf\":{\"@id\":\"https:\\\/\\\/websjop.afuk.frl\\\/nl\\\/#website\"},\"primaryImageOfPage\":{\"@id\":\"https:\\\/\\\/websjop.afuk.frl\\\/nl\\\/winkel\\\/under-de-seespegel-audioboek\\\/#primaryimage\"},\"image\":{\"@id\":\"https:\\\/\\\/websjop.afuk.frl\\\/nl\\\/winkel\\\/under-de-seespegel-audioboek\\\/#primaryimage\"},\"thumbnailUrl\":\"https:\\\/\\\/websjop.afuk.frl\\\/wp-content\\\/uploads\\\/2014\\\/09\\\/products-product_4117_0.jpg\",\"datePublished\":\"2014-09-10T02:46:23+00:00\",\"dateModified\":\"2019-11-05T15:00:34+00:00\",\"description\":\"Foarl\u00eazen troch Jan Schotanus\",\"breadcrumb\":{\"@id\":\"https:\\\/\\\/websjop.afuk.frl\\\/nl\\\/winkel\\\/under-de-seespegel-audioboek\\\/#breadcrumb\"},\"inLanguage\":\"nl-NL\",\"potentialAction\":[{\"@type\":\"ReadAction\",\"target\":[\"https:\\\/\\\/websjop.afuk.frl\\\/nl\\\/winkel\\\/under-de-seespegel-audioboek\\\/\"]}]},{\"@type\":\"ImageObject\",\"inLanguage\":\"nl-NL\",\"@id\":\"https:\\\/\\\/websjop.afuk.frl\\\/nl\\\/winkel\\\/under-de-seespegel-audioboek\\\/#primaryimage\",\"url\":\"https:\\\/\\\/websjop.afuk.frl\\\/wp-content\\\/uploads\\\/2014\\\/09\\\/products-product_4117_0.jpg\",\"contentUrl\":\"https:\\\/\\\/websjop.afuk.frl\\\/wp-content\\\/uploads\\\/2014\\\/09\\\/products-product_4117_0.jpg\",\"width\":300,\"height\":414,\"caption\":\"Under se Seespegel - Audioboek\"},{\"@type\":\"BreadcrumbList\",\"@id\":\"https:\\\/\\\/websjop.afuk.frl\\\/nl\\\/winkel\\\/under-de-seespegel-audioboek\\\/#breadcrumb\",\"itemListElement\":[{\"@type\":\"ListItem\",\"position\":1,\"name\":\"Home\",\"item\":\"https:\\\/\\\/websjop.afuk.frl\\\/nl\\\/\"},{\"@type\":\"ListItem\",\"position\":2,\"name\":\"Winkel\",\"item\":\"https:\\\/\\\/websjop.afuk.frl\\\/nl\\\/winkel\\\/\"},{\"@type\":\"ListItem\",\"position\":3,\"name\":\"Under de Seespegel &#8211; Audioboek\"}]},{\"@type\":\"WebSite\",\"@id\":\"https:\\\/\\\/websjop.afuk.frl\\\/nl\\\/#website\",\"url\":\"https:\\\/\\\/websjop.afuk.frl\\\/nl\\\/\",\"name\":\"Af\u00fbk Websjop\",\"description\":\"\",\"potentialAction\":[{\"@type\":\"SearchAction\",\"target\":{\"@type\":\"EntryPoint\",\"urlTemplate\":\"https:\\\/\\\/websjop.afuk.frl\\\/nl\\\/?s={search_term_string}\"},\"query-input\":{\"@type\":\"PropertyValueSpecification\",\"valueRequired\":true,\"valueName\":\"search_term_string\"}}],\"inLanguage\":\"nl-NL\"}]}<\/script>\n<!-- \/ Yoast SEO plugin. -->","yoast_head_json":{"title":"Under se Seespegel - Audioboek","description":"Foarl\u00eazen troch Jan Schotanus","robots":{"index":"index","follow":"follow","max-snippet":"max-snippet:-1","max-image-preview":"max-image-preview:large","max-video-preview":"max-video-preview:-1"},"canonical":"https:\/\/websjop.afuk.frl\/nl\/winkel\/under-de-seespegel-audioboek\/","og_locale":"nl_NL","og_type":"article","og_title":"Under se Seespegel - Audioboek","og_description":"Foarl\u00eazen troch Jan Schotanus","og_url":"https:\/\/websjop.afuk.frl\/nl\/winkel\/under-de-seespegel-audioboek\/","og_site_name":"Af\u00fbk Websjop","article_modified_time":"2019-11-05T15:00:34+00:00","og_image":[{"width":300,"height":414,"url":"https:\/\/websjop.afuk.frl\/wp-content\/uploads\/2014\/09\/products-product_4117_0.jpg","type":"image\/jpeg"}],"twitter_card":"summary_large_image","twitter_misc":{"Geschatte leestijd":"1 minuut"},"schema":{"@context":"https:\/\/schema.org","@graph":[{"@type":"WebPage","@id":"https:\/\/websjop.afuk.frl\/nl\/winkel\/under-de-seespegel-audioboek\/","url":"https:\/\/websjop.afuk.frl\/nl\/winkel\/under-de-seespegel-audioboek\/","name":"Under se Seespegel - Audioboek","isPartOf":{"@id":"https:\/\/websjop.afuk.frl\/nl\/#website"},"primaryImageOfPage":{"@id":"https:\/\/websjop.afuk.frl\/nl\/winkel\/under-de-seespegel-audioboek\/#primaryimage"},"image":{"@id":"https:\/\/websjop.afuk.frl\/nl\/winkel\/under-de-seespegel-audioboek\/#primaryimage"},"thumbnailUrl":"https:\/\/websjop.afuk.frl\/wp-content\/uploads\/2014\/09\/products-product_4117_0.jpg","datePublished":"2014-09-10T02:46:23+00:00","dateModified":"2019-11-05T15:00:34+00:00","description":"Foarl\u00eazen troch Jan Schotanus","breadcrumb":{"@id":"https:\/\/websjop.afuk.frl\/nl\/winkel\/under-de-seespegel-audioboek\/#breadcrumb"},"inLanguage":"nl-NL","potentialAction":[{"@type":"ReadAction","target":["https:\/\/websjop.afuk.frl\/nl\/winkel\/under-de-seespegel-audioboek\/"]}]},{"@type":"ImageObject","inLanguage":"nl-NL","@id":"https:\/\/websjop.afuk.frl\/nl\/winkel\/under-de-seespegel-audioboek\/#primaryimage","url":"https:\/\/websjop.afuk.frl\/wp-content\/uploads\/2014\/09\/products-product_4117_0.jpg","contentUrl":"https:\/\/websjop.afuk.frl\/wp-content\/uploads\/2014\/09\/products-product_4117_0.jpg","width":300,"height":414,"caption":"Under se Seespegel - Audioboek"},{"@type":"BreadcrumbList","@id":"https:\/\/websjop.afuk.frl\/nl\/winkel\/under-de-seespegel-audioboek\/#breadcrumb","itemListElement":[{"@type":"ListItem","position":1,"name":"Home","item":"https:\/\/websjop.afuk.frl\/nl\/"},{"@type":"ListItem","position":2,"name":"Winkel","item":"https:\/\/websjop.afuk.frl\/nl\/winkel\/"},{"@type":"ListItem","position":3,"name":"Under de Seespegel &#8211; Audioboek"}]},{"@type":"WebSite","@id":"https:\/\/websjop.afuk.frl\/nl\/#website","url":"https:\/\/websjop.afuk.frl\/nl\/","name":"Af\u00fbk Websjop","description":"","potentialAction":[{"@type":"SearchAction","target":{"@type":"EntryPoint","urlTemplate":"https:\/\/websjop.afuk.frl\/nl\/?s={search_term_string}"},"query-input":{"@type":"PropertyValueSpecification","valueRequired":true,"valueName":"search_term_string"}}],"inLanguage":"nl-NL"}]}},"_links":{"self":[{"href":"https:\/\/websjop.afuk.frl\/nl\/wp-json\/wp\/v2\/product\/7963","targetHints":{"allow":["GET"]}}],"collection":[{"href":"https:\/\/websjop.afuk.frl\/nl\/wp-json\/wp\/v2\/product"}],"about":[{"href":"https:\/\/websjop.afuk.frl\/nl\/wp-json\/wp\/v2\/types\/product"}],"replies":[{"embeddable":true,"href":"https:\/\/websjop.afuk.frl\/nl\/wp-json\/wp\/v2\/comments?post=7963"}],"wp:featuredmedia":[{"embeddable":true,"href":"https:\/\/websjop.afuk.frl\/nl\/wp-json\/wp\/v2\/media\/7964"}],"wp:attachment":[{"href":"https:\/\/websjop.afuk.frl\/nl\/wp-json\/wp\/v2\/media?parent=7963"}],"wp:term":[{"taxonomy":"product_brand","embeddable":true,"href":"https:\/\/websjop.afuk.frl\/nl\/wp-json\/wp\/v2\/product_brand?post=7963"},{"taxonomy":"product_cat","embeddable":true,"href":"https:\/\/websjop.afuk.frl\/nl\/wp-json\/wp\/v2\/product_cat?post=7963"},{"taxonomy":"product_tag","embeddable":true,"href":"https:\/\/websjop.afuk.frl\/nl\/wp-json\/wp\/v2\/product_tag?post=7963"}],"curies":[{"name":"wp","href":"https:\/\/api.w.org\/{rel}","templated":true}]}}