{"id":7959,"date":"2014-09-10T07:46:20","date_gmt":"2014-09-10T06:46:20","guid":{"rendered":"https:\/\/websjop.bwhontwerpers.nl\/?post_type=product&#038;p=7959"},"modified":"2019-11-05T16:00:33","modified_gmt":"2019-11-05T15:00:33","slug":"nei-it-park","status":"publish","type":"product","link":"https:\/\/websjop.afuk.frl\/nl\/winkel\/nei-it-park\/","title":{"rendered":"Nei it park &#8211; Audioboek"},"content":{"rendered":"<p><em><strong>L\u00fasterboek<\/strong><\/em><\/p>\n<p>Yn de novelle &#8216;Nei it park&#8217; stiet de 78 jier \u00e2lde en deminte &#8216;Martha&#8217; sintraal. Op tige humoristyske, mar tagelyk oangripende wize beskriuwt Hylkje Go\u00efnga de striid fan Martha om \u00fat it h\u00fbs foar \u00e2ldere minsken te bliuwen en it krewearjen fan de dochters Janna en Geeske om har d\u00ear no krekt wol yn te krijen.<\/p>\n<p>&#8216;Ik r\u00fbn tusken myn beide dochters yn troch in brede gong. In mefrou mei reade wangen joech my twa hannen tagelyk en kloppe my op &#8216;e r\u00each. Ik fersjitte my der fan. Wy gongen yn de lift mei syn allen. Doe&#8217;t wy der wer \u00fatstapten, stienen wy wer yn in gong. Allegearre blommen en planten en wandkleden om my hinne. Janna r\u00fbn mei de mefrou foarop, Geeske en ik der achteroan. De mefrou die in doar iepen mei in kaai, sei: &#8216;Ik gean mar even foar as jimme it goed fine,&#8217; en wy gongen der achteroan. &#8216;Wa wennet hjir?&#8217; frege ik oan Geeske. Janna fl\u00fastere tsjin Geeske dat wy no even goed trochpakke moasten en sei: &#8216;Hjir komt mem te wenjen.&#8217;<\/p>\n<p>Nei it sukses fan de ferhalebondels &#8216;Th\u00fas is de maggi op&#8217;, &#8216;In superman fers\u00fbpt net&#8217;, &#8216;Twa dames yn in Daf&#8217;, &#8216;Hynstefigen&#8217; en de koarte roman &#8216;Frijende kikkerts&#8217;, sil ek dizze treflike novelle fan Hylkje Go\u00efnga de wei nei de l\u00eazers wol fine.<\/p>\n<p>Foarl\u00eazen troch Jenny Boomsma-Eppinga<\/p>\n<p>1 cd<\/p>\n","protected":false},"excerpt":{"rendered":"<p>Audioboek, foarl\u00eazen troch Jenny Boomsma-Eppinga<\/p>\n","protected":false},"featured_media":7960,"comment_status":"closed","ping_status":"closed","template":"","meta":{"_acf_changed":false},"product_brand":[],"product_cat":[535,547],"product_tag":[5780,5781,5794],"class_list":{"0":"post-7959","1":"product","2":"type-product","3":"status-publish","4":"has-post-thumbnail","6":"product_cat-fryske-boeken","7":"product_cat-lusterboeken","8":"product_tag-audioboek","9":"product_tag-lusterboeken","10":"product_tag-nei-it-park","11":"pa_auteur-hylkje-goinga-2","12":"pa_isbn-5793","13":"pa_taal-frysk","14":"pa_uitgever-audiofrysk","16":"first","17":"instock","18":"taxable","19":"shipping-taxable","20":"purchasable","21":"product-type-simple"},"acf":[],"yoast_head":"<!-- This site is optimized with the Yoast SEO plugin v27.3 - https:\/\/yoast.com\/product\/yoast-seo-wordpress\/ -->\n<title>Nei it park - Audioboek<\/title>\n<meta name=\"description\" content=\"Nei it park - Audioboek\" \/>\n<meta name=\"robots\" content=\"index, follow, max-snippet:-1, max-image-preview:large, max-video-preview:-1\" \/>\n<link rel=\"canonical\" href=\"https:\/\/websjop.afuk.frl\/nl\/winkel\/nei-it-park\/\" \/>\n<meta property=\"og:locale\" content=\"nl_NL\" \/>\n<meta property=\"og:type\" content=\"article\" \/>\n<meta property=\"og:title\" content=\"Nei it park - Audioboek\" \/>\n<meta property=\"og:description\" content=\"Nei it park - Audioboek\" \/>\n<meta property=\"og:url\" content=\"https:\/\/websjop.afuk.frl\/nl\/winkel\/nei-it-park\/\" \/>\n<meta property=\"og:site_name\" content=\"Af\u00fbk Websjop\" \/>\n<meta property=\"article:modified_time\" content=\"2019-11-05T15:00:33+00:00\" \/>\n<meta property=\"og:image\" content=\"https:\/\/websjop.afuk.frl\/wp-content\/uploads\/2014\/09\/products-product_4115_0.jpg\" \/>\n\t<meta property=\"og:image:width\" content=\"300\" \/>\n\t<meta property=\"og:image:height\" content=\"419\" \/>\n\t<meta property=\"og:image:type\" content=\"image\/jpeg\" \/>\n<meta name=\"twitter:card\" content=\"summary_large_image\" \/>\n<meta name=\"twitter:label1\" content=\"Geschatte leestijd\" \/>\n\t<meta name=\"twitter:data1\" content=\"1 minuut\" \/>\n<script type=\"application\/ld+json\" class=\"yoast-schema-graph\">{\"@context\":\"https:\\\/\\\/schema.org\",\"@graph\":[{\"@type\":\"WebPage\",\"@id\":\"https:\\\/\\\/websjop.afuk.frl\\\/nl\\\/winkel\\\/nei-it-park\\\/\",\"url\":\"https:\\\/\\\/websjop.afuk.frl\\\/nl\\\/winkel\\\/nei-it-park\\\/\",\"name\":\"Nei it park - Audioboek\",\"isPartOf\":{\"@id\":\"https:\\\/\\\/websjop.afuk.frl\\\/nl\\\/#website\"},\"primaryImageOfPage\":{\"@id\":\"https:\\\/\\\/websjop.afuk.frl\\\/nl\\\/winkel\\\/nei-it-park\\\/#primaryimage\"},\"image\":{\"@id\":\"https:\\\/\\\/websjop.afuk.frl\\\/nl\\\/winkel\\\/nei-it-park\\\/#primaryimage\"},\"thumbnailUrl\":\"https:\\\/\\\/websjop.afuk.frl\\\/wp-content\\\/uploads\\\/2014\\\/09\\\/products-product_4115_0.jpg\",\"datePublished\":\"2014-09-10T06:46:20+00:00\",\"dateModified\":\"2019-11-05T15:00:33+00:00\",\"description\":\"Nei it park - Audioboek\",\"breadcrumb\":{\"@id\":\"https:\\\/\\\/websjop.afuk.frl\\\/nl\\\/winkel\\\/nei-it-park\\\/#breadcrumb\"},\"inLanguage\":\"nl-NL\",\"potentialAction\":[{\"@type\":\"ReadAction\",\"target\":[\"https:\\\/\\\/websjop.afuk.frl\\\/nl\\\/winkel\\\/nei-it-park\\\/\"]}]},{\"@type\":\"ImageObject\",\"inLanguage\":\"nl-NL\",\"@id\":\"https:\\\/\\\/websjop.afuk.frl\\\/nl\\\/winkel\\\/nei-it-park\\\/#primaryimage\",\"url\":\"https:\\\/\\\/websjop.afuk.frl\\\/wp-content\\\/uploads\\\/2014\\\/09\\\/products-product_4115_0.jpg\",\"contentUrl\":\"https:\\\/\\\/websjop.afuk.frl\\\/wp-content\\\/uploads\\\/2014\\\/09\\\/products-product_4115_0.jpg\",\"width\":300,\"height\":419,\"caption\":\"Nei it park - Audioboek\"},{\"@type\":\"BreadcrumbList\",\"@id\":\"https:\\\/\\\/websjop.afuk.frl\\\/nl\\\/winkel\\\/nei-it-park\\\/#breadcrumb\",\"itemListElement\":[{\"@type\":\"ListItem\",\"position\":1,\"name\":\"Home\",\"item\":\"https:\\\/\\\/websjop.afuk.frl\\\/nl\\\/\"},{\"@type\":\"ListItem\",\"position\":2,\"name\":\"Winkel\",\"item\":\"https:\\\/\\\/websjop.afuk.frl\\\/nl\\\/winkel\\\/\"},{\"@type\":\"ListItem\",\"position\":3,\"name\":\"Nei it park &#8211; Audioboek\"}]},{\"@type\":\"WebSite\",\"@id\":\"https:\\\/\\\/websjop.afuk.frl\\\/nl\\\/#website\",\"url\":\"https:\\\/\\\/websjop.afuk.frl\\\/nl\\\/\",\"name\":\"Af\u00fbk Websjop\",\"description\":\"\",\"potentialAction\":[{\"@type\":\"SearchAction\",\"target\":{\"@type\":\"EntryPoint\",\"urlTemplate\":\"https:\\\/\\\/websjop.afuk.frl\\\/nl\\\/?s={search_term_string}\"},\"query-input\":{\"@type\":\"PropertyValueSpecification\",\"valueRequired\":true,\"valueName\":\"search_term_string\"}}],\"inLanguage\":\"nl-NL\"}]}<\/script>\n<!-- \/ Yoast SEO plugin. -->","yoast_head_json":{"title":"Nei it park - Audioboek","description":"Nei it park - Audioboek","robots":{"index":"index","follow":"follow","max-snippet":"max-snippet:-1","max-image-preview":"max-image-preview:large","max-video-preview":"max-video-preview:-1"},"canonical":"https:\/\/websjop.afuk.frl\/nl\/winkel\/nei-it-park\/","og_locale":"nl_NL","og_type":"article","og_title":"Nei it park - Audioboek","og_description":"Nei it park - Audioboek","og_url":"https:\/\/websjop.afuk.frl\/nl\/winkel\/nei-it-park\/","og_site_name":"Af\u00fbk Websjop","article_modified_time":"2019-11-05T15:00:33+00:00","og_image":[{"width":300,"height":419,"url":"https:\/\/websjop.afuk.frl\/wp-content\/uploads\/2014\/09\/products-product_4115_0.jpg","type":"image\/jpeg"}],"twitter_card":"summary_large_image","twitter_misc":{"Geschatte leestijd":"1 minuut"},"schema":{"@context":"https:\/\/schema.org","@graph":[{"@type":"WebPage","@id":"https:\/\/websjop.afuk.frl\/nl\/winkel\/nei-it-park\/","url":"https:\/\/websjop.afuk.frl\/nl\/winkel\/nei-it-park\/","name":"Nei it park - Audioboek","isPartOf":{"@id":"https:\/\/websjop.afuk.frl\/nl\/#website"},"primaryImageOfPage":{"@id":"https:\/\/websjop.afuk.frl\/nl\/winkel\/nei-it-park\/#primaryimage"},"image":{"@id":"https:\/\/websjop.afuk.frl\/nl\/winkel\/nei-it-park\/#primaryimage"},"thumbnailUrl":"https:\/\/websjop.afuk.frl\/wp-content\/uploads\/2014\/09\/products-product_4115_0.jpg","datePublished":"2014-09-10T06:46:20+00:00","dateModified":"2019-11-05T15:00:33+00:00","description":"Nei it park - Audioboek","breadcrumb":{"@id":"https:\/\/websjop.afuk.frl\/nl\/winkel\/nei-it-park\/#breadcrumb"},"inLanguage":"nl-NL","potentialAction":[{"@type":"ReadAction","target":["https:\/\/websjop.afuk.frl\/nl\/winkel\/nei-it-park\/"]}]},{"@type":"ImageObject","inLanguage":"nl-NL","@id":"https:\/\/websjop.afuk.frl\/nl\/winkel\/nei-it-park\/#primaryimage","url":"https:\/\/websjop.afuk.frl\/wp-content\/uploads\/2014\/09\/products-product_4115_0.jpg","contentUrl":"https:\/\/websjop.afuk.frl\/wp-content\/uploads\/2014\/09\/products-product_4115_0.jpg","width":300,"height":419,"caption":"Nei it park - Audioboek"},{"@type":"BreadcrumbList","@id":"https:\/\/websjop.afuk.frl\/nl\/winkel\/nei-it-park\/#breadcrumb","itemListElement":[{"@type":"ListItem","position":1,"name":"Home","item":"https:\/\/websjop.afuk.frl\/nl\/"},{"@type":"ListItem","position":2,"name":"Winkel","item":"https:\/\/websjop.afuk.frl\/nl\/winkel\/"},{"@type":"ListItem","position":3,"name":"Nei it park &#8211; Audioboek"}]},{"@type":"WebSite","@id":"https:\/\/websjop.afuk.frl\/nl\/#website","url":"https:\/\/websjop.afuk.frl\/nl\/","name":"Af\u00fbk Websjop","description":"","potentialAction":[{"@type":"SearchAction","target":{"@type":"EntryPoint","urlTemplate":"https:\/\/websjop.afuk.frl\/nl\/?s={search_term_string}"},"query-input":{"@type":"PropertyValueSpecification","valueRequired":true,"valueName":"search_term_string"}}],"inLanguage":"nl-NL"}]}},"_links":{"self":[{"href":"https:\/\/websjop.afuk.frl\/nl\/wp-json\/wp\/v2\/product\/7959","targetHints":{"allow":["GET"]}}],"collection":[{"href":"https:\/\/websjop.afuk.frl\/nl\/wp-json\/wp\/v2\/product"}],"about":[{"href":"https:\/\/websjop.afuk.frl\/nl\/wp-json\/wp\/v2\/types\/product"}],"replies":[{"embeddable":true,"href":"https:\/\/websjop.afuk.frl\/nl\/wp-json\/wp\/v2\/comments?post=7959"}],"wp:featuredmedia":[{"embeddable":true,"href":"https:\/\/websjop.afuk.frl\/nl\/wp-json\/wp\/v2\/media\/7960"}],"wp:attachment":[{"href":"https:\/\/websjop.afuk.frl\/nl\/wp-json\/wp\/v2\/media?parent=7959"}],"wp:term":[{"taxonomy":"product_brand","embeddable":true,"href":"https:\/\/websjop.afuk.frl\/nl\/wp-json\/wp\/v2\/product_brand?post=7959"},{"taxonomy":"product_cat","embeddable":true,"href":"https:\/\/websjop.afuk.frl\/nl\/wp-json\/wp\/v2\/product_cat?post=7959"},{"taxonomy":"product_tag","embeddable":true,"href":"https:\/\/websjop.afuk.frl\/nl\/wp-json\/wp\/v2\/product_tag?post=7959"}],"curies":[{"name":"wp","href":"https:\/\/api.w.org\/{rel}","templated":true}]}}