{"id":7957,"date":"2014-09-10T03:46:19","date_gmt":"2014-09-10T02:46:19","guid":{"rendered":"https:\/\/websjop.bwhontwerpers.nl\/?post_type=product&#038;p=7957"},"modified":"2019-11-05T16:00:35","modified_gmt":"2019-11-05T15:00:35","slug":"de-unmooglike-reis-fan-de-santa-maria","status":"publish","type":"product","link":"https:\/\/websjop.afuk.frl\/nl\/winkel\/de-unmooglike-reis-fan-de-santa-maria\/","title":{"rendered":"De \u00fbnmooglike reis fan de Santa Maria &#8211; Audioboek"},"content":{"rendered":"<p><em><strong>L\u00fasterboek<\/strong><\/em><\/p>\n<p>Beart en syn buorfamke Etsje fine in houten fetsje yn &#8216;e dunen. Yn &#8216;e haast om it th\u00fas te bringen, falt Beart en kriget er in harsensskodding. Hy moat r\u00east h\u00e2lde. Mar, yn it fetsje siet in brief \u00fat 1492!<\/p>\n<p>Troch syn grutte fantasij, en mei help fan syn tamme rotsje Beppy, dreamt Beart oer de \u00fbntdekkingsreis dy&#8217;t Kolumbus dat jier mei trije skippen makke nei Ynje ta. Jim belibje dy spannende reis mei troch de eagen fan it shantykoar fan rotten \u00fbnderdeks, en de skipsjonge Bartholom\u00e9 boppedeks.<br \/>\nIn tige meislepend histoarysk boek.<\/p>\n<p>Foarl\u00eazen troch de skriuwer.<\/p>\n<p>2 cd&#8217;s.<\/p>\n","protected":false},"excerpt":{"rendered":"<p>Audioboek, foarl\u00eazen troch de skriuwer.<\/p>\n","protected":false},"featured_media":7958,"comment_status":"closed","ping_status":"closed","template":"","meta":{"_acf_changed":false},"product_brand":[],"product_cat":[1213,551,535,552,547],"product_tag":[5780,5849,5803,5781],"class_list":{"0":"post-7957","1":"product","2":"type-product","3":"status-publish","4":"has-post-thumbnail","6":"product_cat-berne-en-jeugdboeken","7":"product_cat-berneboeken-8-12","8":"product_cat-fryske-boeken","9":"product_cat-jeugdboeken","10":"product_cat-lusterboeken","11":"product_tag-audioboek","12":"product_tag-de-unmooglike-reis-fan-de-santa-maria","13":"product_tag-lusterboek","14":"product_tag-lusterboeken","15":"product_shipping_class-brievenbus-verzending","16":"pa_auteur-jan-schotanus-2","17":"pa_isbn-1935","18":"pa_taal-frysk","19":"pa_uitgever-audiofrysk","21":"first","22":"instock","23":"taxable","24":"shipping-taxable","25":"purchasable","26":"product-type-simple"},"acf":[],"yoast_head":"<!-- This site is optimized with the Yoast SEO plugin v27.3 - https:\/\/yoast.com\/product\/yoast-seo-wordpress\/ -->\n<title>De \u00fbnmooglike reis fan de Santa Maria - Audioboek<\/title>\n<meta name=\"description\" content=\"foarl\u00eazen troch de skriuwer\" \/>\n<meta name=\"robots\" content=\"index, follow, max-snippet:-1, max-image-preview:large, max-video-preview:-1\" \/>\n<link rel=\"canonical\" href=\"https:\/\/websjop.afuk.frl\/nl\/winkel\/de-unmooglike-reis-fan-de-santa-maria\/\" \/>\n<meta property=\"og:locale\" content=\"nl_NL\" \/>\n<meta property=\"og:type\" content=\"article\" \/>\n<meta property=\"og:title\" content=\"De \u00fbnmooglike reis fan de Santa Maria - Audioboek\" \/>\n<meta property=\"og:description\" content=\"foarl\u00eazen troch de skriuwer\" \/>\n<meta property=\"og:url\" content=\"https:\/\/websjop.afuk.frl\/nl\/winkel\/de-unmooglike-reis-fan-de-santa-maria\/\" \/>\n<meta property=\"og:site_name\" content=\"Af\u00fbk Websjop\" \/>\n<meta property=\"article:modified_time\" content=\"2019-11-05T15:00:35+00:00\" \/>\n<meta property=\"og:image\" content=\"https:\/\/websjop.afuk.frl\/wp-content\/uploads\/2014\/09\/products-product_4114_0_1.jpg\" \/>\n\t<meta property=\"og:image:width\" content=\"1586\" \/>\n\t<meta property=\"og:image:height\" content=\"2284\" \/>\n\t<meta property=\"og:image:type\" content=\"image\/jpeg\" \/>\n<meta name=\"twitter:card\" content=\"summary_large_image\" \/>\n<meta name=\"twitter:label1\" content=\"Geschatte leestijd\" \/>\n\t<meta name=\"twitter:data1\" content=\"1 minuut\" \/>\n<script type=\"application\/ld+json\" class=\"yoast-schema-graph\">{\"@context\":\"https:\\\/\\\/schema.org\",\"@graph\":[{\"@type\":\"WebPage\",\"@id\":\"https:\\\/\\\/websjop.afuk.frl\\\/nl\\\/winkel\\\/de-unmooglike-reis-fan-de-santa-maria\\\/\",\"url\":\"https:\\\/\\\/websjop.afuk.frl\\\/nl\\\/winkel\\\/de-unmooglike-reis-fan-de-santa-maria\\\/\",\"name\":\"De \u00fbnmooglike reis fan de Santa Maria - Audioboek\",\"isPartOf\":{\"@id\":\"https:\\\/\\\/websjop.afuk.frl\\\/nl\\\/#website\"},\"primaryImageOfPage\":{\"@id\":\"https:\\\/\\\/websjop.afuk.frl\\\/nl\\\/winkel\\\/de-unmooglike-reis-fan-de-santa-maria\\\/#primaryimage\"},\"image\":{\"@id\":\"https:\\\/\\\/websjop.afuk.frl\\\/nl\\\/winkel\\\/de-unmooglike-reis-fan-de-santa-maria\\\/#primaryimage\"},\"thumbnailUrl\":\"https:\\\/\\\/websjop.afuk.frl\\\/wp-content\\\/uploads\\\/2014\\\/09\\\/products-product_4114_0_1.jpg\",\"datePublished\":\"2014-09-10T02:46:19+00:00\",\"dateModified\":\"2019-11-05T15:00:35+00:00\",\"description\":\"foarl\u00eazen troch de skriuwer\",\"breadcrumb\":{\"@id\":\"https:\\\/\\\/websjop.afuk.frl\\\/nl\\\/winkel\\\/de-unmooglike-reis-fan-de-santa-maria\\\/#breadcrumb\"},\"inLanguage\":\"nl-NL\",\"potentialAction\":[{\"@type\":\"ReadAction\",\"target\":[\"https:\\\/\\\/websjop.afuk.frl\\\/nl\\\/winkel\\\/de-unmooglike-reis-fan-de-santa-maria\\\/\"]}]},{\"@type\":\"ImageObject\",\"inLanguage\":\"nl-NL\",\"@id\":\"https:\\\/\\\/websjop.afuk.frl\\\/nl\\\/winkel\\\/de-unmooglike-reis-fan-de-santa-maria\\\/#primaryimage\",\"url\":\"https:\\\/\\\/websjop.afuk.frl\\\/wp-content\\\/uploads\\\/2014\\\/09\\\/products-product_4114_0_1.jpg\",\"contentUrl\":\"https:\\\/\\\/websjop.afuk.frl\\\/wp-content\\\/uploads\\\/2014\\\/09\\\/products-product_4114_0_1.jpg\",\"width\":1586,\"height\":2284,\"caption\":\"De \u00fbnmooglike reis fan de Santa Maria - Audioboek\"},{\"@type\":\"BreadcrumbList\",\"@id\":\"https:\\\/\\\/websjop.afuk.frl\\\/nl\\\/winkel\\\/de-unmooglike-reis-fan-de-santa-maria\\\/#breadcrumb\",\"itemListElement\":[{\"@type\":\"ListItem\",\"position\":1,\"name\":\"Home\",\"item\":\"https:\\\/\\\/websjop.afuk.frl\\\/nl\\\/\"},{\"@type\":\"ListItem\",\"position\":2,\"name\":\"Winkel\",\"item\":\"https:\\\/\\\/websjop.afuk.frl\\\/nl\\\/winkel\\\/\"},{\"@type\":\"ListItem\",\"position\":3,\"name\":\"De \u00fbnmooglike reis fan de Santa Maria &#8211; Audioboek\"}]},{\"@type\":\"WebSite\",\"@id\":\"https:\\\/\\\/websjop.afuk.frl\\\/nl\\\/#website\",\"url\":\"https:\\\/\\\/websjop.afuk.frl\\\/nl\\\/\",\"name\":\"Af\u00fbk Websjop\",\"description\":\"\",\"potentialAction\":[{\"@type\":\"SearchAction\",\"target\":{\"@type\":\"EntryPoint\",\"urlTemplate\":\"https:\\\/\\\/websjop.afuk.frl\\\/nl\\\/?s={search_term_string}\"},\"query-input\":{\"@type\":\"PropertyValueSpecification\",\"valueRequired\":true,\"valueName\":\"search_term_string\"}}],\"inLanguage\":\"nl-NL\"}]}<\/script>\n<!-- \/ Yoast SEO plugin. -->","yoast_head_json":{"title":"De \u00fbnmooglike reis fan de Santa Maria - Audioboek","description":"foarl\u00eazen troch de skriuwer","robots":{"index":"index","follow":"follow","max-snippet":"max-snippet:-1","max-image-preview":"max-image-preview:large","max-video-preview":"max-video-preview:-1"},"canonical":"https:\/\/websjop.afuk.frl\/nl\/winkel\/de-unmooglike-reis-fan-de-santa-maria\/","og_locale":"nl_NL","og_type":"article","og_title":"De \u00fbnmooglike reis fan de Santa Maria - Audioboek","og_description":"foarl\u00eazen troch de skriuwer","og_url":"https:\/\/websjop.afuk.frl\/nl\/winkel\/de-unmooglike-reis-fan-de-santa-maria\/","og_site_name":"Af\u00fbk Websjop","article_modified_time":"2019-11-05T15:00:35+00:00","og_image":[{"width":1586,"height":2284,"url":"https:\/\/websjop.afuk.frl\/wp-content\/uploads\/2014\/09\/products-product_4114_0_1.jpg","type":"image\/jpeg"}],"twitter_card":"summary_large_image","twitter_misc":{"Geschatte leestijd":"1 minuut"},"schema":{"@context":"https:\/\/schema.org","@graph":[{"@type":"WebPage","@id":"https:\/\/websjop.afuk.frl\/nl\/winkel\/de-unmooglike-reis-fan-de-santa-maria\/","url":"https:\/\/websjop.afuk.frl\/nl\/winkel\/de-unmooglike-reis-fan-de-santa-maria\/","name":"De \u00fbnmooglike reis fan de Santa Maria - Audioboek","isPartOf":{"@id":"https:\/\/websjop.afuk.frl\/nl\/#website"},"primaryImageOfPage":{"@id":"https:\/\/websjop.afuk.frl\/nl\/winkel\/de-unmooglike-reis-fan-de-santa-maria\/#primaryimage"},"image":{"@id":"https:\/\/websjop.afuk.frl\/nl\/winkel\/de-unmooglike-reis-fan-de-santa-maria\/#primaryimage"},"thumbnailUrl":"https:\/\/websjop.afuk.frl\/wp-content\/uploads\/2014\/09\/products-product_4114_0_1.jpg","datePublished":"2014-09-10T02:46:19+00:00","dateModified":"2019-11-05T15:00:35+00:00","description":"foarl\u00eazen troch de skriuwer","breadcrumb":{"@id":"https:\/\/websjop.afuk.frl\/nl\/winkel\/de-unmooglike-reis-fan-de-santa-maria\/#breadcrumb"},"inLanguage":"nl-NL","potentialAction":[{"@type":"ReadAction","target":["https:\/\/websjop.afuk.frl\/nl\/winkel\/de-unmooglike-reis-fan-de-santa-maria\/"]}]},{"@type":"ImageObject","inLanguage":"nl-NL","@id":"https:\/\/websjop.afuk.frl\/nl\/winkel\/de-unmooglike-reis-fan-de-santa-maria\/#primaryimage","url":"https:\/\/websjop.afuk.frl\/wp-content\/uploads\/2014\/09\/products-product_4114_0_1.jpg","contentUrl":"https:\/\/websjop.afuk.frl\/wp-content\/uploads\/2014\/09\/products-product_4114_0_1.jpg","width":1586,"height":2284,"caption":"De \u00fbnmooglike reis fan de Santa Maria - Audioboek"},{"@type":"BreadcrumbList","@id":"https:\/\/websjop.afuk.frl\/nl\/winkel\/de-unmooglike-reis-fan-de-santa-maria\/#breadcrumb","itemListElement":[{"@type":"ListItem","position":1,"name":"Home","item":"https:\/\/websjop.afuk.frl\/nl\/"},{"@type":"ListItem","position":2,"name":"Winkel","item":"https:\/\/websjop.afuk.frl\/nl\/winkel\/"},{"@type":"ListItem","position":3,"name":"De \u00fbnmooglike reis fan de Santa Maria &#8211; Audioboek"}]},{"@type":"WebSite","@id":"https:\/\/websjop.afuk.frl\/nl\/#website","url":"https:\/\/websjop.afuk.frl\/nl\/","name":"Af\u00fbk Websjop","description":"","potentialAction":[{"@type":"SearchAction","target":{"@type":"EntryPoint","urlTemplate":"https:\/\/websjop.afuk.frl\/nl\/?s={search_term_string}"},"query-input":{"@type":"PropertyValueSpecification","valueRequired":true,"valueName":"search_term_string"}}],"inLanguage":"nl-NL"}]}},"_links":{"self":[{"href":"https:\/\/websjop.afuk.frl\/nl\/wp-json\/wp\/v2\/product\/7957","targetHints":{"allow":["GET"]}}],"collection":[{"href":"https:\/\/websjop.afuk.frl\/nl\/wp-json\/wp\/v2\/product"}],"about":[{"href":"https:\/\/websjop.afuk.frl\/nl\/wp-json\/wp\/v2\/types\/product"}],"replies":[{"embeddable":true,"href":"https:\/\/websjop.afuk.frl\/nl\/wp-json\/wp\/v2\/comments?post=7957"}],"wp:featuredmedia":[{"embeddable":true,"href":"https:\/\/websjop.afuk.frl\/nl\/wp-json\/wp\/v2\/media\/7958"}],"wp:attachment":[{"href":"https:\/\/websjop.afuk.frl\/nl\/wp-json\/wp\/v2\/media?parent=7957"}],"wp:term":[{"taxonomy":"product_brand","embeddable":true,"href":"https:\/\/websjop.afuk.frl\/nl\/wp-json\/wp\/v2\/product_brand?post=7957"},{"taxonomy":"product_cat","embeddable":true,"href":"https:\/\/websjop.afuk.frl\/nl\/wp-json\/wp\/v2\/product_cat?post=7957"},{"taxonomy":"product_tag","embeddable":true,"href":"https:\/\/websjop.afuk.frl\/nl\/wp-json\/wp\/v2\/product_tag?post=7957"}],"curies":[{"name":"wp","href":"https:\/\/api.w.org\/{rel}","templated":true}]}}