{"id":7893,"date":"2014-09-10T03:45:04","date_gmt":"2014-09-10T02:45:04","guid":{"rendered":"https:\/\/websjop.bwhontwerpers.nl\/?post_type=product&#038;p=7893"},"modified":"2026-03-09T12:35:18","modified_gmt":"2026-03-09T11:35:18","slug":"fryslan-moffen-of-wanten","status":"publish","type":"product","link":"https:\/\/websjop.afuk.frl\/nl\/winkel\/fryslan-moffen-of-wanten\/","title":{"rendered":"Frysl\u00e2n-handschoenen"},"content":{"rendered":"<p>Warme blauwe Frysl\u00e2n handschoenen met Pompebl\u00eaden.<\/p>\n<p>Materiaal: 100 % acryl<\/p>\n<p>Maat: M\/L (lengte hand: 16 cm, totaallengte 24.5 cm)<\/p>\n<p>&nbsp;<\/p>\n","protected":false},"excerpt":{"rendered":"<p>Moaie blauwe moffen mei pompebl\u00ead<\/p>\n","protected":false},"featured_media":29759,"comment_status":"closed","ping_status":"closed","template":"","meta":{"_acf_changed":false},"product_brand":[],"product_cat":[5217,565,5065,566,569,9316],"product_tag":[19435,19433,18709,17808,19434,9327],"class_list":{"0":"post-7893","1":"product","2":"type-product","3":"status-publish","4":"has-post-thumbnail","6":"product_cat-fryske-flagge","7":"product_cat-friese-producten","8":"product_cat-fryske-suvenirs","9":"product_cat-fryslan-klean","10":"product_cat-folwoeksenen","11":"product_cat-winter","12":"product_tag-handschoenen","13":"product_tag-moffen","14":"product_tag-pompebleden","15":"product_tag-sneeuw","16":"product_tag-wanten","17":"product_tag-winter","18":"product_shipping_class-brievenbus-verzending","20":"first","21":"instock","22":"taxable","23":"shipping-taxable","24":"purchasable","25":"product-type-simple"},"acf":[],"yoast_head":"<!-- This site is optimized with the Yoast SEO plugin v27.3 - https:\/\/yoast.com\/product\/yoast-seo-wordpress\/ -->\n<title>Frysl\u00e2n moffen<\/title>\n<meta name=\"description\" content=\"Warme blauwe Frysl\u00e2n handschoenen met Pompebl\u00eaden.Materiaal: 100 % acrylMaat: M\/L (lengte hand: 16 cm, totaallengte 24.5 cm)\" \/>\n<meta name=\"robots\" content=\"index, follow, max-snippet:-1, max-image-preview:large, max-video-preview:-1\" \/>\n<link rel=\"canonical\" href=\"https:\/\/websjop.afuk.frl\/nl\/winkel\/fryslan-moffen-of-wanten\/\" \/>\n<meta property=\"og:locale\" content=\"nl_NL\" \/>\n<meta property=\"og:type\" content=\"article\" \/>\n<meta property=\"og:title\" content=\"Frysl\u00e2n moffen\" \/>\n<meta property=\"og:description\" content=\"Warme blauwe Frysl\u00e2n handschoenen met Pompebl\u00eaden.Materiaal: 100 % acrylMaat: M\/L (lengte hand: 16 cm, totaallengte 24.5 cm)\" \/>\n<meta property=\"og:url\" content=\"https:\/\/websjop.afuk.frl\/nl\/winkel\/fryslan-moffen-of-wanten\/\" \/>\n<meta property=\"og:site_name\" content=\"Af\u00fbk Websjop\" \/>\n<meta property=\"article:modified_time\" content=\"2026-03-09T11:35:18+00:00\" \/>\n<meta property=\"og:image\" content=\"https:\/\/websjop.afuk.frl\/wp-content\/uploads\/2014\/09\/moffen-fryslan-scaled.jpg\" \/>\n\t<meta property=\"og:image:width\" content=\"1920\" \/>\n\t<meta property=\"og:image:height\" content=\"2560\" \/>\n\t<meta property=\"og:image:type\" content=\"image\/jpeg\" \/>\n<meta name=\"twitter:card\" content=\"summary_large_image\" \/>\n<script type=\"application\/ld+json\" class=\"yoast-schema-graph\">{\"@context\":\"https:\\\/\\\/schema.org\",\"@graph\":[{\"@type\":\"WebPage\",\"@id\":\"https:\\\/\\\/websjop.afuk.frl\\\/nl\\\/winkel\\\/fryslan-moffen-of-wanten\\\/\",\"url\":\"https:\\\/\\\/websjop.afuk.frl\\\/nl\\\/winkel\\\/fryslan-moffen-of-wanten\\\/\",\"name\":\"Frysl\u00e2n moffen\",\"isPartOf\":{\"@id\":\"https:\\\/\\\/websjop.afuk.frl\\\/nl\\\/#website\"},\"primaryImageOfPage\":{\"@id\":\"https:\\\/\\\/websjop.afuk.frl\\\/nl\\\/winkel\\\/fryslan-moffen-of-wanten\\\/#primaryimage\"},\"image\":{\"@id\":\"https:\\\/\\\/websjop.afuk.frl\\\/nl\\\/winkel\\\/fryslan-moffen-of-wanten\\\/#primaryimage\"},\"thumbnailUrl\":\"https:\\\/\\\/websjop.afuk.frl\\\/wp-content\\\/uploads\\\/2014\\\/09\\\/moffen-fryslan-scaled.jpg\",\"datePublished\":\"2014-09-10T02:45:04+00:00\",\"dateModified\":\"2026-03-09T11:35:18+00:00\",\"description\":\"Warme blauwe Frysl\u00e2n handschoenen met Pompebl\u00eaden.Materiaal: 100 % acrylMaat: M\\\/L (lengte hand: 16 cm, totaallengte 24.5 cm)\",\"breadcrumb\":{\"@id\":\"https:\\\/\\\/websjop.afuk.frl\\\/nl\\\/winkel\\\/fryslan-moffen-of-wanten\\\/#breadcrumb\"},\"inLanguage\":\"nl-NL\",\"potentialAction\":[{\"@type\":\"ReadAction\",\"target\":[\"https:\\\/\\\/websjop.afuk.frl\\\/nl\\\/winkel\\\/fryslan-moffen-of-wanten\\\/\"]}]},{\"@type\":\"ImageObject\",\"inLanguage\":\"nl-NL\",\"@id\":\"https:\\\/\\\/websjop.afuk.frl\\\/nl\\\/winkel\\\/fryslan-moffen-of-wanten\\\/#primaryimage\",\"url\":\"https:\\\/\\\/websjop.afuk.frl\\\/wp-content\\\/uploads\\\/2014\\\/09\\\/moffen-fryslan-scaled.jpg\",\"contentUrl\":\"https:\\\/\\\/websjop.afuk.frl\\\/wp-content\\\/uploads\\\/2014\\\/09\\\/moffen-fryslan-scaled.jpg\",\"width\":1920,\"height\":2560,\"caption\":\"Moffen Frysl\u00e2n\"},{\"@type\":\"BreadcrumbList\",\"@id\":\"https:\\\/\\\/websjop.afuk.frl\\\/nl\\\/winkel\\\/fryslan-moffen-of-wanten\\\/#breadcrumb\",\"itemListElement\":[{\"@type\":\"ListItem\",\"position\":1,\"name\":\"Home\",\"item\":\"https:\\\/\\\/websjop.afuk.frl\\\/nl\\\/\"},{\"@type\":\"ListItem\",\"position\":2,\"name\":\"Winkel\",\"item\":\"https:\\\/\\\/websjop.afuk.frl\\\/nl\\\/winkel\\\/\"},{\"@type\":\"ListItem\",\"position\":3,\"name\":\"Frysl\u00e2n-handschoenen\"}]},{\"@type\":\"WebSite\",\"@id\":\"https:\\\/\\\/websjop.afuk.frl\\\/nl\\\/#website\",\"url\":\"https:\\\/\\\/websjop.afuk.frl\\\/nl\\\/\",\"name\":\"Af\u00fbk Websjop\",\"description\":\"\",\"potentialAction\":[{\"@type\":\"SearchAction\",\"target\":{\"@type\":\"EntryPoint\",\"urlTemplate\":\"https:\\\/\\\/websjop.afuk.frl\\\/nl\\\/?s={search_term_string}\"},\"query-input\":{\"@type\":\"PropertyValueSpecification\",\"valueRequired\":true,\"valueName\":\"search_term_string\"}}],\"inLanguage\":\"nl-NL\"}]}<\/script>\n<!-- \/ Yoast SEO plugin. -->","yoast_head_json":{"title":"Frysl\u00e2n moffen","description":"Warme blauwe Frysl\u00e2n handschoenen met Pompebl\u00eaden.Materiaal: 100 % acrylMaat: M\/L (lengte hand: 16 cm, totaallengte 24.5 cm)","robots":{"index":"index","follow":"follow","max-snippet":"max-snippet:-1","max-image-preview":"max-image-preview:large","max-video-preview":"max-video-preview:-1"},"canonical":"https:\/\/websjop.afuk.frl\/nl\/winkel\/fryslan-moffen-of-wanten\/","og_locale":"nl_NL","og_type":"article","og_title":"Frysl\u00e2n moffen","og_description":"Warme blauwe Frysl\u00e2n handschoenen met Pompebl\u00eaden.Materiaal: 100 % acrylMaat: M\/L (lengte hand: 16 cm, totaallengte 24.5 cm)","og_url":"https:\/\/websjop.afuk.frl\/nl\/winkel\/fryslan-moffen-of-wanten\/","og_site_name":"Af\u00fbk Websjop","article_modified_time":"2026-03-09T11:35:18+00:00","og_image":[{"width":1920,"height":2560,"url":"https:\/\/websjop.afuk.frl\/wp-content\/uploads\/2014\/09\/moffen-fryslan-scaled.jpg","type":"image\/jpeg"}],"twitter_card":"summary_large_image","schema":{"@context":"https:\/\/schema.org","@graph":[{"@type":"WebPage","@id":"https:\/\/websjop.afuk.frl\/nl\/winkel\/fryslan-moffen-of-wanten\/","url":"https:\/\/websjop.afuk.frl\/nl\/winkel\/fryslan-moffen-of-wanten\/","name":"Frysl\u00e2n moffen","isPartOf":{"@id":"https:\/\/websjop.afuk.frl\/nl\/#website"},"primaryImageOfPage":{"@id":"https:\/\/websjop.afuk.frl\/nl\/winkel\/fryslan-moffen-of-wanten\/#primaryimage"},"image":{"@id":"https:\/\/websjop.afuk.frl\/nl\/winkel\/fryslan-moffen-of-wanten\/#primaryimage"},"thumbnailUrl":"https:\/\/websjop.afuk.frl\/wp-content\/uploads\/2014\/09\/moffen-fryslan-scaled.jpg","datePublished":"2014-09-10T02:45:04+00:00","dateModified":"2026-03-09T11:35:18+00:00","description":"Warme blauwe Frysl\u00e2n handschoenen met Pompebl\u00eaden.Materiaal: 100 % acrylMaat: M\/L (lengte hand: 16 cm, totaallengte 24.5 cm)","breadcrumb":{"@id":"https:\/\/websjop.afuk.frl\/nl\/winkel\/fryslan-moffen-of-wanten\/#breadcrumb"},"inLanguage":"nl-NL","potentialAction":[{"@type":"ReadAction","target":["https:\/\/websjop.afuk.frl\/nl\/winkel\/fryslan-moffen-of-wanten\/"]}]},{"@type":"ImageObject","inLanguage":"nl-NL","@id":"https:\/\/websjop.afuk.frl\/nl\/winkel\/fryslan-moffen-of-wanten\/#primaryimage","url":"https:\/\/websjop.afuk.frl\/wp-content\/uploads\/2014\/09\/moffen-fryslan-scaled.jpg","contentUrl":"https:\/\/websjop.afuk.frl\/wp-content\/uploads\/2014\/09\/moffen-fryslan-scaled.jpg","width":1920,"height":2560,"caption":"Moffen Frysl\u00e2n"},{"@type":"BreadcrumbList","@id":"https:\/\/websjop.afuk.frl\/nl\/winkel\/fryslan-moffen-of-wanten\/#breadcrumb","itemListElement":[{"@type":"ListItem","position":1,"name":"Home","item":"https:\/\/websjop.afuk.frl\/nl\/"},{"@type":"ListItem","position":2,"name":"Winkel","item":"https:\/\/websjop.afuk.frl\/nl\/winkel\/"},{"@type":"ListItem","position":3,"name":"Frysl\u00e2n-handschoenen"}]},{"@type":"WebSite","@id":"https:\/\/websjop.afuk.frl\/nl\/#website","url":"https:\/\/websjop.afuk.frl\/nl\/","name":"Af\u00fbk Websjop","description":"","potentialAction":[{"@type":"SearchAction","target":{"@type":"EntryPoint","urlTemplate":"https:\/\/websjop.afuk.frl\/nl\/?s={search_term_string}"},"query-input":{"@type":"PropertyValueSpecification","valueRequired":true,"valueName":"search_term_string"}}],"inLanguage":"nl-NL"}]}},"_links":{"self":[{"href":"https:\/\/websjop.afuk.frl\/nl\/wp-json\/wp\/v2\/product\/7893","targetHints":{"allow":["GET"]}}],"collection":[{"href":"https:\/\/websjop.afuk.frl\/nl\/wp-json\/wp\/v2\/product"}],"about":[{"href":"https:\/\/websjop.afuk.frl\/nl\/wp-json\/wp\/v2\/types\/product"}],"replies":[{"embeddable":true,"href":"https:\/\/websjop.afuk.frl\/nl\/wp-json\/wp\/v2\/comments?post=7893"}],"wp:featuredmedia":[{"embeddable":true,"href":"https:\/\/websjop.afuk.frl\/nl\/wp-json\/wp\/v2\/media\/29759"}],"wp:attachment":[{"href":"https:\/\/websjop.afuk.frl\/nl\/wp-json\/wp\/v2\/media?parent=7893"}],"wp:term":[{"taxonomy":"product_brand","embeddable":true,"href":"https:\/\/websjop.afuk.frl\/nl\/wp-json\/wp\/v2\/product_brand?post=7893"},{"taxonomy":"product_cat","embeddable":true,"href":"https:\/\/websjop.afuk.frl\/nl\/wp-json\/wp\/v2\/product_cat?post=7893"},{"taxonomy":"product_tag","embeddable":true,"href":"https:\/\/websjop.afuk.frl\/nl\/wp-json\/wp\/v2\/product_tag?post=7893"}],"curies":[{"name":"wp","href":"https:\/\/api.w.org\/{rel}","templated":true}]}}