{"id":7863,"date":"2023-09-10T03:43:48","date_gmt":"2023-09-10T02:43:48","guid":{"rendered":"https:\/\/websjop.bwhontwerpers.nl\/?post_type=product&#038;p=7863"},"modified":"2026-04-02T14:31:03","modified_gmt":"2026-04-02T12:31:03","slug":"nijntje-op-e-buorkerij","status":"publish","type":"product","link":"https:\/\/websjop.afuk.frl\/nl\/winkel\/nijntje-op-e-buorkerij\/","title":{"rendered":"Nijntje op \u2019e buorkerij"},"content":{"rendered":"<p>Voel eens wat zacht! Welk dier zou dat zijn, daar achter het hek?<br \/>\nNijntje is op de boerderij en ziet behalve een schaapje ook een koe en een varken.<br \/>\nNeem samen met Nijn een kijkje op de boerderij. Voel en raad welke dieren er achter de flapjes verstopt zitten.<\/p>\n<p>Vierkant, hardkartonnen prentenboek met eenvoudige zwartomlijnde illustraties in primaire kleuren, met voelelementen.<\/p>\n<p>0-3 jaar<\/p>\n<hr \/>\n<p><em>Froukje: &#8220;Dit boekje ha wy krigen mei de berte fan \u00fas soan en ik jou it no ek gauris wei as ik sels in kreamkadootsje keapje. As lytse poppe f\u00fbn \u00fas soan it al hiel leuk om te fielen oan de ferskate materialen yn it boek. En no&#8217;t er ien is fyn&#8217;t er it omslaan fan de flapkes fantastysk. In oanrieder!&#8221;\u00a0<\/em><\/p>\n<p><em>Else: &#8220;Dit boek is hjir th\u00fas al in soad besjoen, mar noch altyd net stikken. In moai stevich boek d\u00ear&#8217;t lytse bern net gau gen\u00f4ch fan krije.&#8221;<\/em><\/p>\n","protected":false},"excerpt":{"rendered":"<p>Voel eens wat zacht! Welk dier zou dat zijn, daar achter het hek? Nijntje is op de boerderij en ziet behalve een schaapje ook een koe en een varken. Neem samen met Nijn een kijkje op de boerderij. Voel en raad welke dieren er achter de flapjes verstopt zitten. Vierkant, hardkartonnen prentenboek met eenvoudige zwartomlijnde [&hellip;]<\/p>\n","protected":false},"featured_media":42653,"comment_status":"closed","ping_status":"closed","template":"","meta":{"_acf_changed":false},"product_brand":[],"product_cat":[1213,549,535,1221,24023,23024],"product_tag":[9847,6110,18319,10655,8676,3172,18285,10656],"class_list":{"0":"post-7863","1":"product","2":"type-product","3":"status-publish","4":"has-post-thumbnail","6":"product_cat-berne-en-jeugdboeken","7":"product_cat-berneboeken-0-tot-4-jaar","8":"product_cat-fryske-boeken","9":"product_cat-maitiid","10":"product_cat-nijntje","11":"product_cat-tema-buorkerij-en-bisten","12":"product_tag-boerderij","13":"product_tag-buorkerij","14":"product_tag-fielboek","15":"product_tag-lente","16":"product_tag-maitiid","17":"product_tag-nijntje","18":"product_tag-pleats","19":"product_tag-voorjaar","20":"product_shipping_class-brievenbus-verzending","21":"pa_auteur-dick-bruna","22":"pa_is-een-afuk-product-0-2","23":"pa_taal-frysk","24":"pa_uitgever-bornmeer","26":"first","27":"instock","28":"taxable","29":"shipping-taxable","30":"purchasable","31":"product-type-simple"},"acf":[],"yoast_head":"<!-- This site is optimized with the Yoast SEO plugin v27.3 - https:\/\/yoast.com\/product\/yoast-seo-wordpress\/ -->\n<title>Nijntje op &#039;e buorkerij<\/title>\n<meta name=\"description\" content=\"Prachtig Fries nijntjeboek waarin je niet alleen kunt zien maar ook kunt voelen! Kijk hier ook voor meer Friestalige Nijntjeboeken.\" \/>\n<meta name=\"robots\" content=\"index, follow, max-snippet:-1, max-image-preview:large, max-video-preview:-1\" \/>\n<link rel=\"canonical\" href=\"https:\/\/websjop.afuk.frl\/nl\/winkel\/nijntje-op-e-buorkerij\/\" \/>\n<meta property=\"og:locale\" content=\"nl_NL\" \/>\n<meta property=\"og:type\" content=\"article\" \/>\n<meta property=\"og:title\" content=\"Nijntje op &#039;e buorkerij\" \/>\n<meta property=\"og:description\" content=\"Prachtig Fries nijntjeboek waarin je niet alleen kunt zien maar ook kunt voelen! Kijk hier ook voor meer Friestalige Nijntjeboeken.\" \/>\n<meta property=\"og:url\" content=\"https:\/\/websjop.afuk.frl\/nl\/winkel\/nijntje-op-e-buorkerij\/\" \/>\n<meta property=\"og:site_name\" content=\"Af\u00fbk Websjop\" \/>\n<meta property=\"article:modified_time\" content=\"2026-04-02T12:31:03+00:00\" \/>\n<meta property=\"og:image\" content=\"https:\/\/websjop.afuk.frl\/wp-content\/uploads\/2020\/09\/nijntje-op-de-pleats.jpg\" \/>\n\t<meta property=\"og:image:width\" content=\"2480\" \/>\n\t<meta property=\"og:image:height\" content=\"2475\" \/>\n\t<meta property=\"og:image:type\" content=\"image\/jpeg\" \/>\n<meta name=\"twitter:card\" content=\"summary_large_image\" \/>\n<meta name=\"twitter:label1\" content=\"Geschatte leestijd\" \/>\n\t<meta name=\"twitter:data1\" content=\"2 minuten\" \/>\n<script type=\"application\/ld+json\" class=\"yoast-schema-graph\">{\"@context\":\"https:\\\/\\\/schema.org\",\"@graph\":[{\"@type\":\"WebPage\",\"@id\":\"https:\\\/\\\/websjop.afuk.frl\\\/nl\\\/winkel\\\/nijntje-op-e-buorkerij\\\/\",\"url\":\"https:\\\/\\\/websjop.afuk.frl\\\/nl\\\/winkel\\\/nijntje-op-e-buorkerij\\\/\",\"name\":\"Nijntje op 'e buorkerij\",\"isPartOf\":{\"@id\":\"https:\\\/\\\/websjop.afuk.frl\\\/nl\\\/#website\"},\"primaryImageOfPage\":{\"@id\":\"https:\\\/\\\/websjop.afuk.frl\\\/nl\\\/winkel\\\/nijntje-op-e-buorkerij\\\/#primaryimage\"},\"image\":{\"@id\":\"https:\\\/\\\/websjop.afuk.frl\\\/nl\\\/winkel\\\/nijntje-op-e-buorkerij\\\/#primaryimage\"},\"thumbnailUrl\":\"https:\\\/\\\/websjop.afuk.frl\\\/wp-content\\\/uploads\\\/2020\\\/09\\\/nijntje-op-de-pleats.jpg\",\"datePublished\":\"2023-09-10T02:43:48+00:00\",\"dateModified\":\"2026-04-02T12:31:03+00:00\",\"description\":\"Prachtig Fries nijntjeboek waarin je niet alleen kunt zien maar ook kunt voelen! Kijk hier ook voor meer Friestalige Nijntjeboeken.\",\"breadcrumb\":{\"@id\":\"https:\\\/\\\/websjop.afuk.frl\\\/nl\\\/winkel\\\/nijntje-op-e-buorkerij\\\/#breadcrumb\"},\"inLanguage\":\"nl-NL\",\"potentialAction\":[{\"@type\":\"ReadAction\",\"target\":[\"https:\\\/\\\/websjop.afuk.frl\\\/nl\\\/winkel\\\/nijntje-op-e-buorkerij\\\/\"]}]},{\"@type\":\"ImageObject\",\"inLanguage\":\"nl-NL\",\"@id\":\"https:\\\/\\\/websjop.afuk.frl\\\/nl\\\/winkel\\\/nijntje-op-e-buorkerij\\\/#primaryimage\",\"url\":\"https:\\\/\\\/websjop.afuk.frl\\\/wp-content\\\/uploads\\\/2020\\\/09\\\/nijntje-op-de-pleats.jpg\",\"contentUrl\":\"https:\\\/\\\/websjop.afuk.frl\\\/wp-content\\\/uploads\\\/2020\\\/09\\\/nijntje-op-de-pleats.jpg\",\"width\":2480,\"height\":2475,\"caption\":\"nijntje op e buorkerij\"},{\"@type\":\"BreadcrumbList\",\"@id\":\"https:\\\/\\\/websjop.afuk.frl\\\/nl\\\/winkel\\\/nijntje-op-e-buorkerij\\\/#breadcrumb\",\"itemListElement\":[{\"@type\":\"ListItem\",\"position\":1,\"name\":\"Home\",\"item\":\"https:\\\/\\\/websjop.afuk.frl\\\/nl\\\/\"},{\"@type\":\"ListItem\",\"position\":2,\"name\":\"Winkel\",\"item\":\"https:\\\/\\\/websjop.afuk.frl\\\/nl\\\/winkel\\\/\"},{\"@type\":\"ListItem\",\"position\":3,\"name\":\"Nijntje op \u2019e buorkerij\"}]},{\"@type\":\"WebSite\",\"@id\":\"https:\\\/\\\/websjop.afuk.frl\\\/nl\\\/#website\",\"url\":\"https:\\\/\\\/websjop.afuk.frl\\\/nl\\\/\",\"name\":\"Af\u00fbk Websjop\",\"description\":\"\",\"potentialAction\":[{\"@type\":\"SearchAction\",\"target\":{\"@type\":\"EntryPoint\",\"urlTemplate\":\"https:\\\/\\\/websjop.afuk.frl\\\/nl\\\/?s={search_term_string}\"},\"query-input\":{\"@type\":\"PropertyValueSpecification\",\"valueRequired\":true,\"valueName\":\"search_term_string\"}}],\"inLanguage\":\"nl-NL\"}]}<\/script>\n<!-- \/ Yoast SEO plugin. -->","yoast_head_json":{"title":"Nijntje op 'e buorkerij","description":"Prachtig Fries nijntjeboek waarin je niet alleen kunt zien maar ook kunt voelen! Kijk hier ook voor meer Friestalige Nijntjeboeken.","robots":{"index":"index","follow":"follow","max-snippet":"max-snippet:-1","max-image-preview":"max-image-preview:large","max-video-preview":"max-video-preview:-1"},"canonical":"https:\/\/websjop.afuk.frl\/nl\/winkel\/nijntje-op-e-buorkerij\/","og_locale":"nl_NL","og_type":"article","og_title":"Nijntje op 'e buorkerij","og_description":"Prachtig Fries nijntjeboek waarin je niet alleen kunt zien maar ook kunt voelen! Kijk hier ook voor meer Friestalige Nijntjeboeken.","og_url":"https:\/\/websjop.afuk.frl\/nl\/winkel\/nijntje-op-e-buorkerij\/","og_site_name":"Af\u00fbk Websjop","article_modified_time":"2026-04-02T12:31:03+00:00","og_image":[{"width":2480,"height":2475,"url":"https:\/\/websjop.afuk.frl\/wp-content\/uploads\/2020\/09\/nijntje-op-de-pleats.jpg","type":"image\/jpeg"}],"twitter_card":"summary_large_image","twitter_misc":{"Geschatte leestijd":"2 minuten"},"schema":{"@context":"https:\/\/schema.org","@graph":[{"@type":"WebPage","@id":"https:\/\/websjop.afuk.frl\/nl\/winkel\/nijntje-op-e-buorkerij\/","url":"https:\/\/websjop.afuk.frl\/nl\/winkel\/nijntje-op-e-buorkerij\/","name":"Nijntje op 'e buorkerij","isPartOf":{"@id":"https:\/\/websjop.afuk.frl\/nl\/#website"},"primaryImageOfPage":{"@id":"https:\/\/websjop.afuk.frl\/nl\/winkel\/nijntje-op-e-buorkerij\/#primaryimage"},"image":{"@id":"https:\/\/websjop.afuk.frl\/nl\/winkel\/nijntje-op-e-buorkerij\/#primaryimage"},"thumbnailUrl":"https:\/\/websjop.afuk.frl\/wp-content\/uploads\/2020\/09\/nijntje-op-de-pleats.jpg","datePublished":"2023-09-10T02:43:48+00:00","dateModified":"2026-04-02T12:31:03+00:00","description":"Prachtig Fries nijntjeboek waarin je niet alleen kunt zien maar ook kunt voelen! Kijk hier ook voor meer Friestalige Nijntjeboeken.","breadcrumb":{"@id":"https:\/\/websjop.afuk.frl\/nl\/winkel\/nijntje-op-e-buorkerij\/#breadcrumb"},"inLanguage":"nl-NL","potentialAction":[{"@type":"ReadAction","target":["https:\/\/websjop.afuk.frl\/nl\/winkel\/nijntje-op-e-buorkerij\/"]}]},{"@type":"ImageObject","inLanguage":"nl-NL","@id":"https:\/\/websjop.afuk.frl\/nl\/winkel\/nijntje-op-e-buorkerij\/#primaryimage","url":"https:\/\/websjop.afuk.frl\/wp-content\/uploads\/2020\/09\/nijntje-op-de-pleats.jpg","contentUrl":"https:\/\/websjop.afuk.frl\/wp-content\/uploads\/2020\/09\/nijntje-op-de-pleats.jpg","width":2480,"height":2475,"caption":"nijntje op e buorkerij"},{"@type":"BreadcrumbList","@id":"https:\/\/websjop.afuk.frl\/nl\/winkel\/nijntje-op-e-buorkerij\/#breadcrumb","itemListElement":[{"@type":"ListItem","position":1,"name":"Home","item":"https:\/\/websjop.afuk.frl\/nl\/"},{"@type":"ListItem","position":2,"name":"Winkel","item":"https:\/\/websjop.afuk.frl\/nl\/winkel\/"},{"@type":"ListItem","position":3,"name":"Nijntje op \u2019e buorkerij"}]},{"@type":"WebSite","@id":"https:\/\/websjop.afuk.frl\/nl\/#website","url":"https:\/\/websjop.afuk.frl\/nl\/","name":"Af\u00fbk Websjop","description":"","potentialAction":[{"@type":"SearchAction","target":{"@type":"EntryPoint","urlTemplate":"https:\/\/websjop.afuk.frl\/nl\/?s={search_term_string}"},"query-input":{"@type":"PropertyValueSpecification","valueRequired":true,"valueName":"search_term_string"}}],"inLanguage":"nl-NL"}]}},"_links":{"self":[{"href":"https:\/\/websjop.afuk.frl\/nl\/wp-json\/wp\/v2\/product\/7863","targetHints":{"allow":["GET"]}}],"collection":[{"href":"https:\/\/websjop.afuk.frl\/nl\/wp-json\/wp\/v2\/product"}],"about":[{"href":"https:\/\/websjop.afuk.frl\/nl\/wp-json\/wp\/v2\/types\/product"}],"replies":[{"embeddable":true,"href":"https:\/\/websjop.afuk.frl\/nl\/wp-json\/wp\/v2\/comments?post=7863"}],"wp:featuredmedia":[{"embeddable":true,"href":"https:\/\/websjop.afuk.frl\/nl\/wp-json\/wp\/v2\/media\/42653"}],"wp:attachment":[{"href":"https:\/\/websjop.afuk.frl\/nl\/wp-json\/wp\/v2\/media?parent=7863"}],"wp:term":[{"taxonomy":"product_brand","embeddable":true,"href":"https:\/\/websjop.afuk.frl\/nl\/wp-json\/wp\/v2\/product_brand?post=7863"},{"taxonomy":"product_cat","embeddable":true,"href":"https:\/\/websjop.afuk.frl\/nl\/wp-json\/wp\/v2\/product_cat?post=7863"},{"taxonomy":"product_tag","embeddable":true,"href":"https:\/\/websjop.afuk.frl\/nl\/wp-json\/wp\/v2\/product_tag?post=7863"}],"curies":[{"name":"wp","href":"https:\/\/api.w.org\/{rel}","templated":true}]}}