{"id":7783,"date":"2014-10-08T23:39:26","date_gmt":"2014-10-08T22:39:26","guid":{"rendered":"https:\/\/websjop.bwhontwerpers.nl\/?post_type=product&#038;p=7783"},"modified":"2022-03-03T10:44:12","modified_gmt":"2022-03-03T09:44:12","slug":"tess-fan-de-d-urbervilles","status":"publish","type":"product","link":"https:\/\/websjop.afuk.frl\/nl\/winkel\/tess-fan-de-d-urbervilles\/","title":{"rendered":"Tess fan de D&#8217;urbervilles"},"content":{"rendered":"<p>Tess is bij it begjin fan it ferhaal in ienf\u00e2ldich kreas famke fan 16 jier \u00fat in ienf\u00e2ldich plattel\u00e2nsfermidden yn it suden fan Ingel\u00e2n. Har libben nimt in hiel oare kear as de d\u00fbmny har heit John Durbeyfield ynienen Sir John neamt. Hy fertelt him dat er \u00fat it laach fan de \u00e2lde ridderfamylje fan de d&#8217;Urbervilles komt. Har heit en mem krije d\u00eartroch in hiel oar perspektyf op har libben en harren prachtige dochter Tess wurdt ynset om de kontakten mei de rike famylje wer oan te heljen. It wurdt lykwols har \u00fbndergong.<\/p>\n<p>Tess wurdt fergriemd tusken de twa utersten fan de Viktoriaanske (manljus)moraal, dy&#8217;t oan de iene kant de frou as (lust)objekt besk\u00f4get en oan de oare kant as wat \u00fbnmooglik suvers en ferhevens. Se is fansels gjinien fan beide, mar wurdt &#8211; mei oare wurden &#8211; w\u00f3l beoardiele neffens wa&#8217;t se yn de eagen fan de manlike task\u00f4ger is en net neffens wat se werklik sels is en w\u00eaze wol.<\/p>\n<p>Har houlik mei Angel (dy&#8217;t net om &#8216;e nocht sa hjit) rint de earste j\u00fbn al op &#8216;e non as se, nei syn bekentenis fan seksueel kontakt mei in oar fo\u00e1r har, ek har eigen ferhaal opbychtet: wat de man Angel as fanselssprekkend ferj\u00fbn wurdt, ferjout er har n\u00e9t, omdat se foar him fan har fuotstik fallen is as suver en ferheven ideaal. <em>Tess of the d&#8217;Urbervilles: A Pure Woman Faithfully Presented<\/em> fan de ferneamde Ingelske skriuwer Thomas Hardy (1840-1928) ferskynde foar it earst yn boekfoarm yn 1891, neidat it swier \u2018fatsoenearre&#8217; yn \u00f4fleveringen ferskynd wie yn it tydskrift <em>The Graphic. <\/em>It boek is ferskillende kearen suksesfol ferfilme en hat ferline jier noch op de BBC te sjen west.<\/p>\n","protected":false},"excerpt":{"rendered":"<p>Roman<\/p>\n","protected":false},"featured_media":7784,"comment_status":"closed","ping_status":"closed","template":"","meta":{"_acf_changed":false},"product_brand":[],"product_cat":[535,537,1215],"product_tag":[8444,8445],"class_list":{"0":"post-7783","1":"product","2":"type-product","3":"status-publish","4":"has-post-thumbnail","6":"product_cat-fryske-boeken","7":"product_cat-romans","8":"product_cat-romans-en-literatuer","9":"product_tag-tess-fan-de-durbervilles","10":"product_tag-thomas-hardy","11":"product_shipping_class-brievenbus-verzending","12":"pa_auteur-thomas-hardy-2","13":"pa_isbn-1836","14":"pa_taal-frysk","15":"pa_uitgever-elikser","17":"first","18":"instock","19":"taxable","20":"shipping-taxable","21":"purchasable","22":"product-type-simple"},"acf":[],"yoast_head":"<!-- This site is optimized with the Yoast SEO plugin v27.2 - https:\/\/yoast.com\/product\/yoast-seo-wordpress\/ -->\n<title>Tess fan de D&#039;urbervilles<\/title>\n<meta name=\"robots\" content=\"index, follow, max-snippet:-1, max-image-preview:large, max-video-preview:-1\" \/>\n<link rel=\"canonical\" href=\"https:\/\/websjop.afuk.frl\/nl\/winkel\/tess-fan-de-d-urbervilles\/\" \/>\n<meta property=\"og:locale\" content=\"nl_NL\" \/>\n<meta property=\"og:type\" content=\"article\" \/>\n<meta property=\"og:title\" content=\"Tess fan de D&#039;urbervilles\" \/>\n<meta property=\"og:description\" content=\"Roman\" \/>\n<meta property=\"og:url\" content=\"https:\/\/websjop.afuk.frl\/nl\/winkel\/tess-fan-de-d-urbervilles\/\" \/>\n<meta property=\"og:site_name\" content=\"Af\u00fbk Websjop\" \/>\n<meta property=\"article:modified_time\" content=\"2022-03-03T09:44:12+00:00\" \/>\n<meta property=\"og:image\" content=\"https:\/\/websjop.afuk.frl\/wp-content\/uploads\/2014\/09\/products-product_3924_0.jpg\" \/>\n\t<meta property=\"og:image:width\" content=\"300\" \/>\n\t<meta property=\"og:image:height\" content=\"435\" \/>\n\t<meta property=\"og:image:type\" content=\"image\/jpeg\" \/>\n<meta name=\"twitter:card\" content=\"summary_large_image\" \/>\n<meta name=\"twitter:label1\" content=\"Geschatte leestijd\" \/>\n\t<meta name=\"twitter:data1\" content=\"1 minuut\" \/>\n<script type=\"application\/ld+json\" class=\"yoast-schema-graph\">{\"@context\":\"https:\/\/schema.org\",\"@graph\":[{\"@type\":\"WebPage\",\"@id\":\"https:\/\/websjop.afuk.frl\/nl\/winkel\/tess-fan-de-d-urbervilles\/\",\"url\":\"https:\/\/websjop.afuk.frl\/nl\/winkel\/tess-fan-de-d-urbervilles\/\",\"name\":\"Tess fan de D'urbervilles\",\"isPartOf\":{\"@id\":\"https:\/\/websjop.afuk.frl\/nl\/#website\"},\"primaryImageOfPage\":{\"@id\":\"https:\/\/websjop.afuk.frl\/nl\/winkel\/tess-fan-de-d-urbervilles\/#primaryimage\"},\"image\":{\"@id\":\"https:\/\/websjop.afuk.frl\/nl\/winkel\/tess-fan-de-d-urbervilles\/#primaryimage\"},\"thumbnailUrl\":\"https:\/\/websjop.afuk.frl\/wp-content\/uploads\/2014\/09\/products-product_3924_0.jpg\",\"datePublished\":\"2014-10-08T22:39:26+00:00\",\"dateModified\":\"2022-03-03T09:44:12+00:00\",\"breadcrumb\":{\"@id\":\"https:\/\/websjop.afuk.frl\/nl\/winkel\/tess-fan-de-d-urbervilles\/#breadcrumb\"},\"inLanguage\":\"nl-NL\",\"potentialAction\":[{\"@type\":\"ReadAction\",\"target\":[\"https:\/\/websjop.afuk.frl\/nl\/winkel\/tess-fan-de-d-urbervilles\/\"]}]},{\"@type\":\"ImageObject\",\"inLanguage\":\"nl-NL\",\"@id\":\"https:\/\/websjop.afuk.frl\/nl\/winkel\/tess-fan-de-d-urbervilles\/#primaryimage\",\"url\":\"https:\/\/websjop.afuk.frl\/wp-content\/uploads\/2014\/09\/products-product_3924_0.jpg\",\"contentUrl\":\"https:\/\/websjop.afuk.frl\/wp-content\/uploads\/2014\/09\/products-product_3924_0.jpg\",\"width\":300,\"height\":435,\"caption\":\"Tess fan de D'urbervilles\"},{\"@type\":\"BreadcrumbList\",\"@id\":\"https:\/\/websjop.afuk.frl\/nl\/winkel\/tess-fan-de-d-urbervilles\/#breadcrumb\",\"itemListElement\":[{\"@type\":\"ListItem\",\"position\":1,\"name\":\"Home\",\"item\":\"https:\/\/websjop.afuk.frl\/nl\/\"},{\"@type\":\"ListItem\",\"position\":2,\"name\":\"Winkel\",\"item\":\"https:\/\/websjop.afuk.frl\/nl\/winkel\/\"},{\"@type\":\"ListItem\",\"position\":3,\"name\":\"Tess fan de D&#8217;urbervilles\"}]},{\"@type\":\"WebSite\",\"@id\":\"https:\/\/websjop.afuk.frl\/nl\/#website\",\"url\":\"https:\/\/websjop.afuk.frl\/nl\/\",\"name\":\"Af\u00fbk Websjop\",\"description\":\"\",\"potentialAction\":[{\"@type\":\"SearchAction\",\"target\":{\"@type\":\"EntryPoint\",\"urlTemplate\":\"https:\/\/websjop.afuk.frl\/nl\/?s={search_term_string}\"},\"query-input\":{\"@type\":\"PropertyValueSpecification\",\"valueRequired\":true,\"valueName\":\"search_term_string\"}}],\"inLanguage\":\"nl-NL\"}]}<\/script>\n<!-- \/ Yoast SEO plugin. -->","yoast_head_json":{"title":"Tess fan de D'urbervilles","robots":{"index":"index","follow":"follow","max-snippet":"max-snippet:-1","max-image-preview":"max-image-preview:large","max-video-preview":"max-video-preview:-1"},"canonical":"https:\/\/websjop.afuk.frl\/nl\/winkel\/tess-fan-de-d-urbervilles\/","og_locale":"nl_NL","og_type":"article","og_title":"Tess fan de D'urbervilles","og_description":"Roman","og_url":"https:\/\/websjop.afuk.frl\/nl\/winkel\/tess-fan-de-d-urbervilles\/","og_site_name":"Af\u00fbk Websjop","article_modified_time":"2022-03-03T09:44:12+00:00","og_image":[{"width":300,"height":435,"url":"https:\/\/websjop.afuk.frl\/wp-content\/uploads\/2014\/09\/products-product_3924_0.jpg","type":"image\/jpeg"}],"twitter_card":"summary_large_image","twitter_misc":{"Geschatte leestijd":"1 minuut"},"schema":{"@context":"https:\/\/schema.org","@graph":[{"@type":"WebPage","@id":"https:\/\/websjop.afuk.frl\/nl\/winkel\/tess-fan-de-d-urbervilles\/","url":"https:\/\/websjop.afuk.frl\/nl\/winkel\/tess-fan-de-d-urbervilles\/","name":"Tess fan de D'urbervilles","isPartOf":{"@id":"https:\/\/websjop.afuk.frl\/nl\/#website"},"primaryImageOfPage":{"@id":"https:\/\/websjop.afuk.frl\/nl\/winkel\/tess-fan-de-d-urbervilles\/#primaryimage"},"image":{"@id":"https:\/\/websjop.afuk.frl\/nl\/winkel\/tess-fan-de-d-urbervilles\/#primaryimage"},"thumbnailUrl":"https:\/\/websjop.afuk.frl\/wp-content\/uploads\/2014\/09\/products-product_3924_0.jpg","datePublished":"2014-10-08T22:39:26+00:00","dateModified":"2022-03-03T09:44:12+00:00","breadcrumb":{"@id":"https:\/\/websjop.afuk.frl\/nl\/winkel\/tess-fan-de-d-urbervilles\/#breadcrumb"},"inLanguage":"nl-NL","potentialAction":[{"@type":"ReadAction","target":["https:\/\/websjop.afuk.frl\/nl\/winkel\/tess-fan-de-d-urbervilles\/"]}]},{"@type":"ImageObject","inLanguage":"nl-NL","@id":"https:\/\/websjop.afuk.frl\/nl\/winkel\/tess-fan-de-d-urbervilles\/#primaryimage","url":"https:\/\/websjop.afuk.frl\/wp-content\/uploads\/2014\/09\/products-product_3924_0.jpg","contentUrl":"https:\/\/websjop.afuk.frl\/wp-content\/uploads\/2014\/09\/products-product_3924_0.jpg","width":300,"height":435,"caption":"Tess fan de D'urbervilles"},{"@type":"BreadcrumbList","@id":"https:\/\/websjop.afuk.frl\/nl\/winkel\/tess-fan-de-d-urbervilles\/#breadcrumb","itemListElement":[{"@type":"ListItem","position":1,"name":"Home","item":"https:\/\/websjop.afuk.frl\/nl\/"},{"@type":"ListItem","position":2,"name":"Winkel","item":"https:\/\/websjop.afuk.frl\/nl\/winkel\/"},{"@type":"ListItem","position":3,"name":"Tess fan de D&#8217;urbervilles"}]},{"@type":"WebSite","@id":"https:\/\/websjop.afuk.frl\/nl\/#website","url":"https:\/\/websjop.afuk.frl\/nl\/","name":"Af\u00fbk Websjop","description":"","potentialAction":[{"@type":"SearchAction","target":{"@type":"EntryPoint","urlTemplate":"https:\/\/websjop.afuk.frl\/nl\/?s={search_term_string}"},"query-input":{"@type":"PropertyValueSpecification","valueRequired":true,"valueName":"search_term_string"}}],"inLanguage":"nl-NL"}]}},"_links":{"self":[{"href":"https:\/\/websjop.afuk.frl\/nl\/wp-json\/wp\/v2\/product\/7783","targetHints":{"allow":["GET"]}}],"collection":[{"href":"https:\/\/websjop.afuk.frl\/nl\/wp-json\/wp\/v2\/product"}],"about":[{"href":"https:\/\/websjop.afuk.frl\/nl\/wp-json\/wp\/v2\/types\/product"}],"replies":[{"embeddable":true,"href":"https:\/\/websjop.afuk.frl\/nl\/wp-json\/wp\/v2\/comments?post=7783"}],"wp:featuredmedia":[{"embeddable":true,"href":"https:\/\/websjop.afuk.frl\/nl\/wp-json\/wp\/v2\/media\/7784"}],"wp:attachment":[{"href":"https:\/\/websjop.afuk.frl\/nl\/wp-json\/wp\/v2\/media?parent=7783"}],"wp:term":[{"taxonomy":"product_brand","embeddable":true,"href":"https:\/\/websjop.afuk.frl\/nl\/wp-json\/wp\/v2\/product_brand?post=7783"},{"taxonomy":"product_cat","embeddable":true,"href":"https:\/\/websjop.afuk.frl\/nl\/wp-json\/wp\/v2\/product_cat?post=7783"},{"taxonomy":"product_tag","embeddable":true,"href":"https:\/\/websjop.afuk.frl\/nl\/wp-json\/wp\/v2\/product_tag?post=7783"}],"curies":[{"name":"wp","href":"https:\/\/api.w.org\/{rel}","templated":true}]}}