{"id":7639,"date":"2021-10-09T03:36:05","date_gmt":"2021-10-09T02:36:05","guid":{"rendered":"https:\/\/websjop.bwhontwerpers.nl\/?post_type=product&#038;p=7639"},"modified":"2022-04-07T10:44:43","modified_gmt":"2022-04-07T09:44:43","slug":"krupelhintsjes","status":"publish","type":"product","link":"https:\/\/websjop.afuk.frl\/nl\/winkel\/krupelhintsjes\/","title":{"rendered":"Kr\u00fbpelhintsjes (grut)"},"content":{"rendered":"<p>In boek fol nije ferskes foar pjutten. Om foar te l\u00eazen en op te sizzen.<br \/>\nOp alle siden stiet in leavehearsbistke, kinsto it fine?<\/p>\n<p>Der is ek in <a href=\"https:\/\/websjop.afuk.frl\/frl\/winkel\/krupelhintsjes-lyts\/\">lytsere ferzje<\/a> fan dit boek te krijen.<\/p>\n<p><a href=\"https:\/\/www.instagram.com\/reel\/Ca7CsCbAOzK\/?utm_source=ig_web_copy_link\" target=\"_blank\" rel=\"noopener\">Sjoch hjir in filmke fan de ynh\u00e2ld fan dit boekje op Instagram.<\/a><\/p>\n<hr \/>\n<p><em>Antje van Schepen: &#8220;De ferskes hawwe allegear in fijn ritme, einrym, en binne foar lytse bern maklik mei te sizzen en te sjongen. Se binne kwa lingte ek presys goed; net te lang en net te koart. Th\u00fas binne se fijn foar in foarl\u00easmomintsje, op skoalle of op it pjutteboartersplak leuk as taalmomint of energizer tuskentroch. Ek liene de ferskes har goed om der bewegings by te meitsjen. De ferskes kinne sawol \u2018los\u2019 as by in tema br\u00fbkt wurde. De ferskes oer skeetsjes en de \u00fbnderbroekm\u00fbtse binne ek gewoan de \u00fbnderbroekelol dy\u2019t by dizze leeftiid passet.&#8221; <a href=\"https:\/\/heitenmem.nl\/artikel\/23746\/de-resinsje-fan-antje-krupelhintsjes\/\" target=\"_blank\" rel=\"noopener\">L\u00eas hjir de folsleine resinsje.<\/a><\/em><\/p>\n","protected":false},"excerpt":{"rendered":"<p>In boek fol nije ferskes foar pjutten. Om foar te l\u00eazen en op te sizzen. Op alle siden stiet in leavehearsbistke, kinsto it fine? Der is ek in lytsere ferzje fan dit boek te krijen. Sjoch hjir in filmke fan de ynh\u00e2ld fan dit boekje op Instagram. Antje van Schepen: &#8220;De ferskes hawwe allegear in [&hellip;]<\/p>\n","protected":false},"featured_media":12522,"comment_status":"closed","ping_status":"closed","template":"","meta":{"_acf_changed":false},"product_brand":[],"product_cat":[1213,549,535,1221,1160],"product_tag":[6083,5293,8673,18424,20623,9559,6082,6084,18422],"class_list":{"0":"post-7639","1":"product","2":"type-product","3":"status-publish","4":"has-post-thumbnail","6":"product_cat-berne-en-jeugdboeken","7":"product_cat-berneboeken-0-tot-4-jaar","8":"product_cat-fryske-boeken","9":"product_cat-maitiid","10":"product_cat-poezy-rymkes-en-ferskes-foar-bern","11":"product_tag-auck-peanstra","12":"product_tag-ferskes","13":"product_tag-gedicht","14":"product_tag-ingeltsje","15":"product_tag-kindergedichtjes","16":"product_tag-kinderliedjes","17":"product_tag-krupelhintsjes","18":"product_tag-leavehearsbistke","19":"product_tag-lieveheersbeestje","20":"product_shipping_class-brievenbus-verzending","21":"pa_auteur-auck-peanstra-2","22":"pa_isbn-1769","23":"pa_taal-frysk","24":"pa_uitgever-afuk","26":"first","27":"instock","28":"taxable","29":"shipping-taxable","30":"purchasable","31":"product-type-simple"},"acf":[],"yoast_head":"<!-- This site is optimized with the Yoast SEO plugin v27.3 - https:\/\/yoast.com\/product\/yoast-seo-wordpress\/ -->\n<title>Kr\u00fbpelhintsjes<\/title>\n<meta name=\"description\" content=\"In boek fol nije ferskes foar pjutten. Om foar te l\u00eazen en op te sizzen.Op alle siden stiet in leavehearsbistke, kinsto it fine?\" \/>\n<meta name=\"robots\" content=\"index, follow, max-snippet:-1, max-image-preview:large, max-video-preview:-1\" \/>\n<link rel=\"canonical\" href=\"https:\/\/websjop.afuk.frl\/nl\/winkel\/krupelhintsjes\/\" \/>\n<meta property=\"og:locale\" content=\"nl_NL\" \/>\n<meta property=\"og:type\" content=\"article\" \/>\n<meta property=\"og:title\" content=\"Kr\u00fbpelhintsjes\" \/>\n<meta property=\"og:description\" content=\"In boek fol nije ferskes foar pjutten. Om foar te l\u00eazen en op te sizzen.Op alle siden stiet in leavehearsbistke, kinsto it fine?\" \/>\n<meta property=\"og:url\" content=\"https:\/\/websjop.afuk.frl\/nl\/winkel\/krupelhintsjes\/\" \/>\n<meta property=\"og:site_name\" content=\"Af\u00fbk Websjop\" \/>\n<meta property=\"article:modified_time\" content=\"2022-04-07T09:44:43+00:00\" \/>\n<meta property=\"og:image\" content=\"https:\/\/websjop.afuk.frl\/wp-content\/uploads\/2014\/10\/krupelhintsjes-lyts.jpg\" \/>\n\t<meta property=\"og:image:width\" content=\"550\" \/>\n\t<meta property=\"og:image:height\" content=\"595\" \/>\n\t<meta property=\"og:image:type\" content=\"image\/jpeg\" \/>\n<meta name=\"twitter:card\" content=\"summary_large_image\" \/>\n<meta name=\"twitter:label1\" content=\"Geschatte leestijd\" \/>\n\t<meta name=\"twitter:data1\" content=\"1 minuut\" \/>\n<script type=\"application\/ld+json\" class=\"yoast-schema-graph\">{\"@context\":\"https:\\\/\\\/schema.org\",\"@graph\":[{\"@type\":\"WebPage\",\"@id\":\"https:\\\/\\\/websjop.afuk.frl\\\/nl\\\/winkel\\\/krupelhintsjes\\\/\",\"url\":\"https:\\\/\\\/websjop.afuk.frl\\\/nl\\\/winkel\\\/krupelhintsjes\\\/\",\"name\":\"Kr\u00fbpelhintsjes\",\"isPartOf\":{\"@id\":\"https:\\\/\\\/websjop.afuk.frl\\\/nl\\\/#website\"},\"primaryImageOfPage\":{\"@id\":\"https:\\\/\\\/websjop.afuk.frl\\\/nl\\\/winkel\\\/krupelhintsjes\\\/#primaryimage\"},\"image\":{\"@id\":\"https:\\\/\\\/websjop.afuk.frl\\\/nl\\\/winkel\\\/krupelhintsjes\\\/#primaryimage\"},\"thumbnailUrl\":\"https:\\\/\\\/websjop.afuk.frl\\\/wp-content\\\/uploads\\\/2014\\\/10\\\/krupelhintsjes-lyts.jpg\",\"datePublished\":\"2021-10-09T02:36:05+00:00\",\"dateModified\":\"2022-04-07T09:44:43+00:00\",\"description\":\"In boek fol nije ferskes foar pjutten. Om foar te l\u00eazen en op te sizzen.Op alle siden stiet in leavehearsbistke, kinsto it fine?\",\"breadcrumb\":{\"@id\":\"https:\\\/\\\/websjop.afuk.frl\\\/nl\\\/winkel\\\/krupelhintsjes\\\/#breadcrumb\"},\"inLanguage\":\"nl-NL\",\"potentialAction\":[{\"@type\":\"ReadAction\",\"target\":[\"https:\\\/\\\/websjop.afuk.frl\\\/nl\\\/winkel\\\/krupelhintsjes\\\/\"]}]},{\"@type\":\"ImageObject\",\"inLanguage\":\"nl-NL\",\"@id\":\"https:\\\/\\\/websjop.afuk.frl\\\/nl\\\/winkel\\\/krupelhintsjes\\\/#primaryimage\",\"url\":\"https:\\\/\\\/websjop.afuk.frl\\\/wp-content\\\/uploads\\\/2014\\\/10\\\/krupelhintsjes-lyts.jpg\",\"contentUrl\":\"https:\\\/\\\/websjop.afuk.frl\\\/wp-content\\\/uploads\\\/2014\\\/10\\\/krupelhintsjes-lyts.jpg\",\"width\":550,\"height\":595,\"caption\":\"Kr\u00fbpelhintsjes\"},{\"@type\":\"BreadcrumbList\",\"@id\":\"https:\\\/\\\/websjop.afuk.frl\\\/nl\\\/winkel\\\/krupelhintsjes\\\/#breadcrumb\",\"itemListElement\":[{\"@type\":\"ListItem\",\"position\":1,\"name\":\"Home\",\"item\":\"https:\\\/\\\/websjop.afuk.frl\\\/nl\\\/\"},{\"@type\":\"ListItem\",\"position\":2,\"name\":\"Winkel\",\"item\":\"https:\\\/\\\/websjop.afuk.frl\\\/nl\\\/winkel\\\/\"},{\"@type\":\"ListItem\",\"position\":3,\"name\":\"Kr\u00fbpelhintsjes (grut)\"}]},{\"@type\":\"WebSite\",\"@id\":\"https:\\\/\\\/websjop.afuk.frl\\\/nl\\\/#website\",\"url\":\"https:\\\/\\\/websjop.afuk.frl\\\/nl\\\/\",\"name\":\"Af\u00fbk Websjop\",\"description\":\"\",\"potentialAction\":[{\"@type\":\"SearchAction\",\"target\":{\"@type\":\"EntryPoint\",\"urlTemplate\":\"https:\\\/\\\/websjop.afuk.frl\\\/nl\\\/?s={search_term_string}\"},\"query-input\":{\"@type\":\"PropertyValueSpecification\",\"valueRequired\":true,\"valueName\":\"search_term_string\"}}],\"inLanguage\":\"nl-NL\"}]}<\/script>\n<!-- \/ Yoast SEO plugin. -->","yoast_head_json":{"title":"Kr\u00fbpelhintsjes","description":"In boek fol nije ferskes foar pjutten. Om foar te l\u00eazen en op te sizzen.Op alle siden stiet in leavehearsbistke, kinsto it fine?","robots":{"index":"index","follow":"follow","max-snippet":"max-snippet:-1","max-image-preview":"max-image-preview:large","max-video-preview":"max-video-preview:-1"},"canonical":"https:\/\/websjop.afuk.frl\/nl\/winkel\/krupelhintsjes\/","og_locale":"nl_NL","og_type":"article","og_title":"Kr\u00fbpelhintsjes","og_description":"In boek fol nije ferskes foar pjutten. Om foar te l\u00eazen en op te sizzen.Op alle siden stiet in leavehearsbistke, kinsto it fine?","og_url":"https:\/\/websjop.afuk.frl\/nl\/winkel\/krupelhintsjes\/","og_site_name":"Af\u00fbk Websjop","article_modified_time":"2022-04-07T09:44:43+00:00","og_image":[{"width":550,"height":595,"url":"https:\/\/websjop.afuk.frl\/wp-content\/uploads\/2014\/10\/krupelhintsjes-lyts.jpg","type":"image\/jpeg"}],"twitter_card":"summary_large_image","twitter_misc":{"Geschatte leestijd":"1 minuut"},"schema":{"@context":"https:\/\/schema.org","@graph":[{"@type":"WebPage","@id":"https:\/\/websjop.afuk.frl\/nl\/winkel\/krupelhintsjes\/","url":"https:\/\/websjop.afuk.frl\/nl\/winkel\/krupelhintsjes\/","name":"Kr\u00fbpelhintsjes","isPartOf":{"@id":"https:\/\/websjop.afuk.frl\/nl\/#website"},"primaryImageOfPage":{"@id":"https:\/\/websjop.afuk.frl\/nl\/winkel\/krupelhintsjes\/#primaryimage"},"image":{"@id":"https:\/\/websjop.afuk.frl\/nl\/winkel\/krupelhintsjes\/#primaryimage"},"thumbnailUrl":"https:\/\/websjop.afuk.frl\/wp-content\/uploads\/2014\/10\/krupelhintsjes-lyts.jpg","datePublished":"2021-10-09T02:36:05+00:00","dateModified":"2022-04-07T09:44:43+00:00","description":"In boek fol nije ferskes foar pjutten. Om foar te l\u00eazen en op te sizzen.Op alle siden stiet in leavehearsbistke, kinsto it fine?","breadcrumb":{"@id":"https:\/\/websjop.afuk.frl\/nl\/winkel\/krupelhintsjes\/#breadcrumb"},"inLanguage":"nl-NL","potentialAction":[{"@type":"ReadAction","target":["https:\/\/websjop.afuk.frl\/nl\/winkel\/krupelhintsjes\/"]}]},{"@type":"ImageObject","inLanguage":"nl-NL","@id":"https:\/\/websjop.afuk.frl\/nl\/winkel\/krupelhintsjes\/#primaryimage","url":"https:\/\/websjop.afuk.frl\/wp-content\/uploads\/2014\/10\/krupelhintsjes-lyts.jpg","contentUrl":"https:\/\/websjop.afuk.frl\/wp-content\/uploads\/2014\/10\/krupelhintsjes-lyts.jpg","width":550,"height":595,"caption":"Kr\u00fbpelhintsjes"},{"@type":"BreadcrumbList","@id":"https:\/\/websjop.afuk.frl\/nl\/winkel\/krupelhintsjes\/#breadcrumb","itemListElement":[{"@type":"ListItem","position":1,"name":"Home","item":"https:\/\/websjop.afuk.frl\/nl\/"},{"@type":"ListItem","position":2,"name":"Winkel","item":"https:\/\/websjop.afuk.frl\/nl\/winkel\/"},{"@type":"ListItem","position":3,"name":"Kr\u00fbpelhintsjes (grut)"}]},{"@type":"WebSite","@id":"https:\/\/websjop.afuk.frl\/nl\/#website","url":"https:\/\/websjop.afuk.frl\/nl\/","name":"Af\u00fbk Websjop","description":"","potentialAction":[{"@type":"SearchAction","target":{"@type":"EntryPoint","urlTemplate":"https:\/\/websjop.afuk.frl\/nl\/?s={search_term_string}"},"query-input":{"@type":"PropertyValueSpecification","valueRequired":true,"valueName":"search_term_string"}}],"inLanguage":"nl-NL"}]}},"_links":{"self":[{"href":"https:\/\/websjop.afuk.frl\/nl\/wp-json\/wp\/v2\/product\/7639","targetHints":{"allow":["GET"]}}],"collection":[{"href":"https:\/\/websjop.afuk.frl\/nl\/wp-json\/wp\/v2\/product"}],"about":[{"href":"https:\/\/websjop.afuk.frl\/nl\/wp-json\/wp\/v2\/types\/product"}],"replies":[{"embeddable":true,"href":"https:\/\/websjop.afuk.frl\/nl\/wp-json\/wp\/v2\/comments?post=7639"}],"wp:featuredmedia":[{"embeddable":true,"href":"https:\/\/websjop.afuk.frl\/nl\/wp-json\/wp\/v2\/media\/12522"}],"wp:attachment":[{"href":"https:\/\/websjop.afuk.frl\/nl\/wp-json\/wp\/v2\/media?parent=7639"}],"wp:term":[{"taxonomy":"product_brand","embeddable":true,"href":"https:\/\/websjop.afuk.frl\/nl\/wp-json\/wp\/v2\/product_brand?post=7639"},{"taxonomy":"product_cat","embeddable":true,"href":"https:\/\/websjop.afuk.frl\/nl\/wp-json\/wp\/v2\/product_cat?post=7639"},{"taxonomy":"product_tag","embeddable":true,"href":"https:\/\/websjop.afuk.frl\/nl\/wp-json\/wp\/v2\/product_tag?post=7639"}],"curies":[{"name":"wp","href":"https:\/\/api.w.org\/{rel}","templated":true}]}}