{"id":7626,"date":"2014-09-10T03:35:46","date_gmt":"2014-09-10T02:35:46","guid":{"rendered":"https:\/\/websjop.bwhontwerpers.nl\/?post_type=product&#038;p=7626"},"modified":"2019-11-05T16:00:35","modified_gmt":"2019-11-05T15:00:35","slug":"yslik-aktyf-de-traveliers-audio","status":"publish","type":"product","link":"https:\/\/websjop.afuk.frl\/nl\/winkel\/yslik-aktyf-de-traveliers-audio\/","title":{"rendered":"De Traveliers: Yslik aktyf &#8211; Audioboek"},"content":{"rendered":"<p><strong><em>L\u00fasterboek<\/em><\/strong><\/p>\n<p>&#8216;Allegearre \u00fat de gongen,&#8217; brult er yn de ynterkom. Dan begjint er te sprinten. As George de beide tassen te pakken hat, fljocht er by de smelle treppens op mei yn elke h\u00e2n in tas. It horloazje oan syn linkerpols tikket de l\u00easte sekonder fuort. Hy r\u00eadt it net. Mei de longen op knappen draaft er oer it dek. Mei in swaai goait er de beide r\u00eachsekken oer de reling. Se bliuwe in skoftke driuwen. Dan ferdwine se yn it wetter. It duorret noch alve sekonden as mei in knal it wetter omheech spuitet.De Traveliers, in nije searje spannende en nijsgjirrige boeken foar bern fan 10 jier \u00f4f. De famylje Travelier reizget de wr\u00e2ld oer. Mei troch it wurk fan heit foar alderhande projekten yn it b\u00fbtenl\u00e2n komme Hidde en Fardau op plakken d\u00ear&#8217;t it aventoer om &#8216;e hoeke leit.<\/p>\n<p><a href=\"http:\/\/www.traveliers.nl\" target=\"_blank\" rel=\"noopener noreferrer\">traveliers.nlLINK<\/a><\/p>\n<p>Foarl\u00eazen troch de skriuwer.<\/p>\n<p>2 cd&#8217;s<\/p>\n","protected":false},"excerpt":{"rendered":"<p>L\u00fasterboek &#8216;Allegearre \u00fat de gongen,&#8217; brult er yn de ynterkom. Dan begjint er te sprinten. As George de beide tassen te pakken hat, fljocht er by de smelle treppens op mei yn elke h\u00e2n in tas. It horloazje oan syn linkerpols tikket de l\u00easte sekonder fuort. Hy r\u00eadt it net. Mei de longen op knappen [&hellip;]<\/p>\n","protected":false},"featured_media":7627,"comment_status":"closed","ping_status":"closed","template":"","meta":{"_acf_changed":false},"product_brand":[],"product_cat":[1213,1043,1217,535,547],"product_tag":[5780,5851,5859,5803,5781],"class_list":{"0":"post-7626","1":"product","2":"type-product","3":"status-publish","4":"has-post-thumbnail","6":"product_cat-berne-en-jeugdboeken","7":"product_cat-edukatyf","8":"product_cat-foar-bern","9":"product_cat-fryske-boeken","10":"product_cat-lusterboeken","11":"product_tag-audioboek","12":"product_tag-de-traveliers","13":"product_tag-de-traveliers-yslik-aktyf","14":"product_tag-lusterboek","15":"product_tag-lusterboeken","16":"product_shipping_class-brievenbus-verzending","17":"pa_auteur-anny-de-jong-2","18":"pa_isbn-1761","19":"pa_taal-frysk","20":"pa_uitgever-audiofrysk","22":"first","23":"instock","24":"taxable","25":"shipping-taxable","26":"purchasable","27":"product-type-simple"},"acf":[],"yoast_head":"<!-- This site is optimized with the Yoast SEO plugin v27.3 - https:\/\/yoast.com\/product\/yoast-seo-wordpress\/ -->\n<title>Yslik aktyf - De Traveliers - Audio<\/title>\n<meta name=\"description\" content=\"Yslik aktyf - De Traveliers - Audio\" \/>\n<meta name=\"robots\" content=\"index, follow, max-snippet:-1, max-image-preview:large, max-video-preview:-1\" \/>\n<link rel=\"canonical\" href=\"https:\/\/websjop.afuk.frl\/nl\/winkel\/yslik-aktyf-de-traveliers-audio\/\" \/>\n<meta property=\"og:locale\" content=\"nl_NL\" \/>\n<meta property=\"og:type\" content=\"article\" \/>\n<meta property=\"og:title\" content=\"Yslik aktyf - De Traveliers - Audio\" \/>\n<meta property=\"og:description\" content=\"Yslik aktyf - De Traveliers - Audio\" \/>\n<meta property=\"og:url\" content=\"https:\/\/websjop.afuk.frl\/nl\/winkel\/yslik-aktyf-de-traveliers-audio\/\" \/>\n<meta property=\"og:site_name\" content=\"Af\u00fbk Websjop\" \/>\n<meta property=\"article:modified_time\" content=\"2019-11-05T15:00:35+00:00\" \/>\n<meta property=\"og:image\" content=\"https:\/\/websjop.afuk.frl\/wp-content\/uploads\/2014\/09\/products-product_3696_0_1.jpg\" \/>\n\t<meta property=\"og:image:width\" content=\"300\" \/>\n\t<meta property=\"og:image:height\" content=\"429\" \/>\n\t<meta property=\"og:image:type\" content=\"image\/jpeg\" \/>\n<meta name=\"twitter:card\" content=\"summary_large_image\" \/>\n<meta name=\"twitter:label1\" content=\"Geschatte leestijd\" \/>\n\t<meta name=\"twitter:data1\" content=\"1 minuut\" \/>\n<script type=\"application\/ld+json\" class=\"yoast-schema-graph\">{\"@context\":\"https:\\\/\\\/schema.org\",\"@graph\":[{\"@type\":\"WebPage\",\"@id\":\"https:\\\/\\\/websjop.afuk.frl\\\/nl\\\/winkel\\\/yslik-aktyf-de-traveliers-audio\\\/\",\"url\":\"https:\\\/\\\/websjop.afuk.frl\\\/nl\\\/winkel\\\/yslik-aktyf-de-traveliers-audio\\\/\",\"name\":\"Yslik aktyf - De Traveliers - Audio\",\"isPartOf\":{\"@id\":\"https:\\\/\\\/websjop.afuk.frl\\\/nl\\\/#website\"},\"primaryImageOfPage\":{\"@id\":\"https:\\\/\\\/websjop.afuk.frl\\\/nl\\\/winkel\\\/yslik-aktyf-de-traveliers-audio\\\/#primaryimage\"},\"image\":{\"@id\":\"https:\\\/\\\/websjop.afuk.frl\\\/nl\\\/winkel\\\/yslik-aktyf-de-traveliers-audio\\\/#primaryimage\"},\"thumbnailUrl\":\"https:\\\/\\\/websjop.afuk.frl\\\/wp-content\\\/uploads\\\/2014\\\/09\\\/products-product_3696_0_1.jpg\",\"datePublished\":\"2014-09-10T02:35:46+00:00\",\"dateModified\":\"2019-11-05T15:00:35+00:00\",\"description\":\"Yslik aktyf - De Traveliers - Audio\",\"breadcrumb\":{\"@id\":\"https:\\\/\\\/websjop.afuk.frl\\\/nl\\\/winkel\\\/yslik-aktyf-de-traveliers-audio\\\/#breadcrumb\"},\"inLanguage\":\"nl-NL\",\"potentialAction\":[{\"@type\":\"ReadAction\",\"target\":[\"https:\\\/\\\/websjop.afuk.frl\\\/nl\\\/winkel\\\/yslik-aktyf-de-traveliers-audio\\\/\"]}]},{\"@type\":\"ImageObject\",\"inLanguage\":\"nl-NL\",\"@id\":\"https:\\\/\\\/websjop.afuk.frl\\\/nl\\\/winkel\\\/yslik-aktyf-de-traveliers-audio\\\/#primaryimage\",\"url\":\"https:\\\/\\\/websjop.afuk.frl\\\/wp-content\\\/uploads\\\/2014\\\/09\\\/products-product_3696_0_1.jpg\",\"contentUrl\":\"https:\\\/\\\/websjop.afuk.frl\\\/wp-content\\\/uploads\\\/2014\\\/09\\\/products-product_3696_0_1.jpg\",\"width\":300,\"height\":429,\"caption\":\"Yslik aktyf - De Traveliers - Audio\"},{\"@type\":\"BreadcrumbList\",\"@id\":\"https:\\\/\\\/websjop.afuk.frl\\\/nl\\\/winkel\\\/yslik-aktyf-de-traveliers-audio\\\/#breadcrumb\",\"itemListElement\":[{\"@type\":\"ListItem\",\"position\":1,\"name\":\"Home\",\"item\":\"https:\\\/\\\/websjop.afuk.frl\\\/nl\\\/\"},{\"@type\":\"ListItem\",\"position\":2,\"name\":\"Winkel\",\"item\":\"https:\\\/\\\/websjop.afuk.frl\\\/nl\\\/winkel\\\/\"},{\"@type\":\"ListItem\",\"position\":3,\"name\":\"De Traveliers: Yslik aktyf &#8211; Audioboek\"}]},{\"@type\":\"WebSite\",\"@id\":\"https:\\\/\\\/websjop.afuk.frl\\\/nl\\\/#website\",\"url\":\"https:\\\/\\\/websjop.afuk.frl\\\/nl\\\/\",\"name\":\"Af\u00fbk Websjop\",\"description\":\"\",\"potentialAction\":[{\"@type\":\"SearchAction\",\"target\":{\"@type\":\"EntryPoint\",\"urlTemplate\":\"https:\\\/\\\/websjop.afuk.frl\\\/nl\\\/?s={search_term_string}\"},\"query-input\":{\"@type\":\"PropertyValueSpecification\",\"valueRequired\":true,\"valueName\":\"search_term_string\"}}],\"inLanguage\":\"nl-NL\"}]}<\/script>\n<!-- \/ Yoast SEO plugin. -->","yoast_head_json":{"title":"Yslik aktyf - De Traveliers - Audio","description":"Yslik aktyf - De Traveliers - Audio","robots":{"index":"index","follow":"follow","max-snippet":"max-snippet:-1","max-image-preview":"max-image-preview:large","max-video-preview":"max-video-preview:-1"},"canonical":"https:\/\/websjop.afuk.frl\/nl\/winkel\/yslik-aktyf-de-traveliers-audio\/","og_locale":"nl_NL","og_type":"article","og_title":"Yslik aktyf - De Traveliers - Audio","og_description":"Yslik aktyf - De Traveliers - Audio","og_url":"https:\/\/websjop.afuk.frl\/nl\/winkel\/yslik-aktyf-de-traveliers-audio\/","og_site_name":"Af\u00fbk Websjop","article_modified_time":"2019-11-05T15:00:35+00:00","og_image":[{"width":300,"height":429,"url":"https:\/\/websjop.afuk.frl\/wp-content\/uploads\/2014\/09\/products-product_3696_0_1.jpg","type":"image\/jpeg"}],"twitter_card":"summary_large_image","twitter_misc":{"Geschatte leestijd":"1 minuut"},"schema":{"@context":"https:\/\/schema.org","@graph":[{"@type":"WebPage","@id":"https:\/\/websjop.afuk.frl\/nl\/winkel\/yslik-aktyf-de-traveliers-audio\/","url":"https:\/\/websjop.afuk.frl\/nl\/winkel\/yslik-aktyf-de-traveliers-audio\/","name":"Yslik aktyf - De Traveliers - Audio","isPartOf":{"@id":"https:\/\/websjop.afuk.frl\/nl\/#website"},"primaryImageOfPage":{"@id":"https:\/\/websjop.afuk.frl\/nl\/winkel\/yslik-aktyf-de-traveliers-audio\/#primaryimage"},"image":{"@id":"https:\/\/websjop.afuk.frl\/nl\/winkel\/yslik-aktyf-de-traveliers-audio\/#primaryimage"},"thumbnailUrl":"https:\/\/websjop.afuk.frl\/wp-content\/uploads\/2014\/09\/products-product_3696_0_1.jpg","datePublished":"2014-09-10T02:35:46+00:00","dateModified":"2019-11-05T15:00:35+00:00","description":"Yslik aktyf - De Traveliers - Audio","breadcrumb":{"@id":"https:\/\/websjop.afuk.frl\/nl\/winkel\/yslik-aktyf-de-traveliers-audio\/#breadcrumb"},"inLanguage":"nl-NL","potentialAction":[{"@type":"ReadAction","target":["https:\/\/websjop.afuk.frl\/nl\/winkel\/yslik-aktyf-de-traveliers-audio\/"]}]},{"@type":"ImageObject","inLanguage":"nl-NL","@id":"https:\/\/websjop.afuk.frl\/nl\/winkel\/yslik-aktyf-de-traveliers-audio\/#primaryimage","url":"https:\/\/websjop.afuk.frl\/wp-content\/uploads\/2014\/09\/products-product_3696_0_1.jpg","contentUrl":"https:\/\/websjop.afuk.frl\/wp-content\/uploads\/2014\/09\/products-product_3696_0_1.jpg","width":300,"height":429,"caption":"Yslik aktyf - De Traveliers - Audio"},{"@type":"BreadcrumbList","@id":"https:\/\/websjop.afuk.frl\/nl\/winkel\/yslik-aktyf-de-traveliers-audio\/#breadcrumb","itemListElement":[{"@type":"ListItem","position":1,"name":"Home","item":"https:\/\/websjop.afuk.frl\/nl\/"},{"@type":"ListItem","position":2,"name":"Winkel","item":"https:\/\/websjop.afuk.frl\/nl\/winkel\/"},{"@type":"ListItem","position":3,"name":"De Traveliers: Yslik aktyf &#8211; Audioboek"}]},{"@type":"WebSite","@id":"https:\/\/websjop.afuk.frl\/nl\/#website","url":"https:\/\/websjop.afuk.frl\/nl\/","name":"Af\u00fbk Websjop","description":"","potentialAction":[{"@type":"SearchAction","target":{"@type":"EntryPoint","urlTemplate":"https:\/\/websjop.afuk.frl\/nl\/?s={search_term_string}"},"query-input":{"@type":"PropertyValueSpecification","valueRequired":true,"valueName":"search_term_string"}}],"inLanguage":"nl-NL"}]}},"_links":{"self":[{"href":"https:\/\/websjop.afuk.frl\/nl\/wp-json\/wp\/v2\/product\/7626","targetHints":{"allow":["GET"]}}],"collection":[{"href":"https:\/\/websjop.afuk.frl\/nl\/wp-json\/wp\/v2\/product"}],"about":[{"href":"https:\/\/websjop.afuk.frl\/nl\/wp-json\/wp\/v2\/types\/product"}],"replies":[{"embeddable":true,"href":"https:\/\/websjop.afuk.frl\/nl\/wp-json\/wp\/v2\/comments?post=7626"}],"wp:featuredmedia":[{"embeddable":true,"href":"https:\/\/websjop.afuk.frl\/nl\/wp-json\/wp\/v2\/media\/7627"}],"wp:attachment":[{"href":"https:\/\/websjop.afuk.frl\/nl\/wp-json\/wp\/v2\/media?parent=7626"}],"wp:term":[{"taxonomy":"product_brand","embeddable":true,"href":"https:\/\/websjop.afuk.frl\/nl\/wp-json\/wp\/v2\/product_brand?post=7626"},{"taxonomy":"product_cat","embeddable":true,"href":"https:\/\/websjop.afuk.frl\/nl\/wp-json\/wp\/v2\/product_cat?post=7626"},{"taxonomy":"product_tag","embeddable":true,"href":"https:\/\/websjop.afuk.frl\/nl\/wp-json\/wp\/v2\/product_tag?post=7626"}],"curies":[{"name":"wp","href":"https:\/\/api.w.org\/{rel}","templated":true}]}}