{"id":7620,"date":"2014-09-10T05:35:41","date_gmt":"2014-09-10T04:35:41","guid":{"rendered":"https:\/\/websjop.bwhontwerpers.nl\/?post_type=product&#038;p=7620"},"modified":"2021-08-19T12:30:03","modified_gmt":"2021-08-19T11:30:03","slug":"feroaring-fan-lucht-audio","status":"publish","type":"product","link":"https:\/\/websjop.afuk.frl\/nl\/winkel\/feroaring-fan-lucht-audio\/","title":{"rendered":"Feroaring fan lucht &#8211; Audioboek"},"content":{"rendered":"<p><em><strong>L\u00fasterboek<\/strong><\/em><\/p>\n<p>Fier foar de famylje Flodder him oppenearre, hie Frysl\u00e2n al syn eigen &#8216;Durk Snoad&#8217;. Rink van der Velde syn skets fan in tige op syn frijheid stelde h\u00fash\u00e2lding, dy&#8217;t \u00fat in \u00fbnbewenber ferklearre h\u00faske by it Alddjip wei nei de nijbou yn Drachten ferh\u00fazje moat, is legindarysk. &#8216;Feroaring fan lucht&#8217; is humoristysk en maatskippijkritysk tagelyk. Fan dit boek binne yn &#8216;e rin fan &#8216;e jierren mar leafst 34.000 eksimplaren ferkocht. Ek as iepenloftspul is it ferhaal hieltyd wer in boppeslach.<\/p>\n<p>Rink van der Velde (1932-2001) wist as gjinien hoe&#8217;t er de Friezen oan it l\u00eazen krije moast. As skriuwer hat er in tal prachtige romans achterlitten, lykas &#8216;De f\u00fbke&#8217;, &#8216;De lange jacht&#8217;, &#8216;De h\u00fbn sil om jim bylje&#8217; en noch folle mear. Syn \u00e2lderl\u00easte boek, &#8216;It guozzeroer&#8217; stiet op deselde iensume hichte as &#8216;De f\u00fbke&#8217;. Ek de koarte ferhalen fan Rink van der Velde en de stikken oer Bokwerd wiene kear op kear in boppeslach.<\/p>\n<p>Yn de Merkel Rige ferskine op &#8216;e nij in tal tige suksesfolle titels \u00fat de Fryske literatuer dy&#8217;t al inkelde jierren net mear leverber wiene.<\/p>\n<p>Foarl\u00eazen troch Douwe Kootstra<\/p>\n<p>5 cd&#8217;s<\/p>\n","protected":false},"excerpt":{"rendered":"<p>L\u00fasterboek Fier foar de famylje Flodder him oppenearre, hie Frysl\u00e2n al syn eigen &#8216;Durk Snoad&#8217;. Rink van der Velde syn skets fan in tige op syn frijheid stelde h\u00fash\u00e2lding, dy&#8217;t \u00fat in \u00fbnbewenber ferklearre h\u00faske by it Alddjip wei nei de nijbou yn Drachten ferh\u00fazje moat, is legindarysk. &#8216;Feroaring fan lucht&#8217; is humoristysk en maatskippijkritysk [&hellip;]<\/p>\n","protected":false},"featured_media":7621,"comment_status":"closed","ping_status":"closed","template":"","meta":{"_acf_changed":false},"product_brand":[],"product_cat":[535,547,1215],"product_tag":[5780,5815,5803,5781],"class_list":{"0":"post-7620","1":"product","2":"type-product","3":"status-publish","4":"has-post-thumbnail","6":"product_cat-fryske-boeken","7":"product_cat-lusterboeken","8":"product_cat-romans-en-literatuer","9":"product_tag-audioboek","10":"product_tag-feroaring-fan-lucht","11":"product_tag-lusterboek","12":"product_tag-lusterboeken","13":"product_shipping_class-brievenbus-verzending","14":"pa_auteur-rink-van-der-velde-2","15":"pa_isbn-1758","16":"pa_taal-frysk","17":"pa_uitgever-audiofrysk","19":"first","20":"instock","21":"taxable","22":"shipping-taxable","23":"purchasable","24":"product-type-simple"},"acf":[],"yoast_head":"<!-- This site is optimized with the Yoast SEO plugin v27.3 - https:\/\/yoast.com\/product\/yoast-seo-wordpress\/ -->\n<title>Feroaring fan lucht - Audio<\/title>\n<meta name=\"description\" content=\"Feroaring fan lucht - Audio\" \/>\n<meta name=\"robots\" content=\"index, follow, max-snippet:-1, max-image-preview:large, max-video-preview:-1\" \/>\n<link rel=\"canonical\" href=\"https:\/\/websjop.afuk.frl\/nl\/winkel\/feroaring-fan-lucht-audio\/\" \/>\n<meta property=\"og:locale\" content=\"nl_NL\" \/>\n<meta property=\"og:type\" content=\"article\" \/>\n<meta property=\"og:title\" content=\"Feroaring fan lucht - Audio\" \/>\n<meta property=\"og:description\" content=\"Feroaring fan lucht - Audio\" \/>\n<meta property=\"og:url\" content=\"https:\/\/websjop.afuk.frl\/nl\/winkel\/feroaring-fan-lucht-audio\/\" \/>\n<meta property=\"og:site_name\" content=\"Af\u00fbk Websjop\" \/>\n<meta property=\"article:modified_time\" content=\"2021-08-19T11:30:03+00:00\" \/>\n<meta property=\"og:image\" content=\"https:\/\/websjop.afuk.frl\/wp-content\/uploads\/2014\/09\/products-product_3692_0.jpg\" \/>\n\t<meta property=\"og:image:width\" content=\"1545\" \/>\n\t<meta property=\"og:image:height\" content=\"2431\" \/>\n\t<meta property=\"og:image:type\" content=\"image\/jpeg\" \/>\n<meta name=\"twitter:card\" content=\"summary_large_image\" \/>\n<meta name=\"twitter:label1\" content=\"Geschatte leestijd\" \/>\n\t<meta name=\"twitter:data1\" content=\"1 minuut\" \/>\n<script type=\"application\/ld+json\" class=\"yoast-schema-graph\">{\"@context\":\"https:\\\/\\\/schema.org\",\"@graph\":[{\"@type\":\"WebPage\",\"@id\":\"https:\\\/\\\/websjop.afuk.frl\\\/nl\\\/winkel\\\/feroaring-fan-lucht-audio\\\/\",\"url\":\"https:\\\/\\\/websjop.afuk.frl\\\/nl\\\/winkel\\\/feroaring-fan-lucht-audio\\\/\",\"name\":\"Feroaring fan lucht - Audio\",\"isPartOf\":{\"@id\":\"https:\\\/\\\/websjop.afuk.frl\\\/nl\\\/#website\"},\"primaryImageOfPage\":{\"@id\":\"https:\\\/\\\/websjop.afuk.frl\\\/nl\\\/winkel\\\/feroaring-fan-lucht-audio\\\/#primaryimage\"},\"image\":{\"@id\":\"https:\\\/\\\/websjop.afuk.frl\\\/nl\\\/winkel\\\/feroaring-fan-lucht-audio\\\/#primaryimage\"},\"thumbnailUrl\":\"https:\\\/\\\/websjop.afuk.frl\\\/wp-content\\\/uploads\\\/2014\\\/09\\\/products-product_3692_0.jpg\",\"datePublished\":\"2014-09-10T04:35:41+00:00\",\"dateModified\":\"2021-08-19T11:30:03+00:00\",\"description\":\"Feroaring fan lucht - Audio\",\"breadcrumb\":{\"@id\":\"https:\\\/\\\/websjop.afuk.frl\\\/nl\\\/winkel\\\/feroaring-fan-lucht-audio\\\/#breadcrumb\"},\"inLanguage\":\"nl-NL\",\"potentialAction\":[{\"@type\":\"ReadAction\",\"target\":[\"https:\\\/\\\/websjop.afuk.frl\\\/nl\\\/winkel\\\/feroaring-fan-lucht-audio\\\/\"]}]},{\"@type\":\"ImageObject\",\"inLanguage\":\"nl-NL\",\"@id\":\"https:\\\/\\\/websjop.afuk.frl\\\/nl\\\/winkel\\\/feroaring-fan-lucht-audio\\\/#primaryimage\",\"url\":\"https:\\\/\\\/websjop.afuk.frl\\\/wp-content\\\/uploads\\\/2014\\\/09\\\/products-product_3692_0.jpg\",\"contentUrl\":\"https:\\\/\\\/websjop.afuk.frl\\\/wp-content\\\/uploads\\\/2014\\\/09\\\/products-product_3692_0.jpg\",\"width\":1545,\"height\":2431,\"caption\":\"Feroaring fan lucht - Audioboek\"},{\"@type\":\"BreadcrumbList\",\"@id\":\"https:\\\/\\\/websjop.afuk.frl\\\/nl\\\/winkel\\\/feroaring-fan-lucht-audio\\\/#breadcrumb\",\"itemListElement\":[{\"@type\":\"ListItem\",\"position\":1,\"name\":\"Home\",\"item\":\"https:\\\/\\\/websjop.afuk.frl\\\/nl\\\/\"},{\"@type\":\"ListItem\",\"position\":2,\"name\":\"Winkel\",\"item\":\"https:\\\/\\\/websjop.afuk.frl\\\/nl\\\/winkel\\\/\"},{\"@type\":\"ListItem\",\"position\":3,\"name\":\"Feroaring fan lucht &#8211; Audioboek\"}]},{\"@type\":\"WebSite\",\"@id\":\"https:\\\/\\\/websjop.afuk.frl\\\/nl\\\/#website\",\"url\":\"https:\\\/\\\/websjop.afuk.frl\\\/nl\\\/\",\"name\":\"Af\u00fbk Websjop\",\"description\":\"\",\"potentialAction\":[{\"@type\":\"SearchAction\",\"target\":{\"@type\":\"EntryPoint\",\"urlTemplate\":\"https:\\\/\\\/websjop.afuk.frl\\\/nl\\\/?s={search_term_string}\"},\"query-input\":{\"@type\":\"PropertyValueSpecification\",\"valueRequired\":true,\"valueName\":\"search_term_string\"}}],\"inLanguage\":\"nl-NL\"}]}<\/script>\n<!-- \/ Yoast SEO plugin. -->","yoast_head_json":{"title":"Feroaring fan lucht - Audio","description":"Feroaring fan lucht - Audio","robots":{"index":"index","follow":"follow","max-snippet":"max-snippet:-1","max-image-preview":"max-image-preview:large","max-video-preview":"max-video-preview:-1"},"canonical":"https:\/\/websjop.afuk.frl\/nl\/winkel\/feroaring-fan-lucht-audio\/","og_locale":"nl_NL","og_type":"article","og_title":"Feroaring fan lucht - Audio","og_description":"Feroaring fan lucht - Audio","og_url":"https:\/\/websjop.afuk.frl\/nl\/winkel\/feroaring-fan-lucht-audio\/","og_site_name":"Af\u00fbk Websjop","article_modified_time":"2021-08-19T11:30:03+00:00","og_image":[{"width":1545,"height":2431,"url":"https:\/\/websjop.afuk.frl\/wp-content\/uploads\/2014\/09\/products-product_3692_0.jpg","type":"image\/jpeg"}],"twitter_card":"summary_large_image","twitter_misc":{"Geschatte leestijd":"1 minuut"},"schema":{"@context":"https:\/\/schema.org","@graph":[{"@type":"WebPage","@id":"https:\/\/websjop.afuk.frl\/nl\/winkel\/feroaring-fan-lucht-audio\/","url":"https:\/\/websjop.afuk.frl\/nl\/winkel\/feroaring-fan-lucht-audio\/","name":"Feroaring fan lucht - Audio","isPartOf":{"@id":"https:\/\/websjop.afuk.frl\/nl\/#website"},"primaryImageOfPage":{"@id":"https:\/\/websjop.afuk.frl\/nl\/winkel\/feroaring-fan-lucht-audio\/#primaryimage"},"image":{"@id":"https:\/\/websjop.afuk.frl\/nl\/winkel\/feroaring-fan-lucht-audio\/#primaryimage"},"thumbnailUrl":"https:\/\/websjop.afuk.frl\/wp-content\/uploads\/2014\/09\/products-product_3692_0.jpg","datePublished":"2014-09-10T04:35:41+00:00","dateModified":"2021-08-19T11:30:03+00:00","description":"Feroaring fan lucht - Audio","breadcrumb":{"@id":"https:\/\/websjop.afuk.frl\/nl\/winkel\/feroaring-fan-lucht-audio\/#breadcrumb"},"inLanguage":"nl-NL","potentialAction":[{"@type":"ReadAction","target":["https:\/\/websjop.afuk.frl\/nl\/winkel\/feroaring-fan-lucht-audio\/"]}]},{"@type":"ImageObject","inLanguage":"nl-NL","@id":"https:\/\/websjop.afuk.frl\/nl\/winkel\/feroaring-fan-lucht-audio\/#primaryimage","url":"https:\/\/websjop.afuk.frl\/wp-content\/uploads\/2014\/09\/products-product_3692_0.jpg","contentUrl":"https:\/\/websjop.afuk.frl\/wp-content\/uploads\/2014\/09\/products-product_3692_0.jpg","width":1545,"height":2431,"caption":"Feroaring fan lucht - Audioboek"},{"@type":"BreadcrumbList","@id":"https:\/\/websjop.afuk.frl\/nl\/winkel\/feroaring-fan-lucht-audio\/#breadcrumb","itemListElement":[{"@type":"ListItem","position":1,"name":"Home","item":"https:\/\/websjop.afuk.frl\/nl\/"},{"@type":"ListItem","position":2,"name":"Winkel","item":"https:\/\/websjop.afuk.frl\/nl\/winkel\/"},{"@type":"ListItem","position":3,"name":"Feroaring fan lucht &#8211; Audioboek"}]},{"@type":"WebSite","@id":"https:\/\/websjop.afuk.frl\/nl\/#website","url":"https:\/\/websjop.afuk.frl\/nl\/","name":"Af\u00fbk Websjop","description":"","potentialAction":[{"@type":"SearchAction","target":{"@type":"EntryPoint","urlTemplate":"https:\/\/websjop.afuk.frl\/nl\/?s={search_term_string}"},"query-input":{"@type":"PropertyValueSpecification","valueRequired":true,"valueName":"search_term_string"}}],"inLanguage":"nl-NL"}]}},"_links":{"self":[{"href":"https:\/\/websjop.afuk.frl\/nl\/wp-json\/wp\/v2\/product\/7620","targetHints":{"allow":["GET"]}}],"collection":[{"href":"https:\/\/websjop.afuk.frl\/nl\/wp-json\/wp\/v2\/product"}],"about":[{"href":"https:\/\/websjop.afuk.frl\/nl\/wp-json\/wp\/v2\/types\/product"}],"replies":[{"embeddable":true,"href":"https:\/\/websjop.afuk.frl\/nl\/wp-json\/wp\/v2\/comments?post=7620"}],"wp:featuredmedia":[{"embeddable":true,"href":"https:\/\/websjop.afuk.frl\/nl\/wp-json\/wp\/v2\/media\/7621"}],"wp:attachment":[{"href":"https:\/\/websjop.afuk.frl\/nl\/wp-json\/wp\/v2\/media?parent=7620"}],"wp:term":[{"taxonomy":"product_brand","embeddable":true,"href":"https:\/\/websjop.afuk.frl\/nl\/wp-json\/wp\/v2\/product_brand?post=7620"},{"taxonomy":"product_cat","embeddable":true,"href":"https:\/\/websjop.afuk.frl\/nl\/wp-json\/wp\/v2\/product_cat?post=7620"},{"taxonomy":"product_tag","embeddable":true,"href":"https:\/\/websjop.afuk.frl\/nl\/wp-json\/wp\/v2\/product_tag?post=7620"}],"curies":[{"name":"wp","href":"https:\/\/api.w.org\/{rel}","templated":true}]}}