{"id":7507,"date":"2014-10-08T23:30:51","date_gmt":"2014-10-08T22:30:51","guid":{"rendered":"https:\/\/websjop.bwhontwerpers.nl\/?post_type=product&#038;p=7507"},"modified":"2019-11-05T16:00:29","modified_gmt":"2019-11-05T15:00:29","slug":"de-tiid-stie-even-stil","status":"publish","type":"product","link":"https:\/\/websjop.afuk.frl\/nl\/winkel\/de-tiid-stie-even-stil\/","title":{"rendered":"De tiid stie even stil &#8211; Audioboek"},"content":{"rendered":"<p><em><strong>L\u00fasterboek<\/strong><\/em><\/p>\n<p>It waard my k\u00e2ld oer de lea.<br \/>\nDer lei in deade man. De stilte waard benearjend.<br \/>\nFoar de tredde kear seach ik nei myn auto.<br \/>\nWat deryn dreau wie in lyk.<br \/>\nIk wie in pear tellen ferslein en seach Pyt<br \/>\nfreegjend oan. Dy kaam op my ta.<br \/>\nDie de b\u00fbslampe \u00fat, en lei in h\u00e2n op myn skouder.<br \/>\nHy sei op gemoedlike toan: &#8216;Begripe jo it no? It is gjin spultsje.. .&#8217;<br \/>\n<em>(Ferkeard parkeard) <\/em><\/p>\n<p>Jan van der Leij (Grou 1952) publisearre yn 1997 trije keatsferhalen yn Tuskenspul. Yn 2003 en 2004 w\u00fbn er mei in ferhaal in Rely-priis. Syn ferhalen binne tige ferskillend. Hy skriuwt koele observaasjes, mystearjes, humoristysk-realistyske stoarjes en ferrifeljende ferhalen. De skriuwer jout de werklikheid no en dan in draai dy&#8217;t de l\u00eazer ferrast of ferbjusteret.<\/p>\n<p>Foarl\u00eazen troch de skriuwer<\/p>\n<p>4 cd&#8217;s<\/p>\n","protected":false},"excerpt":{"rendered":"<p>Audioboek, foarl\u00eazen troch Jan van der Leij<\/p>\n","protected":false},"featured_media":7508,"comment_status":"closed","ping_status":"closed","template":"","meta":{"_acf_changed":false},"product_brand":[],"product_cat":[535,547,537,1215],"product_tag":[5780,5800,5781],"class_list":{"0":"post-7507","1":"product","2":"type-product","3":"status-publish","4":"has-post-thumbnail","6":"product_cat-fryske-boeken","7":"product_cat-lusterboeken","8":"product_cat-romans","9":"product_cat-romans-en-literatuer","10":"product_tag-audioboek","11":"product_tag-de-tiid-stie-even-stil","12":"product_tag-lusterboeken","13":"product_shipping_class-brievenbus-verzending","14":"pa_auteur-jan-van-der-leij-2","15":"pa_isbn-5799","16":"pa_taal-frysk","17":"pa_uitgever-audiofrysk","19":"first","20":"instock","21":"taxable","22":"shipping-taxable","23":"purchasable","24":"product-type-simple"},"acf":[],"yoast_head":"<!-- This site is optimized with the Yoast SEO plugin v27.3 - https:\/\/yoast.com\/product\/yoast-seo-wordpress\/ -->\n<title>De tiid stie even stil - Audioboek<\/title>\n<meta name=\"description\" content=\"Foarl\u00eazen troch Jan van der Leij\" \/>\n<meta name=\"robots\" content=\"index, follow, max-snippet:-1, max-image-preview:large, max-video-preview:-1\" \/>\n<link rel=\"canonical\" href=\"https:\/\/websjop.afuk.frl\/nl\/winkel\/de-tiid-stie-even-stil\/\" \/>\n<meta property=\"og:locale\" content=\"nl_NL\" \/>\n<meta property=\"og:type\" content=\"article\" \/>\n<meta property=\"og:title\" content=\"De tiid stie even stil - Audioboek\" \/>\n<meta property=\"og:description\" content=\"Foarl\u00eazen troch Jan van der Leij\" \/>\n<meta property=\"og:url\" content=\"https:\/\/websjop.afuk.frl\/nl\/winkel\/de-tiid-stie-even-stil\/\" \/>\n<meta property=\"og:site_name\" content=\"Af\u00fbk Websjop\" \/>\n<meta property=\"article:modified_time\" content=\"2019-11-05T15:00:29+00:00\" \/>\n<meta property=\"og:image\" content=\"https:\/\/websjop.afuk.frl\/wp-content\/uploads\/2014\/09\/products-product_3494_0.jpg\" \/>\n\t<meta property=\"og:image:width\" content=\"300\" \/>\n\t<meta property=\"og:image:height\" content=\"433\" \/>\n\t<meta property=\"og:image:type\" content=\"image\/jpeg\" \/>\n<meta name=\"twitter:card\" content=\"summary_large_image\" \/>\n<meta name=\"twitter:label1\" content=\"Geschatte leestijd\" \/>\n\t<meta name=\"twitter:data1\" content=\"1 minuut\" \/>\n<script type=\"application\/ld+json\" class=\"yoast-schema-graph\">{\"@context\":\"https:\\\/\\\/schema.org\",\"@graph\":[{\"@type\":\"WebPage\",\"@id\":\"https:\\\/\\\/websjop.afuk.frl\\\/nl\\\/winkel\\\/de-tiid-stie-even-stil\\\/\",\"url\":\"https:\\\/\\\/websjop.afuk.frl\\\/nl\\\/winkel\\\/de-tiid-stie-even-stil\\\/\",\"name\":\"De tiid stie even stil - Audioboek\",\"isPartOf\":{\"@id\":\"https:\\\/\\\/websjop.afuk.frl\\\/nl\\\/#website\"},\"primaryImageOfPage\":{\"@id\":\"https:\\\/\\\/websjop.afuk.frl\\\/nl\\\/winkel\\\/de-tiid-stie-even-stil\\\/#primaryimage\"},\"image\":{\"@id\":\"https:\\\/\\\/websjop.afuk.frl\\\/nl\\\/winkel\\\/de-tiid-stie-even-stil\\\/#primaryimage\"},\"thumbnailUrl\":\"https:\\\/\\\/websjop.afuk.frl\\\/wp-content\\\/uploads\\\/2014\\\/09\\\/products-product_3494_0.jpg\",\"datePublished\":\"2014-10-08T22:30:51+00:00\",\"dateModified\":\"2019-11-05T15:00:29+00:00\",\"description\":\"Foarl\u00eazen troch Jan van der Leij\",\"breadcrumb\":{\"@id\":\"https:\\\/\\\/websjop.afuk.frl\\\/nl\\\/winkel\\\/de-tiid-stie-even-stil\\\/#breadcrumb\"},\"inLanguage\":\"nl-NL\",\"potentialAction\":[{\"@type\":\"ReadAction\",\"target\":[\"https:\\\/\\\/websjop.afuk.frl\\\/nl\\\/winkel\\\/de-tiid-stie-even-stil\\\/\"]}]},{\"@type\":\"ImageObject\",\"inLanguage\":\"nl-NL\",\"@id\":\"https:\\\/\\\/websjop.afuk.frl\\\/nl\\\/winkel\\\/de-tiid-stie-even-stil\\\/#primaryimage\",\"url\":\"https:\\\/\\\/websjop.afuk.frl\\\/wp-content\\\/uploads\\\/2014\\\/09\\\/products-product_3494_0.jpg\",\"contentUrl\":\"https:\\\/\\\/websjop.afuk.frl\\\/wp-content\\\/uploads\\\/2014\\\/09\\\/products-product_3494_0.jpg\",\"width\":300,\"height\":433,\"caption\":\"De tiid stie even stil - Audioboek\"},{\"@type\":\"BreadcrumbList\",\"@id\":\"https:\\\/\\\/websjop.afuk.frl\\\/nl\\\/winkel\\\/de-tiid-stie-even-stil\\\/#breadcrumb\",\"itemListElement\":[{\"@type\":\"ListItem\",\"position\":1,\"name\":\"Home\",\"item\":\"https:\\\/\\\/websjop.afuk.frl\\\/nl\\\/\"},{\"@type\":\"ListItem\",\"position\":2,\"name\":\"Winkel\",\"item\":\"https:\\\/\\\/websjop.afuk.frl\\\/nl\\\/winkel\\\/\"},{\"@type\":\"ListItem\",\"position\":3,\"name\":\"De tiid stie even stil &#8211; Audioboek\"}]},{\"@type\":\"WebSite\",\"@id\":\"https:\\\/\\\/websjop.afuk.frl\\\/nl\\\/#website\",\"url\":\"https:\\\/\\\/websjop.afuk.frl\\\/nl\\\/\",\"name\":\"Af\u00fbk Websjop\",\"description\":\"\",\"potentialAction\":[{\"@type\":\"SearchAction\",\"target\":{\"@type\":\"EntryPoint\",\"urlTemplate\":\"https:\\\/\\\/websjop.afuk.frl\\\/nl\\\/?s={search_term_string}\"},\"query-input\":{\"@type\":\"PropertyValueSpecification\",\"valueRequired\":true,\"valueName\":\"search_term_string\"}}],\"inLanguage\":\"nl-NL\"}]}<\/script>\n<!-- \/ Yoast SEO plugin. -->","yoast_head_json":{"title":"De tiid stie even stil - Audioboek","description":"Foarl\u00eazen troch Jan van der Leij","robots":{"index":"index","follow":"follow","max-snippet":"max-snippet:-1","max-image-preview":"max-image-preview:large","max-video-preview":"max-video-preview:-1"},"canonical":"https:\/\/websjop.afuk.frl\/nl\/winkel\/de-tiid-stie-even-stil\/","og_locale":"nl_NL","og_type":"article","og_title":"De tiid stie even stil - Audioboek","og_description":"Foarl\u00eazen troch Jan van der Leij","og_url":"https:\/\/websjop.afuk.frl\/nl\/winkel\/de-tiid-stie-even-stil\/","og_site_name":"Af\u00fbk Websjop","article_modified_time":"2019-11-05T15:00:29+00:00","og_image":[{"width":300,"height":433,"url":"https:\/\/websjop.afuk.frl\/wp-content\/uploads\/2014\/09\/products-product_3494_0.jpg","type":"image\/jpeg"}],"twitter_card":"summary_large_image","twitter_misc":{"Geschatte leestijd":"1 minuut"},"schema":{"@context":"https:\/\/schema.org","@graph":[{"@type":"WebPage","@id":"https:\/\/websjop.afuk.frl\/nl\/winkel\/de-tiid-stie-even-stil\/","url":"https:\/\/websjop.afuk.frl\/nl\/winkel\/de-tiid-stie-even-stil\/","name":"De tiid stie even stil - Audioboek","isPartOf":{"@id":"https:\/\/websjop.afuk.frl\/nl\/#website"},"primaryImageOfPage":{"@id":"https:\/\/websjop.afuk.frl\/nl\/winkel\/de-tiid-stie-even-stil\/#primaryimage"},"image":{"@id":"https:\/\/websjop.afuk.frl\/nl\/winkel\/de-tiid-stie-even-stil\/#primaryimage"},"thumbnailUrl":"https:\/\/websjop.afuk.frl\/wp-content\/uploads\/2014\/09\/products-product_3494_0.jpg","datePublished":"2014-10-08T22:30:51+00:00","dateModified":"2019-11-05T15:00:29+00:00","description":"Foarl\u00eazen troch Jan van der Leij","breadcrumb":{"@id":"https:\/\/websjop.afuk.frl\/nl\/winkel\/de-tiid-stie-even-stil\/#breadcrumb"},"inLanguage":"nl-NL","potentialAction":[{"@type":"ReadAction","target":["https:\/\/websjop.afuk.frl\/nl\/winkel\/de-tiid-stie-even-stil\/"]}]},{"@type":"ImageObject","inLanguage":"nl-NL","@id":"https:\/\/websjop.afuk.frl\/nl\/winkel\/de-tiid-stie-even-stil\/#primaryimage","url":"https:\/\/websjop.afuk.frl\/wp-content\/uploads\/2014\/09\/products-product_3494_0.jpg","contentUrl":"https:\/\/websjop.afuk.frl\/wp-content\/uploads\/2014\/09\/products-product_3494_0.jpg","width":300,"height":433,"caption":"De tiid stie even stil - Audioboek"},{"@type":"BreadcrumbList","@id":"https:\/\/websjop.afuk.frl\/nl\/winkel\/de-tiid-stie-even-stil\/#breadcrumb","itemListElement":[{"@type":"ListItem","position":1,"name":"Home","item":"https:\/\/websjop.afuk.frl\/nl\/"},{"@type":"ListItem","position":2,"name":"Winkel","item":"https:\/\/websjop.afuk.frl\/nl\/winkel\/"},{"@type":"ListItem","position":3,"name":"De tiid stie even stil &#8211; Audioboek"}]},{"@type":"WebSite","@id":"https:\/\/websjop.afuk.frl\/nl\/#website","url":"https:\/\/websjop.afuk.frl\/nl\/","name":"Af\u00fbk Websjop","description":"","potentialAction":[{"@type":"SearchAction","target":{"@type":"EntryPoint","urlTemplate":"https:\/\/websjop.afuk.frl\/nl\/?s={search_term_string}"},"query-input":{"@type":"PropertyValueSpecification","valueRequired":true,"valueName":"search_term_string"}}],"inLanguage":"nl-NL"}]}},"_links":{"self":[{"href":"https:\/\/websjop.afuk.frl\/nl\/wp-json\/wp\/v2\/product\/7507","targetHints":{"allow":["GET"]}}],"collection":[{"href":"https:\/\/websjop.afuk.frl\/nl\/wp-json\/wp\/v2\/product"}],"about":[{"href":"https:\/\/websjop.afuk.frl\/nl\/wp-json\/wp\/v2\/types\/product"}],"replies":[{"embeddable":true,"href":"https:\/\/websjop.afuk.frl\/nl\/wp-json\/wp\/v2\/comments?post=7507"}],"wp:featuredmedia":[{"embeddable":true,"href":"https:\/\/websjop.afuk.frl\/nl\/wp-json\/wp\/v2\/media\/7508"}],"wp:attachment":[{"href":"https:\/\/websjop.afuk.frl\/nl\/wp-json\/wp\/v2\/media?parent=7507"}],"wp:term":[{"taxonomy":"product_brand","embeddable":true,"href":"https:\/\/websjop.afuk.frl\/nl\/wp-json\/wp\/v2\/product_brand?post=7507"},{"taxonomy":"product_cat","embeddable":true,"href":"https:\/\/websjop.afuk.frl\/nl\/wp-json\/wp\/v2\/product_cat?post=7507"},{"taxonomy":"product_tag","embeddable":true,"href":"https:\/\/websjop.afuk.frl\/nl\/wp-json\/wp\/v2\/product_tag?post=7507"}],"curies":[{"name":"wp","href":"https:\/\/api.w.org\/{rel}","templated":true}]}}