{"id":7164,"date":"2020-09-09T21:05:05","date_gmt":"2020-09-09T20:05:05","guid":{"rendered":"https:\/\/websjop.bwhontwerpers.nl\/?post_type=product&#038;p=7164"},"modified":"2024-11-18T15:57:09","modified_gmt":"2024-11-18T14:57:09","slug":"de-stilte-fan-joachem","status":"publish","type":"product","link":"https:\/\/websjop.afuk.frl\/nl\/winkel\/de-stilte-fan-joachem\/","title":{"rendered":"De stilte fan Joachem"},"content":{"rendered":"<p>Joachem is tolve jier. Hy stammeret, mar hat ek in bys\u00fbnder talint: hy tekenet alles wat syn eagen sjogge. Hy praat al in healjier mei gjinien. Hy wol gewoanwei net wer prate, noait wer. Sels net mei Marijke, syn freondintsje. Mei syn tekeningen fertelt er mear as mei wurden.<\/p>\n<p>Der is ien yn it doarp dy&#8217;t him begrypt. &#8220;Einstein&#8221;, in w\u00fbnderlike man dy&#8217;t b\u00fbten it doarp wennet en d\u00ear&#8217;t frjemde ferhalen oer gean. Einstein hat niget oan it tekentalint fan Joachem. De \u00e2ldman en de jonge slute freonskip. In freonskip d\u00ear&#8217;t ek Marijke b\u00fbten stiet.Op &#8216;en nij in yndrukwekkend berneboek fan Mindert Wijnstra d\u00ear&#8217;t jong en \u00e2ld fan genietsje sille.<\/p>\n<p>10+<\/p>\n<hr \/>\n<p><em>Tante Tjits: &#8220;De titel fan it boek docht net drekt tinken oan in spannend ferhaal. En yn it boek sels is der ek in soarte fan rust, stilte, krekt as dy fan Joachem. Mar der barre wol in soad spannende dingen. <\/em><em>De moaie beskriuwingen fan Mindert Wijnstra bringe my echt yn it ferhaal. De iensummens fan de pleats fan Einstein, de stilte fan de poel yn it natoergebied, prachtich delset. In moai boek, w\u00earyn \u2018t mar wer ris d\u00fadlik wurdt dat dingen soms oars binne as se lykje.&#8221; <a href=\"http:\/\/www.tantetjits.nl\/berneboek-10\/de-stilte-fan-joachem\/\" target=\"_blank\" rel=\"noopener\">L\u00eas hjir de folsleine resinsje fan Tante Tjits.<\/a><\/em><\/p>\n<p><em>Fleur de Vries: &#8220;It boek is hiel fijn om te l\u00eazen, omdat in protte jongeren harren yn de karakters fine kinne. In protte Fryske jeugd wennet krekt sa as Joachem en Marijke yn in gewoan Frysk doarpke d\u00ear\u2019t rabberij is en elkenien inoar wol ken. D\u00earneist bringt it boek ek it \u00fbnderwerp stammerjen yn it ljocht, d\u00ear\u2019t begryp foar komme moat.&#8221; <a href=\"https:\/\/heitenmem.nl\/artikel\/21529\/de-stilte-fan-joachem-resinsje-fan-fleur\/\" target=\"_blank\" rel=\"noopener\">L\u00eas hjir de folsleine resinsje.<\/a><\/em><\/p>\n","protected":false},"excerpt":{"rendered":"<p>Jeugdboek<\/p>\n","protected":false},"featured_media":12981,"comment_status":"closed","ping_status":"closed","template":"","meta":{"_acf_changed":false},"product_brand":[],"product_cat":[1213,551,535,552,23212],"product_tag":[9398,6479,18056,18268,8675,18278,18265,18266,18267],"class_list":{"0":"post-7164","1":"product","2":"type-product","3":"status-publish","4":"has-post-thumbnail","6":"product_cat-berne-en-jeugdboeken","7":"product_cat-berneboeken-8-12","8":"product_cat-fryske-boeken","9":"product_cat-jeugdboeken","10":"product_cat-tema-10-oant-12-jier","11":"product_tag-9398","12":"product_tag-jeugdboek","13":"product_tag-skoalle","14":"product_tag-stammerje","15":"product_tag-stilte","16":"product_tag-stotteren","17":"product_tag-stotterjen","18":"product_tag-tien-jaar","19":"product_tag-tsien-jier","20":"product_shipping_class-brievenbus-verzending","21":"pa_auteur-mindert-wijnstra-2","22":"pa_is-een-afuk-product-1-2","23":"pa_sale-label-0-3","25":"first","26":"instock","27":"taxable","28":"shipping-taxable","29":"purchasable","30":"product-type-simple"},"acf":[],"yoast_head":"<!-- This site is optimized with the Yoast SEO plugin v27.3 - https:\/\/yoast.com\/product\/yoast-seo-wordpress\/ -->\n<title>De stilte fan Joachem<\/title>\n<meta name=\"description\" content=\"Mooi Fries jeugdboek over een jongen dat stottert, geschreven door Mindert Wijnstra en met tekeningen van Babs Wijnstra. Lees ook de recensies.\" \/>\n<meta name=\"robots\" content=\"index, follow, max-snippet:-1, max-image-preview:large, max-video-preview:-1\" \/>\n<link rel=\"canonical\" href=\"https:\/\/websjop.afuk.frl\/nl\/winkel\/de-stilte-fan-joachem\/\" \/>\n<meta property=\"og:locale\" content=\"nl_NL\" \/>\n<meta property=\"og:type\" content=\"article\" \/>\n<meta property=\"og:title\" content=\"De stilte fan Joachem\" \/>\n<meta property=\"og:description\" content=\"Mooi Fries jeugdboek over een jongen dat stottert, geschreven door Mindert Wijnstra en met tekeningen van Babs Wijnstra. Lees ook de recensies.\" \/>\n<meta property=\"og:url\" content=\"https:\/\/websjop.afuk.frl\/nl\/winkel\/de-stilte-fan-joachem\/\" \/>\n<meta property=\"og:site_name\" content=\"Af\u00fbk Websjop\" \/>\n<meta property=\"article:modified_time\" content=\"2024-11-18T14:57:09+00:00\" \/>\n<meta property=\"og:image\" content=\"https:\/\/websjop.afuk.frl\/wp-content\/uploads\/2014\/09\/De-stilte-fan-Joachem-001.jpg\" \/>\n\t<meta property=\"og:image:width\" content=\"585\" \/>\n\t<meta property=\"og:image:height\" content=\"876\" \/>\n\t<meta property=\"og:image:type\" content=\"image\/jpeg\" \/>\n<meta name=\"twitter:card\" content=\"summary_large_image\" \/>\n<meta name=\"twitter:label1\" content=\"Geschatte leestijd\" \/>\n\t<meta name=\"twitter:data1\" content=\"1 minuut\" \/>\n<script type=\"application\/ld+json\" class=\"yoast-schema-graph\">{\"@context\":\"https:\\\/\\\/schema.org\",\"@graph\":[{\"@type\":\"WebPage\",\"@id\":\"https:\\\/\\\/websjop.afuk.frl\\\/nl\\\/winkel\\\/de-stilte-fan-joachem\\\/\",\"url\":\"https:\\\/\\\/websjop.afuk.frl\\\/nl\\\/winkel\\\/de-stilte-fan-joachem\\\/\",\"name\":\"De stilte fan Joachem\",\"isPartOf\":{\"@id\":\"https:\\\/\\\/websjop.afuk.frl\\\/nl\\\/#website\"},\"primaryImageOfPage\":{\"@id\":\"https:\\\/\\\/websjop.afuk.frl\\\/nl\\\/winkel\\\/de-stilte-fan-joachem\\\/#primaryimage\"},\"image\":{\"@id\":\"https:\\\/\\\/websjop.afuk.frl\\\/nl\\\/winkel\\\/de-stilte-fan-joachem\\\/#primaryimage\"},\"thumbnailUrl\":\"https:\\\/\\\/websjop.afuk.frl\\\/wp-content\\\/uploads\\\/2014\\\/09\\\/De-stilte-fan-Joachem-001.jpg\",\"datePublished\":\"2020-09-09T20:05:05+00:00\",\"dateModified\":\"2024-11-18T14:57:09+00:00\",\"description\":\"Mooi Fries jeugdboek over een jongen dat stottert, geschreven door Mindert Wijnstra en met tekeningen van Babs Wijnstra. Lees ook de recensies.\",\"breadcrumb\":{\"@id\":\"https:\\\/\\\/websjop.afuk.frl\\\/nl\\\/winkel\\\/de-stilte-fan-joachem\\\/#breadcrumb\"},\"inLanguage\":\"nl-NL\",\"potentialAction\":[{\"@type\":\"ReadAction\",\"target\":[\"https:\\\/\\\/websjop.afuk.frl\\\/nl\\\/winkel\\\/de-stilte-fan-joachem\\\/\"]}]},{\"@type\":\"ImageObject\",\"inLanguage\":\"nl-NL\",\"@id\":\"https:\\\/\\\/websjop.afuk.frl\\\/nl\\\/winkel\\\/de-stilte-fan-joachem\\\/#primaryimage\",\"url\":\"https:\\\/\\\/websjop.afuk.frl\\\/wp-content\\\/uploads\\\/2014\\\/09\\\/De-stilte-fan-Joachem-001.jpg\",\"contentUrl\":\"https:\\\/\\\/websjop.afuk.frl\\\/wp-content\\\/uploads\\\/2014\\\/09\\\/De-stilte-fan-Joachem-001.jpg\",\"width\":585,\"height\":876},{\"@type\":\"BreadcrumbList\",\"@id\":\"https:\\\/\\\/websjop.afuk.frl\\\/nl\\\/winkel\\\/de-stilte-fan-joachem\\\/#breadcrumb\",\"itemListElement\":[{\"@type\":\"ListItem\",\"position\":1,\"name\":\"Home\",\"item\":\"https:\\\/\\\/websjop.afuk.frl\\\/nl\\\/\"},{\"@type\":\"ListItem\",\"position\":2,\"name\":\"Winkel\",\"item\":\"https:\\\/\\\/websjop.afuk.frl\\\/nl\\\/winkel\\\/\"},{\"@type\":\"ListItem\",\"position\":3,\"name\":\"De stilte fan Joachem\"}]},{\"@type\":\"WebSite\",\"@id\":\"https:\\\/\\\/websjop.afuk.frl\\\/nl\\\/#website\",\"url\":\"https:\\\/\\\/websjop.afuk.frl\\\/nl\\\/\",\"name\":\"Af\u00fbk Websjop\",\"description\":\"\",\"potentialAction\":[{\"@type\":\"SearchAction\",\"target\":{\"@type\":\"EntryPoint\",\"urlTemplate\":\"https:\\\/\\\/websjop.afuk.frl\\\/nl\\\/?s={search_term_string}\"},\"query-input\":{\"@type\":\"PropertyValueSpecification\",\"valueRequired\":true,\"valueName\":\"search_term_string\"}}],\"inLanguage\":\"nl-NL\"}]}<\/script>\n<!-- \/ Yoast SEO plugin. -->","yoast_head_json":{"title":"De stilte fan Joachem","description":"Mooi Fries jeugdboek over een jongen dat stottert, geschreven door Mindert Wijnstra en met tekeningen van Babs Wijnstra. Lees ook de recensies.","robots":{"index":"index","follow":"follow","max-snippet":"max-snippet:-1","max-image-preview":"max-image-preview:large","max-video-preview":"max-video-preview:-1"},"canonical":"https:\/\/websjop.afuk.frl\/nl\/winkel\/de-stilte-fan-joachem\/","og_locale":"nl_NL","og_type":"article","og_title":"De stilte fan Joachem","og_description":"Mooi Fries jeugdboek over een jongen dat stottert, geschreven door Mindert Wijnstra en met tekeningen van Babs Wijnstra. Lees ook de recensies.","og_url":"https:\/\/websjop.afuk.frl\/nl\/winkel\/de-stilte-fan-joachem\/","og_site_name":"Af\u00fbk Websjop","article_modified_time":"2024-11-18T14:57:09+00:00","og_image":[{"width":585,"height":876,"url":"https:\/\/websjop.afuk.frl\/wp-content\/uploads\/2014\/09\/De-stilte-fan-Joachem-001.jpg","type":"image\/jpeg"}],"twitter_card":"summary_large_image","twitter_misc":{"Geschatte leestijd":"1 minuut"},"schema":{"@context":"https:\/\/schema.org","@graph":[{"@type":"WebPage","@id":"https:\/\/websjop.afuk.frl\/nl\/winkel\/de-stilte-fan-joachem\/","url":"https:\/\/websjop.afuk.frl\/nl\/winkel\/de-stilte-fan-joachem\/","name":"De stilte fan Joachem","isPartOf":{"@id":"https:\/\/websjop.afuk.frl\/nl\/#website"},"primaryImageOfPage":{"@id":"https:\/\/websjop.afuk.frl\/nl\/winkel\/de-stilte-fan-joachem\/#primaryimage"},"image":{"@id":"https:\/\/websjop.afuk.frl\/nl\/winkel\/de-stilte-fan-joachem\/#primaryimage"},"thumbnailUrl":"https:\/\/websjop.afuk.frl\/wp-content\/uploads\/2014\/09\/De-stilte-fan-Joachem-001.jpg","datePublished":"2020-09-09T20:05:05+00:00","dateModified":"2024-11-18T14:57:09+00:00","description":"Mooi Fries jeugdboek over een jongen dat stottert, geschreven door Mindert Wijnstra en met tekeningen van Babs Wijnstra. Lees ook de recensies.","breadcrumb":{"@id":"https:\/\/websjop.afuk.frl\/nl\/winkel\/de-stilte-fan-joachem\/#breadcrumb"},"inLanguage":"nl-NL","potentialAction":[{"@type":"ReadAction","target":["https:\/\/websjop.afuk.frl\/nl\/winkel\/de-stilte-fan-joachem\/"]}]},{"@type":"ImageObject","inLanguage":"nl-NL","@id":"https:\/\/websjop.afuk.frl\/nl\/winkel\/de-stilte-fan-joachem\/#primaryimage","url":"https:\/\/websjop.afuk.frl\/wp-content\/uploads\/2014\/09\/De-stilte-fan-Joachem-001.jpg","contentUrl":"https:\/\/websjop.afuk.frl\/wp-content\/uploads\/2014\/09\/De-stilte-fan-Joachem-001.jpg","width":585,"height":876},{"@type":"BreadcrumbList","@id":"https:\/\/websjop.afuk.frl\/nl\/winkel\/de-stilte-fan-joachem\/#breadcrumb","itemListElement":[{"@type":"ListItem","position":1,"name":"Home","item":"https:\/\/websjop.afuk.frl\/nl\/"},{"@type":"ListItem","position":2,"name":"Winkel","item":"https:\/\/websjop.afuk.frl\/nl\/winkel\/"},{"@type":"ListItem","position":3,"name":"De stilte fan Joachem"}]},{"@type":"WebSite","@id":"https:\/\/websjop.afuk.frl\/nl\/#website","url":"https:\/\/websjop.afuk.frl\/nl\/","name":"Af\u00fbk Websjop","description":"","potentialAction":[{"@type":"SearchAction","target":{"@type":"EntryPoint","urlTemplate":"https:\/\/websjop.afuk.frl\/nl\/?s={search_term_string}"},"query-input":{"@type":"PropertyValueSpecification","valueRequired":true,"valueName":"search_term_string"}}],"inLanguage":"nl-NL"}]}},"_links":{"self":[{"href":"https:\/\/websjop.afuk.frl\/nl\/wp-json\/wp\/v2\/product\/7164","targetHints":{"allow":["GET"]}}],"collection":[{"href":"https:\/\/websjop.afuk.frl\/nl\/wp-json\/wp\/v2\/product"}],"about":[{"href":"https:\/\/websjop.afuk.frl\/nl\/wp-json\/wp\/v2\/types\/product"}],"replies":[{"embeddable":true,"href":"https:\/\/websjop.afuk.frl\/nl\/wp-json\/wp\/v2\/comments?post=7164"}],"wp:featuredmedia":[{"embeddable":true,"href":"https:\/\/websjop.afuk.frl\/nl\/wp-json\/wp\/v2\/media\/12981"}],"wp:attachment":[{"href":"https:\/\/websjop.afuk.frl\/nl\/wp-json\/wp\/v2\/media?parent=7164"}],"wp:term":[{"taxonomy":"product_brand","embeddable":true,"href":"https:\/\/websjop.afuk.frl\/nl\/wp-json\/wp\/v2\/product_brand?post=7164"},{"taxonomy":"product_cat","embeddable":true,"href":"https:\/\/websjop.afuk.frl\/nl\/wp-json\/wp\/v2\/product_cat?post=7164"},{"taxonomy":"product_tag","embeddable":true,"href":"https:\/\/websjop.afuk.frl\/nl\/wp-json\/wp\/v2\/product_tag?post=7164"}],"curies":[{"name":"wp","href":"https:\/\/api.w.org\/{rel}","templated":true}]}}