{"id":7026,"date":"2020-09-09T18:57:24","date_gmt":"2020-09-09T17:57:24","guid":{"rendered":"https:\/\/websjop.bwhontwerpers.nl\/?post_type=product&#038;p=7026"},"modified":"2023-05-01T08:57:31","modified_gmt":"2023-05-01T07:57:31","slug":"fugels","status":"publish","type":"product","link":"https:\/\/websjop.afuk.frl\/nl\/winkel\/fugels\/","title":{"rendered":"F\u00fbgels"},"content":{"rendered":"<p>In deze natuurgids vindt u gemakkelijk de weg naar een beschrijving van ongeveer 200 van de meest bekende of meest opvallende vogels van West- en Midden-Europa. In de begeleidende tekst staan zaken over de soort en dit wordt aangevuld met mooie foto&#8217;s voor een betrouwbare determinatie.<\/p>\n<p>Extra:\u00a0 een index van Friese vogelnamen.<\/p>\n","protected":false},"excerpt":{"rendered":"<p>F\u00fbgels, kompakte natoergids mei 200 meast bekende en opfallende f\u00fbgels yn West- en Midden-Europa mei Fryske en Nederl\u00e2nske nammen<\/p>\n","protected":false},"featured_media":29349,"comment_status":"closed","ping_status":"closed","template":"","meta":{"_acf_changed":false},"product_brand":[],"product_cat":[1043,535,18568,1221,542,1216],"product_tag":[19298,17782,9807,9832,12582,18110],"class_list":{"0":"post-7026","1":"product","2":"type-product","3":"status-publish","4":"has-post-thumbnail","6":"product_cat-edukatyf","7":"product_cat-fryske-boeken","8":"product_cat-fugels-yn-fryslan","9":"product_cat-maitiid","10":"product_cat-natoer","11":"product_cat-natoer-en-toerisme","12":"product_tag-eckart-pott","13":"product_tag-fugels","14":"product_tag-natoer","15":"product_tag-natoergids","16":"product_tag-sake-p-roodbergen","17":"product_tag-vogelgids","18":"product_shipping_class-brievenbus-verzending","19":"pa_auteur-eckart-pott-roodbergen","20":"pa_isbn-19296","21":"pa_taal-frysk","22":"pa_uitgever-bornmeer-it-frysk-gea","23":"pa_vertaler-sake-p-roodbergen","25":"first","26":"instock","27":"taxable","28":"shipping-taxable","29":"purchasable","30":"product-type-simple"},"acf":[],"yoast_head":"<!-- This site is optimized with the Yoast SEO plugin v27.2 - https:\/\/yoast.com\/product\/yoast-seo-wordpress\/ -->\n<title>F\u00fbgels<\/title>\n<meta name=\"description\" content=\"In deze natuurgids F\u00fbgels vindt u gemakkelijk de weg naar een beschrijving van ongeveer 200 van de meest bekende vogels van West- en Midden-Europa.\" \/>\n<meta name=\"robots\" content=\"index, follow, max-snippet:-1, max-image-preview:large, max-video-preview:-1\" \/>\n<link rel=\"canonical\" href=\"https:\/\/websjop.afuk.frl\/nl\/winkel\/fugels\/\" \/>\n<meta property=\"og:locale\" content=\"nl_NL\" \/>\n<meta property=\"og:type\" content=\"article\" \/>\n<meta property=\"og:title\" content=\"F\u00fbgels\" \/>\n<meta property=\"og:description\" content=\"In deze natuurgids F\u00fbgels vindt u gemakkelijk de weg naar een beschrijving van ongeveer 200 van de meest bekende vogels van West- en Midden-Europa.\" \/>\n<meta property=\"og:url\" content=\"https:\/\/websjop.afuk.frl\/nl\/winkel\/fugels\/\" \/>\n<meta property=\"og:site_name\" content=\"Af\u00fbk Websjop\" \/>\n<meta property=\"article:modified_time\" content=\"2023-05-01T07:57:31+00:00\" \/>\n<meta property=\"og:image\" content=\"https:\/\/websjop.afuk.frl\/wp-content\/uploads\/2020\/09\/Fugels467.jpg\" \/>\n\t<meta property=\"og:image:width\" content=\"296\" \/>\n\t<meta property=\"og:image:height\" content=\"499\" \/>\n\t<meta property=\"og:image:type\" content=\"image\/jpeg\" \/>\n<meta name=\"twitter:card\" content=\"summary_large_image\" \/>\n<script type=\"application\/ld+json\" class=\"yoast-schema-graph\">{\"@context\":\"https:\/\/schema.org\",\"@graph\":[{\"@type\":\"WebPage\",\"@id\":\"https:\/\/websjop.afuk.frl\/nl\/winkel\/fugels\/\",\"url\":\"https:\/\/websjop.afuk.frl\/nl\/winkel\/fugels\/\",\"name\":\"F\u00fbgels\",\"isPartOf\":{\"@id\":\"https:\/\/websjop.afuk.frl\/nl\/#website\"},\"primaryImageOfPage\":{\"@id\":\"https:\/\/websjop.afuk.frl\/nl\/winkel\/fugels\/#primaryimage\"},\"image\":{\"@id\":\"https:\/\/websjop.afuk.frl\/nl\/winkel\/fugels\/#primaryimage\"},\"thumbnailUrl\":\"https:\/\/websjop.afuk.frl\/wp-content\/uploads\/2020\/09\/Fugels467.jpg\",\"datePublished\":\"2020-09-09T17:57:24+00:00\",\"dateModified\":\"2023-05-01T07:57:31+00:00\",\"description\":\"In deze natuurgids F\u00fbgels vindt u gemakkelijk de weg naar een beschrijving van ongeveer 200 van de meest bekende vogels van West- en Midden-Europa.\",\"breadcrumb\":{\"@id\":\"https:\/\/websjop.afuk.frl\/nl\/winkel\/fugels\/#breadcrumb\"},\"inLanguage\":\"nl-NL\",\"potentialAction\":[{\"@type\":\"ReadAction\",\"target\":[\"https:\/\/websjop.afuk.frl\/nl\/winkel\/fugels\/\"]}]},{\"@type\":\"ImageObject\",\"inLanguage\":\"nl-NL\",\"@id\":\"https:\/\/websjop.afuk.frl\/nl\/winkel\/fugels\/#primaryimage\",\"url\":\"https:\/\/websjop.afuk.frl\/wp-content\/uploads\/2020\/09\/Fugels467.jpg\",\"contentUrl\":\"https:\/\/websjop.afuk.frl\/wp-content\/uploads\/2020\/09\/Fugels467.jpg\",\"width\":296,\"height\":499,\"caption\":\"F\u00fbgels\"},{\"@type\":\"BreadcrumbList\",\"@id\":\"https:\/\/websjop.afuk.frl\/nl\/winkel\/fugels\/#breadcrumb\",\"itemListElement\":[{\"@type\":\"ListItem\",\"position\":1,\"name\":\"Home\",\"item\":\"https:\/\/websjop.afuk.frl\/nl\/\"},{\"@type\":\"ListItem\",\"position\":2,\"name\":\"Winkel\",\"item\":\"https:\/\/websjop.afuk.frl\/nl\/winkel\/\"},{\"@type\":\"ListItem\",\"position\":3,\"name\":\"F\u00fbgels\"}]},{\"@type\":\"WebSite\",\"@id\":\"https:\/\/websjop.afuk.frl\/nl\/#website\",\"url\":\"https:\/\/websjop.afuk.frl\/nl\/\",\"name\":\"Af\u00fbk Websjop\",\"description\":\"\",\"potentialAction\":[{\"@type\":\"SearchAction\",\"target\":{\"@type\":\"EntryPoint\",\"urlTemplate\":\"https:\/\/websjop.afuk.frl\/nl\/?s={search_term_string}\"},\"query-input\":{\"@type\":\"PropertyValueSpecification\",\"valueRequired\":true,\"valueName\":\"search_term_string\"}}],\"inLanguage\":\"nl-NL\"}]}<\/script>\n<!-- \/ Yoast SEO plugin. -->","yoast_head_json":{"title":"F\u00fbgels","description":"In deze natuurgids F\u00fbgels vindt u gemakkelijk de weg naar een beschrijving van ongeveer 200 van de meest bekende vogels van West- en Midden-Europa.","robots":{"index":"index","follow":"follow","max-snippet":"max-snippet:-1","max-image-preview":"max-image-preview:large","max-video-preview":"max-video-preview:-1"},"canonical":"https:\/\/websjop.afuk.frl\/nl\/winkel\/fugels\/","og_locale":"nl_NL","og_type":"article","og_title":"F\u00fbgels","og_description":"In deze natuurgids F\u00fbgels vindt u gemakkelijk de weg naar een beschrijving van ongeveer 200 van de meest bekende vogels van West- en Midden-Europa.","og_url":"https:\/\/websjop.afuk.frl\/nl\/winkel\/fugels\/","og_site_name":"Af\u00fbk Websjop","article_modified_time":"2023-05-01T07:57:31+00:00","og_image":[{"width":296,"height":499,"url":"https:\/\/websjop.afuk.frl\/wp-content\/uploads\/2020\/09\/Fugels467.jpg","type":"image\/jpeg"}],"twitter_card":"summary_large_image","schema":{"@context":"https:\/\/schema.org","@graph":[{"@type":"WebPage","@id":"https:\/\/websjop.afuk.frl\/nl\/winkel\/fugels\/","url":"https:\/\/websjop.afuk.frl\/nl\/winkel\/fugels\/","name":"F\u00fbgels","isPartOf":{"@id":"https:\/\/websjop.afuk.frl\/nl\/#website"},"primaryImageOfPage":{"@id":"https:\/\/websjop.afuk.frl\/nl\/winkel\/fugels\/#primaryimage"},"image":{"@id":"https:\/\/websjop.afuk.frl\/nl\/winkel\/fugels\/#primaryimage"},"thumbnailUrl":"https:\/\/websjop.afuk.frl\/wp-content\/uploads\/2020\/09\/Fugels467.jpg","datePublished":"2020-09-09T17:57:24+00:00","dateModified":"2023-05-01T07:57:31+00:00","description":"In deze natuurgids F\u00fbgels vindt u gemakkelijk de weg naar een beschrijving van ongeveer 200 van de meest bekende vogels van West- en Midden-Europa.","breadcrumb":{"@id":"https:\/\/websjop.afuk.frl\/nl\/winkel\/fugels\/#breadcrumb"},"inLanguage":"nl-NL","potentialAction":[{"@type":"ReadAction","target":["https:\/\/websjop.afuk.frl\/nl\/winkel\/fugels\/"]}]},{"@type":"ImageObject","inLanguage":"nl-NL","@id":"https:\/\/websjop.afuk.frl\/nl\/winkel\/fugels\/#primaryimage","url":"https:\/\/websjop.afuk.frl\/wp-content\/uploads\/2020\/09\/Fugels467.jpg","contentUrl":"https:\/\/websjop.afuk.frl\/wp-content\/uploads\/2020\/09\/Fugels467.jpg","width":296,"height":499,"caption":"F\u00fbgels"},{"@type":"BreadcrumbList","@id":"https:\/\/websjop.afuk.frl\/nl\/winkel\/fugels\/#breadcrumb","itemListElement":[{"@type":"ListItem","position":1,"name":"Home","item":"https:\/\/websjop.afuk.frl\/nl\/"},{"@type":"ListItem","position":2,"name":"Winkel","item":"https:\/\/websjop.afuk.frl\/nl\/winkel\/"},{"@type":"ListItem","position":3,"name":"F\u00fbgels"}]},{"@type":"WebSite","@id":"https:\/\/websjop.afuk.frl\/nl\/#website","url":"https:\/\/websjop.afuk.frl\/nl\/","name":"Af\u00fbk Websjop","description":"","potentialAction":[{"@type":"SearchAction","target":{"@type":"EntryPoint","urlTemplate":"https:\/\/websjop.afuk.frl\/nl\/?s={search_term_string}"},"query-input":{"@type":"PropertyValueSpecification","valueRequired":true,"valueName":"search_term_string"}}],"inLanguage":"nl-NL"}]}},"_links":{"self":[{"href":"https:\/\/websjop.afuk.frl\/nl\/wp-json\/wp\/v2\/product\/7026","targetHints":{"allow":["GET"]}}],"collection":[{"href":"https:\/\/websjop.afuk.frl\/nl\/wp-json\/wp\/v2\/product"}],"about":[{"href":"https:\/\/websjop.afuk.frl\/nl\/wp-json\/wp\/v2\/types\/product"}],"replies":[{"embeddable":true,"href":"https:\/\/websjop.afuk.frl\/nl\/wp-json\/wp\/v2\/comments?post=7026"}],"wp:featuredmedia":[{"embeddable":true,"href":"https:\/\/websjop.afuk.frl\/nl\/wp-json\/wp\/v2\/media\/29349"}],"wp:attachment":[{"href":"https:\/\/websjop.afuk.frl\/nl\/wp-json\/wp\/v2\/media?parent=7026"}],"wp:term":[{"taxonomy":"product_brand","embeddable":true,"href":"https:\/\/websjop.afuk.frl\/nl\/wp-json\/wp\/v2\/product_brand?post=7026"},{"taxonomy":"product_cat","embeddable":true,"href":"https:\/\/websjop.afuk.frl\/nl\/wp-json\/wp\/v2\/product_cat?post=7026"},{"taxonomy":"product_tag","embeddable":true,"href":"https:\/\/websjop.afuk.frl\/nl\/wp-json\/wp\/v2\/product_tag?post=7026"}],"curies":[{"name":"wp","href":"https:\/\/api.w.org\/{rel}","templated":true}]}}