{"id":6925,"date":"2014-10-08T16:13:51","date_gmt":"2014-10-08T15:13:51","guid":{"rendered":"https:\/\/websjop.bwhontwerpers.nl\/?post_type=product&#038;p=6925"},"modified":"2019-11-05T16:00:30","modified_gmt":"2019-11-05T15:00:30","slug":"skoare-by-fc-top-audio","status":"publish","type":"product","link":"https:\/\/websjop.afuk.frl\/nl\/winkel\/skoare-by-fc-top-audio\/","title":{"rendered":"Skoare by FC Top &#8211; Audioboek"},"content":{"rendered":"<p><strong><em>L\u00fasterboek<\/em><\/strong><\/p>\n<p><em>Skoare by FC Top <\/em>giet oer de talintfolle David en Jeffrey, dy&#8217;t gek binne fan fuotbal. Op in dei komt in scout fan it grutte FC TOP \u00fat &#8216;e st\u00ead te sjen. De jonges wurde \u00fatnoege foar in oantal proeftrainings en seleksjewedstriiden. Der bestiet in grut ferskil tusken de beide jonges. David hat in freeslik fanatike heit dy&#8217;t alles op alles set foar in fuotbalkarri\u00eare fan syn soan. By Jeffrey wurdt d\u00ear folle relaxter mei omgien. Foar him is der mear yn it libben as fuotbalje. Hoe sille de doarpsjonges yn de st\u00ead \u00fbntfongen wurde? Wa fan harren wurdt \u00fateinlik \u00fatnoege foar de &#8216;Voetbalschool&#8217;? En is dat no wol \u00e9cht wat de jonges wole?<\/p>\n<p>Foarl\u00eazen troch de skriuwer.<\/p>\n<p>2 cd&#8217;s.<\/p>\n","protected":false},"excerpt":{"rendered":"<p>Skoare by FC Top fan Jelle Bangma giet oer de talintfolle David en Jeffrey dy&#8217;t gek binne fan fuotbal. &#8211; Audioboek<\/p>\n","protected":false},"featured_media":6926,"comment_status":"closed","ping_status":"closed","template":"","meta":{"_acf_changed":false},"product_brand":[],"product_cat":[1202,1213,551,535,547,541,1214],"product_tag":[5780,5803,5781,5860],"class_list":{"0":"post-6925","1":"product","2":"type-product","3":"status-publish","4":"has-post-thumbnail","6":"product_cat-33-abe-lenstra","7":"product_cat-berne-en-jeugdboeken","8":"product_cat-berneboeken-8-12","9":"product_cat-fryske-boeken","10":"product_cat-lusterboeken","11":"product_cat-sport","12":"product_cat-sport-en-hobby","13":"product_tag-audioboek","14":"product_tag-lusterboek","15":"product_tag-lusterboeken","16":"product_tag-skoare-by-fc-top","17":"product_shipping_class-brievenbus-verzending","18":"pa_auteur-jelle-bangma-2","19":"pa_isbn-1355","20":"pa_taal-frysk","21":"pa_uitgever-audiofrysk","23":"first","24":"instock","25":"taxable","26":"shipping-taxable","27":"purchasable","28":"product-type-simple"},"acf":[],"yoast_head":"<!-- This site is optimized with the Yoast SEO plugin v27.3 - https:\/\/yoast.com\/product\/yoast-seo-wordpress\/ -->\n<title>Skoare by FC Top - Audio<\/title>\n<meta name=\"robots\" content=\"index, follow, max-snippet:-1, max-image-preview:large, max-video-preview:-1\" \/>\n<link rel=\"canonical\" href=\"https:\/\/websjop.afuk.frl\/nl\/winkel\/skoare-by-fc-top-audio\/\" \/>\n<meta property=\"og:locale\" content=\"nl_NL\" \/>\n<meta property=\"og:type\" content=\"article\" \/>\n<meta property=\"og:title\" content=\"Skoare by FC Top - Audio\" \/>\n<meta property=\"og:url\" content=\"https:\/\/websjop.afuk.frl\/nl\/winkel\/skoare-by-fc-top-audio\/\" \/>\n<meta property=\"og:site_name\" content=\"Af\u00fbk Websjop\" \/>\n<meta property=\"article:modified_time\" content=\"2019-11-05T15:00:30+00:00\" \/>\n<meta property=\"og:image\" content=\"https:\/\/websjop.afuk.frl\/wp-content\/uploads\/2014\/09\/products-product_3700_0_8_1_4.jpg\" \/>\n\t<meta property=\"og:image:width\" content=\"1577\" \/>\n\t<meta property=\"og:image:height\" content=\"2209\" \/>\n\t<meta property=\"og:image:type\" content=\"image\/jpeg\" \/>\n<meta name=\"twitter:card\" content=\"summary_large_image\" \/>\n<meta name=\"twitter:label1\" content=\"Geschatte leestijd\" \/>\n\t<meta name=\"twitter:data1\" content=\"1 minuut\" \/>\n<script type=\"application\/ld+json\" class=\"yoast-schema-graph\">{\"@context\":\"https:\\\/\\\/schema.org\",\"@graph\":[{\"@type\":\"WebPage\",\"@id\":\"https:\\\/\\\/websjop.afuk.frl\\\/nl\\\/winkel\\\/skoare-by-fc-top-audio\\\/\",\"url\":\"https:\\\/\\\/websjop.afuk.frl\\\/nl\\\/winkel\\\/skoare-by-fc-top-audio\\\/\",\"name\":\"Skoare by FC Top - Audio\",\"isPartOf\":{\"@id\":\"https:\\\/\\\/websjop.afuk.frl\\\/nl\\\/#website\"},\"primaryImageOfPage\":{\"@id\":\"https:\\\/\\\/websjop.afuk.frl\\\/nl\\\/winkel\\\/skoare-by-fc-top-audio\\\/#primaryimage\"},\"image\":{\"@id\":\"https:\\\/\\\/websjop.afuk.frl\\\/nl\\\/winkel\\\/skoare-by-fc-top-audio\\\/#primaryimage\"},\"thumbnailUrl\":\"https:\\\/\\\/websjop.afuk.frl\\\/wp-content\\\/uploads\\\/2014\\\/09\\\/products-product_3700_0_8_1_4.jpg\",\"datePublished\":\"2014-10-08T15:13:51+00:00\",\"dateModified\":\"2019-11-05T15:00:30+00:00\",\"breadcrumb\":{\"@id\":\"https:\\\/\\\/websjop.afuk.frl\\\/nl\\\/winkel\\\/skoare-by-fc-top-audio\\\/#breadcrumb\"},\"inLanguage\":\"nl-NL\",\"potentialAction\":[{\"@type\":\"ReadAction\",\"target\":[\"https:\\\/\\\/websjop.afuk.frl\\\/nl\\\/winkel\\\/skoare-by-fc-top-audio\\\/\"]}]},{\"@type\":\"ImageObject\",\"inLanguage\":\"nl-NL\",\"@id\":\"https:\\\/\\\/websjop.afuk.frl\\\/nl\\\/winkel\\\/skoare-by-fc-top-audio\\\/#primaryimage\",\"url\":\"https:\\\/\\\/websjop.afuk.frl\\\/wp-content\\\/uploads\\\/2014\\\/09\\\/products-product_3700_0_8_1_4.jpg\",\"contentUrl\":\"https:\\\/\\\/websjop.afuk.frl\\\/wp-content\\\/uploads\\\/2014\\\/09\\\/products-product_3700_0_8_1_4.jpg\",\"width\":1577,\"height\":2209,\"caption\":\"Skoare by FC Top - Audioboek\"},{\"@type\":\"BreadcrumbList\",\"@id\":\"https:\\\/\\\/websjop.afuk.frl\\\/nl\\\/winkel\\\/skoare-by-fc-top-audio\\\/#breadcrumb\",\"itemListElement\":[{\"@type\":\"ListItem\",\"position\":1,\"name\":\"Home\",\"item\":\"https:\\\/\\\/websjop.afuk.frl\\\/nl\\\/\"},{\"@type\":\"ListItem\",\"position\":2,\"name\":\"Winkel\",\"item\":\"https:\\\/\\\/websjop.afuk.frl\\\/nl\\\/winkel\\\/\"},{\"@type\":\"ListItem\",\"position\":3,\"name\":\"Skoare by FC Top &#8211; Audioboek\"}]},{\"@type\":\"WebSite\",\"@id\":\"https:\\\/\\\/websjop.afuk.frl\\\/nl\\\/#website\",\"url\":\"https:\\\/\\\/websjop.afuk.frl\\\/nl\\\/\",\"name\":\"Af\u00fbk Websjop\",\"description\":\"\",\"potentialAction\":[{\"@type\":\"SearchAction\",\"target\":{\"@type\":\"EntryPoint\",\"urlTemplate\":\"https:\\\/\\\/websjop.afuk.frl\\\/nl\\\/?s={search_term_string}\"},\"query-input\":{\"@type\":\"PropertyValueSpecification\",\"valueRequired\":true,\"valueName\":\"search_term_string\"}}],\"inLanguage\":\"nl-NL\"}]}<\/script>\n<!-- \/ Yoast SEO plugin. -->","yoast_head_json":{"title":"Skoare by FC Top - Audio","robots":{"index":"index","follow":"follow","max-snippet":"max-snippet:-1","max-image-preview":"max-image-preview:large","max-video-preview":"max-video-preview:-1"},"canonical":"https:\/\/websjop.afuk.frl\/nl\/winkel\/skoare-by-fc-top-audio\/","og_locale":"nl_NL","og_type":"article","og_title":"Skoare by FC Top - Audio","og_url":"https:\/\/websjop.afuk.frl\/nl\/winkel\/skoare-by-fc-top-audio\/","og_site_name":"Af\u00fbk Websjop","article_modified_time":"2019-11-05T15:00:30+00:00","og_image":[{"width":1577,"height":2209,"url":"https:\/\/websjop.afuk.frl\/wp-content\/uploads\/2014\/09\/products-product_3700_0_8_1_4.jpg","type":"image\/jpeg"}],"twitter_card":"summary_large_image","twitter_misc":{"Geschatte leestijd":"1 minuut"},"schema":{"@context":"https:\/\/schema.org","@graph":[{"@type":"WebPage","@id":"https:\/\/websjop.afuk.frl\/nl\/winkel\/skoare-by-fc-top-audio\/","url":"https:\/\/websjop.afuk.frl\/nl\/winkel\/skoare-by-fc-top-audio\/","name":"Skoare by FC Top - Audio","isPartOf":{"@id":"https:\/\/websjop.afuk.frl\/nl\/#website"},"primaryImageOfPage":{"@id":"https:\/\/websjop.afuk.frl\/nl\/winkel\/skoare-by-fc-top-audio\/#primaryimage"},"image":{"@id":"https:\/\/websjop.afuk.frl\/nl\/winkel\/skoare-by-fc-top-audio\/#primaryimage"},"thumbnailUrl":"https:\/\/websjop.afuk.frl\/wp-content\/uploads\/2014\/09\/products-product_3700_0_8_1_4.jpg","datePublished":"2014-10-08T15:13:51+00:00","dateModified":"2019-11-05T15:00:30+00:00","breadcrumb":{"@id":"https:\/\/websjop.afuk.frl\/nl\/winkel\/skoare-by-fc-top-audio\/#breadcrumb"},"inLanguage":"nl-NL","potentialAction":[{"@type":"ReadAction","target":["https:\/\/websjop.afuk.frl\/nl\/winkel\/skoare-by-fc-top-audio\/"]}]},{"@type":"ImageObject","inLanguage":"nl-NL","@id":"https:\/\/websjop.afuk.frl\/nl\/winkel\/skoare-by-fc-top-audio\/#primaryimage","url":"https:\/\/websjop.afuk.frl\/wp-content\/uploads\/2014\/09\/products-product_3700_0_8_1_4.jpg","contentUrl":"https:\/\/websjop.afuk.frl\/wp-content\/uploads\/2014\/09\/products-product_3700_0_8_1_4.jpg","width":1577,"height":2209,"caption":"Skoare by FC Top - Audioboek"},{"@type":"BreadcrumbList","@id":"https:\/\/websjop.afuk.frl\/nl\/winkel\/skoare-by-fc-top-audio\/#breadcrumb","itemListElement":[{"@type":"ListItem","position":1,"name":"Home","item":"https:\/\/websjop.afuk.frl\/nl\/"},{"@type":"ListItem","position":2,"name":"Winkel","item":"https:\/\/websjop.afuk.frl\/nl\/winkel\/"},{"@type":"ListItem","position":3,"name":"Skoare by FC Top &#8211; Audioboek"}]},{"@type":"WebSite","@id":"https:\/\/websjop.afuk.frl\/nl\/#website","url":"https:\/\/websjop.afuk.frl\/nl\/","name":"Af\u00fbk Websjop","description":"","potentialAction":[{"@type":"SearchAction","target":{"@type":"EntryPoint","urlTemplate":"https:\/\/websjop.afuk.frl\/nl\/?s={search_term_string}"},"query-input":{"@type":"PropertyValueSpecification","valueRequired":true,"valueName":"search_term_string"}}],"inLanguage":"nl-NL"}]}},"_links":{"self":[{"href":"https:\/\/websjop.afuk.frl\/nl\/wp-json\/wp\/v2\/product\/6925","targetHints":{"allow":["GET"]}}],"collection":[{"href":"https:\/\/websjop.afuk.frl\/nl\/wp-json\/wp\/v2\/product"}],"about":[{"href":"https:\/\/websjop.afuk.frl\/nl\/wp-json\/wp\/v2\/types\/product"}],"replies":[{"embeddable":true,"href":"https:\/\/websjop.afuk.frl\/nl\/wp-json\/wp\/v2\/comments?post=6925"}],"wp:featuredmedia":[{"embeddable":true,"href":"https:\/\/websjop.afuk.frl\/nl\/wp-json\/wp\/v2\/media\/6926"}],"wp:attachment":[{"href":"https:\/\/websjop.afuk.frl\/nl\/wp-json\/wp\/v2\/media?parent=6925"}],"wp:term":[{"taxonomy":"product_brand","embeddable":true,"href":"https:\/\/websjop.afuk.frl\/nl\/wp-json\/wp\/v2\/product_brand?post=6925"},{"taxonomy":"product_cat","embeddable":true,"href":"https:\/\/websjop.afuk.frl\/nl\/wp-json\/wp\/v2\/product_cat?post=6925"},{"taxonomy":"product_tag","embeddable":true,"href":"https:\/\/websjop.afuk.frl\/nl\/wp-json\/wp\/v2\/product_tag?post=6925"}],"curies":[{"name":"wp","href":"https:\/\/api.w.org\/{rel}","templated":true}]}}