{"id":53964,"date":"2026-05-08T11:44:13","date_gmt":"2026-05-08T09:44:13","guid":{"rendered":"https:\/\/websjop.afuk.frl\/frl\/?post_type=product&#038;p=53964"},"modified":"2026-05-08T11:44:14","modified_gmt":"2026-05-08T09:44:14","slug":"kaarten-gosse-koopmans-water-10-stiks-2","status":"publish","type":"product","link":"https:\/\/websjop.afuk.frl\/nl\/winkel\/kaarten-gosse-koopmans-water-10-stiks-2\/","title":{"rendered":"Myn gouden boekje oer IT WAAD"},"content":{"rendered":"<p>It begjint al op \u2019e fearboat: \u00fbnderweis nei de eilannen stapst yn in oare wr\u00e2ld. In wr\u00e2ld fol natuer, kleuren, geuren, l\u00fbden en skiednis. Fan de seef\u00fbgel dy\u2019t in krintepofke \u00fat dyn h\u00e2n pikt oant it wier dat op \u2019e weagen dobberet \u2013 alles is mei-inoar ferb\u00fbn.<\/p>\n<p>Myn Gouden Boekje oer it Waad nimt dy mei op \u00fbntdekkingstocht troch dit bys\u00fbndere stikje Nederl\u00e2n en leart dy fan alles oer de ferskillende bisten \u2013 en minsken! \u2013 dy\u2019t dizze eilannen mei-inoar diele.<\/p>\n","protected":false},"excerpt":{"rendered":"<p>It begjint al op \u2019e fearboat: \u00fbnderweis nei de eilannen stapst yn in oare wr\u00e2ld. In wr\u00e2ld fol natuer, kleuren, geuren, l\u00fbden en skiednis. Fan de seef\u00fbgel dy\u2019t in krintepofke \u00fat dyn h\u00e2n pikt oant it wier dat op \u2019e weagen dobberet \u2013 alles is mei-inoar ferb\u00fbn. Myn Gouden Boekje oer it Waad nimt dy [&hellip;]<\/p>\n","protected":false},"featured_media":53965,"comment_status":"closed","ping_status":"closed","template":"","meta":{"_acf_changed":false},"product_brand":[],"product_cat":[1213,550,22484,535],"product_tag":[],"class_list":{"0":"post-53964","1":"product","2":"type-product","3":"status-publish","4":"has-post-thumbnail","6":"product_cat-berne-en-jeugdboeken","7":"product_cat-berneboeken-4-8","8":"product_cat-ferwachte-boeken","9":"product_cat-fryske-boeken","10":"product_shipping_class-brievenbus-verzending","11":"pa_auteur-jet-bakels","12":"pa_isbn-978-94-93318-80-9","14":"first","15":"instock","16":"taxable","17":"shipping-taxable","18":"purchasable","19":"product-type-simple"},"acf":[],"yoast_head":"<!-- This site is optimized with the Yoast SEO plugin v27.5 - https:\/\/yoast.com\/product\/yoast-seo-wordpress\/ -->\n<title>Myn gouden boekje oer IT WAAD &#8211; Af\u00fbk Websjop<\/title>\n<meta name=\"robots\" content=\"index, follow, max-snippet:-1, max-image-preview:large, max-video-preview:-1\" \/>\n<link rel=\"canonical\" href=\"https:\/\/websjop.afuk.frl\/nl\/winkel\/kaarten-gosse-koopmans-water-10-stiks-2\/\" \/>\n<meta property=\"og:locale\" content=\"nl_NL\" \/>\n<meta property=\"og:type\" content=\"article\" \/>\n<meta property=\"og:title\" content=\"Myn gouden boekje oer IT WAAD &#8211; Af\u00fbk Websjop\" \/>\n<meta property=\"og:description\" content=\"It begjint al op \u2019e fearboat: \u00fbnderweis nei de eilannen stapst yn in oare wr\u00e2ld. In wr\u00e2ld fol natuer, kleuren, geuren, l\u00fbden en skiednis. Fan de seef\u00fbgel dy\u2019t in krintepofke \u00fat dyn h\u00e2n pikt oant it wier dat op \u2019e weagen dobberet \u2013 alles is mei-inoar ferb\u00fbn. Myn Gouden Boekje oer it Waad nimt dy [&hellip;]\" \/>\n<meta property=\"og:url\" content=\"https:\/\/websjop.afuk.frl\/nl\/winkel\/kaarten-gosse-koopmans-water-10-stiks-2\/\" \/>\n<meta property=\"og:site_name\" content=\"Af\u00fbk Websjop\" \/>\n<meta property=\"article:modified_time\" content=\"2026-05-08T09:44:14+00:00\" \/>\n<meta property=\"og:image\" content=\"https:\/\/websjop.afuk.frl\/wp-content\/uploads\/2026\/05\/It-Waad-LR.jpg\" \/>\n\t<meta property=\"og:image:width\" content=\"660\" \/>\n\t<meta property=\"og:image:height\" content=\"764\" \/>\n\t<meta property=\"og:image:type\" content=\"image\/jpeg\" \/>\n<meta name=\"twitter:card\" content=\"summary_large_image\" \/>\n<meta name=\"twitter:label1\" content=\"Geschatte leestijd\" \/>\n\t<meta name=\"twitter:data1\" content=\"1 minuut\" \/>\n<script type=\"application\/ld+json\" class=\"yoast-schema-graph\">{\"@context\":\"https:\\\/\\\/schema.org\",\"@graph\":[{\"@type\":\"WebPage\",\"@id\":\"https:\\\/\\\/websjop.afuk.frl\\\/nl\\\/winkel\\\/kaarten-gosse-koopmans-water-10-stiks-2\\\/\",\"url\":\"https:\\\/\\\/websjop.afuk.frl\\\/nl\\\/winkel\\\/kaarten-gosse-koopmans-water-10-stiks-2\\\/\",\"name\":\"Myn gouden boekje oer IT WAAD &#8211; Af\u00fbk Websjop\",\"isPartOf\":{\"@id\":\"https:\\\/\\\/websjop.afuk.frl\\\/nl\\\/#website\"},\"primaryImageOfPage\":{\"@id\":\"https:\\\/\\\/websjop.afuk.frl\\\/nl\\\/winkel\\\/kaarten-gosse-koopmans-water-10-stiks-2\\\/#primaryimage\"},\"image\":{\"@id\":\"https:\\\/\\\/websjop.afuk.frl\\\/nl\\\/winkel\\\/kaarten-gosse-koopmans-water-10-stiks-2\\\/#primaryimage\"},\"thumbnailUrl\":\"https:\\\/\\\/websjop.afuk.frl\\\/wp-content\\\/uploads\\\/2026\\\/05\\\/It-Waad-LR.jpg\",\"datePublished\":\"2026-05-08T09:44:13+00:00\",\"dateModified\":\"2026-05-08T09:44:14+00:00\",\"breadcrumb\":{\"@id\":\"https:\\\/\\\/websjop.afuk.frl\\\/nl\\\/winkel\\\/kaarten-gosse-koopmans-water-10-stiks-2\\\/#breadcrumb\"},\"inLanguage\":\"nl-NL\",\"potentialAction\":[{\"@type\":\"ReadAction\",\"target\":[\"https:\\\/\\\/websjop.afuk.frl\\\/nl\\\/winkel\\\/kaarten-gosse-koopmans-water-10-stiks-2\\\/\"]}]},{\"@type\":\"ImageObject\",\"inLanguage\":\"nl-NL\",\"@id\":\"https:\\\/\\\/websjop.afuk.frl\\\/nl\\\/winkel\\\/kaarten-gosse-koopmans-water-10-stiks-2\\\/#primaryimage\",\"url\":\"https:\\\/\\\/websjop.afuk.frl\\\/wp-content\\\/uploads\\\/2026\\\/05\\\/It-Waad-LR.jpg\",\"contentUrl\":\"https:\\\/\\\/websjop.afuk.frl\\\/wp-content\\\/uploads\\\/2026\\\/05\\\/It-Waad-LR.jpg\",\"width\":660,\"height\":764},{\"@type\":\"BreadcrumbList\",\"@id\":\"https:\\\/\\\/websjop.afuk.frl\\\/nl\\\/winkel\\\/kaarten-gosse-koopmans-water-10-stiks-2\\\/#breadcrumb\",\"itemListElement\":[{\"@type\":\"ListItem\",\"position\":1,\"name\":\"Home\",\"item\":\"https:\\\/\\\/websjop.afuk.frl\\\/nl\\\/\"},{\"@type\":\"ListItem\",\"position\":2,\"name\":\"Winkel\",\"item\":\"https:\\\/\\\/websjop.afuk.frl\\\/nl\\\/winkel\\\/\"},{\"@type\":\"ListItem\",\"position\":3,\"name\":\"Myn gouden boekje oer IT WAAD\"}]},{\"@type\":\"WebSite\",\"@id\":\"https:\\\/\\\/websjop.afuk.frl\\\/nl\\\/#website\",\"url\":\"https:\\\/\\\/websjop.afuk.frl\\\/nl\\\/\",\"name\":\"Af\u00fbk Websjop\",\"description\":\"\",\"potentialAction\":[{\"@type\":\"SearchAction\",\"target\":{\"@type\":\"EntryPoint\",\"urlTemplate\":\"https:\\\/\\\/websjop.afuk.frl\\\/nl\\\/?s={search_term_string}\"},\"query-input\":{\"@type\":\"PropertyValueSpecification\",\"valueRequired\":true,\"valueName\":\"search_term_string\"}}],\"inLanguage\":\"nl-NL\"}]}<\/script>\n<!-- \/ Yoast SEO plugin. -->","yoast_head_json":{"title":"Myn gouden boekje oer IT WAAD &#8211; Af\u00fbk Websjop","robots":{"index":"index","follow":"follow","max-snippet":"max-snippet:-1","max-image-preview":"max-image-preview:large","max-video-preview":"max-video-preview:-1"},"canonical":"https:\/\/websjop.afuk.frl\/nl\/winkel\/kaarten-gosse-koopmans-water-10-stiks-2\/","og_locale":"nl_NL","og_type":"article","og_title":"Myn gouden boekje oer IT WAAD &#8211; Af\u00fbk Websjop","og_description":"It begjint al op \u2019e fearboat: \u00fbnderweis nei de eilannen stapst yn in oare wr\u00e2ld. In wr\u00e2ld fol natuer, kleuren, geuren, l\u00fbden en skiednis. Fan de seef\u00fbgel dy\u2019t in krintepofke \u00fat dyn h\u00e2n pikt oant it wier dat op \u2019e weagen dobberet \u2013 alles is mei-inoar ferb\u00fbn. Myn Gouden Boekje oer it Waad nimt dy [&hellip;]","og_url":"https:\/\/websjop.afuk.frl\/nl\/winkel\/kaarten-gosse-koopmans-water-10-stiks-2\/","og_site_name":"Af\u00fbk Websjop","article_modified_time":"2026-05-08T09:44:14+00:00","og_image":[{"width":660,"height":764,"url":"https:\/\/websjop.afuk.frl\/wp-content\/uploads\/2026\/05\/It-Waad-LR.jpg","type":"image\/jpeg"}],"twitter_card":"summary_large_image","twitter_misc":{"Geschatte leestijd":"1 minuut"},"schema":{"@context":"https:\/\/schema.org","@graph":[{"@type":"WebPage","@id":"https:\/\/websjop.afuk.frl\/nl\/winkel\/kaarten-gosse-koopmans-water-10-stiks-2\/","url":"https:\/\/websjop.afuk.frl\/nl\/winkel\/kaarten-gosse-koopmans-water-10-stiks-2\/","name":"Myn gouden boekje oer IT WAAD &#8211; Af\u00fbk Websjop","isPartOf":{"@id":"https:\/\/websjop.afuk.frl\/nl\/#website"},"primaryImageOfPage":{"@id":"https:\/\/websjop.afuk.frl\/nl\/winkel\/kaarten-gosse-koopmans-water-10-stiks-2\/#primaryimage"},"image":{"@id":"https:\/\/websjop.afuk.frl\/nl\/winkel\/kaarten-gosse-koopmans-water-10-stiks-2\/#primaryimage"},"thumbnailUrl":"https:\/\/websjop.afuk.frl\/wp-content\/uploads\/2026\/05\/It-Waad-LR.jpg","datePublished":"2026-05-08T09:44:13+00:00","dateModified":"2026-05-08T09:44:14+00:00","breadcrumb":{"@id":"https:\/\/websjop.afuk.frl\/nl\/winkel\/kaarten-gosse-koopmans-water-10-stiks-2\/#breadcrumb"},"inLanguage":"nl-NL","potentialAction":[{"@type":"ReadAction","target":["https:\/\/websjop.afuk.frl\/nl\/winkel\/kaarten-gosse-koopmans-water-10-stiks-2\/"]}]},{"@type":"ImageObject","inLanguage":"nl-NL","@id":"https:\/\/websjop.afuk.frl\/nl\/winkel\/kaarten-gosse-koopmans-water-10-stiks-2\/#primaryimage","url":"https:\/\/websjop.afuk.frl\/wp-content\/uploads\/2026\/05\/It-Waad-LR.jpg","contentUrl":"https:\/\/websjop.afuk.frl\/wp-content\/uploads\/2026\/05\/It-Waad-LR.jpg","width":660,"height":764},{"@type":"BreadcrumbList","@id":"https:\/\/websjop.afuk.frl\/nl\/winkel\/kaarten-gosse-koopmans-water-10-stiks-2\/#breadcrumb","itemListElement":[{"@type":"ListItem","position":1,"name":"Home","item":"https:\/\/websjop.afuk.frl\/nl\/"},{"@type":"ListItem","position":2,"name":"Winkel","item":"https:\/\/websjop.afuk.frl\/nl\/winkel\/"},{"@type":"ListItem","position":3,"name":"Myn gouden boekje oer IT WAAD"}]},{"@type":"WebSite","@id":"https:\/\/websjop.afuk.frl\/nl\/#website","url":"https:\/\/websjop.afuk.frl\/nl\/","name":"Af\u00fbk Websjop","description":"","potentialAction":[{"@type":"SearchAction","target":{"@type":"EntryPoint","urlTemplate":"https:\/\/websjop.afuk.frl\/nl\/?s={search_term_string}"},"query-input":{"@type":"PropertyValueSpecification","valueRequired":true,"valueName":"search_term_string"}}],"inLanguage":"nl-NL"}]}},"_links":{"self":[{"href":"https:\/\/websjop.afuk.frl\/nl\/wp-json\/wp\/v2\/product\/53964","targetHints":{"allow":["GET"]}}],"collection":[{"href":"https:\/\/websjop.afuk.frl\/nl\/wp-json\/wp\/v2\/product"}],"about":[{"href":"https:\/\/websjop.afuk.frl\/nl\/wp-json\/wp\/v2\/types\/product"}],"replies":[{"embeddable":true,"href":"https:\/\/websjop.afuk.frl\/nl\/wp-json\/wp\/v2\/comments?post=53964"}],"wp:featuredmedia":[{"embeddable":true,"href":"https:\/\/websjop.afuk.frl\/nl\/wp-json\/wp\/v2\/media\/53965"}],"wp:attachment":[{"href":"https:\/\/websjop.afuk.frl\/nl\/wp-json\/wp\/v2\/media?parent=53964"}],"wp:term":[{"taxonomy":"product_brand","embeddable":true,"href":"https:\/\/websjop.afuk.frl\/nl\/wp-json\/wp\/v2\/product_brand?post=53964"},{"taxonomy":"product_cat","embeddable":true,"href":"https:\/\/websjop.afuk.frl\/nl\/wp-json\/wp\/v2\/product_cat?post=53964"},{"taxonomy":"product_tag","embeddable":true,"href":"https:\/\/websjop.afuk.frl\/nl\/wp-json\/wp\/v2\/product_tag?post=53964"}],"curies":[{"name":"wp","href":"https:\/\/api.w.org\/{rel}","templated":true}]}}