{"id":53665,"date":"2026-04-15T14:22:03","date_gmt":"2026-04-15T12:22:03","guid":{"rendered":"https:\/\/websjop.afuk.frl\/frl\/?post_type=product&#038;p=53665"},"modified":"2026-04-15T14:25:12","modified_gmt":"2026-04-15T12:25:12","slug":"strand-campingtas-fryslan","status":"publish","type":"product","link":"https:\/\/websjop.afuk.frl\/nl\/winkel\/strand-campingtas-fryslan\/","title":{"rendered":"Strand- campingtas Frysl\u00e2n"},"content":{"rendered":"<p>Stevige strand- campingtas met opschrift Frysl\u00e2n, voorzien van rits. Aan de binnenzijde een extra vakje ook met rits. Hoogwaardige kwaliteitstas met binnenvoering. Over het schouder te dragen middels stoere touwhengsels.<\/p>\n<p>Maat: 50 \u00d7 36 cm.<\/p>\n","protected":false},"excerpt":{"rendered":"<p>Stevige strand- campingtas met opschrift Frysl\u00e2n, voorzien van rits. Aan de binnenzijde een extra vakje ook met rits. Hoogwaardige kwaliteitstas met binnenvoering. Over het schouder te dragen middels stoere touwhengsels. Maat: 50 \u00d7 36 cm.<\/p>\n","protected":false},"featured_media":53666,"comment_status":"closed","ping_status":"closed","template":"","meta":{"_acf_changed":false},"product_brand":[],"product_cat":[5217,565,5065,1225,1313],"product_tag":[9699,9756,9488,24820,24819,24818,24817,24816],"class_list":{"0":"post-53665","1":"product","2":"type-product","3":"status-publish","4":"has-post-thumbnail","6":"product_cat-fryske-flagge","7":"product_cat-friese-producten","8":"product_cat-fryske-suvenirs","9":"product_cat-memmedeikadootsjes","10":"product_cat-simmer-yn-fryslan","11":"product_tag-fakansje","12":"product_tag-friese-vlag","13":"product_tag-fryske-flagge","14":"product_tag-op-de-camping","15":"product_tag-op-it-stran","16":"product_tag-schoudertas","17":"product_tag-skoudertas","18":"product_tag-stran-campingtas","19":"product_shipping_class-pakketpost-verzending","20":"pa_isbn-24815","21":"pa_new-label-1-3","22":"pa_uitgever-uitgeverij-van-der-meulen-bv","24":"first","25":"instock","26":"taxable","27":"shipping-taxable","28":"purchasable","29":"product-type-simple"},"acf":[],"yoast_head":"<!-- This site is optimized with the Yoast SEO plugin v27.3 - https:\/\/yoast.com\/product\/yoast-seo-wordpress\/ -->\n<title>Strand- campingtas Frysl\u00e2n &#8211; Af\u00fbk Websjop<\/title>\n<meta name=\"description\" content=\"Stevige strand- campingtas met opschrift Frysl\u00e2n, voorzien van rits. Aan de binnenzijde een extra vakje ook met rits. Hoogwaardige kwaliteitstas.\" \/>\n<meta name=\"robots\" content=\"index, follow, max-snippet:-1, max-image-preview:large, max-video-preview:-1\" \/>\n<link rel=\"canonical\" href=\"https:\/\/websjop.afuk.frl\/nl\/winkel\/strand-campingtas-fryslan\/\" \/>\n<meta property=\"og:locale\" content=\"nl_NL\" \/>\n<meta property=\"og:type\" content=\"article\" \/>\n<meta property=\"og:title\" content=\"Strand- campingtas Frysl\u00e2n &#8211; Af\u00fbk Websjop\" \/>\n<meta property=\"og:description\" content=\"Stevige strand- campingtas met opschrift Frysl\u00e2n, voorzien van rits. Aan de binnenzijde een extra vakje ook met rits. Hoogwaardige kwaliteitstas.\" \/>\n<meta property=\"og:url\" content=\"https:\/\/websjop.afuk.frl\/nl\/winkel\/strand-campingtas-fryslan\/\" \/>\n<meta property=\"og:site_name\" content=\"Af\u00fbk Websjop\" \/>\n<meta property=\"article:modified_time\" content=\"2026-04-15T12:25:12+00:00\" \/>\n<meta property=\"og:image\" content=\"https:\/\/websjop.afuk.frl\/wp-content\/uploads\/2026\/04\/Strantas.jpg\" \/>\n\t<meta property=\"og:image:width\" content=\"459\" \/>\n\t<meta property=\"og:image:height\" content=\"489\" \/>\n\t<meta property=\"og:image:type\" content=\"image\/jpeg\" \/>\n<meta name=\"twitter:card\" content=\"summary_large_image\" \/>\n<meta name=\"twitter:label1\" content=\"Geschatte leestijd\" \/>\n\t<meta name=\"twitter:data1\" content=\"1 minuut\" \/>\n<script type=\"application\/ld+json\" class=\"yoast-schema-graph\">{\"@context\":\"https:\\\/\\\/schema.org\",\"@graph\":[{\"@type\":\"WebPage\",\"@id\":\"https:\\\/\\\/websjop.afuk.frl\\\/nl\\\/winkel\\\/strand-campingtas-fryslan\\\/\",\"url\":\"https:\\\/\\\/websjop.afuk.frl\\\/nl\\\/winkel\\\/strand-campingtas-fryslan\\\/\",\"name\":\"Strand- campingtas Frysl\u00e2n &#8211; Af\u00fbk Websjop\",\"isPartOf\":{\"@id\":\"https:\\\/\\\/websjop.afuk.frl\\\/nl\\\/#website\"},\"primaryImageOfPage\":{\"@id\":\"https:\\\/\\\/websjop.afuk.frl\\\/nl\\\/winkel\\\/strand-campingtas-fryslan\\\/#primaryimage\"},\"image\":{\"@id\":\"https:\\\/\\\/websjop.afuk.frl\\\/nl\\\/winkel\\\/strand-campingtas-fryslan\\\/#primaryimage\"},\"thumbnailUrl\":\"https:\\\/\\\/websjop.afuk.frl\\\/wp-content\\\/uploads\\\/2026\\\/04\\\/Strantas.jpg\",\"datePublished\":\"2026-04-15T12:22:03+00:00\",\"dateModified\":\"2026-04-15T12:25:12+00:00\",\"description\":\"Stevige strand- campingtas met opschrift Frysl\u00e2n, voorzien van rits. Aan de binnenzijde een extra vakje ook met rits. Hoogwaardige kwaliteitstas.\",\"breadcrumb\":{\"@id\":\"https:\\\/\\\/websjop.afuk.frl\\\/nl\\\/winkel\\\/strand-campingtas-fryslan\\\/#breadcrumb\"},\"inLanguage\":\"nl-NL\",\"potentialAction\":[{\"@type\":\"ReadAction\",\"target\":[\"https:\\\/\\\/websjop.afuk.frl\\\/nl\\\/winkel\\\/strand-campingtas-fryslan\\\/\"]}]},{\"@type\":\"ImageObject\",\"inLanguage\":\"nl-NL\",\"@id\":\"https:\\\/\\\/websjop.afuk.frl\\\/nl\\\/winkel\\\/strand-campingtas-fryslan\\\/#primaryimage\",\"url\":\"https:\\\/\\\/websjop.afuk.frl\\\/wp-content\\\/uploads\\\/2026\\\/04\\\/Strantas.jpg\",\"contentUrl\":\"https:\\\/\\\/websjop.afuk.frl\\\/wp-content\\\/uploads\\\/2026\\\/04\\\/Strantas.jpg\",\"width\":459,\"height\":489},{\"@type\":\"BreadcrumbList\",\"@id\":\"https:\\\/\\\/websjop.afuk.frl\\\/nl\\\/winkel\\\/strand-campingtas-fryslan\\\/#breadcrumb\",\"itemListElement\":[{\"@type\":\"ListItem\",\"position\":1,\"name\":\"Home\",\"item\":\"https:\\\/\\\/websjop.afuk.frl\\\/nl\\\/\"},{\"@type\":\"ListItem\",\"position\":2,\"name\":\"Winkel\",\"item\":\"https:\\\/\\\/websjop.afuk.frl\\\/nl\\\/winkel\\\/\"},{\"@type\":\"ListItem\",\"position\":3,\"name\":\"Strand- campingtas Frysl\u00e2n\"}]},{\"@type\":\"WebSite\",\"@id\":\"https:\\\/\\\/websjop.afuk.frl\\\/nl\\\/#website\",\"url\":\"https:\\\/\\\/websjop.afuk.frl\\\/nl\\\/\",\"name\":\"Af\u00fbk Websjop\",\"description\":\"\",\"potentialAction\":[{\"@type\":\"SearchAction\",\"target\":{\"@type\":\"EntryPoint\",\"urlTemplate\":\"https:\\\/\\\/websjop.afuk.frl\\\/nl\\\/?s={search_term_string}\"},\"query-input\":{\"@type\":\"PropertyValueSpecification\",\"valueRequired\":true,\"valueName\":\"search_term_string\"}}],\"inLanguage\":\"nl-NL\"}]}<\/script>\n<!-- \/ Yoast SEO plugin. -->","yoast_head_json":{"title":"Strand- campingtas Frysl\u00e2n &#8211; Af\u00fbk Websjop","description":"Stevige strand- campingtas met opschrift Frysl\u00e2n, voorzien van rits. Aan de binnenzijde een extra vakje ook met rits. Hoogwaardige kwaliteitstas.","robots":{"index":"index","follow":"follow","max-snippet":"max-snippet:-1","max-image-preview":"max-image-preview:large","max-video-preview":"max-video-preview:-1"},"canonical":"https:\/\/websjop.afuk.frl\/nl\/winkel\/strand-campingtas-fryslan\/","og_locale":"nl_NL","og_type":"article","og_title":"Strand- campingtas Frysl\u00e2n &#8211; Af\u00fbk Websjop","og_description":"Stevige strand- campingtas met opschrift Frysl\u00e2n, voorzien van rits. Aan de binnenzijde een extra vakje ook met rits. Hoogwaardige kwaliteitstas.","og_url":"https:\/\/websjop.afuk.frl\/nl\/winkel\/strand-campingtas-fryslan\/","og_site_name":"Af\u00fbk Websjop","article_modified_time":"2026-04-15T12:25:12+00:00","og_image":[{"width":459,"height":489,"url":"https:\/\/websjop.afuk.frl\/wp-content\/uploads\/2026\/04\/Strantas.jpg","type":"image\/jpeg"}],"twitter_card":"summary_large_image","twitter_misc":{"Geschatte leestijd":"1 minuut"},"schema":{"@context":"https:\/\/schema.org","@graph":[{"@type":"WebPage","@id":"https:\/\/websjop.afuk.frl\/nl\/winkel\/strand-campingtas-fryslan\/","url":"https:\/\/websjop.afuk.frl\/nl\/winkel\/strand-campingtas-fryslan\/","name":"Strand- campingtas Frysl\u00e2n &#8211; Af\u00fbk Websjop","isPartOf":{"@id":"https:\/\/websjop.afuk.frl\/nl\/#website"},"primaryImageOfPage":{"@id":"https:\/\/websjop.afuk.frl\/nl\/winkel\/strand-campingtas-fryslan\/#primaryimage"},"image":{"@id":"https:\/\/websjop.afuk.frl\/nl\/winkel\/strand-campingtas-fryslan\/#primaryimage"},"thumbnailUrl":"https:\/\/websjop.afuk.frl\/wp-content\/uploads\/2026\/04\/Strantas.jpg","datePublished":"2026-04-15T12:22:03+00:00","dateModified":"2026-04-15T12:25:12+00:00","description":"Stevige strand- campingtas met opschrift Frysl\u00e2n, voorzien van rits. Aan de binnenzijde een extra vakje ook met rits. Hoogwaardige kwaliteitstas.","breadcrumb":{"@id":"https:\/\/websjop.afuk.frl\/nl\/winkel\/strand-campingtas-fryslan\/#breadcrumb"},"inLanguage":"nl-NL","potentialAction":[{"@type":"ReadAction","target":["https:\/\/websjop.afuk.frl\/nl\/winkel\/strand-campingtas-fryslan\/"]}]},{"@type":"ImageObject","inLanguage":"nl-NL","@id":"https:\/\/websjop.afuk.frl\/nl\/winkel\/strand-campingtas-fryslan\/#primaryimage","url":"https:\/\/websjop.afuk.frl\/wp-content\/uploads\/2026\/04\/Strantas.jpg","contentUrl":"https:\/\/websjop.afuk.frl\/wp-content\/uploads\/2026\/04\/Strantas.jpg","width":459,"height":489},{"@type":"BreadcrumbList","@id":"https:\/\/websjop.afuk.frl\/nl\/winkel\/strand-campingtas-fryslan\/#breadcrumb","itemListElement":[{"@type":"ListItem","position":1,"name":"Home","item":"https:\/\/websjop.afuk.frl\/nl\/"},{"@type":"ListItem","position":2,"name":"Winkel","item":"https:\/\/websjop.afuk.frl\/nl\/winkel\/"},{"@type":"ListItem","position":3,"name":"Strand- campingtas Frysl\u00e2n"}]},{"@type":"WebSite","@id":"https:\/\/websjop.afuk.frl\/nl\/#website","url":"https:\/\/websjop.afuk.frl\/nl\/","name":"Af\u00fbk Websjop","description":"","potentialAction":[{"@type":"SearchAction","target":{"@type":"EntryPoint","urlTemplate":"https:\/\/websjop.afuk.frl\/nl\/?s={search_term_string}"},"query-input":{"@type":"PropertyValueSpecification","valueRequired":true,"valueName":"search_term_string"}}],"inLanguage":"nl-NL"}]}},"_links":{"self":[{"href":"https:\/\/websjop.afuk.frl\/nl\/wp-json\/wp\/v2\/product\/53665","targetHints":{"allow":["GET"]}}],"collection":[{"href":"https:\/\/websjop.afuk.frl\/nl\/wp-json\/wp\/v2\/product"}],"about":[{"href":"https:\/\/websjop.afuk.frl\/nl\/wp-json\/wp\/v2\/types\/product"}],"replies":[{"embeddable":true,"href":"https:\/\/websjop.afuk.frl\/nl\/wp-json\/wp\/v2\/comments?post=53665"}],"wp:featuredmedia":[{"embeddable":true,"href":"https:\/\/websjop.afuk.frl\/nl\/wp-json\/wp\/v2\/media\/53666"}],"wp:attachment":[{"href":"https:\/\/websjop.afuk.frl\/nl\/wp-json\/wp\/v2\/media?parent=53665"}],"wp:term":[{"taxonomy":"product_brand","embeddable":true,"href":"https:\/\/websjop.afuk.frl\/nl\/wp-json\/wp\/v2\/product_brand?post=53665"},{"taxonomy":"product_cat","embeddable":true,"href":"https:\/\/websjop.afuk.frl\/nl\/wp-json\/wp\/v2\/product_cat?post=53665"},{"taxonomy":"product_tag","embeddable":true,"href":"https:\/\/websjop.afuk.frl\/nl\/wp-json\/wp\/v2\/product_tag?post=53665"}],"curies":[{"name":"wp","href":"https:\/\/api.w.org\/{rel}","templated":true}]}}