{"id":53656,"date":"2026-04-15T13:06:33","date_gmt":"2026-04-15T11:06:33","guid":{"rendered":"https:\/\/websjop.afuk.frl\/frl\/?post_type=product&#038;p=53656"},"modified":"2026-04-15T13:06:33","modified_gmt":"2026-04-15T11:06:33","slug":"it-heksershol","status":"publish","type":"product","link":"https:\/\/websjop.afuk.frl\/nl\/winkel\/it-heksershol\/","title":{"rendered":"It Heksershol"},"content":{"rendered":"<p><em>It Heksershol<\/em>, een novelle van Joast Hiddes Halbertsma (1789-1869), is een van de hoogtepunten uit de Friese literatuur van de 19e eeuw. Het verhaal beschrijft de op- en ondergang van Gosse Knop, een deugniet die een contract sluit met de duivel. Naar de inhoud sluit het boek aan bij de romantische traditie (bijgeloof, toverkunsten, duivels en heksen), maar de stijl van vertellen is &#8216;modern&#8217;: zakelijk, spottend en meedogenloos. Halbertsma zijn proza is kernachtig en sober, soms enigszins obsceen. En vooral lachen om het onbehoorlijke of lugubere.<\/p>\n<p><em>&#8216;Hja tilden de deakiste op in strontwein en setten de h\u00fasketonne fan master, dy\u2019t lege wurde moast, derneist en sa rieden se mei baarnende lantearnen nei it gr\u00eaf ta. D\u00ear kommende lieten se de kiste \u00fbndersteboppen yn it gr\u00eaf tommelje, sadat muoike Wypk mei de noas nei \u00fbnderen en it gat yn \u2019e hichte tel\u00e2ne kaam.&#8217;<\/em><\/p>\n<p>Het verhaal is geredigeerd en toegankelijk gemaakt voor een breed publiek door schrijver Sjoerd Bottema.<\/p>\n","protected":false},"excerpt":{"rendered":"<p>It Heksershol, een novelle van Joast Hiddes Halbertsma (1789-1869), is een van de hoogtepunten uit de Friese literatuur van de 19e eeuw. Het verhaal beschrijft de op- en ondergang van Gosse Knop, een deugniet die een contract sluit met de duivel. Naar de inhoud sluit het boek aan bij de romantische traditie (bijgeloof, toverkunsten, duivels [&hellip;]<\/p>\n","protected":false},"featured_media":53657,"comment_status":"closed","ping_status":"closed","template":"","meta":{"_acf_changed":false},"product_brand":[],"product_cat":[1191,1040,535,1227,1215],"product_tag":[24805,24804,5796,23664,5326,24807,24806],"class_list":{"0":"post-53656","1":"product","2":"type-product","3":"status-publish","4":"has-post-thumbnail","6":"product_cat-22-joast-hiddes-halbertsma","7":"product_cat-ferhalebondels","8":"product_cat-fryske-boeken","9":"product_cat-heitedeikadootsjes","10":"product_cat-romans-en-literatuer","11":"product_tag-duvelsk","12":"product_tag-gosse-knop","13":"product_tag-it-heksershol","14":"product_tag-joast-hiddes-halbertsma","15":"product_tag-novelle","16":"product_tag-skarlun","17":"product_tag-skelmstikken","18":"product_shipping_class-brievenbus-verzending","19":"pa_auteur-joast-hiddes-halbertsma","20":"pa_isbn-24803","21":"pa_new-label-1-3","22":"pa_taal-frysk","23":"pa_uitgever-elikser","25":"first","26":"instock","27":"taxable","28":"shipping-taxable","29":"purchasable","30":"product-type-simple"},"acf":[],"yoast_head":"<!-- This site is optimized with the Yoast SEO plugin v27.3 - https:\/\/yoast.com\/product\/yoast-seo-wordpress\/ -->\n<title>It Heksershol &#8211; Af\u00fbk Websjop<\/title>\n<meta name=\"description\" content=\"It Heksershol van Joast Hiddes Halbertsma (1789-1869) is een van de hoogtepunten uit de Friese literatuur van de 19e eeuw, over de avonturen van Gosse Knop.\" \/>\n<meta name=\"robots\" content=\"index, follow, max-snippet:-1, max-image-preview:large, max-video-preview:-1\" \/>\n<link rel=\"canonical\" href=\"https:\/\/websjop.afuk.frl\/nl\/winkel\/it-heksershol\/\" \/>\n<meta property=\"og:locale\" content=\"nl_NL\" \/>\n<meta property=\"og:type\" content=\"article\" \/>\n<meta property=\"og:title\" content=\"It Heksershol &#8211; Af\u00fbk Websjop\" \/>\n<meta property=\"og:description\" content=\"It Heksershol van Joast Hiddes Halbertsma (1789-1869) is een van de hoogtepunten uit de Friese literatuur van de 19e eeuw, over de avonturen van Gosse Knop.\" \/>\n<meta property=\"og:url\" content=\"https:\/\/websjop.afuk.frl\/nl\/winkel\/it-heksershol\/\" \/>\n<meta property=\"og:site_name\" content=\"Af\u00fbk Websjop\" \/>\n<meta property=\"og:image\" content=\"https:\/\/websjop.afuk.frl\/wp-content\/uploads\/2026\/04\/It-heksershol.jpg\" \/>\n\t<meta property=\"og:image:width\" content=\"532\" \/>\n\t<meta property=\"og:image:height\" content=\"788\" \/>\n\t<meta property=\"og:image:type\" content=\"image\/jpeg\" \/>\n<meta name=\"twitter:card\" content=\"summary_large_image\" \/>\n<meta name=\"twitter:label1\" content=\"Geschatte leestijd\" \/>\n\t<meta name=\"twitter:data1\" content=\"2 minuten\" \/>\n<script type=\"application\/ld+json\" class=\"yoast-schema-graph\">{\"@context\":\"https:\\\/\\\/schema.org\",\"@graph\":[{\"@type\":\"WebPage\",\"@id\":\"https:\\\/\\\/websjop.afuk.frl\\\/nl\\\/winkel\\\/it-heksershol\\\/\",\"url\":\"https:\\\/\\\/websjop.afuk.frl\\\/nl\\\/winkel\\\/it-heksershol\\\/\",\"name\":\"It Heksershol &#8211; Af\u00fbk Websjop\",\"isPartOf\":{\"@id\":\"https:\\\/\\\/websjop.afuk.frl\\\/nl\\\/#website\"},\"primaryImageOfPage\":{\"@id\":\"https:\\\/\\\/websjop.afuk.frl\\\/nl\\\/winkel\\\/it-heksershol\\\/#primaryimage\"},\"image\":{\"@id\":\"https:\\\/\\\/websjop.afuk.frl\\\/nl\\\/winkel\\\/it-heksershol\\\/#primaryimage\"},\"thumbnailUrl\":\"https:\\\/\\\/websjop.afuk.frl\\\/wp-content\\\/uploads\\\/2026\\\/04\\\/It-heksershol.jpg\",\"datePublished\":\"2026-04-15T11:06:33+00:00\",\"description\":\"It Heksershol van Joast Hiddes Halbertsma (1789-1869) is een van de hoogtepunten uit de Friese literatuur van de 19e eeuw, over de avonturen van Gosse Knop.\",\"breadcrumb\":{\"@id\":\"https:\\\/\\\/websjop.afuk.frl\\\/nl\\\/winkel\\\/it-heksershol\\\/#breadcrumb\"},\"inLanguage\":\"nl-NL\",\"potentialAction\":[{\"@type\":\"ReadAction\",\"target\":[\"https:\\\/\\\/websjop.afuk.frl\\\/nl\\\/winkel\\\/it-heksershol\\\/\"]}]},{\"@type\":\"ImageObject\",\"inLanguage\":\"nl-NL\",\"@id\":\"https:\\\/\\\/websjop.afuk.frl\\\/nl\\\/winkel\\\/it-heksershol\\\/#primaryimage\",\"url\":\"https:\\\/\\\/websjop.afuk.frl\\\/wp-content\\\/uploads\\\/2026\\\/04\\\/It-heksershol.jpg\",\"contentUrl\":\"https:\\\/\\\/websjop.afuk.frl\\\/wp-content\\\/uploads\\\/2026\\\/04\\\/It-heksershol.jpg\",\"width\":532,\"height\":788},{\"@type\":\"BreadcrumbList\",\"@id\":\"https:\\\/\\\/websjop.afuk.frl\\\/nl\\\/winkel\\\/it-heksershol\\\/#breadcrumb\",\"itemListElement\":[{\"@type\":\"ListItem\",\"position\":1,\"name\":\"Home\",\"item\":\"https:\\\/\\\/websjop.afuk.frl\\\/nl\\\/\"},{\"@type\":\"ListItem\",\"position\":2,\"name\":\"Winkel\",\"item\":\"https:\\\/\\\/websjop.afuk.frl\\\/nl\\\/winkel\\\/\"},{\"@type\":\"ListItem\",\"position\":3,\"name\":\"It Heksershol\"}]},{\"@type\":\"WebSite\",\"@id\":\"https:\\\/\\\/websjop.afuk.frl\\\/nl\\\/#website\",\"url\":\"https:\\\/\\\/websjop.afuk.frl\\\/nl\\\/\",\"name\":\"Af\u00fbk Websjop\",\"description\":\"\",\"potentialAction\":[{\"@type\":\"SearchAction\",\"target\":{\"@type\":\"EntryPoint\",\"urlTemplate\":\"https:\\\/\\\/websjop.afuk.frl\\\/nl\\\/?s={search_term_string}\"},\"query-input\":{\"@type\":\"PropertyValueSpecification\",\"valueRequired\":true,\"valueName\":\"search_term_string\"}}],\"inLanguage\":\"nl-NL\"}]}<\/script>\n<!-- \/ Yoast SEO plugin. -->","yoast_head_json":{"title":"It Heksershol &#8211; Af\u00fbk Websjop","description":"It Heksershol van Joast Hiddes Halbertsma (1789-1869) is een van de hoogtepunten uit de Friese literatuur van de 19e eeuw, over de avonturen van Gosse Knop.","robots":{"index":"index","follow":"follow","max-snippet":"max-snippet:-1","max-image-preview":"max-image-preview:large","max-video-preview":"max-video-preview:-1"},"canonical":"https:\/\/websjop.afuk.frl\/nl\/winkel\/it-heksershol\/","og_locale":"nl_NL","og_type":"article","og_title":"It Heksershol &#8211; Af\u00fbk Websjop","og_description":"It Heksershol van Joast Hiddes Halbertsma (1789-1869) is een van de hoogtepunten uit de Friese literatuur van de 19e eeuw, over de avonturen van Gosse Knop.","og_url":"https:\/\/websjop.afuk.frl\/nl\/winkel\/it-heksershol\/","og_site_name":"Af\u00fbk Websjop","og_image":[{"width":532,"height":788,"url":"https:\/\/websjop.afuk.frl\/wp-content\/uploads\/2026\/04\/It-heksershol.jpg","type":"image\/jpeg"}],"twitter_card":"summary_large_image","twitter_misc":{"Geschatte leestijd":"2 minuten"},"schema":{"@context":"https:\/\/schema.org","@graph":[{"@type":"WebPage","@id":"https:\/\/websjop.afuk.frl\/nl\/winkel\/it-heksershol\/","url":"https:\/\/websjop.afuk.frl\/nl\/winkel\/it-heksershol\/","name":"It Heksershol &#8211; Af\u00fbk Websjop","isPartOf":{"@id":"https:\/\/websjop.afuk.frl\/nl\/#website"},"primaryImageOfPage":{"@id":"https:\/\/websjop.afuk.frl\/nl\/winkel\/it-heksershol\/#primaryimage"},"image":{"@id":"https:\/\/websjop.afuk.frl\/nl\/winkel\/it-heksershol\/#primaryimage"},"thumbnailUrl":"https:\/\/websjop.afuk.frl\/wp-content\/uploads\/2026\/04\/It-heksershol.jpg","datePublished":"2026-04-15T11:06:33+00:00","description":"It Heksershol van Joast Hiddes Halbertsma (1789-1869) is een van de hoogtepunten uit de Friese literatuur van de 19e eeuw, over de avonturen van Gosse Knop.","breadcrumb":{"@id":"https:\/\/websjop.afuk.frl\/nl\/winkel\/it-heksershol\/#breadcrumb"},"inLanguage":"nl-NL","potentialAction":[{"@type":"ReadAction","target":["https:\/\/websjop.afuk.frl\/nl\/winkel\/it-heksershol\/"]}]},{"@type":"ImageObject","inLanguage":"nl-NL","@id":"https:\/\/websjop.afuk.frl\/nl\/winkel\/it-heksershol\/#primaryimage","url":"https:\/\/websjop.afuk.frl\/wp-content\/uploads\/2026\/04\/It-heksershol.jpg","contentUrl":"https:\/\/websjop.afuk.frl\/wp-content\/uploads\/2026\/04\/It-heksershol.jpg","width":532,"height":788},{"@type":"BreadcrumbList","@id":"https:\/\/websjop.afuk.frl\/nl\/winkel\/it-heksershol\/#breadcrumb","itemListElement":[{"@type":"ListItem","position":1,"name":"Home","item":"https:\/\/websjop.afuk.frl\/nl\/"},{"@type":"ListItem","position":2,"name":"Winkel","item":"https:\/\/websjop.afuk.frl\/nl\/winkel\/"},{"@type":"ListItem","position":3,"name":"It Heksershol"}]},{"@type":"WebSite","@id":"https:\/\/websjop.afuk.frl\/nl\/#website","url":"https:\/\/websjop.afuk.frl\/nl\/","name":"Af\u00fbk Websjop","description":"","potentialAction":[{"@type":"SearchAction","target":{"@type":"EntryPoint","urlTemplate":"https:\/\/websjop.afuk.frl\/nl\/?s={search_term_string}"},"query-input":{"@type":"PropertyValueSpecification","valueRequired":true,"valueName":"search_term_string"}}],"inLanguage":"nl-NL"}]}},"_links":{"self":[{"href":"https:\/\/websjop.afuk.frl\/nl\/wp-json\/wp\/v2\/product\/53656","targetHints":{"allow":["GET"]}}],"collection":[{"href":"https:\/\/websjop.afuk.frl\/nl\/wp-json\/wp\/v2\/product"}],"about":[{"href":"https:\/\/websjop.afuk.frl\/nl\/wp-json\/wp\/v2\/types\/product"}],"replies":[{"embeddable":true,"href":"https:\/\/websjop.afuk.frl\/nl\/wp-json\/wp\/v2\/comments?post=53656"}],"wp:featuredmedia":[{"embeddable":true,"href":"https:\/\/websjop.afuk.frl\/nl\/wp-json\/wp\/v2\/media\/53657"}],"wp:attachment":[{"href":"https:\/\/websjop.afuk.frl\/nl\/wp-json\/wp\/v2\/media?parent=53656"}],"wp:term":[{"taxonomy":"product_brand","embeddable":true,"href":"https:\/\/websjop.afuk.frl\/nl\/wp-json\/wp\/v2\/product_brand?post=53656"},{"taxonomy":"product_cat","embeddable":true,"href":"https:\/\/websjop.afuk.frl\/nl\/wp-json\/wp\/v2\/product_cat?post=53656"},{"taxonomy":"product_tag","embeddable":true,"href":"https:\/\/websjop.afuk.frl\/nl\/wp-json\/wp\/v2\/product_tag?post=53656"}],"curies":[{"name":"wp","href":"https:\/\/api.w.org\/{rel}","templated":true}]}}