{"id":53106,"date":"2026-03-16T11:04:56","date_gmt":"2026-03-16T10:04:56","guid":{"rendered":"https:\/\/websjop.afuk.frl\/frl\/?post_type=product&#038;p=53106"},"modified":"2026-04-01T09:32:56","modified_gmt":"2026-04-01T07:32:56","slug":"ein-bratkartoffelverhaltnis-liefde-in-oorlogstijd-ferskynt-21-maart-2026","status":"publish","type":"product","link":"https:\/\/websjop.afuk.frl\/nl\/winkel\/ein-bratkartoffelverhaltnis-liefde-in-oorlogstijd-ferskynt-21-maart-2026\/","title":{"rendered":"Ein Bratkartoffelverh\u00e4ltnis &#8211; Liefde in oorlogstijd"},"content":{"rendered":"<p>Aan de basis van deze novelle liggen de herinneringen van de ouders van de schrijver. Zij kregen verkering in Duitsland, in de oorlog, terwijl het Ruhrgebied heftig werd gebombardeerd. In de jaren dat Willem Verf opgroeide, wilden de mensen vooral de oorlogstijd achter zich laten. De schrijver heeft van de fragmenten die hem als kind wel werden overgeleverd een boeiend, aandoenlijk en realistisch verhaal gemaakt.<\/p>\n<p>Eerder is deze novelle in het Fries verschenen:\u00a0<a href=\"https:\/\/websjop.afuk.frl\/frl\/winkel\/leafde-yn-oarlochstiid\/\">https:\/\/websjop.afuk.frl\/frl\/winkel\/leafde-yn-oarlochstiid\/<\/a><\/p>\n<p>Lomme Schokker over het boek:<\/p>\n<p><em>&#8220;Er zijn ontzettend veel boeken geschreven over de holocaust en de concentratiekampen, over het verzet, over wie goed waren en over wie fout waren.\u00a0Willem Verf is er in geslaagd hier iets bijzonders aan toe te voegen. Hij heeft een boek geschreven over een Friese jongen en een Duits meisje die tijdens de oorlog in het Duitse Ruhrgebied verliefd op elkaar worden.&#8221;<\/em><\/p>\n<p><em>&#8220;Persoonlijk, zonder sentimenteel te zijn, maar wel aangrijpend. Ontroerend zelfs. Geschreven vanuit een sterk rechtvaardigheidsgevoel. Het is een gepast en aandoenlijk eerbetoon aan een vorige generatie. Zoals we ook van eerder werk van Willem Verf kennen, geeft ook dit boek een boeiend en intiem inkijkje in menselijke waardigheid onder buitengewoon moeilijke omstandigheden.&#8221;<\/em><\/p>\n","protected":false},"excerpt":{"rendered":"<p>Aan de basis van deze novelle liggen de herinneringen van de ouders van de schrijver. Zij kregen verkering in Duitsland, in de oorlog, terwijl het Ruhrgebied heftig werd gebombardeerd. In de jaren dat Willem Verf opgroeide, wilden de mensen vooral de oorlogstijd achter zich laten. De schrijver heeft van de fragmenten die hem als kind [&hellip;]<\/p>\n","protected":false},"featured_media":53107,"comment_status":"closed","ping_status":"closed","template":"","meta":{"_acf_changed":false},"product_brand":[],"product_cat":[11596,535,537,1215,539,1163],"product_tag":[24725,22622,24726,5326,8901,13303],"class_list":{"0":"post-53106","1":"product","2":"type-product","3":"status-publish","4":"has-post-thumbnail","6":"product_cat-afuk-boeketip-10","7":"product_cat-fryske-boeken","8":"product_cat-romans","9":"product_cat-romans-en-literatuer","10":"product_cat-skiednis","11":"product_cat-wo2","12":"product_tag-ein-bratkartoffelverhaltnis","13":"product_tag-herinneringen","14":"product_tag-liefde-in-oorlogstijd","15":"product_tag-novelle","16":"product_tag-willem-verf","17":"product_tag-woii","18":"product_shipping_class-brievenbus-verzending","19":"pa_auteur-willem-verf-2","20":"pa_isbn-24724","21":"pa_new-label-1-3","22":"pa_taal-nederlands","23":"pa_uitgever-afuk","25":"first","26":"instock","27":"taxable","28":"shipping-taxable","29":"purchasable","30":"product-type-simple"},"acf":[],"yoast_head":"<!-- This site is optimized with the Yoast SEO plugin v27.2 - https:\/\/yoast.com\/product\/yoast-seo-wordpress\/ -->\n<title>Ein Bratkartoffelverh\u00e4ltnis - Liefde in oorlogstijd &#8211; Af\u00fbk Websjop<\/title>\n<meta name=\"description\" content=\"Aan de basis van Ein Bratkartoffelverh\u00e4ltnis liggen de herinneringen van de ouders van de schrijver. Zij kregen verkering in Duitsland, in de oorlog.\" \/>\n<meta name=\"robots\" content=\"index, follow, max-snippet:-1, max-image-preview:large, max-video-preview:-1\" \/>\n<link rel=\"canonical\" href=\"https:\/\/websjop.afuk.frl\/nl\/winkel\/ein-bratkartoffelverhaltnis-liefde-in-oorlogstijd-ferskynt-21-maart-2026\/\" \/>\n<meta property=\"og:locale\" content=\"nl_NL\" \/>\n<meta property=\"og:type\" content=\"article\" \/>\n<meta property=\"og:title\" content=\"Ein Bratkartoffelverh\u00e4ltnis - Liefde in oorlogstijd &#8211; Af\u00fbk Websjop\" \/>\n<meta property=\"og:description\" content=\"Aan de basis van Ein Bratkartoffelverh\u00e4ltnis liggen de herinneringen van de ouders van de schrijver. Zij kregen verkering in Duitsland, in de oorlog.\" \/>\n<meta property=\"og:url\" content=\"https:\/\/websjop.afuk.frl\/nl\/winkel\/ein-bratkartoffelverhaltnis-liefde-in-oorlogstijd-ferskynt-21-maart-2026\/\" \/>\n<meta property=\"og:site_name\" content=\"Af\u00fbk Websjop\" \/>\n<meta property=\"article:modified_time\" content=\"2026-04-01T07:32:56+00:00\" \/>\n<meta property=\"og:image\" content=\"https:\/\/websjop.afuk.frl\/wp-content\/uploads\/2026\/03\/Ein-Bratkartoffelverhaltnis-LR.jpg\" \/>\n\t<meta property=\"og:image:width\" content=\"532\" \/>\n\t<meta property=\"og:image:height\" content=\"773\" \/>\n\t<meta property=\"og:image:type\" content=\"image\/jpeg\" \/>\n<meta name=\"twitter:card\" content=\"summary_large_image\" \/>\n<meta name=\"twitter:label1\" content=\"Geschatte leestijd\" \/>\n\t<meta name=\"twitter:data1\" content=\"2 minuten\" \/>\n<script type=\"application\/ld+json\" class=\"yoast-schema-graph\">{\"@context\":\"https:\/\/schema.org\",\"@graph\":[{\"@type\":\"WebPage\",\"@id\":\"https:\/\/websjop.afuk.frl\/nl\/winkel\/ein-bratkartoffelverhaltnis-liefde-in-oorlogstijd-ferskynt-21-maart-2026\/\",\"url\":\"https:\/\/websjop.afuk.frl\/nl\/winkel\/ein-bratkartoffelverhaltnis-liefde-in-oorlogstijd-ferskynt-21-maart-2026\/\",\"name\":\"Ein Bratkartoffelverh\u00e4ltnis - Liefde in oorlogstijd &#8211; Af\u00fbk Websjop\",\"isPartOf\":{\"@id\":\"https:\/\/websjop.afuk.frl\/nl\/#website\"},\"primaryImageOfPage\":{\"@id\":\"https:\/\/websjop.afuk.frl\/nl\/winkel\/ein-bratkartoffelverhaltnis-liefde-in-oorlogstijd-ferskynt-21-maart-2026\/#primaryimage\"},\"image\":{\"@id\":\"https:\/\/websjop.afuk.frl\/nl\/winkel\/ein-bratkartoffelverhaltnis-liefde-in-oorlogstijd-ferskynt-21-maart-2026\/#primaryimage\"},\"thumbnailUrl\":\"https:\/\/websjop.afuk.frl\/wp-content\/uploads\/2026\/03\/Ein-Bratkartoffelverhaltnis-LR.jpg\",\"datePublished\":\"2026-03-16T10:04:56+00:00\",\"dateModified\":\"2026-04-01T07:32:56+00:00\",\"description\":\"Aan de basis van Ein Bratkartoffelverh\u00e4ltnis liggen de herinneringen van de ouders van de schrijver. Zij kregen verkering in Duitsland, in de oorlog.\",\"breadcrumb\":{\"@id\":\"https:\/\/websjop.afuk.frl\/nl\/winkel\/ein-bratkartoffelverhaltnis-liefde-in-oorlogstijd-ferskynt-21-maart-2026\/#breadcrumb\"},\"inLanguage\":\"nl-NL\",\"potentialAction\":[{\"@type\":\"ReadAction\",\"target\":[\"https:\/\/websjop.afuk.frl\/nl\/winkel\/ein-bratkartoffelverhaltnis-liefde-in-oorlogstijd-ferskynt-21-maart-2026\/\"]}]},{\"@type\":\"ImageObject\",\"inLanguage\":\"nl-NL\",\"@id\":\"https:\/\/websjop.afuk.frl\/nl\/winkel\/ein-bratkartoffelverhaltnis-liefde-in-oorlogstijd-ferskynt-21-maart-2026\/#primaryimage\",\"url\":\"https:\/\/websjop.afuk.frl\/wp-content\/uploads\/2026\/03\/Ein-Bratkartoffelverhaltnis-LR.jpg\",\"contentUrl\":\"https:\/\/websjop.afuk.frl\/wp-content\/uploads\/2026\/03\/Ein-Bratkartoffelverhaltnis-LR.jpg\",\"width\":532,\"height\":773},{\"@type\":\"BreadcrumbList\",\"@id\":\"https:\/\/websjop.afuk.frl\/nl\/winkel\/ein-bratkartoffelverhaltnis-liefde-in-oorlogstijd-ferskynt-21-maart-2026\/#breadcrumb\",\"itemListElement\":[{\"@type\":\"ListItem\",\"position\":1,\"name\":\"Home\",\"item\":\"https:\/\/websjop.afuk.frl\/nl\/\"},{\"@type\":\"ListItem\",\"position\":2,\"name\":\"Winkel\",\"item\":\"https:\/\/websjop.afuk.frl\/nl\/winkel\/\"},{\"@type\":\"ListItem\",\"position\":3,\"name\":\"Ein Bratkartoffelverh\u00e4ltnis &#8211; Liefde in oorlogstijd\"}]},{\"@type\":\"WebSite\",\"@id\":\"https:\/\/websjop.afuk.frl\/nl\/#website\",\"url\":\"https:\/\/websjop.afuk.frl\/nl\/\",\"name\":\"Af\u00fbk Websjop\",\"description\":\"\",\"potentialAction\":[{\"@type\":\"SearchAction\",\"target\":{\"@type\":\"EntryPoint\",\"urlTemplate\":\"https:\/\/websjop.afuk.frl\/nl\/?s={search_term_string}\"},\"query-input\":{\"@type\":\"PropertyValueSpecification\",\"valueRequired\":true,\"valueName\":\"search_term_string\"}}],\"inLanguage\":\"nl-NL\"}]}<\/script>\n<!-- \/ Yoast SEO plugin. -->","yoast_head_json":{"title":"Ein Bratkartoffelverh\u00e4ltnis - Liefde in oorlogstijd &#8211; Af\u00fbk Websjop","description":"Aan de basis van Ein Bratkartoffelverh\u00e4ltnis liggen de herinneringen van de ouders van de schrijver. Zij kregen verkering in Duitsland, in de oorlog.","robots":{"index":"index","follow":"follow","max-snippet":"max-snippet:-1","max-image-preview":"max-image-preview:large","max-video-preview":"max-video-preview:-1"},"canonical":"https:\/\/websjop.afuk.frl\/nl\/winkel\/ein-bratkartoffelverhaltnis-liefde-in-oorlogstijd-ferskynt-21-maart-2026\/","og_locale":"nl_NL","og_type":"article","og_title":"Ein Bratkartoffelverh\u00e4ltnis - Liefde in oorlogstijd &#8211; Af\u00fbk Websjop","og_description":"Aan de basis van Ein Bratkartoffelverh\u00e4ltnis liggen de herinneringen van de ouders van de schrijver. Zij kregen verkering in Duitsland, in de oorlog.","og_url":"https:\/\/websjop.afuk.frl\/nl\/winkel\/ein-bratkartoffelverhaltnis-liefde-in-oorlogstijd-ferskynt-21-maart-2026\/","og_site_name":"Af\u00fbk Websjop","article_modified_time":"2026-04-01T07:32:56+00:00","og_image":[{"width":532,"height":773,"url":"https:\/\/websjop.afuk.frl\/wp-content\/uploads\/2026\/03\/Ein-Bratkartoffelverhaltnis-LR.jpg","type":"image\/jpeg"}],"twitter_card":"summary_large_image","twitter_misc":{"Geschatte leestijd":"2 minuten"},"schema":{"@context":"https:\/\/schema.org","@graph":[{"@type":"WebPage","@id":"https:\/\/websjop.afuk.frl\/nl\/winkel\/ein-bratkartoffelverhaltnis-liefde-in-oorlogstijd-ferskynt-21-maart-2026\/","url":"https:\/\/websjop.afuk.frl\/nl\/winkel\/ein-bratkartoffelverhaltnis-liefde-in-oorlogstijd-ferskynt-21-maart-2026\/","name":"Ein Bratkartoffelverh\u00e4ltnis - Liefde in oorlogstijd &#8211; Af\u00fbk Websjop","isPartOf":{"@id":"https:\/\/websjop.afuk.frl\/nl\/#website"},"primaryImageOfPage":{"@id":"https:\/\/websjop.afuk.frl\/nl\/winkel\/ein-bratkartoffelverhaltnis-liefde-in-oorlogstijd-ferskynt-21-maart-2026\/#primaryimage"},"image":{"@id":"https:\/\/websjop.afuk.frl\/nl\/winkel\/ein-bratkartoffelverhaltnis-liefde-in-oorlogstijd-ferskynt-21-maart-2026\/#primaryimage"},"thumbnailUrl":"https:\/\/websjop.afuk.frl\/wp-content\/uploads\/2026\/03\/Ein-Bratkartoffelverhaltnis-LR.jpg","datePublished":"2026-03-16T10:04:56+00:00","dateModified":"2026-04-01T07:32:56+00:00","description":"Aan de basis van Ein Bratkartoffelverh\u00e4ltnis liggen de herinneringen van de ouders van de schrijver. Zij kregen verkering in Duitsland, in de oorlog.","breadcrumb":{"@id":"https:\/\/websjop.afuk.frl\/nl\/winkel\/ein-bratkartoffelverhaltnis-liefde-in-oorlogstijd-ferskynt-21-maart-2026\/#breadcrumb"},"inLanguage":"nl-NL","potentialAction":[{"@type":"ReadAction","target":["https:\/\/websjop.afuk.frl\/nl\/winkel\/ein-bratkartoffelverhaltnis-liefde-in-oorlogstijd-ferskynt-21-maart-2026\/"]}]},{"@type":"ImageObject","inLanguage":"nl-NL","@id":"https:\/\/websjop.afuk.frl\/nl\/winkel\/ein-bratkartoffelverhaltnis-liefde-in-oorlogstijd-ferskynt-21-maart-2026\/#primaryimage","url":"https:\/\/websjop.afuk.frl\/wp-content\/uploads\/2026\/03\/Ein-Bratkartoffelverhaltnis-LR.jpg","contentUrl":"https:\/\/websjop.afuk.frl\/wp-content\/uploads\/2026\/03\/Ein-Bratkartoffelverhaltnis-LR.jpg","width":532,"height":773},{"@type":"BreadcrumbList","@id":"https:\/\/websjop.afuk.frl\/nl\/winkel\/ein-bratkartoffelverhaltnis-liefde-in-oorlogstijd-ferskynt-21-maart-2026\/#breadcrumb","itemListElement":[{"@type":"ListItem","position":1,"name":"Home","item":"https:\/\/websjop.afuk.frl\/nl\/"},{"@type":"ListItem","position":2,"name":"Winkel","item":"https:\/\/websjop.afuk.frl\/nl\/winkel\/"},{"@type":"ListItem","position":3,"name":"Ein Bratkartoffelverh\u00e4ltnis &#8211; Liefde in oorlogstijd"}]},{"@type":"WebSite","@id":"https:\/\/websjop.afuk.frl\/nl\/#website","url":"https:\/\/websjop.afuk.frl\/nl\/","name":"Af\u00fbk Websjop","description":"","potentialAction":[{"@type":"SearchAction","target":{"@type":"EntryPoint","urlTemplate":"https:\/\/websjop.afuk.frl\/nl\/?s={search_term_string}"},"query-input":{"@type":"PropertyValueSpecification","valueRequired":true,"valueName":"search_term_string"}}],"inLanguage":"nl-NL"}]}},"_links":{"self":[{"href":"https:\/\/websjop.afuk.frl\/nl\/wp-json\/wp\/v2\/product\/53106","targetHints":{"allow":["GET"]}}],"collection":[{"href":"https:\/\/websjop.afuk.frl\/nl\/wp-json\/wp\/v2\/product"}],"about":[{"href":"https:\/\/websjop.afuk.frl\/nl\/wp-json\/wp\/v2\/types\/product"}],"replies":[{"embeddable":true,"href":"https:\/\/websjop.afuk.frl\/nl\/wp-json\/wp\/v2\/comments?post=53106"}],"wp:featuredmedia":[{"embeddable":true,"href":"https:\/\/websjop.afuk.frl\/nl\/wp-json\/wp\/v2\/media\/53107"}],"wp:attachment":[{"href":"https:\/\/websjop.afuk.frl\/nl\/wp-json\/wp\/v2\/media?parent=53106"}],"wp:term":[{"taxonomy":"product_brand","embeddable":true,"href":"https:\/\/websjop.afuk.frl\/nl\/wp-json\/wp\/v2\/product_brand?post=53106"},{"taxonomy":"product_cat","embeddable":true,"href":"https:\/\/websjop.afuk.frl\/nl\/wp-json\/wp\/v2\/product_cat?post=53106"},{"taxonomy":"product_tag","embeddable":true,"href":"https:\/\/websjop.afuk.frl\/nl\/wp-json\/wp\/v2\/product_tag?post=53106"}],"curies":[{"name":"wp","href":"https:\/\/api.w.org\/{rel}","templated":true}]}}