{"id":52999,"date":"2026-03-09T11:24:57","date_gmt":"2026-03-09T10:24:57","guid":{"rendered":"https:\/\/websjop.afuk.frl\/frl\/?post_type=product&#038;p=52999"},"modified":"2026-04-03T11:11:39","modified_gmt":"2026-04-03T09:11:39","slug":"fryske-ferfiersbedriuwen-de-jierren-1920-1975","status":"publish","type":"product","link":"https:\/\/websjop.afuk.frl\/nl\/winkel\/fryske-ferfiersbedriuwen-de-jierren-1920-1975\/","title":{"rendered":"Fryske ferfiersbedriuwen &#8211; De jierren 1920-1975"},"content":{"rendered":"<p>Het samenstellen van een boek over het Friese wegtransport tussen 1920 en 1980 is een uitdaging. Een totaalbeeld schetsen is ondoenlijk gezien de verscheidenheid aan bedrijven, families, chauffeurs en nog vele anderen die tezamen deze Friese industrie gemaakt heeft tot wat het vandaag de dag is.<\/p>\n<p>Wat dit boek werkelijk uniek maakt, is dat het uitsluitend put uit priv\u00e9collecties. De beelden zijn letterlijk afkomstig uit de fotoalbums van de families achter de transportbedrijven. Voor de liefhebber van (transport)geschiedenis biedt het boek talloze aanknopingspunten. De transitie van het vroege veevervoer naar de gestructureerde bode- en lijndiensten, de eerste internationale ritten en de uiteindelijke stap naar fijnmazige distributie is duidelijk zichtbaar. Ook de ontwikkeling van het wagenpark weerspiegelt deze dynamiek. Waar Amerikaanse merken in de jaren twintig en dertig de markt domineerden, verschenen in de jaren dertig de eerste in Nederland geproduceerde trucks, zoals die van Kromhout. Na een korte bloeiperiode van Britse en Amerikaanse legertrucks direct na de Tweed Wereldoorlog, zorgden de opkomst van DAF en de latere komst van de Scandinavische merken voor een blijvende verandering in het straatbeeld.<\/p>\n<p>Dat het boek volledig tweetalig is opgesteld &#8211; in het Nederlands en het Fries &#8211; maakt het extra bijzonder.<\/p>\n","protected":false},"excerpt":{"rendered":"<p>It gearstallen fan in boek oer it Fryske weitransport tusken 1920 en 1980 is in \u00fatdaging. In totaalbyld sketse is hast gjin dwaan en it hielendal flaterleas beskriuwen fan elk histoarysk detail is in hast \u00fbnmooglike opjefte.<\/p>\n<p>Wat dit wurk echt unyk makket, is dat alles \u00fat priveekolleksjes komt. De bylden komme letterlik \u00fat de fotoalbums fan de famyljes achter de transportbedriuwen. Foar de leafhawwer fan (transport)skiednis biedt it boek withoefolle oanknopingspunten. De transysje fan it betide feeferfier nei de strukturearre boade-en lijntsjinsten, de earste ynternasjonale ritten en de \u00fateinlike stap nei fynm\u00eazige distrib\u00fasje is d\u00fadlik sichtber. Ek de \u00fbntwikkeling fan it weinpark wjerspegelet dizze dynamyk. D\u00ear&#8217;t Amerikaanske merken yn de jierren tweintich en tritich de merk dominearren, ferskynden yn de jierren tritich de earste yn Nederl\u00e2n produsearre trucks, lykas dy fan Kromhout. Nei in koarte bloeiperioade fan Britske en Amerikaanske legertrucks fuort nei de Twadde Wr\u00e2ldoarloch, soargen de opkomst fan DAF en de lettere komst fan de Skandinavyske merken foar in bliuwende feroaring yn it strjitbyld.<\/p>\n<p>Dat it boek folslein twatalich opsteld is- yn it Nederl\u00e2nsk en it Frysk &#8211; makket it ekstra bys\u00fbnder.<\/p>\n","protected":false},"featured_media":53000,"comment_status":"closed","ping_status":"closed","template":"","meta":{"_acf_changed":false},"product_brand":[],"product_cat":[1173,11596,545,535,539],"product_tag":[24681,5892,24675,24678,24676,24677,24682,24680,24679],"class_list":{"0":"post-52999","1":"product","2":"type-product","3":"status-publish","4":"has-post-thumbnail","6":"product_cat-4-fryske-hannel","7":"product_cat-afuk-boeketip-10","8":"product_cat-fotoboeken","9":"product_cat-fryske-boeken","10":"product_cat-skiednis","11":"product_tag-ferfier","12":"product_tag-fotoboek","13":"product_tag-fryske-ferfiersbedriuwen","14":"product_tag-reinder-meijer","15":"product_tag-transport","16":"product_tag-trucks","17":"product_tag-vervoer","18":"product_tag-wegtransport","19":"product_tag-weitransport","20":"product_shipping_class-brievenbus-verzending","21":"pa_auteur-reinder-meijer","22":"pa_isbn-24673","23":"pa_new-label-1-3","24":"pa_taal-frysk-nederlansk","25":"pa_uitgever-mbmcargotech-snits","26":"pa_vertaler-jetske-bilker","28":"first","29":"onbackorder","30":"taxable","31":"shipping-taxable","32":"purchasable","33":"product-type-simple"},"acf":[],"yoast_head":"<!-- This site is optimized with the Yoast SEO plugin v27.3 - https:\/\/yoast.com\/product\/yoast-seo-wordpress\/ -->\n<title>Fryske ferfiersbedriuwen - De jierren 1920-1975 &#8211; Af\u00fbk Websjop<\/title>\n<meta name=\"description\" content=\"Het boek Fryske ferfierbedriuwen schetst een beeld van het Friese wegtransport tussen 1920 en 1980, aangevuld met unieke foto&#039;s uit priv\u00e9collecties.\" \/>\n<meta name=\"robots\" content=\"index, follow, max-snippet:-1, max-image-preview:large, max-video-preview:-1\" \/>\n<link rel=\"canonical\" href=\"https:\/\/websjop.afuk.frl\/nl\/winkel\/fryske-ferfiersbedriuwen-de-jierren-1920-1975\/\" \/>\n<meta property=\"og:locale\" content=\"nl_NL\" \/>\n<meta property=\"og:type\" content=\"article\" \/>\n<meta property=\"og:title\" content=\"Fryske ferfiersbedriuwen - De jierren 1920-1975 &#8211; Af\u00fbk Websjop\" \/>\n<meta property=\"og:description\" content=\"Het boek Fryske ferfierbedriuwen schetst een beeld van het Friese wegtransport tussen 1920 en 1980, aangevuld met unieke foto&#039;s uit priv\u00e9collecties.\" \/>\n<meta property=\"og:url\" content=\"https:\/\/websjop.afuk.frl\/nl\/winkel\/fryske-ferfiersbedriuwen-de-jierren-1920-1975\/\" \/>\n<meta property=\"og:site_name\" content=\"Af\u00fbk Websjop\" \/>\n<meta property=\"article:modified_time\" content=\"2026-04-03T09:11:39+00:00\" \/>\n<meta property=\"og:image\" content=\"https:\/\/websjop.afuk.frl\/wp-content\/uploads\/2026\/03\/Fryske-ferfiersedriuwen034.jpg\" \/>\n\t<meta property=\"og:image:width\" content=\"791\" \/>\n\t<meta property=\"og:image:height\" content=\"601\" \/>\n\t<meta property=\"og:image:type\" content=\"image\/jpeg\" \/>\n<meta name=\"twitter:card\" content=\"summary_large_image\" \/>\n<meta name=\"twitter:label1\" content=\"Geschatte leestijd\" \/>\n\t<meta name=\"twitter:data1\" content=\"2 minuten\" \/>\n<script type=\"application\/ld+json\" class=\"yoast-schema-graph\">{\"@context\":\"https:\\\/\\\/schema.org\",\"@graph\":[{\"@type\":\"WebPage\",\"@id\":\"https:\\\/\\\/websjop.afuk.frl\\\/nl\\\/winkel\\\/fryske-ferfiersbedriuwen-de-jierren-1920-1975\\\/\",\"url\":\"https:\\\/\\\/websjop.afuk.frl\\\/nl\\\/winkel\\\/fryske-ferfiersbedriuwen-de-jierren-1920-1975\\\/\",\"name\":\"Fryske ferfiersbedriuwen - De jierren 1920-1975 &#8211; Af\u00fbk Websjop\",\"isPartOf\":{\"@id\":\"https:\\\/\\\/websjop.afuk.frl\\\/nl\\\/#website\"},\"primaryImageOfPage\":{\"@id\":\"https:\\\/\\\/websjop.afuk.frl\\\/nl\\\/winkel\\\/fryske-ferfiersbedriuwen-de-jierren-1920-1975\\\/#primaryimage\"},\"image\":{\"@id\":\"https:\\\/\\\/websjop.afuk.frl\\\/nl\\\/winkel\\\/fryske-ferfiersbedriuwen-de-jierren-1920-1975\\\/#primaryimage\"},\"thumbnailUrl\":\"https:\\\/\\\/websjop.afuk.frl\\\/wp-content\\\/uploads\\\/2026\\\/03\\\/Fryske-ferfiersedriuwen034.jpg\",\"datePublished\":\"2026-03-09T10:24:57+00:00\",\"dateModified\":\"2026-04-03T09:11:39+00:00\",\"description\":\"Het boek Fryske ferfierbedriuwen schetst een beeld van het Friese wegtransport tussen 1920 en 1980, aangevuld met unieke foto's uit priv\u00e9collecties.\",\"breadcrumb\":{\"@id\":\"https:\\\/\\\/websjop.afuk.frl\\\/nl\\\/winkel\\\/fryske-ferfiersbedriuwen-de-jierren-1920-1975\\\/#breadcrumb\"},\"inLanguage\":\"nl-NL\",\"potentialAction\":[{\"@type\":\"ReadAction\",\"target\":[\"https:\\\/\\\/websjop.afuk.frl\\\/nl\\\/winkel\\\/fryske-ferfiersbedriuwen-de-jierren-1920-1975\\\/\"]}]},{\"@type\":\"ImageObject\",\"inLanguage\":\"nl-NL\",\"@id\":\"https:\\\/\\\/websjop.afuk.frl\\\/nl\\\/winkel\\\/fryske-ferfiersbedriuwen-de-jierren-1920-1975\\\/#primaryimage\",\"url\":\"https:\\\/\\\/websjop.afuk.frl\\\/wp-content\\\/uploads\\\/2026\\\/03\\\/Fryske-ferfiersedriuwen034.jpg\",\"contentUrl\":\"https:\\\/\\\/websjop.afuk.frl\\\/wp-content\\\/uploads\\\/2026\\\/03\\\/Fryske-ferfiersedriuwen034.jpg\",\"width\":791,\"height\":601},{\"@type\":\"BreadcrumbList\",\"@id\":\"https:\\\/\\\/websjop.afuk.frl\\\/nl\\\/winkel\\\/fryske-ferfiersbedriuwen-de-jierren-1920-1975\\\/#breadcrumb\",\"itemListElement\":[{\"@type\":\"ListItem\",\"position\":1,\"name\":\"Home\",\"item\":\"https:\\\/\\\/websjop.afuk.frl\\\/nl\\\/\"},{\"@type\":\"ListItem\",\"position\":2,\"name\":\"Winkel\",\"item\":\"https:\\\/\\\/websjop.afuk.frl\\\/nl\\\/winkel\\\/\"},{\"@type\":\"ListItem\",\"position\":3,\"name\":\"Fryske ferfiersbedriuwen &#8211; De jierren 1920-1975\"}]},{\"@type\":\"WebSite\",\"@id\":\"https:\\\/\\\/websjop.afuk.frl\\\/nl\\\/#website\",\"url\":\"https:\\\/\\\/websjop.afuk.frl\\\/nl\\\/\",\"name\":\"Af\u00fbk Websjop\",\"description\":\"\",\"potentialAction\":[{\"@type\":\"SearchAction\",\"target\":{\"@type\":\"EntryPoint\",\"urlTemplate\":\"https:\\\/\\\/websjop.afuk.frl\\\/nl\\\/?s={search_term_string}\"},\"query-input\":{\"@type\":\"PropertyValueSpecification\",\"valueRequired\":true,\"valueName\":\"search_term_string\"}}],\"inLanguage\":\"nl-NL\"}]}<\/script>\n<!-- \/ Yoast SEO plugin. -->","yoast_head_json":{"title":"Fryske ferfiersbedriuwen - De jierren 1920-1975 &#8211; Af\u00fbk Websjop","description":"Het boek Fryske ferfierbedriuwen schetst een beeld van het Friese wegtransport tussen 1920 en 1980, aangevuld met unieke foto's uit priv\u00e9collecties.","robots":{"index":"index","follow":"follow","max-snippet":"max-snippet:-1","max-image-preview":"max-image-preview:large","max-video-preview":"max-video-preview:-1"},"canonical":"https:\/\/websjop.afuk.frl\/nl\/winkel\/fryske-ferfiersbedriuwen-de-jierren-1920-1975\/","og_locale":"nl_NL","og_type":"article","og_title":"Fryske ferfiersbedriuwen - De jierren 1920-1975 &#8211; Af\u00fbk Websjop","og_description":"Het boek Fryske ferfierbedriuwen schetst een beeld van het Friese wegtransport tussen 1920 en 1980, aangevuld met unieke foto's uit priv\u00e9collecties.","og_url":"https:\/\/websjop.afuk.frl\/nl\/winkel\/fryske-ferfiersbedriuwen-de-jierren-1920-1975\/","og_site_name":"Af\u00fbk Websjop","article_modified_time":"2026-04-03T09:11:39+00:00","og_image":[{"width":791,"height":601,"url":"https:\/\/websjop.afuk.frl\/wp-content\/uploads\/2026\/03\/Fryske-ferfiersedriuwen034.jpg","type":"image\/jpeg"}],"twitter_card":"summary_large_image","twitter_misc":{"Geschatte leestijd":"2 minuten"},"schema":{"@context":"https:\/\/schema.org","@graph":[{"@type":"WebPage","@id":"https:\/\/websjop.afuk.frl\/nl\/winkel\/fryske-ferfiersbedriuwen-de-jierren-1920-1975\/","url":"https:\/\/websjop.afuk.frl\/nl\/winkel\/fryske-ferfiersbedriuwen-de-jierren-1920-1975\/","name":"Fryske ferfiersbedriuwen - De jierren 1920-1975 &#8211; Af\u00fbk Websjop","isPartOf":{"@id":"https:\/\/websjop.afuk.frl\/nl\/#website"},"primaryImageOfPage":{"@id":"https:\/\/websjop.afuk.frl\/nl\/winkel\/fryske-ferfiersbedriuwen-de-jierren-1920-1975\/#primaryimage"},"image":{"@id":"https:\/\/websjop.afuk.frl\/nl\/winkel\/fryske-ferfiersbedriuwen-de-jierren-1920-1975\/#primaryimage"},"thumbnailUrl":"https:\/\/websjop.afuk.frl\/wp-content\/uploads\/2026\/03\/Fryske-ferfiersedriuwen034.jpg","datePublished":"2026-03-09T10:24:57+00:00","dateModified":"2026-04-03T09:11:39+00:00","description":"Het boek Fryske ferfierbedriuwen schetst een beeld van het Friese wegtransport tussen 1920 en 1980, aangevuld met unieke foto's uit priv\u00e9collecties.","breadcrumb":{"@id":"https:\/\/websjop.afuk.frl\/nl\/winkel\/fryske-ferfiersbedriuwen-de-jierren-1920-1975\/#breadcrumb"},"inLanguage":"nl-NL","potentialAction":[{"@type":"ReadAction","target":["https:\/\/websjop.afuk.frl\/nl\/winkel\/fryske-ferfiersbedriuwen-de-jierren-1920-1975\/"]}]},{"@type":"ImageObject","inLanguage":"nl-NL","@id":"https:\/\/websjop.afuk.frl\/nl\/winkel\/fryske-ferfiersbedriuwen-de-jierren-1920-1975\/#primaryimage","url":"https:\/\/websjop.afuk.frl\/wp-content\/uploads\/2026\/03\/Fryske-ferfiersedriuwen034.jpg","contentUrl":"https:\/\/websjop.afuk.frl\/wp-content\/uploads\/2026\/03\/Fryske-ferfiersedriuwen034.jpg","width":791,"height":601},{"@type":"BreadcrumbList","@id":"https:\/\/websjop.afuk.frl\/nl\/winkel\/fryske-ferfiersbedriuwen-de-jierren-1920-1975\/#breadcrumb","itemListElement":[{"@type":"ListItem","position":1,"name":"Home","item":"https:\/\/websjop.afuk.frl\/nl\/"},{"@type":"ListItem","position":2,"name":"Winkel","item":"https:\/\/websjop.afuk.frl\/nl\/winkel\/"},{"@type":"ListItem","position":3,"name":"Fryske ferfiersbedriuwen &#8211; De jierren 1920-1975"}]},{"@type":"WebSite","@id":"https:\/\/websjop.afuk.frl\/nl\/#website","url":"https:\/\/websjop.afuk.frl\/nl\/","name":"Af\u00fbk Websjop","description":"","potentialAction":[{"@type":"SearchAction","target":{"@type":"EntryPoint","urlTemplate":"https:\/\/websjop.afuk.frl\/nl\/?s={search_term_string}"},"query-input":{"@type":"PropertyValueSpecification","valueRequired":true,"valueName":"search_term_string"}}],"inLanguage":"nl-NL"}]}},"_links":{"self":[{"href":"https:\/\/websjop.afuk.frl\/nl\/wp-json\/wp\/v2\/product\/52999","targetHints":{"allow":["GET"]}}],"collection":[{"href":"https:\/\/websjop.afuk.frl\/nl\/wp-json\/wp\/v2\/product"}],"about":[{"href":"https:\/\/websjop.afuk.frl\/nl\/wp-json\/wp\/v2\/types\/product"}],"replies":[{"embeddable":true,"href":"https:\/\/websjop.afuk.frl\/nl\/wp-json\/wp\/v2\/comments?post=52999"}],"wp:featuredmedia":[{"embeddable":true,"href":"https:\/\/websjop.afuk.frl\/nl\/wp-json\/wp\/v2\/media\/53000"}],"wp:attachment":[{"href":"https:\/\/websjop.afuk.frl\/nl\/wp-json\/wp\/v2\/media?parent=52999"}],"wp:term":[{"taxonomy":"product_brand","embeddable":true,"href":"https:\/\/websjop.afuk.frl\/nl\/wp-json\/wp\/v2\/product_brand?post=52999"},{"taxonomy":"product_cat","embeddable":true,"href":"https:\/\/websjop.afuk.frl\/nl\/wp-json\/wp\/v2\/product_cat?post=52999"},{"taxonomy":"product_tag","embeddable":true,"href":"https:\/\/websjop.afuk.frl\/nl\/wp-json\/wp\/v2\/product_tag?post=52999"}],"curies":[{"name":"wp","href":"https:\/\/api.w.org\/{rel}","templated":true}]}}