{"id":52931,"date":"2026-03-04T13:50:15","date_gmt":"2026-03-04T12:50:15","guid":{"rendered":"https:\/\/websjop.afuk.frl\/frl\/?post_type=product&#038;p=52931"},"modified":"2026-04-01T09:42:03","modified_gmt":"2026-04-01T07:42:03","slug":"52931","status":"publish","type":"product","link":"https:\/\/websjop.afuk.frl\/nl\/winkel\/52931\/","title":{"rendered":"Piaggio &#8211; boekewikegeskink"},"content":{"rendered":"<p>It nasjonale Boekewikegeskink wurdt dit jier skreaun troch de bestsellerauteur fan de popul\u00eare deiboeken fan Hendrik Groen. Groen bleau mear as tsien jier anonym foar it grutte publyk. Skriuwer Peter de Smet stapt spesjaal foar de nasjonale Boekewike foar ien kear \u00fat de anonimiteit. \u2018Piaggio\u2019 fan Peter de Smet ferskynt as nasjonaal Boekewikegeskink ek yn it Frysk. De Fryske oersetting is makke troch Ytsje Steen-Buwalda.<br \/>\nPeter de Smet oer it ferskinen fan it Boekewikegeskink yn it Frysk: \u201cPiaggio in het Fries! Hindrik Grien is sa grutsk as in pau!\u201d Yn 2018 waard foar it earst in Fryske oersetting fan it nasjonale Boekewikegeskink makke, en fanwege de suksesfolle \u00fbntfangst waard dat in jierlikse tradysje. De oersetting fan \u2018Piaggio\u2019 fan Hendrik Groen is sadwaande alwer de njoggende Fryske oersetting fan it Boekewikegeskink.<\/p>\n<p><strong>Oer \u2018Piaggio\u2019<\/strong><br \/>\nIt libben laket Anton (61) alderminst ta: frou fuort, baan kwyt en in bemuoisuchtige heit dy\u2019t him op \u2019e h\u00fbd sit. Ek Marieke (58) kin wol wat gelok br\u00fbke, want it is sukkeljen mei de leafde en in lestige dochter. As se elkoar foar it earst tsjinkomme op in feestje, helpe it tafal en in pear drankjes harren in ein op wei. Letterlik en yn it libben.<\/p>\n<p><strong>Boekewikegeskink fergees<\/strong><br \/>\nDe\u00a0Nasjonale Boekewike\u00a0wurdt dit jier holden fan 11 o\/m 22 maart. <strong>By oanskaf fan \u20ac 17,50 oan boeken by jo boekhannel krije jo yn de Nasjonale Boekewike it Boekewikegeskink \u2013 yn it Nederl\u00e2nsk \u00f3f yn it Frysk \u2212 der fergees by. Let op: de Fryske edysje ferskynt yn in lytse oplage fan 2000 stiks, dus w\u00eas der by want op is op. Jo krije standerd de Fryske oersetting by jo bestelling. Wolle jo leaver de Nederl\u00e2nske ha? Dan kinne jo dat oanjaan by &#8216;opmerkings&#8217;.<\/strong><\/p>\n<p><strong>Oer Boeken fan Frysl\u00e2n<\/strong><br \/>\nBoeken fan Frysl\u00e2n is d\u00e9 organisaasje foar de promoasje fan it Fryske boek. Boeken fan Frysl\u00e2n set him yn foar de l\u00eas- en ferkeapbefoardering fan it Fryske boek. Sjoch op de webside fan Boeken fan Frysl\u00e2n foar mear ynformaasje oer projekten en aktiviteiten fan Boeken fan Frysl\u00e2n:\u00a0<a href=\"http:\/\/Goeie , Tige tank foar de bestelling yn \u00fas websjop. By de bestelling hawwe jo oanj\u00fbn dat de bestelling ophelle wurdt. Oant no ta is dat noch net bart. Soene jo ynkoarten de bestelling ophelje wolle?\">www.boekenfanfryslan.frl<\/a>.<\/p>\n","protected":false},"excerpt":{"rendered":"<p>It nasjonale Boekewikegeskink wurdt dit jier skreaun troch de bestsellerauteur fan de popul\u00eare deiboeken fan Hendrik Groen. Groen bleau mear as tsien jier anonym foar it grutte publyk. Skriuwer Peter de Smet stapt spesjaal foar de nasjonale Boekewike foar ien kear \u00fat de anonimiteit. \u2018Piaggio\u2019 fan Peter de Smet ferskynt as nasjonaal Boekewikegeskink ek yn [&hellip;]<\/p>\n","protected":false},"featured_media":52932,"comment_status":"closed","ping_status":"closed","template":"","meta":{"_acf_changed":false},"product_brand":[],"product_cat":[21735],"product_tag":[],"class_list":{"0":"post-52931","1":"product","2":"type-product","3":"status-publish","4":"has-post-thumbnail","6":"product_cat-boekenweek-2026","8":"first","9":"instock","10":"taxable","11":"shipping-taxable","12":"product-type-simple"},"acf":[],"yoast_head":"<!-- This site is optimized with the Yoast SEO plugin v27.3 - https:\/\/yoast.com\/product\/yoast-seo-wordpress\/ -->\n<title>Piaggio - boekewikegeskink &#8211; Af\u00fbk Websjop<\/title>\n<meta name=\"robots\" content=\"index, follow, max-snippet:-1, max-image-preview:large, max-video-preview:-1\" \/>\n<link rel=\"canonical\" href=\"https:\/\/websjop.afuk.frl\/nl\/winkel\/52931\/\" \/>\n<meta property=\"og:locale\" content=\"nl_NL\" \/>\n<meta property=\"og:type\" content=\"article\" \/>\n<meta property=\"og:title\" content=\"Piaggio - boekewikegeskink &#8211; Af\u00fbk Websjop\" \/>\n<meta property=\"og:description\" content=\"It nasjonale Boekewikegeskink wurdt dit jier skreaun troch de bestsellerauteur fan de popul\u00eare deiboeken fan Hendrik Groen. Groen bleau mear as tsien jier anonym foar it grutte publyk. Skriuwer Peter de Smet stapt spesjaal foar de nasjonale Boekewike foar ien kear \u00fat de anonimiteit. \u2018Piaggio\u2019 fan Peter de Smet ferskynt as nasjonaal Boekewikegeskink ek yn [&hellip;]\" \/>\n<meta property=\"og:url\" content=\"https:\/\/websjop.afuk.frl\/nl\/winkel\/52931\/\" \/>\n<meta property=\"og:site_name\" content=\"Af\u00fbk Websjop\" \/>\n<meta property=\"article:modified_time\" content=\"2026-04-01T07:42:03+00:00\" \/>\n<meta property=\"og:image\" content=\"https:\/\/websjop.afuk.frl\/wp-content\/uploads\/2026\/03\/Hendrik-Groen-Piaggio-Frysk.jpg\" \/>\n\t<meta property=\"og:image:width\" content=\"1471\" \/>\n\t<meta property=\"og:image:height\" content=\"2352\" \/>\n\t<meta property=\"og:image:type\" content=\"image\/jpeg\" \/>\n<meta name=\"twitter:card\" content=\"summary_large_image\" \/>\n<meta name=\"twitter:label1\" content=\"Geschatte leestijd\" \/>\n\t<meta name=\"twitter:data1\" content=\"2 minuten\" \/>\n<script type=\"application\/ld+json\" class=\"yoast-schema-graph\">{\"@context\":\"https:\\\/\\\/schema.org\",\"@graph\":[{\"@type\":\"WebPage\",\"@id\":\"https:\\\/\\\/websjop.afuk.frl\\\/nl\\\/winkel\\\/52931\\\/\",\"url\":\"https:\\\/\\\/websjop.afuk.frl\\\/nl\\\/winkel\\\/52931\\\/\",\"name\":\"Piaggio - boekewikegeskink &#8211; Af\u00fbk Websjop\",\"isPartOf\":{\"@id\":\"https:\\\/\\\/websjop.afuk.frl\\\/nl\\\/#website\"},\"primaryImageOfPage\":{\"@id\":\"https:\\\/\\\/websjop.afuk.frl\\\/nl\\\/winkel\\\/52931\\\/#primaryimage\"},\"image\":{\"@id\":\"https:\\\/\\\/websjop.afuk.frl\\\/nl\\\/winkel\\\/52931\\\/#primaryimage\"},\"thumbnailUrl\":\"https:\\\/\\\/websjop.afuk.frl\\\/wp-content\\\/uploads\\\/2026\\\/03\\\/Hendrik-Groen-Piaggio-Frysk.jpg\",\"datePublished\":\"2026-03-04T12:50:15+00:00\",\"dateModified\":\"2026-04-01T07:42:03+00:00\",\"breadcrumb\":{\"@id\":\"https:\\\/\\\/websjop.afuk.frl\\\/nl\\\/winkel\\\/52931\\\/#breadcrumb\"},\"inLanguage\":\"nl-NL\",\"potentialAction\":[{\"@type\":\"ReadAction\",\"target\":[\"https:\\\/\\\/websjop.afuk.frl\\\/nl\\\/winkel\\\/52931\\\/\"]}]},{\"@type\":\"ImageObject\",\"inLanguage\":\"nl-NL\",\"@id\":\"https:\\\/\\\/websjop.afuk.frl\\\/nl\\\/winkel\\\/52931\\\/#primaryimage\",\"url\":\"https:\\\/\\\/websjop.afuk.frl\\\/wp-content\\\/uploads\\\/2026\\\/03\\\/Hendrik-Groen-Piaggio-Frysk.jpg\",\"contentUrl\":\"https:\\\/\\\/websjop.afuk.frl\\\/wp-content\\\/uploads\\\/2026\\\/03\\\/Hendrik-Groen-Piaggio-Frysk.jpg\",\"width\":1471,\"height\":2352,\"caption\":\"piaggio\"},{\"@type\":\"BreadcrumbList\",\"@id\":\"https:\\\/\\\/websjop.afuk.frl\\\/nl\\\/winkel\\\/52931\\\/#breadcrumb\",\"itemListElement\":[{\"@type\":\"ListItem\",\"position\":1,\"name\":\"Home\",\"item\":\"https:\\\/\\\/websjop.afuk.frl\\\/nl\\\/\"},{\"@type\":\"ListItem\",\"position\":2,\"name\":\"Winkel\",\"item\":\"https:\\\/\\\/websjop.afuk.frl\\\/nl\\\/winkel\\\/\"},{\"@type\":\"ListItem\",\"position\":3,\"name\":\"Piaggio &#8211; boekewikegeskink\"}]},{\"@type\":\"WebSite\",\"@id\":\"https:\\\/\\\/websjop.afuk.frl\\\/nl\\\/#website\",\"url\":\"https:\\\/\\\/websjop.afuk.frl\\\/nl\\\/\",\"name\":\"Af\u00fbk Websjop\",\"description\":\"\",\"potentialAction\":[{\"@type\":\"SearchAction\",\"target\":{\"@type\":\"EntryPoint\",\"urlTemplate\":\"https:\\\/\\\/websjop.afuk.frl\\\/nl\\\/?s={search_term_string}\"},\"query-input\":{\"@type\":\"PropertyValueSpecification\",\"valueRequired\":true,\"valueName\":\"search_term_string\"}}],\"inLanguage\":\"nl-NL\"}]}<\/script>\n<!-- \/ Yoast SEO plugin. -->","yoast_head_json":{"title":"Piaggio - boekewikegeskink &#8211; Af\u00fbk Websjop","robots":{"index":"index","follow":"follow","max-snippet":"max-snippet:-1","max-image-preview":"max-image-preview:large","max-video-preview":"max-video-preview:-1"},"canonical":"https:\/\/websjop.afuk.frl\/nl\/winkel\/52931\/","og_locale":"nl_NL","og_type":"article","og_title":"Piaggio - boekewikegeskink &#8211; Af\u00fbk Websjop","og_description":"It nasjonale Boekewikegeskink wurdt dit jier skreaun troch de bestsellerauteur fan de popul\u00eare deiboeken fan Hendrik Groen. Groen bleau mear as tsien jier anonym foar it grutte publyk. Skriuwer Peter de Smet stapt spesjaal foar de nasjonale Boekewike foar ien kear \u00fat de anonimiteit. \u2018Piaggio\u2019 fan Peter de Smet ferskynt as nasjonaal Boekewikegeskink ek yn [&hellip;]","og_url":"https:\/\/websjop.afuk.frl\/nl\/winkel\/52931\/","og_site_name":"Af\u00fbk Websjop","article_modified_time":"2026-04-01T07:42:03+00:00","og_image":[{"width":1471,"height":2352,"url":"https:\/\/websjop.afuk.frl\/wp-content\/uploads\/2026\/03\/Hendrik-Groen-Piaggio-Frysk.jpg","type":"image\/jpeg"}],"twitter_card":"summary_large_image","twitter_misc":{"Geschatte leestijd":"2 minuten"},"schema":{"@context":"https:\/\/schema.org","@graph":[{"@type":"WebPage","@id":"https:\/\/websjop.afuk.frl\/nl\/winkel\/52931\/","url":"https:\/\/websjop.afuk.frl\/nl\/winkel\/52931\/","name":"Piaggio - boekewikegeskink &#8211; Af\u00fbk Websjop","isPartOf":{"@id":"https:\/\/websjop.afuk.frl\/nl\/#website"},"primaryImageOfPage":{"@id":"https:\/\/websjop.afuk.frl\/nl\/winkel\/52931\/#primaryimage"},"image":{"@id":"https:\/\/websjop.afuk.frl\/nl\/winkel\/52931\/#primaryimage"},"thumbnailUrl":"https:\/\/websjop.afuk.frl\/wp-content\/uploads\/2026\/03\/Hendrik-Groen-Piaggio-Frysk.jpg","datePublished":"2026-03-04T12:50:15+00:00","dateModified":"2026-04-01T07:42:03+00:00","breadcrumb":{"@id":"https:\/\/websjop.afuk.frl\/nl\/winkel\/52931\/#breadcrumb"},"inLanguage":"nl-NL","potentialAction":[{"@type":"ReadAction","target":["https:\/\/websjop.afuk.frl\/nl\/winkel\/52931\/"]}]},{"@type":"ImageObject","inLanguage":"nl-NL","@id":"https:\/\/websjop.afuk.frl\/nl\/winkel\/52931\/#primaryimage","url":"https:\/\/websjop.afuk.frl\/wp-content\/uploads\/2026\/03\/Hendrik-Groen-Piaggio-Frysk.jpg","contentUrl":"https:\/\/websjop.afuk.frl\/wp-content\/uploads\/2026\/03\/Hendrik-Groen-Piaggio-Frysk.jpg","width":1471,"height":2352,"caption":"piaggio"},{"@type":"BreadcrumbList","@id":"https:\/\/websjop.afuk.frl\/nl\/winkel\/52931\/#breadcrumb","itemListElement":[{"@type":"ListItem","position":1,"name":"Home","item":"https:\/\/websjop.afuk.frl\/nl\/"},{"@type":"ListItem","position":2,"name":"Winkel","item":"https:\/\/websjop.afuk.frl\/nl\/winkel\/"},{"@type":"ListItem","position":3,"name":"Piaggio &#8211; boekewikegeskink"}]},{"@type":"WebSite","@id":"https:\/\/websjop.afuk.frl\/nl\/#website","url":"https:\/\/websjop.afuk.frl\/nl\/","name":"Af\u00fbk Websjop","description":"","potentialAction":[{"@type":"SearchAction","target":{"@type":"EntryPoint","urlTemplate":"https:\/\/websjop.afuk.frl\/nl\/?s={search_term_string}"},"query-input":{"@type":"PropertyValueSpecification","valueRequired":true,"valueName":"search_term_string"}}],"inLanguage":"nl-NL"}]}},"_links":{"self":[{"href":"https:\/\/websjop.afuk.frl\/nl\/wp-json\/wp\/v2\/product\/52931","targetHints":{"allow":["GET"]}}],"collection":[{"href":"https:\/\/websjop.afuk.frl\/nl\/wp-json\/wp\/v2\/product"}],"about":[{"href":"https:\/\/websjop.afuk.frl\/nl\/wp-json\/wp\/v2\/types\/product"}],"replies":[{"embeddable":true,"href":"https:\/\/websjop.afuk.frl\/nl\/wp-json\/wp\/v2\/comments?post=52931"}],"wp:featuredmedia":[{"embeddable":true,"href":"https:\/\/websjop.afuk.frl\/nl\/wp-json\/wp\/v2\/media\/52932"}],"wp:attachment":[{"href":"https:\/\/websjop.afuk.frl\/nl\/wp-json\/wp\/v2\/media?parent=52931"}],"wp:term":[{"taxonomy":"product_brand","embeddable":true,"href":"https:\/\/websjop.afuk.frl\/nl\/wp-json\/wp\/v2\/product_brand?post=52931"},{"taxonomy":"product_cat","embeddable":true,"href":"https:\/\/websjop.afuk.frl\/nl\/wp-json\/wp\/v2\/product_cat?post=52931"},{"taxonomy":"product_tag","embeddable":true,"href":"https:\/\/websjop.afuk.frl\/nl\/wp-json\/wp\/v2\/product_tag?post=52931"}],"curies":[{"name":"wp","href":"https:\/\/api.w.org\/{rel}","templated":true}]}}