{"id":52694,"date":"2026-02-09T13:00:51","date_gmt":"2026-02-09T12:00:51","guid":{"rendered":"https:\/\/websjop.afuk.frl\/frl\/?post_type=product&#038;p=52694"},"modified":"2026-04-01T09:41:44","modified_gmt":"2026-04-01T07:41:44","slug":"gruntonger","status":"publish","type":"product","link":"https:\/\/websjop.afuk.frl\/nl\/winkel\/gruntonger\/","title":{"rendered":"Gr\u00fbntonger"},"content":{"rendered":"<p>Bloemlezing uit de gedichten van Nils-Aslak Valkeap\u00e4\u00e4.<\/p>\n<p>Nils-Aslak Valkeap\u00e4a (1943-2001) is veruit de belangrijkste dichter van de Sami, de bewoners van Lapland. Zijn gedichten zijn heel intiem, persoonlijk en traditioneel en ze zijn vaak een verbeelding van het weidse landschap. De heldere toon brengt in hoofd en hart een pijnlijke en tegelijk wonderbaarlijke tinteling teweeg. Ze ademen de weemoed en het verdriet dat veroorzaakt wordt door het verlies van land en cultuur en het opgedwongen krijgen van andermans wetten. Ze zijn diep geworteld in een traditioneel ecologisch perspectief, bewust van de plaats van de mens in de natuur. Ook verbinden ze mensen met hun wortels en met hun toekomst. Ze zijn zeker een waarschuwing voor de dreigende klimaatverandering en hebben nog niets aan kracht ingeboet.<\/p>\n<p>De bundel is vertaald in het Frysk en Nederlands.<\/p>\n","protected":false},"excerpt":{"rendered":"<p>Bloemlezing uit de gedichten van Nils-Aslak Valkeap\u00e4\u00e4. Nils-Aslak Valkeap\u00e4a (1943-2001) is veruit de belangrijkste dichter van de Sami, de bewoners van Lapland. Zijn gedichten zijn heel intiem, persoonlijk en traditioneel en ze zijn vaak een verbeelding van het weidse landschap. De heldere toon brengt in hoofd en hart een pijnlijke en tegelijk wonderbaarlijke tinteling teweeg. [&hellip;]<\/p>\n","protected":false},"featured_media":52695,"comment_status":"closed","ping_status":"closed","template":"","meta":{"_acf_changed":false},"product_brand":[],"product_cat":[21735,538,535,1215],"product_tag":[5191,24636,24642,24640,24639,24637,17211,24638,23652,24641],"class_list":{"0":"post-52694","1":"product","2":"type-product","3":"status-publish","4":"has-post-thumbnail","6":"product_cat-boekenweek-2026","7":"product_cat-dichtbondels","8":"product_cat-fryske-boeken","9":"product_cat-romans-en-literatuer","10":"product_tag-gedichten","11":"product_tag-gruntonger","12":"product_tag-klimaatferoaring","13":"product_tag-laplan","14":"product_tag-lapland","15":"product_tag-nils-aslakvalkeapaa","16":"product_tag-oersetting","17":"product_tag-sami","18":"product_tag-tradysje","19":"product_tag-weemoed","20":"product_shipping_class-brievenbus-verzending","21":"pa_auteur-nils-aslak-valkeapaa","22":"pa_isbn-24634","23":"pa_new-label-1-3","24":"pa_taal-frysk-nederlansk","25":"pa_uitgever-uitgeverij-wijdemeer","26":"pa_vertaler-sofia-krol-hessel-de-walle","28":"first","29":"instock","30":"taxable","31":"shipping-taxable","32":"purchasable","33":"product-type-simple"},"acf":[],"yoast_head":"<!-- This site is optimized with the Yoast SEO plugin v27.3 - https:\/\/yoast.com\/product\/yoast-seo-wordpress\/ -->\n<title>Gr\u00fbntonger &#8211; Af\u00fbk Websjop<\/title>\n<meta name=\"description\" content=\"Gr\u00fbntonger is een bloemlezing uit de gedichten van Nils-Aslak Valkeap\u00e4\u00e4, veruit de belangrijkste dichter van de Sami, de bewoners van Lapland.\" \/>\n<meta name=\"robots\" content=\"index, follow, max-snippet:-1, max-image-preview:large, max-video-preview:-1\" \/>\n<link rel=\"canonical\" href=\"https:\/\/websjop.afuk.frl\/nl\/winkel\/gruntonger\/\" \/>\n<meta property=\"og:locale\" content=\"nl_NL\" \/>\n<meta property=\"og:type\" content=\"article\" \/>\n<meta property=\"og:title\" content=\"Gr\u00fbntonger &#8211; Af\u00fbk Websjop\" \/>\n<meta property=\"og:description\" content=\"Gr\u00fbntonger is een bloemlezing uit de gedichten van Nils-Aslak Valkeap\u00e4\u00e4, veruit de belangrijkste dichter van de Sami, de bewoners van Lapland.\" \/>\n<meta property=\"og:url\" content=\"https:\/\/websjop.afuk.frl\/nl\/winkel\/gruntonger\/\" \/>\n<meta property=\"og:site_name\" content=\"Af\u00fbk Websjop\" \/>\n<meta property=\"article:modified_time\" content=\"2026-04-01T07:41:44+00:00\" \/>\n<meta property=\"og:image\" content=\"https:\/\/websjop.afuk.frl\/wp-content\/uploads\/2026\/02\/Gruntonger.jpeg\" \/>\n\t<meta property=\"og:image:width\" content=\"768\" \/>\n\t<meta property=\"og:image:height\" content=\"1023\" \/>\n\t<meta property=\"og:image:type\" content=\"image\/jpeg\" \/>\n<meta name=\"twitter:card\" content=\"summary_large_image\" \/>\n<meta name=\"twitter:label1\" content=\"Geschatte leestijd\" \/>\n\t<meta name=\"twitter:data1\" content=\"2 minuten\" \/>\n<script type=\"application\/ld+json\" class=\"yoast-schema-graph\">{\"@context\":\"https:\\\/\\\/schema.org\",\"@graph\":[{\"@type\":\"WebPage\",\"@id\":\"https:\\\/\\\/websjop.afuk.frl\\\/nl\\\/winkel\\\/gruntonger\\\/\",\"url\":\"https:\\\/\\\/websjop.afuk.frl\\\/nl\\\/winkel\\\/gruntonger\\\/\",\"name\":\"Gr\u00fbntonger &#8211; Af\u00fbk Websjop\",\"isPartOf\":{\"@id\":\"https:\\\/\\\/websjop.afuk.frl\\\/nl\\\/#website\"},\"primaryImageOfPage\":{\"@id\":\"https:\\\/\\\/websjop.afuk.frl\\\/nl\\\/winkel\\\/gruntonger\\\/#primaryimage\"},\"image\":{\"@id\":\"https:\\\/\\\/websjop.afuk.frl\\\/nl\\\/winkel\\\/gruntonger\\\/#primaryimage\"},\"thumbnailUrl\":\"https:\\\/\\\/websjop.afuk.frl\\\/wp-content\\\/uploads\\\/2026\\\/02\\\/Gruntonger.jpeg\",\"datePublished\":\"2026-02-09T12:00:51+00:00\",\"dateModified\":\"2026-04-01T07:41:44+00:00\",\"description\":\"Gr\u00fbntonger is een bloemlezing uit de gedichten van Nils-Aslak Valkeap\u00e4\u00e4, veruit de belangrijkste dichter van de Sami, de bewoners van Lapland.\",\"breadcrumb\":{\"@id\":\"https:\\\/\\\/websjop.afuk.frl\\\/nl\\\/winkel\\\/gruntonger\\\/#breadcrumb\"},\"inLanguage\":\"nl-NL\",\"potentialAction\":[{\"@type\":\"ReadAction\",\"target\":[\"https:\\\/\\\/websjop.afuk.frl\\\/nl\\\/winkel\\\/gruntonger\\\/\"]}]},{\"@type\":\"ImageObject\",\"inLanguage\":\"nl-NL\",\"@id\":\"https:\\\/\\\/websjop.afuk.frl\\\/nl\\\/winkel\\\/gruntonger\\\/#primaryimage\",\"url\":\"https:\\\/\\\/websjop.afuk.frl\\\/wp-content\\\/uploads\\\/2026\\\/02\\\/Gruntonger.jpeg\",\"contentUrl\":\"https:\\\/\\\/websjop.afuk.frl\\\/wp-content\\\/uploads\\\/2026\\\/02\\\/Gruntonger.jpeg\",\"width\":768,\"height\":1023},{\"@type\":\"BreadcrumbList\",\"@id\":\"https:\\\/\\\/websjop.afuk.frl\\\/nl\\\/winkel\\\/gruntonger\\\/#breadcrumb\",\"itemListElement\":[{\"@type\":\"ListItem\",\"position\":1,\"name\":\"Home\",\"item\":\"https:\\\/\\\/websjop.afuk.frl\\\/nl\\\/\"},{\"@type\":\"ListItem\",\"position\":2,\"name\":\"Winkel\",\"item\":\"https:\\\/\\\/websjop.afuk.frl\\\/nl\\\/winkel\\\/\"},{\"@type\":\"ListItem\",\"position\":3,\"name\":\"Gr\u00fbntonger\"}]},{\"@type\":\"WebSite\",\"@id\":\"https:\\\/\\\/websjop.afuk.frl\\\/nl\\\/#website\",\"url\":\"https:\\\/\\\/websjop.afuk.frl\\\/nl\\\/\",\"name\":\"Af\u00fbk Websjop\",\"description\":\"\",\"potentialAction\":[{\"@type\":\"SearchAction\",\"target\":{\"@type\":\"EntryPoint\",\"urlTemplate\":\"https:\\\/\\\/websjop.afuk.frl\\\/nl\\\/?s={search_term_string}\"},\"query-input\":{\"@type\":\"PropertyValueSpecification\",\"valueRequired\":true,\"valueName\":\"search_term_string\"}}],\"inLanguage\":\"nl-NL\"}]}<\/script>\n<!-- \/ Yoast SEO plugin. -->","yoast_head_json":{"title":"Gr\u00fbntonger &#8211; Af\u00fbk Websjop","description":"Gr\u00fbntonger is een bloemlezing uit de gedichten van Nils-Aslak Valkeap\u00e4\u00e4, veruit de belangrijkste dichter van de Sami, de bewoners van Lapland.","robots":{"index":"index","follow":"follow","max-snippet":"max-snippet:-1","max-image-preview":"max-image-preview:large","max-video-preview":"max-video-preview:-1"},"canonical":"https:\/\/websjop.afuk.frl\/nl\/winkel\/gruntonger\/","og_locale":"nl_NL","og_type":"article","og_title":"Gr\u00fbntonger &#8211; Af\u00fbk Websjop","og_description":"Gr\u00fbntonger is een bloemlezing uit de gedichten van Nils-Aslak Valkeap\u00e4\u00e4, veruit de belangrijkste dichter van de Sami, de bewoners van Lapland.","og_url":"https:\/\/websjop.afuk.frl\/nl\/winkel\/gruntonger\/","og_site_name":"Af\u00fbk Websjop","article_modified_time":"2026-04-01T07:41:44+00:00","og_image":[{"width":768,"height":1023,"url":"https:\/\/websjop.afuk.frl\/wp-content\/uploads\/2026\/02\/Gruntonger.jpeg","type":"image\/jpeg"}],"twitter_card":"summary_large_image","twitter_misc":{"Geschatte leestijd":"2 minuten"},"schema":{"@context":"https:\/\/schema.org","@graph":[{"@type":"WebPage","@id":"https:\/\/websjop.afuk.frl\/nl\/winkel\/gruntonger\/","url":"https:\/\/websjop.afuk.frl\/nl\/winkel\/gruntonger\/","name":"Gr\u00fbntonger &#8211; Af\u00fbk Websjop","isPartOf":{"@id":"https:\/\/websjop.afuk.frl\/nl\/#website"},"primaryImageOfPage":{"@id":"https:\/\/websjop.afuk.frl\/nl\/winkel\/gruntonger\/#primaryimage"},"image":{"@id":"https:\/\/websjop.afuk.frl\/nl\/winkel\/gruntonger\/#primaryimage"},"thumbnailUrl":"https:\/\/websjop.afuk.frl\/wp-content\/uploads\/2026\/02\/Gruntonger.jpeg","datePublished":"2026-02-09T12:00:51+00:00","dateModified":"2026-04-01T07:41:44+00:00","description":"Gr\u00fbntonger is een bloemlezing uit de gedichten van Nils-Aslak Valkeap\u00e4\u00e4, veruit de belangrijkste dichter van de Sami, de bewoners van Lapland.","breadcrumb":{"@id":"https:\/\/websjop.afuk.frl\/nl\/winkel\/gruntonger\/#breadcrumb"},"inLanguage":"nl-NL","potentialAction":[{"@type":"ReadAction","target":["https:\/\/websjop.afuk.frl\/nl\/winkel\/gruntonger\/"]}]},{"@type":"ImageObject","inLanguage":"nl-NL","@id":"https:\/\/websjop.afuk.frl\/nl\/winkel\/gruntonger\/#primaryimage","url":"https:\/\/websjop.afuk.frl\/wp-content\/uploads\/2026\/02\/Gruntonger.jpeg","contentUrl":"https:\/\/websjop.afuk.frl\/wp-content\/uploads\/2026\/02\/Gruntonger.jpeg","width":768,"height":1023},{"@type":"BreadcrumbList","@id":"https:\/\/websjop.afuk.frl\/nl\/winkel\/gruntonger\/#breadcrumb","itemListElement":[{"@type":"ListItem","position":1,"name":"Home","item":"https:\/\/websjop.afuk.frl\/nl\/"},{"@type":"ListItem","position":2,"name":"Winkel","item":"https:\/\/websjop.afuk.frl\/nl\/winkel\/"},{"@type":"ListItem","position":3,"name":"Gr\u00fbntonger"}]},{"@type":"WebSite","@id":"https:\/\/websjop.afuk.frl\/nl\/#website","url":"https:\/\/websjop.afuk.frl\/nl\/","name":"Af\u00fbk Websjop","description":"","potentialAction":[{"@type":"SearchAction","target":{"@type":"EntryPoint","urlTemplate":"https:\/\/websjop.afuk.frl\/nl\/?s={search_term_string}"},"query-input":{"@type":"PropertyValueSpecification","valueRequired":true,"valueName":"search_term_string"}}],"inLanguage":"nl-NL"}]}},"_links":{"self":[{"href":"https:\/\/websjop.afuk.frl\/nl\/wp-json\/wp\/v2\/product\/52694","targetHints":{"allow":["GET"]}}],"collection":[{"href":"https:\/\/websjop.afuk.frl\/nl\/wp-json\/wp\/v2\/product"}],"about":[{"href":"https:\/\/websjop.afuk.frl\/nl\/wp-json\/wp\/v2\/types\/product"}],"replies":[{"embeddable":true,"href":"https:\/\/websjop.afuk.frl\/nl\/wp-json\/wp\/v2\/comments?post=52694"}],"wp:featuredmedia":[{"embeddable":true,"href":"https:\/\/websjop.afuk.frl\/nl\/wp-json\/wp\/v2\/media\/52695"}],"wp:attachment":[{"href":"https:\/\/websjop.afuk.frl\/nl\/wp-json\/wp\/v2\/media?parent=52694"}],"wp:term":[{"taxonomy":"product_brand","embeddable":true,"href":"https:\/\/websjop.afuk.frl\/nl\/wp-json\/wp\/v2\/product_brand?post=52694"},{"taxonomy":"product_cat","embeddable":true,"href":"https:\/\/websjop.afuk.frl\/nl\/wp-json\/wp\/v2\/product_cat?post=52694"},{"taxonomy":"product_tag","embeddable":true,"href":"https:\/\/websjop.afuk.frl\/nl\/wp-json\/wp\/v2\/product_tag?post=52694"}],"curies":[{"name":"wp","href":"https:\/\/api.w.org\/{rel}","templated":true}]}}