{"id":51986,"date":"2025-12-15T13:32:53","date_gmt":"2025-12-15T12:32:53","guid":{"rendered":"https:\/\/websjop.afuk.frl\/frl\/?post_type=product&#038;p=51986"},"modified":"2026-01-12T11:51:43","modified_gmt":"2026-01-12T10:51:43","slug":"heit-en-mem-online-winter-edysje","status":"publish","type":"product","link":"https:\/\/websjop.afuk.frl\/nl\/winkel\/heit-en-mem-online-winter-edysje\/","title":{"rendered":"heit en mem online winteredysje"},"content":{"rendered":"<div class=\"short-description\">\n<div class=\"std\">\n<p>Wolkom by de spesjale online winter-edysje fan heit&amp;mem! Wylst de wr\u00e2ld b\u00fbten stadich yn \u2019e wintersliep falt, bringe wy jim in ekstra feestlike edysje fol waarmte, werkenning en winterwille.<br \/>\nW\u00ear\u2019t it bl\u00ead \u2018heit en mem\u2019 oars by jimme op &#8216;e keukenstafel leit, hawwe wy diskear keazen foar in digitale ferzje \u2013 ien dy&#8217;tst lekker \u00fbnder in tekkentsje op &#8216;e bank l\u00eaze kinst, op dyn tillefoan of tablet.<br \/>\nDizze spesjale online \u00fatjefte sit gr\u00f4tfol ynstjoeringen fan \u00fas l\u00eazers. En do fynst binnenyn de fleurige l\u00easbingo fan Keimpe de Krokodil, want ek yn fak\u00e2nsjes moat der (foar)l\u00eazen wurde fansels!<br \/>\nWy hawwe ek, sa&#8217;t jim fan \u00fas wend binne, wer in samling hearlike berne\u00fatspraken.<\/p>\n<p>D\u00earneist fynst yn dit n\u00fbmer folop winterske gesellichheid: fan ynstjoerde poppefoto&#8217;s d\u00ear&#8217;tst spontaan waarm fan wurdst oant foto&#8217;s fan bern dy&#8217;t fol oerjefte koekjes, taarten en oare lekkernijen bakke.<\/p>\n<p>Fierder sprutsen we Marianne, dy\u2019t har jierdei hat op earste krystdei. Yn in ynterview fertelt se hoe&#8217;t dat fielt, hoe&#8217;t se it fiert en w\u00earom&#8217;t it eins b\u00east unyk is om dyn jierdei te dielen mei it moaiste feest fan it jier. Ek ha wy in ynterview h\u00e2n mei Tjalling &amp; Berber. Tweintich jier lyn stienen se as \u2018tiener\u00e2lders\u2019 yn de heit&amp;mem. Hoe soe it no mei se gean? Ek fynst 10 handige tips oer wat ast mei dyn bern yn &#8216;e h\u00fbs \u00fat fine kinst yn de krystfak\u00e2nsje.<\/p>\n<p>Wy winskje dy in hiel soad l\u00easwille mei dizze ekstra waarme winter-edysje fan heit&amp;mem. Genietsje derfan!<\/p>\n<p><strong>Nei de bestelling kinst de heit&amp;mem dellade. (reade knop)<\/strong><\/p>\n<\/div>\n<p>&nbsp;<\/p>\n<\/div>\n","protected":false},"excerpt":{"rendered":"<p>Wolkom by de spesjale online winter-edysje fan heit&amp;mem! Wylst de wr\u00e2ld b\u00fbten stadich yn \u2019e wintersliep falt, bringe wy jim in ekstra feestlike edysje fol waarmte, werkenning en winterwille. W\u00ear\u2019t it bl\u00ead \u2018heit en mem\u2019 oars by jimme op &#8216;e keukenstafel leit, hawwe wy diskear keazen foar in digitale ferzje \u2013 ien dy&#8217;tst lekker \u00fbnder [&hellip;]<\/p>\n","protected":false},"featured_media":51987,"comment_status":"closed","ping_status":"closed","template":"","meta":{"_acf_changed":false},"product_brand":[],"product_cat":[9573,16955,1255,23293,21380,21286,1247,9316],"product_tag":[5452,12875,9714,12881,8617,8616,6667,9708,17507,5285,9327],"class_list":{"0":"post-51986","1":"product","2":"type-product","3":"status-publish","4":"has-post-thumbnail","6":"product_cat-heitenmem","7":"product_cat-herfst","8":"product_cat-kado-s-foar-de-feestdagen","9":"product_cat-kassakoopjes","10":"product_cat-sinteklaas-kadotips","11":"product_cat-skoechkadootsjes","12":"product_cat-tips-foar-falentyn","13":"product_cat-winter","14":"product_tag-bern","15":"product_tag-e-book","16":"product_tag-fergees","17":"product_tag-gratis","18":"product_tag-heit","19":"product_tag-heit-en-mem","20":"product_tag-jierdei","21":"product_tag-kinderen","22":"product_tag-magazine","23":"product_tag-mem","24":"product_tag-winter","25":"pa_is-een-afuk-product-0-2","26":"pa_sale-label-0-3","28":"first","29":"instock","30":"downloadable","31":"virtual","32":"taxable","33":"purchasable","34":"product-type-simple"},"acf":[],"yoast_head":"<!-- This site is optimized with the Yoast SEO plugin v27.3 - https:\/\/yoast.com\/product\/yoast-seo-wordpress\/ -->\n<title>Fergees heit&amp;mem feestdagen-edysje &#8211; Af\u00fbk Websjop<\/title>\n<meta name=\"description\" content=\"heit&amp;mem is een gratis tijdschrift voor ouders en opvoeders in Friesland. Hier vind je een online wintereditie vol met leuke winterartikelen.\" \/>\n<meta name=\"robots\" content=\"index, follow, max-snippet:-1, max-image-preview:large, max-video-preview:-1\" \/>\n<link rel=\"canonical\" href=\"https:\/\/websjop.afuk.frl\/nl\/winkel\/heit-en-mem-online-winter-edysje\/\" \/>\n<meta property=\"og:locale\" content=\"nl_NL\" \/>\n<meta property=\"og:type\" content=\"article\" \/>\n<meta property=\"og:title\" content=\"Fergees heit&amp;mem feestdagen-edysje &#8211; Af\u00fbk Websjop\" \/>\n<meta property=\"og:description\" content=\"heit&amp;mem is een gratis tijdschrift voor ouders en opvoeders in Friesland. Hier vind je een online wintereditie vol met leuke winterartikelen.\" \/>\n<meta property=\"og:url\" content=\"https:\/\/websjop.afuk.frl\/nl\/winkel\/heit-en-mem-online-winter-edysje\/\" \/>\n<meta property=\"og:site_name\" content=\"Af\u00fbk Websjop\" \/>\n<meta property=\"article:modified_time\" content=\"2026-01-12T10:51:43+00:00\" \/>\n<meta property=\"og:image\" content=\"https:\/\/websjop.afuk.frl\/wp-content\/uploads\/2025\/12\/Heit-en-mem-online-winter-edysje-scaled.jpg\" \/>\n\t<meta property=\"og:image:width\" content=\"1810\" \/>\n\t<meta property=\"og:image:height\" content=\"2560\" \/>\n\t<meta property=\"og:image:type\" content=\"image\/jpeg\" \/>\n<meta name=\"twitter:card\" content=\"summary_large_image\" \/>\n<meta name=\"twitter:label1\" content=\"Geschatte leestijd\" \/>\n\t<meta name=\"twitter:data1\" content=\"3 minuten\" \/>\n<script type=\"application\/ld+json\" class=\"yoast-schema-graph\">{\"@context\":\"https:\\\/\\\/schema.org\",\"@graph\":[{\"@type\":\"WebPage\",\"@id\":\"https:\\\/\\\/websjop.afuk.frl\\\/nl\\\/winkel\\\/heit-en-mem-online-winter-edysje\\\/\",\"url\":\"https:\\\/\\\/websjop.afuk.frl\\\/nl\\\/winkel\\\/heit-en-mem-online-winter-edysje\\\/\",\"name\":\"Fergees heit&mem feestdagen-edysje &#8211; Af\u00fbk Websjop\",\"isPartOf\":{\"@id\":\"https:\\\/\\\/websjop.afuk.frl\\\/nl\\\/#website\"},\"primaryImageOfPage\":{\"@id\":\"https:\\\/\\\/websjop.afuk.frl\\\/nl\\\/winkel\\\/heit-en-mem-online-winter-edysje\\\/#primaryimage\"},\"image\":{\"@id\":\"https:\\\/\\\/websjop.afuk.frl\\\/nl\\\/winkel\\\/heit-en-mem-online-winter-edysje\\\/#primaryimage\"},\"thumbnailUrl\":\"https:\\\/\\\/websjop.afuk.frl\\\/wp-content\\\/uploads\\\/2025\\\/12\\\/Heit-en-mem-online-winter-edysje-scaled.jpg\",\"datePublished\":\"2025-12-15T12:32:53+00:00\",\"dateModified\":\"2026-01-12T10:51:43+00:00\",\"description\":\"heit&mem is een gratis tijdschrift voor ouders en opvoeders in Friesland. Hier vind je een online wintereditie vol met leuke winterartikelen.\",\"breadcrumb\":{\"@id\":\"https:\\\/\\\/websjop.afuk.frl\\\/nl\\\/winkel\\\/heit-en-mem-online-winter-edysje\\\/#breadcrumb\"},\"inLanguage\":\"nl-NL\",\"potentialAction\":[{\"@type\":\"ReadAction\",\"target\":[\"https:\\\/\\\/websjop.afuk.frl\\\/nl\\\/winkel\\\/heit-en-mem-online-winter-edysje\\\/\"]}]},{\"@type\":\"ImageObject\",\"inLanguage\":\"nl-NL\",\"@id\":\"https:\\\/\\\/websjop.afuk.frl\\\/nl\\\/winkel\\\/heit-en-mem-online-winter-edysje\\\/#primaryimage\",\"url\":\"https:\\\/\\\/websjop.afuk.frl\\\/wp-content\\\/uploads\\\/2025\\\/12\\\/Heit-en-mem-online-winter-edysje-scaled.jpg\",\"contentUrl\":\"https:\\\/\\\/websjop.afuk.frl\\\/wp-content\\\/uploads\\\/2025\\\/12\\\/Heit-en-mem-online-winter-edysje-scaled.jpg\",\"width\":1810,\"height\":2560},{\"@type\":\"BreadcrumbList\",\"@id\":\"https:\\\/\\\/websjop.afuk.frl\\\/nl\\\/winkel\\\/heit-en-mem-online-winter-edysje\\\/#breadcrumb\",\"itemListElement\":[{\"@type\":\"ListItem\",\"position\":1,\"name\":\"Home\",\"item\":\"https:\\\/\\\/websjop.afuk.frl\\\/nl\\\/\"},{\"@type\":\"ListItem\",\"position\":2,\"name\":\"Winkel\",\"item\":\"https:\\\/\\\/websjop.afuk.frl\\\/nl\\\/winkel\\\/\"},{\"@type\":\"ListItem\",\"position\":3,\"name\":\"heit en mem online winteredysje\"}]},{\"@type\":\"WebSite\",\"@id\":\"https:\\\/\\\/websjop.afuk.frl\\\/nl\\\/#website\",\"url\":\"https:\\\/\\\/websjop.afuk.frl\\\/nl\\\/\",\"name\":\"Af\u00fbk Websjop\",\"description\":\"\",\"potentialAction\":[{\"@type\":\"SearchAction\",\"target\":{\"@type\":\"EntryPoint\",\"urlTemplate\":\"https:\\\/\\\/websjop.afuk.frl\\\/nl\\\/?s={search_term_string}\"},\"query-input\":{\"@type\":\"PropertyValueSpecification\",\"valueRequired\":true,\"valueName\":\"search_term_string\"}}],\"inLanguage\":\"nl-NL\"}]}<\/script>\n<!-- \/ Yoast SEO plugin. -->","yoast_head_json":{"title":"Fergees heit&mem feestdagen-edysje &#8211; Af\u00fbk Websjop","description":"heit&mem is een gratis tijdschrift voor ouders en opvoeders in Friesland. Hier vind je een online wintereditie vol met leuke winterartikelen.","robots":{"index":"index","follow":"follow","max-snippet":"max-snippet:-1","max-image-preview":"max-image-preview:large","max-video-preview":"max-video-preview:-1"},"canonical":"https:\/\/websjop.afuk.frl\/nl\/winkel\/heit-en-mem-online-winter-edysje\/","og_locale":"nl_NL","og_type":"article","og_title":"Fergees heit&mem feestdagen-edysje &#8211; Af\u00fbk Websjop","og_description":"heit&mem is een gratis tijdschrift voor ouders en opvoeders in Friesland. Hier vind je een online wintereditie vol met leuke winterartikelen.","og_url":"https:\/\/websjop.afuk.frl\/nl\/winkel\/heit-en-mem-online-winter-edysje\/","og_site_name":"Af\u00fbk Websjop","article_modified_time":"2026-01-12T10:51:43+00:00","og_image":[{"width":1810,"height":2560,"url":"https:\/\/websjop.afuk.frl\/wp-content\/uploads\/2025\/12\/Heit-en-mem-online-winter-edysje-scaled.jpg","type":"image\/jpeg"}],"twitter_card":"summary_large_image","twitter_misc":{"Geschatte leestijd":"3 minuten"},"schema":{"@context":"https:\/\/schema.org","@graph":[{"@type":"WebPage","@id":"https:\/\/websjop.afuk.frl\/nl\/winkel\/heit-en-mem-online-winter-edysje\/","url":"https:\/\/websjop.afuk.frl\/nl\/winkel\/heit-en-mem-online-winter-edysje\/","name":"Fergees heit&mem feestdagen-edysje &#8211; Af\u00fbk Websjop","isPartOf":{"@id":"https:\/\/websjop.afuk.frl\/nl\/#website"},"primaryImageOfPage":{"@id":"https:\/\/websjop.afuk.frl\/nl\/winkel\/heit-en-mem-online-winter-edysje\/#primaryimage"},"image":{"@id":"https:\/\/websjop.afuk.frl\/nl\/winkel\/heit-en-mem-online-winter-edysje\/#primaryimage"},"thumbnailUrl":"https:\/\/websjop.afuk.frl\/wp-content\/uploads\/2025\/12\/Heit-en-mem-online-winter-edysje-scaled.jpg","datePublished":"2025-12-15T12:32:53+00:00","dateModified":"2026-01-12T10:51:43+00:00","description":"heit&mem is een gratis tijdschrift voor ouders en opvoeders in Friesland. Hier vind je een online wintereditie vol met leuke winterartikelen.","breadcrumb":{"@id":"https:\/\/websjop.afuk.frl\/nl\/winkel\/heit-en-mem-online-winter-edysje\/#breadcrumb"},"inLanguage":"nl-NL","potentialAction":[{"@type":"ReadAction","target":["https:\/\/websjop.afuk.frl\/nl\/winkel\/heit-en-mem-online-winter-edysje\/"]}]},{"@type":"ImageObject","inLanguage":"nl-NL","@id":"https:\/\/websjop.afuk.frl\/nl\/winkel\/heit-en-mem-online-winter-edysje\/#primaryimage","url":"https:\/\/websjop.afuk.frl\/wp-content\/uploads\/2025\/12\/Heit-en-mem-online-winter-edysje-scaled.jpg","contentUrl":"https:\/\/websjop.afuk.frl\/wp-content\/uploads\/2025\/12\/Heit-en-mem-online-winter-edysje-scaled.jpg","width":1810,"height":2560},{"@type":"BreadcrumbList","@id":"https:\/\/websjop.afuk.frl\/nl\/winkel\/heit-en-mem-online-winter-edysje\/#breadcrumb","itemListElement":[{"@type":"ListItem","position":1,"name":"Home","item":"https:\/\/websjop.afuk.frl\/nl\/"},{"@type":"ListItem","position":2,"name":"Winkel","item":"https:\/\/websjop.afuk.frl\/nl\/winkel\/"},{"@type":"ListItem","position":3,"name":"heit en mem online winteredysje"}]},{"@type":"WebSite","@id":"https:\/\/websjop.afuk.frl\/nl\/#website","url":"https:\/\/websjop.afuk.frl\/nl\/","name":"Af\u00fbk Websjop","description":"","potentialAction":[{"@type":"SearchAction","target":{"@type":"EntryPoint","urlTemplate":"https:\/\/websjop.afuk.frl\/nl\/?s={search_term_string}"},"query-input":{"@type":"PropertyValueSpecification","valueRequired":true,"valueName":"search_term_string"}}],"inLanguage":"nl-NL"}]}},"_links":{"self":[{"href":"https:\/\/websjop.afuk.frl\/nl\/wp-json\/wp\/v2\/product\/51986","targetHints":{"allow":["GET"]}}],"collection":[{"href":"https:\/\/websjop.afuk.frl\/nl\/wp-json\/wp\/v2\/product"}],"about":[{"href":"https:\/\/websjop.afuk.frl\/nl\/wp-json\/wp\/v2\/types\/product"}],"replies":[{"embeddable":true,"href":"https:\/\/websjop.afuk.frl\/nl\/wp-json\/wp\/v2\/comments?post=51986"}],"wp:featuredmedia":[{"embeddable":true,"href":"https:\/\/websjop.afuk.frl\/nl\/wp-json\/wp\/v2\/media\/51987"}],"wp:attachment":[{"href":"https:\/\/websjop.afuk.frl\/nl\/wp-json\/wp\/v2\/media?parent=51986"}],"wp:term":[{"taxonomy":"product_brand","embeddable":true,"href":"https:\/\/websjop.afuk.frl\/nl\/wp-json\/wp\/v2\/product_brand?post=51986"},{"taxonomy":"product_cat","embeddable":true,"href":"https:\/\/websjop.afuk.frl\/nl\/wp-json\/wp\/v2\/product_cat?post=51986"},{"taxonomy":"product_tag","embeddable":true,"href":"https:\/\/websjop.afuk.frl\/nl\/wp-json\/wp\/v2\/product_tag?post=51986"}],"curies":[{"name":"wp","href":"https:\/\/api.w.org\/{rel}","templated":true}]}}