{"id":51783,"date":"2025-11-03T10:27:27","date_gmt":"2025-11-03T09:27:27","guid":{"rendered":"https:\/\/websjop.afuk.frl\/frl\/?post_type=product&#038;p=51783"},"modified":"2025-12-16T10:43:54","modified_gmt":"2025-12-16T09:43:54","slug":"kondoleansjekaart-foar-dy-wie-hy-dyn-wrald-griene-kaart","status":"publish","type":"product","link":"https:\/\/websjop.afuk.frl\/nl\/winkel\/kondoleansjekaart-foar-dy-wie-hy-dyn-wrald-griene-kaart\/","title":{"rendered":"Kondole\u00e2nsjekaart: foar dy wie hy dyn wr\u00e2ld. (effen griene kaart)"},"content":{"rendered":"<p>Friese condoleancekaart \/rouwkaart met Friese tekst: foar dy wie hy dyn wr\u00e2ld.<\/p>\n","protected":false},"excerpt":{"rendered":"<p>Friese condoleancekaart \/rouwkaart met Friese tekst: foar dy wie hy dyn wr\u00e2ld.<\/p>\n","protected":false},"featured_media":51784,"comment_status":"closed","ping_status":"closed","template":"","meta":{"_acf_changed":false},"product_brand":[],"product_cat":[1242,565,21649],"product_tag":[23923,8617,16950,17085,5567,17018,17086],"class_list":{"0":"post-51783","1":"product","2":"type-product","3":"status-publish","4":"has-post-thumbnail","6":"product_cat-fryske-kaarten","7":"product_cat-friese-producten","8":"product_cat-rou","9":"product_tag-condolatie","10":"product_tag-heit","11":"product_tag-kondoleansekaart","12":"product_tag-papa","13":"product_tag-rou","14":"product_tag-rouw","15":"product_tag-vader","17":"first","18":"instock","19":"taxable","20":"shipping-taxable","21":"purchasable","22":"product-type-simple"},"acf":[],"yoast_head":"<!-- This site is optimized with the Yoast SEO plugin v27.3 - https:\/\/yoast.com\/product\/yoast-seo-wordpress\/ -->\n<title>Kondole\u00e2nsjekaart: foar dy wie hy dyn wr\u00e2ld. (effen griene kaart) &#8211; Af\u00fbk Websjop<\/title>\n<meta name=\"description\" content=\"Friese condoleancekaart over een vader. Voor de wereld was hij je vader, voor jou was hij jouw wereld. Kijk hier voor meer Friese rouwkaarten.\" \/>\n<meta name=\"robots\" content=\"index, follow, max-snippet:-1, max-image-preview:large, max-video-preview:-1\" \/>\n<link rel=\"canonical\" href=\"https:\/\/websjop.afuk.frl\/nl\/winkel\/kondoleansjekaart-foar-dy-wie-hy-dyn-wrald-griene-kaart\/\" \/>\n<meta property=\"og:locale\" content=\"nl_NL\" \/>\n<meta property=\"og:type\" content=\"article\" \/>\n<meta property=\"og:title\" content=\"Kondole\u00e2nsjekaart: foar dy wie hy dyn wr\u00e2ld. (effen griene kaart) &#8211; Af\u00fbk Websjop\" \/>\n<meta property=\"og:description\" content=\"Friese condoleancekaart over een vader. Voor de wereld was hij je vader, voor jou was hij jouw wereld. Kijk hier voor meer Friese rouwkaarten.\" \/>\n<meta property=\"og:url\" content=\"https:\/\/websjop.afuk.frl\/nl\/winkel\/kondoleansjekaart-foar-dy-wie-hy-dyn-wrald-griene-kaart\/\" \/>\n<meta property=\"og:site_name\" content=\"Af\u00fbk Websjop\" \/>\n<meta property=\"article:modified_time\" content=\"2025-12-16T09:43:54+00:00\" \/>\n<meta property=\"og:image\" content=\"https:\/\/websjop.afuk.frl\/wp-content\/uploads\/2025\/12\/bestelling-begjin-desimber-202512.jpg\" \/>\n\t<meta property=\"og:image:width\" content=\"1240\" \/>\n\t<meta property=\"og:image:height\" content=\"1748\" \/>\n\t<meta property=\"og:image:type\" content=\"image\/jpeg\" \/>\n<meta name=\"twitter:card\" content=\"summary_large_image\" \/>\n<meta name=\"twitter:label1\" content=\"Geschatte leestijd\" \/>\n\t<meta name=\"twitter:data1\" content=\"1 minuut\" \/>\n<script type=\"application\/ld+json\" class=\"yoast-schema-graph\">{\"@context\":\"https:\\\/\\\/schema.org\",\"@graph\":[{\"@type\":\"WebPage\",\"@id\":\"https:\\\/\\\/websjop.afuk.frl\\\/nl\\\/winkel\\\/kondoleansjekaart-foar-dy-wie-hy-dyn-wrald-griene-kaart\\\/\",\"url\":\"https:\\\/\\\/websjop.afuk.frl\\\/nl\\\/winkel\\\/kondoleansjekaart-foar-dy-wie-hy-dyn-wrald-griene-kaart\\\/\",\"name\":\"Kondole\u00e2nsjekaart: foar dy wie hy dyn wr\u00e2ld. (effen griene kaart) &#8211; Af\u00fbk Websjop\",\"isPartOf\":{\"@id\":\"https:\\\/\\\/websjop.afuk.frl\\\/nl\\\/#website\"},\"primaryImageOfPage\":{\"@id\":\"https:\\\/\\\/websjop.afuk.frl\\\/nl\\\/winkel\\\/kondoleansjekaart-foar-dy-wie-hy-dyn-wrald-griene-kaart\\\/#primaryimage\"},\"image\":{\"@id\":\"https:\\\/\\\/websjop.afuk.frl\\\/nl\\\/winkel\\\/kondoleansjekaart-foar-dy-wie-hy-dyn-wrald-griene-kaart\\\/#primaryimage\"},\"thumbnailUrl\":\"https:\\\/\\\/websjop.afuk.frl\\\/wp-content\\\/uploads\\\/2025\\\/12\\\/bestelling-begjin-desimber-202512.jpg\",\"datePublished\":\"2025-11-03T09:27:27+00:00\",\"dateModified\":\"2025-12-16T09:43:54+00:00\",\"description\":\"Friese condoleancekaart over een vader. Voor de wereld was hij je vader, voor jou was hij jouw wereld. Kijk hier voor meer Friese rouwkaarten.\",\"breadcrumb\":{\"@id\":\"https:\\\/\\\/websjop.afuk.frl\\\/nl\\\/winkel\\\/kondoleansjekaart-foar-dy-wie-hy-dyn-wrald-griene-kaart\\\/#breadcrumb\"},\"inLanguage\":\"nl-NL\",\"potentialAction\":[{\"@type\":\"ReadAction\",\"target\":[\"https:\\\/\\\/websjop.afuk.frl\\\/nl\\\/winkel\\\/kondoleansjekaart-foar-dy-wie-hy-dyn-wrald-griene-kaart\\\/\"]}]},{\"@type\":\"ImageObject\",\"inLanguage\":\"nl-NL\",\"@id\":\"https:\\\/\\\/websjop.afuk.frl\\\/nl\\\/winkel\\\/kondoleansjekaart-foar-dy-wie-hy-dyn-wrald-griene-kaart\\\/#primaryimage\",\"url\":\"https:\\\/\\\/websjop.afuk.frl\\\/wp-content\\\/uploads\\\/2025\\\/12\\\/bestelling-begjin-desimber-202512.jpg\",\"contentUrl\":\"https:\\\/\\\/websjop.afuk.frl\\\/wp-content\\\/uploads\\\/2025\\\/12\\\/bestelling-begjin-desimber-202512.jpg\",\"width\":1240,\"height\":1748},{\"@type\":\"BreadcrumbList\",\"@id\":\"https:\\\/\\\/websjop.afuk.frl\\\/nl\\\/winkel\\\/kondoleansjekaart-foar-dy-wie-hy-dyn-wrald-griene-kaart\\\/#breadcrumb\",\"itemListElement\":[{\"@type\":\"ListItem\",\"position\":1,\"name\":\"Home\",\"item\":\"https:\\\/\\\/websjop.afuk.frl\\\/nl\\\/\"},{\"@type\":\"ListItem\",\"position\":2,\"name\":\"Winkel\",\"item\":\"https:\\\/\\\/websjop.afuk.frl\\\/nl\\\/winkel\\\/\"},{\"@type\":\"ListItem\",\"position\":3,\"name\":\"Kondole\u00e2nsjekaart: foar dy wie hy dyn wr\u00e2ld. (effen griene kaart)\"}]},{\"@type\":\"WebSite\",\"@id\":\"https:\\\/\\\/websjop.afuk.frl\\\/nl\\\/#website\",\"url\":\"https:\\\/\\\/websjop.afuk.frl\\\/nl\\\/\",\"name\":\"Af\u00fbk Websjop\",\"description\":\"\",\"potentialAction\":[{\"@type\":\"SearchAction\",\"target\":{\"@type\":\"EntryPoint\",\"urlTemplate\":\"https:\\\/\\\/websjop.afuk.frl\\\/nl\\\/?s={search_term_string}\"},\"query-input\":{\"@type\":\"PropertyValueSpecification\",\"valueRequired\":true,\"valueName\":\"search_term_string\"}}],\"inLanguage\":\"nl-NL\"}]}<\/script>\n<!-- \/ Yoast SEO plugin. -->","yoast_head_json":{"title":"Kondole\u00e2nsjekaart: foar dy wie hy dyn wr\u00e2ld. (effen griene kaart) &#8211; Af\u00fbk Websjop","description":"Friese condoleancekaart over een vader. Voor de wereld was hij je vader, voor jou was hij jouw wereld. Kijk hier voor meer Friese rouwkaarten.","robots":{"index":"index","follow":"follow","max-snippet":"max-snippet:-1","max-image-preview":"max-image-preview:large","max-video-preview":"max-video-preview:-1"},"canonical":"https:\/\/websjop.afuk.frl\/nl\/winkel\/kondoleansjekaart-foar-dy-wie-hy-dyn-wrald-griene-kaart\/","og_locale":"nl_NL","og_type":"article","og_title":"Kondole\u00e2nsjekaart: foar dy wie hy dyn wr\u00e2ld. (effen griene kaart) &#8211; Af\u00fbk Websjop","og_description":"Friese condoleancekaart over een vader. Voor de wereld was hij je vader, voor jou was hij jouw wereld. Kijk hier voor meer Friese rouwkaarten.","og_url":"https:\/\/websjop.afuk.frl\/nl\/winkel\/kondoleansjekaart-foar-dy-wie-hy-dyn-wrald-griene-kaart\/","og_site_name":"Af\u00fbk Websjop","article_modified_time":"2025-12-16T09:43:54+00:00","og_image":[{"width":1240,"height":1748,"url":"https:\/\/websjop.afuk.frl\/wp-content\/uploads\/2025\/12\/bestelling-begjin-desimber-202512.jpg","type":"image\/jpeg"}],"twitter_card":"summary_large_image","twitter_misc":{"Geschatte leestijd":"1 minuut"},"schema":{"@context":"https:\/\/schema.org","@graph":[{"@type":"WebPage","@id":"https:\/\/websjop.afuk.frl\/nl\/winkel\/kondoleansjekaart-foar-dy-wie-hy-dyn-wrald-griene-kaart\/","url":"https:\/\/websjop.afuk.frl\/nl\/winkel\/kondoleansjekaart-foar-dy-wie-hy-dyn-wrald-griene-kaart\/","name":"Kondole\u00e2nsjekaart: foar dy wie hy dyn wr\u00e2ld. (effen griene kaart) &#8211; Af\u00fbk Websjop","isPartOf":{"@id":"https:\/\/websjop.afuk.frl\/nl\/#website"},"primaryImageOfPage":{"@id":"https:\/\/websjop.afuk.frl\/nl\/winkel\/kondoleansjekaart-foar-dy-wie-hy-dyn-wrald-griene-kaart\/#primaryimage"},"image":{"@id":"https:\/\/websjop.afuk.frl\/nl\/winkel\/kondoleansjekaart-foar-dy-wie-hy-dyn-wrald-griene-kaart\/#primaryimage"},"thumbnailUrl":"https:\/\/websjop.afuk.frl\/wp-content\/uploads\/2025\/12\/bestelling-begjin-desimber-202512.jpg","datePublished":"2025-11-03T09:27:27+00:00","dateModified":"2025-12-16T09:43:54+00:00","description":"Friese condoleancekaart over een vader. Voor de wereld was hij je vader, voor jou was hij jouw wereld. Kijk hier voor meer Friese rouwkaarten.","breadcrumb":{"@id":"https:\/\/websjop.afuk.frl\/nl\/winkel\/kondoleansjekaart-foar-dy-wie-hy-dyn-wrald-griene-kaart\/#breadcrumb"},"inLanguage":"nl-NL","potentialAction":[{"@type":"ReadAction","target":["https:\/\/websjop.afuk.frl\/nl\/winkel\/kondoleansjekaart-foar-dy-wie-hy-dyn-wrald-griene-kaart\/"]}]},{"@type":"ImageObject","inLanguage":"nl-NL","@id":"https:\/\/websjop.afuk.frl\/nl\/winkel\/kondoleansjekaart-foar-dy-wie-hy-dyn-wrald-griene-kaart\/#primaryimage","url":"https:\/\/websjop.afuk.frl\/wp-content\/uploads\/2025\/12\/bestelling-begjin-desimber-202512.jpg","contentUrl":"https:\/\/websjop.afuk.frl\/wp-content\/uploads\/2025\/12\/bestelling-begjin-desimber-202512.jpg","width":1240,"height":1748},{"@type":"BreadcrumbList","@id":"https:\/\/websjop.afuk.frl\/nl\/winkel\/kondoleansjekaart-foar-dy-wie-hy-dyn-wrald-griene-kaart\/#breadcrumb","itemListElement":[{"@type":"ListItem","position":1,"name":"Home","item":"https:\/\/websjop.afuk.frl\/nl\/"},{"@type":"ListItem","position":2,"name":"Winkel","item":"https:\/\/websjop.afuk.frl\/nl\/winkel\/"},{"@type":"ListItem","position":3,"name":"Kondole\u00e2nsjekaart: foar dy wie hy dyn wr\u00e2ld. (effen griene kaart)"}]},{"@type":"WebSite","@id":"https:\/\/websjop.afuk.frl\/nl\/#website","url":"https:\/\/websjop.afuk.frl\/nl\/","name":"Af\u00fbk Websjop","description":"","potentialAction":[{"@type":"SearchAction","target":{"@type":"EntryPoint","urlTemplate":"https:\/\/websjop.afuk.frl\/nl\/?s={search_term_string}"},"query-input":{"@type":"PropertyValueSpecification","valueRequired":true,"valueName":"search_term_string"}}],"inLanguage":"nl-NL"}]}},"_links":{"self":[{"href":"https:\/\/websjop.afuk.frl\/nl\/wp-json\/wp\/v2\/product\/51783","targetHints":{"allow":["GET"]}}],"collection":[{"href":"https:\/\/websjop.afuk.frl\/nl\/wp-json\/wp\/v2\/product"}],"about":[{"href":"https:\/\/websjop.afuk.frl\/nl\/wp-json\/wp\/v2\/types\/product"}],"replies":[{"embeddable":true,"href":"https:\/\/websjop.afuk.frl\/nl\/wp-json\/wp\/v2\/comments?post=51783"}],"wp:featuredmedia":[{"embeddable":true,"href":"https:\/\/websjop.afuk.frl\/nl\/wp-json\/wp\/v2\/media\/51784"}],"wp:attachment":[{"href":"https:\/\/websjop.afuk.frl\/nl\/wp-json\/wp\/v2\/media?parent=51783"}],"wp:term":[{"taxonomy":"product_brand","embeddable":true,"href":"https:\/\/websjop.afuk.frl\/nl\/wp-json\/wp\/v2\/product_brand?post=51783"},{"taxonomy":"product_cat","embeddable":true,"href":"https:\/\/websjop.afuk.frl\/nl\/wp-json\/wp\/v2\/product_cat?post=51783"},{"taxonomy":"product_tag","embeddable":true,"href":"https:\/\/websjop.afuk.frl\/nl\/wp-json\/wp\/v2\/product_tag?post=51783"}],"curies":[{"name":"wp","href":"https:\/\/api.w.org\/{rel}","templated":true}]}}