{"id":51609,"date":"2025-11-27T09:56:04","date_gmt":"2025-11-27T08:56:04","guid":{"rendered":"https:\/\/websjop.afuk.frl\/frl\/?post_type=product&#038;p=51609"},"modified":"2026-02-01T17:45:21","modified_gmt":"2026-02-01T16:45:21","slug":"lekker-franekers-resepten-ut-ut-hart-fan-franeker","status":"publish","type":"product","link":"https:\/\/websjop.afuk.frl\/nl\/winkel\/lekker-franekers-resepten-ut-ut-hart-fan-franeker\/","title":{"rendered":"Lekker Franekers &#8211; Resepten \u00fat ut hart fan Franeker"},"content":{"rendered":"<p>At je suksesfol weze wille in de dingen dy&#8217;t je do\u00ebn, dan komt der emoasy en passy om de hoeke kiken. Su is ut ok met koken&#8230; Koken is emoasy en passy! At der geen emoasy en passy is, dan nimme de sintugen dat ok waar. Earluk waar, dat kin je pro\u00eave! Dat is nou krek ut stukje lyfde dat der in un gerecht sitte mutte s\u00fa. Ut s\u00fa nyt su weze m\u00e2ge dat koken un ferplicht nummer wurdt. Koke met passy, met goeie ingredi\u00ebnten, dat is leuk!<\/p>\n<p>As geboaren Franeker bin ik groats op disse st\u00e2d, hur inwoaners en seker ok op de taal dy&#8217;t we prate. Ut f\u00e2stl\u00eagen fan ut Franeker dialekt in dit kookboek was foar mij seker un middel w\u00eardeur \u00f4ns taaltsy mear erkenning en wardearing krije sil. Butendat mutte alle meensen ete. Dus at je ut een met ut ander kombineare kinne dan is dat mooi metnommen.<\/p>\n<p>Ut is geen alledaags kookboek wurden. Ut binne resepten fan lekkere dingen w\u00earfan de meestenok n\u00f2g nyt eens su moeiluk te maken binne. En boven elk resept staat un klein ferhaaltsy. In ut Franekers dialekt fanself! Gewoan grappug en lekker. Met kulin\u00eare gro\u00ebt, Maartje Nauta.<\/p>\n","protected":false},"excerpt":{"rendered":"<p>At je suksesfol weze wille in de dingen dy&#8217;t je do\u00ebn, dan komt der emoasy en passy om de hoeke kiken. Su is ut ok met koken&#8230; Koken is emoasy en passy! At der geen emoasy en passy is, dan nimme de sintugen dat ok waar. Earluk waar, dat kin je pro\u00eave! Dat is nou [&hellip;]<\/p>\n","protected":false},"featured_media":51610,"comment_status":"closed","ping_status":"closed","template":"","meta":{"_acf_changed":false},"product_brand":[],"product_cat":[545,535,555,1054,1255,7977],"product_tag":[24539,15975,21324,24538,24540,15974],"class_list":{"0":"post-51609","1":"product","2":"type-product","3":"status-publish","4":"has-post-thumbnail","6":"product_cat-fotoboeken","7":"product_cat-fryske-boeken","8":"product_cat-hobby","9":"product_cat-itensiede","10":"product_cat-kado-s-foar-de-feestdagen","11":"product_cat-krystkados","12":"product_tag-franeker-dialect","13":"product_tag-itensiede","14":"product_tag-kookboek","15":"product_tag-lekker-franekers","16":"product_tag-maartje-nauta","17":"product_tag-recepten","18":"product_shipping_class-brievenbus-verzending","19":"pa_auteur-maartje-nauta","20":"pa_isbn-24537","21":"pa_new-label-1-3","22":"pa_taal-franekers","23":"pa_uitgever-genoatskap-foar-ut-behoud-fan-ut-franekers","25":"first","26":"instock","27":"taxable","28":"shipping-taxable","29":"purchasable","30":"product-type-simple"},"acf":[],"yoast_head":"<!-- This site is optimized with the Yoast SEO plugin v27.3 - https:\/\/yoast.com\/product\/yoast-seo-wordpress\/ -->\n<title>Lekker Franekers - Resepten \u00fat ut hart fan Franeker &#8211; Af\u00fbk Websjop<\/title>\n<meta name=\"description\" content=\"Lekker Franekers is een kookboek met lekkere recepten &#039;\u00fat ut hart fan Franeker&#039; en geschreven in het Franeker dialect door Maartje Nauta.\" \/>\n<meta name=\"robots\" content=\"index, follow, max-snippet:-1, max-image-preview:large, max-video-preview:-1\" \/>\n<link rel=\"canonical\" href=\"https:\/\/websjop.afuk.frl\/nl\/winkel\/lekker-franekers-resepten-ut-ut-hart-fan-franeker\/\" \/>\n<meta property=\"og:locale\" content=\"nl_NL\" \/>\n<meta property=\"og:type\" content=\"article\" \/>\n<meta property=\"og:title\" content=\"Lekker Franekers - Resepten \u00fat ut hart fan Franeker &#8211; Af\u00fbk Websjop\" \/>\n<meta property=\"og:description\" content=\"Lekker Franekers is een kookboek met lekkere recepten &#039;\u00fat ut hart fan Franeker&#039; en geschreven in het Franeker dialect door Maartje Nauta.\" \/>\n<meta property=\"og:url\" content=\"https:\/\/websjop.afuk.frl\/nl\/winkel\/lekker-franekers-resepten-ut-ut-hart-fan-franeker\/\" \/>\n<meta property=\"og:site_name\" content=\"Af\u00fbk Websjop\" \/>\n<meta property=\"article:modified_time\" content=\"2026-02-01T16:45:21+00:00\" \/>\n<meta property=\"og:image\" content=\"https:\/\/websjop.afuk.frl\/wp-content\/uploads\/2025\/11\/Lekker-franekers.jpg\" \/>\n\t<meta property=\"og:image:width\" content=\"800\" \/>\n\t<meta property=\"og:image:height\" content=\"560\" \/>\n\t<meta property=\"og:image:type\" content=\"image\/jpeg\" \/>\n<meta name=\"twitter:card\" content=\"summary_large_image\" \/>\n<meta name=\"twitter:label1\" content=\"Geschatte leestijd\" \/>\n\t<meta name=\"twitter:data1\" content=\"2 minuten\" \/>\n<script type=\"application\/ld+json\" class=\"yoast-schema-graph\">{\"@context\":\"https:\\\/\\\/schema.org\",\"@graph\":[{\"@type\":\"WebPage\",\"@id\":\"https:\\\/\\\/websjop.afuk.frl\\\/nl\\\/winkel\\\/lekker-franekers-resepten-ut-ut-hart-fan-franeker\\\/\",\"url\":\"https:\\\/\\\/websjop.afuk.frl\\\/nl\\\/winkel\\\/lekker-franekers-resepten-ut-ut-hart-fan-franeker\\\/\",\"name\":\"Lekker Franekers - Resepten \u00fat ut hart fan Franeker &#8211; Af\u00fbk Websjop\",\"isPartOf\":{\"@id\":\"https:\\\/\\\/websjop.afuk.frl\\\/nl\\\/#website\"},\"primaryImageOfPage\":{\"@id\":\"https:\\\/\\\/websjop.afuk.frl\\\/nl\\\/winkel\\\/lekker-franekers-resepten-ut-ut-hart-fan-franeker\\\/#primaryimage\"},\"image\":{\"@id\":\"https:\\\/\\\/websjop.afuk.frl\\\/nl\\\/winkel\\\/lekker-franekers-resepten-ut-ut-hart-fan-franeker\\\/#primaryimage\"},\"thumbnailUrl\":\"https:\\\/\\\/websjop.afuk.frl\\\/wp-content\\\/uploads\\\/2025\\\/11\\\/Lekker-franekers.jpg\",\"datePublished\":\"2025-11-27T08:56:04+00:00\",\"dateModified\":\"2026-02-01T16:45:21+00:00\",\"description\":\"Lekker Franekers is een kookboek met lekkere recepten '\u00fat ut hart fan Franeker' en geschreven in het Franeker dialect door Maartje Nauta.\",\"breadcrumb\":{\"@id\":\"https:\\\/\\\/websjop.afuk.frl\\\/nl\\\/winkel\\\/lekker-franekers-resepten-ut-ut-hart-fan-franeker\\\/#breadcrumb\"},\"inLanguage\":\"nl-NL\",\"potentialAction\":[{\"@type\":\"ReadAction\",\"target\":[\"https:\\\/\\\/websjop.afuk.frl\\\/nl\\\/winkel\\\/lekker-franekers-resepten-ut-ut-hart-fan-franeker\\\/\"]}]},{\"@type\":\"ImageObject\",\"inLanguage\":\"nl-NL\",\"@id\":\"https:\\\/\\\/websjop.afuk.frl\\\/nl\\\/winkel\\\/lekker-franekers-resepten-ut-ut-hart-fan-franeker\\\/#primaryimage\",\"url\":\"https:\\\/\\\/websjop.afuk.frl\\\/wp-content\\\/uploads\\\/2025\\\/11\\\/Lekker-franekers.jpg\",\"contentUrl\":\"https:\\\/\\\/websjop.afuk.frl\\\/wp-content\\\/uploads\\\/2025\\\/11\\\/Lekker-franekers.jpg\",\"width\":800,\"height\":560},{\"@type\":\"BreadcrumbList\",\"@id\":\"https:\\\/\\\/websjop.afuk.frl\\\/nl\\\/winkel\\\/lekker-franekers-resepten-ut-ut-hart-fan-franeker\\\/#breadcrumb\",\"itemListElement\":[{\"@type\":\"ListItem\",\"position\":1,\"name\":\"Home\",\"item\":\"https:\\\/\\\/websjop.afuk.frl\\\/nl\\\/\"},{\"@type\":\"ListItem\",\"position\":2,\"name\":\"Winkel\",\"item\":\"https:\\\/\\\/websjop.afuk.frl\\\/nl\\\/winkel\\\/\"},{\"@type\":\"ListItem\",\"position\":3,\"name\":\"Lekker Franekers &#8211; Resepten \u00fat ut hart fan Franeker\"}]},{\"@type\":\"WebSite\",\"@id\":\"https:\\\/\\\/websjop.afuk.frl\\\/nl\\\/#website\",\"url\":\"https:\\\/\\\/websjop.afuk.frl\\\/nl\\\/\",\"name\":\"Af\u00fbk Websjop\",\"description\":\"\",\"potentialAction\":[{\"@type\":\"SearchAction\",\"target\":{\"@type\":\"EntryPoint\",\"urlTemplate\":\"https:\\\/\\\/websjop.afuk.frl\\\/nl\\\/?s={search_term_string}\"},\"query-input\":{\"@type\":\"PropertyValueSpecification\",\"valueRequired\":true,\"valueName\":\"search_term_string\"}}],\"inLanguage\":\"nl-NL\"}]}<\/script>\n<!-- \/ Yoast SEO plugin. -->","yoast_head_json":{"title":"Lekker Franekers - Resepten \u00fat ut hart fan Franeker &#8211; Af\u00fbk Websjop","description":"Lekker Franekers is een kookboek met lekkere recepten '\u00fat ut hart fan Franeker' en geschreven in het Franeker dialect door Maartje Nauta.","robots":{"index":"index","follow":"follow","max-snippet":"max-snippet:-1","max-image-preview":"max-image-preview:large","max-video-preview":"max-video-preview:-1"},"canonical":"https:\/\/websjop.afuk.frl\/nl\/winkel\/lekker-franekers-resepten-ut-ut-hart-fan-franeker\/","og_locale":"nl_NL","og_type":"article","og_title":"Lekker Franekers - Resepten \u00fat ut hart fan Franeker &#8211; Af\u00fbk Websjop","og_description":"Lekker Franekers is een kookboek met lekkere recepten '\u00fat ut hart fan Franeker' en geschreven in het Franeker dialect door Maartje Nauta.","og_url":"https:\/\/websjop.afuk.frl\/nl\/winkel\/lekker-franekers-resepten-ut-ut-hart-fan-franeker\/","og_site_name":"Af\u00fbk Websjop","article_modified_time":"2026-02-01T16:45:21+00:00","og_image":[{"width":800,"height":560,"url":"https:\/\/websjop.afuk.frl\/wp-content\/uploads\/2025\/11\/Lekker-franekers.jpg","type":"image\/jpeg"}],"twitter_card":"summary_large_image","twitter_misc":{"Geschatte leestijd":"2 minuten"},"schema":{"@context":"https:\/\/schema.org","@graph":[{"@type":"WebPage","@id":"https:\/\/websjop.afuk.frl\/nl\/winkel\/lekker-franekers-resepten-ut-ut-hart-fan-franeker\/","url":"https:\/\/websjop.afuk.frl\/nl\/winkel\/lekker-franekers-resepten-ut-ut-hart-fan-franeker\/","name":"Lekker Franekers - Resepten \u00fat ut hart fan Franeker &#8211; Af\u00fbk Websjop","isPartOf":{"@id":"https:\/\/websjop.afuk.frl\/nl\/#website"},"primaryImageOfPage":{"@id":"https:\/\/websjop.afuk.frl\/nl\/winkel\/lekker-franekers-resepten-ut-ut-hart-fan-franeker\/#primaryimage"},"image":{"@id":"https:\/\/websjop.afuk.frl\/nl\/winkel\/lekker-franekers-resepten-ut-ut-hart-fan-franeker\/#primaryimage"},"thumbnailUrl":"https:\/\/websjop.afuk.frl\/wp-content\/uploads\/2025\/11\/Lekker-franekers.jpg","datePublished":"2025-11-27T08:56:04+00:00","dateModified":"2026-02-01T16:45:21+00:00","description":"Lekker Franekers is een kookboek met lekkere recepten '\u00fat ut hart fan Franeker' en geschreven in het Franeker dialect door Maartje Nauta.","breadcrumb":{"@id":"https:\/\/websjop.afuk.frl\/nl\/winkel\/lekker-franekers-resepten-ut-ut-hart-fan-franeker\/#breadcrumb"},"inLanguage":"nl-NL","potentialAction":[{"@type":"ReadAction","target":["https:\/\/websjop.afuk.frl\/nl\/winkel\/lekker-franekers-resepten-ut-ut-hart-fan-franeker\/"]}]},{"@type":"ImageObject","inLanguage":"nl-NL","@id":"https:\/\/websjop.afuk.frl\/nl\/winkel\/lekker-franekers-resepten-ut-ut-hart-fan-franeker\/#primaryimage","url":"https:\/\/websjop.afuk.frl\/wp-content\/uploads\/2025\/11\/Lekker-franekers.jpg","contentUrl":"https:\/\/websjop.afuk.frl\/wp-content\/uploads\/2025\/11\/Lekker-franekers.jpg","width":800,"height":560},{"@type":"BreadcrumbList","@id":"https:\/\/websjop.afuk.frl\/nl\/winkel\/lekker-franekers-resepten-ut-ut-hart-fan-franeker\/#breadcrumb","itemListElement":[{"@type":"ListItem","position":1,"name":"Home","item":"https:\/\/websjop.afuk.frl\/nl\/"},{"@type":"ListItem","position":2,"name":"Winkel","item":"https:\/\/websjop.afuk.frl\/nl\/winkel\/"},{"@type":"ListItem","position":3,"name":"Lekker Franekers &#8211; Resepten \u00fat ut hart fan Franeker"}]},{"@type":"WebSite","@id":"https:\/\/websjop.afuk.frl\/nl\/#website","url":"https:\/\/websjop.afuk.frl\/nl\/","name":"Af\u00fbk Websjop","description":"","potentialAction":[{"@type":"SearchAction","target":{"@type":"EntryPoint","urlTemplate":"https:\/\/websjop.afuk.frl\/nl\/?s={search_term_string}"},"query-input":{"@type":"PropertyValueSpecification","valueRequired":true,"valueName":"search_term_string"}}],"inLanguage":"nl-NL"}]}},"_links":{"self":[{"href":"https:\/\/websjop.afuk.frl\/nl\/wp-json\/wp\/v2\/product\/51609","targetHints":{"allow":["GET"]}}],"collection":[{"href":"https:\/\/websjop.afuk.frl\/nl\/wp-json\/wp\/v2\/product"}],"about":[{"href":"https:\/\/websjop.afuk.frl\/nl\/wp-json\/wp\/v2\/types\/product"}],"replies":[{"embeddable":true,"href":"https:\/\/websjop.afuk.frl\/nl\/wp-json\/wp\/v2\/comments?post=51609"}],"wp:featuredmedia":[{"embeddable":true,"href":"https:\/\/websjop.afuk.frl\/nl\/wp-json\/wp\/v2\/media\/51610"}],"wp:attachment":[{"href":"https:\/\/websjop.afuk.frl\/nl\/wp-json\/wp\/v2\/media?parent=51609"}],"wp:term":[{"taxonomy":"product_brand","embeddable":true,"href":"https:\/\/websjop.afuk.frl\/nl\/wp-json\/wp\/v2\/product_brand?post=51609"},{"taxonomy":"product_cat","embeddable":true,"href":"https:\/\/websjop.afuk.frl\/nl\/wp-json\/wp\/v2\/product_cat?post=51609"},{"taxonomy":"product_tag","embeddable":true,"href":"https:\/\/websjop.afuk.frl\/nl\/wp-json\/wp\/v2\/product_tag?post=51609"}],"curies":[{"name":"wp","href":"https:\/\/api.w.org\/{rel}","templated":true}]}}