{"id":51377,"date":"2025-11-19T14:23:14","date_gmt":"2025-11-19T13:23:14","guid":{"rendered":"https:\/\/websjop.afuk.frl\/frl\/?post_type=product&#038;p=51377"},"modified":"2026-01-01T10:53:33","modified_gmt":"2026-01-01T09:53:33","slug":"ferburgen-fryslan-hidden-frisia-in-reis-troch-myte-magy-en-religy","status":"publish","type":"product","link":"https:\/\/websjop.afuk.frl\/nl\/winkel\/ferburgen-fryslan-hidden-frisia-in-reis-troch-myte-magy-en-religy\/","title":{"rendered":"Ferburgen Frysl\u00e2n \/ Hidden Frisia &#8211; In reis troch myte, magy en religy"},"content":{"rendered":"<p>Frysl\u00e2n hat allegear bys\u00fbndere, iuwen\u00e2lde saken te bieden, stille tsj\u00fbgen fan it minskebestean troch de milennia hinne. Meastentiids binne dy saken lyts en \u00fbnopfallend, ferburgen hast, lykas tekens op muorren en k\u00fbmkes yn swerf\u00adstiennen op in h\u00f4f. Soms ek falle se mear op, lykas stinswieren en lykpaden.<\/p>\n<p>Alles dat yn <em>Ferburgen Frysl\u00e2n<\/em> lykwols oan \u2019e oarder komt fertelt in ferhaal, is in werjefte fan hoe\u2019t de minske him steande h\u00e2lde yn \u00fbnwisse tiden. Myte, magy en religy spylje sadwaande in grutte rol yn dit boek, meitsje d\u00fadlik hoe\u2019t dy \u2013 mar al te \u2013 minsklike kondysje oant de dei fan hjoed neigalmet.<\/p>\n<p><em>&#8216;Ferburgen Frysl\u00e2n \/ Hidden Frisia<\/em> is in unike, twatalige \u00fatjefte dy\u2019t g\u00e2ns eagen iepenje sil.\u2019<\/p>\n<p>&nbsp;<\/p>\n<p>Frisia has a variety of unique, age-old features to offer, silent witnesses of human existence throughout the centuries. They tend to be small and incon\u00adspicuous, almost hidden, just marks on walls or cup marks on erraticboulders in churchyards. Sometimes they are more visible, like stins<br \/>\nmounds and ancient funeral paths.<\/p>\n<p>Everything that appears in Hidden Frisia tells a story, it is a representation of how people sustained themselves in times of uncertainty. Myth, magic and faith therefore play a huge role in this book, making clear how that \u2013 all too \u2013 familiar human condition reverberates up to the present day.<\/p>\n<p><em>Ferburgen Frysl\u00e2n \/ Hidden Frisia<\/em> is a unique, bilingual publication that is set to open eyes and spark new perspectives.\u2019<\/p>\n","protected":false},"excerpt":{"rendered":"<p>Frysl\u00e2n hat allegear bys\u00fbndere, iuwen\u00e2lde saken te bieden, stille tsj\u00fbgen fan it minskebestean troch de milennia hinne. Meastentiids binne dy saken lyts en \u00fbnopfallend, ferburgen hast, lykas tekens op muorren en k\u00fbmkes yn swerf\u00adstiennen op in h\u00f4f. Soms ek falle se mear op, lykas stinswieren en lykpaden. Alles dat yn Ferburgen Frysl\u00e2n lykwols oan \u2019e [&hellip;]<\/p>\n","protected":false},"featured_media":51378,"comment_status":"closed","ping_status":"closed","template":"","meta":{"_acf_changed":false},"product_brand":[],"product_cat":[1175,545,535,1255,21380,539,543],"product_tag":[24508,24509,24512,24203,24511,24510,20549,5624],"class_list":{"0":"post-51377","1":"product","2":"type-product","3":"status-publish","4":"has-post-thumbnail","6":"product_cat-6-fryslan-as-kleasterlan","7":"product_cat-fotoboeken","8":"product_cat-fryske-boeken","9":"product_cat-kado-s-foar-de-feestdagen","10":"product_cat-sinteklaas-kadotips","11":"product_cat-skiednis","12":"product_cat-toerisme","13":"product_tag-ferburgen-fryslan","14":"product_tag-hidden-frisia","15":"product_tag-magic-things","16":"product_tag-magy","17":"product_tag-magyske-dingen","18":"product_tag-myte","19":"product_tag-religy","20":"product_tag-willem-schoorstra","21":"product_shipping_class-pakketpost-verzending","22":"pa_auteur-willem-schoorstra-2","23":"pa_isbn-24506","24":"pa_new-label-1-3","25":"pa_taal-frysk-ingelsk","26":"pa_uitgever-het-nieuwe-kanaal","28":"first","29":"instock","30":"taxable","31":"shipping-taxable","32":"purchasable","33":"product-type-simple"},"acf":[],"yoast_head":"<!-- This site is optimized with the Yoast SEO plugin v27.2 - https:\/\/yoast.com\/product\/yoast-seo-wordpress\/ -->\n<title>Ferburgen Frysl\u00e2n \/ Hidden Frisia - In reis troch myte, magy en religy &#8211; Af\u00fbk Websjop<\/title>\n<meta name=\"description\" content=\"Ferburgen Frysl\u00e2n \/ Hidden Frisia - In reis troch myte, magy en religy is in twatalich boek oer de bys\u00fbndere, iuwen\u00e2lde saken dy&#039;t Frysl\u00e2n te bieden hat.\" \/>\n<meta name=\"robots\" content=\"index, follow, max-snippet:-1, max-image-preview:large, max-video-preview:-1\" \/>\n<link rel=\"canonical\" href=\"https:\/\/websjop.afuk.frl\/nl\/winkel\/ferburgen-fryslan-hidden-frisia-in-reis-troch-myte-magy-en-religy\/\" \/>\n<meta property=\"og:locale\" content=\"nl_NL\" \/>\n<meta property=\"og:type\" content=\"article\" \/>\n<meta property=\"og:title\" content=\"Ferburgen Frysl\u00e2n \/ Hidden Frisia - In reis troch myte, magy en religy &#8211; Af\u00fbk Websjop\" \/>\n<meta property=\"og:description\" content=\"Ferburgen Frysl\u00e2n \/ Hidden Frisia - In reis troch myte, magy en religy is in twatalich boek oer de bys\u00fbndere, iuwen\u00e2lde saken dy&#039;t Frysl\u00e2n te bieden hat.\" \/>\n<meta property=\"og:url\" content=\"https:\/\/websjop.afuk.frl\/nl\/winkel\/ferburgen-fryslan-hidden-frisia-in-reis-troch-myte-magy-en-religy\/\" \/>\n<meta property=\"og:site_name\" content=\"Af\u00fbk Websjop\" \/>\n<meta property=\"article:modified_time\" content=\"2026-01-01T09:53:33+00:00\" \/>\n<meta property=\"og:image\" content=\"https:\/\/websjop.afuk.frl\/wp-content\/uploads\/2025\/11\/Ferburgen-Fryslan.webp\" \/>\n\t<meta property=\"og:image:width\" content=\"670\" \/>\n\t<meta property=\"og:image:height\" content=\"889\" \/>\n\t<meta property=\"og:image:type\" content=\"image\/webp\" \/>\n<meta name=\"twitter:card\" content=\"summary_large_image\" \/>\n<meta name=\"twitter:label1\" content=\"Geschatte leestijd\" \/>\n\t<meta name=\"twitter:data1\" content=\"2 minuten\" \/>\n<script type=\"application\/ld+json\" class=\"yoast-schema-graph\">{\"@context\":\"https:\/\/schema.org\",\"@graph\":[{\"@type\":\"WebPage\",\"@id\":\"https:\/\/websjop.afuk.frl\/nl\/winkel\/ferburgen-fryslan-hidden-frisia-in-reis-troch-myte-magy-en-religy\/\",\"url\":\"https:\/\/websjop.afuk.frl\/nl\/winkel\/ferburgen-fryslan-hidden-frisia-in-reis-troch-myte-magy-en-religy\/\",\"name\":\"Ferburgen Frysl\u00e2n \/ Hidden Frisia - In reis troch myte, magy en religy &#8211; Af\u00fbk Websjop\",\"isPartOf\":{\"@id\":\"https:\/\/websjop.afuk.frl\/nl\/#website\"},\"primaryImageOfPage\":{\"@id\":\"https:\/\/websjop.afuk.frl\/nl\/winkel\/ferburgen-fryslan-hidden-frisia-in-reis-troch-myte-magy-en-religy\/#primaryimage\"},\"image\":{\"@id\":\"https:\/\/websjop.afuk.frl\/nl\/winkel\/ferburgen-fryslan-hidden-frisia-in-reis-troch-myte-magy-en-religy\/#primaryimage\"},\"thumbnailUrl\":\"https:\/\/websjop.afuk.frl\/wp-content\/uploads\/2025\/11\/Ferburgen-Fryslan.webp\",\"datePublished\":\"2025-11-19T13:23:14+00:00\",\"dateModified\":\"2026-01-01T09:53:33+00:00\",\"description\":\"Ferburgen Frysl\u00e2n \/ Hidden Frisia - In reis troch myte, magy en religy is in twatalich boek oer de bys\u00fbndere, iuwen\u00e2lde saken dy't Frysl\u00e2n te bieden hat.\",\"breadcrumb\":{\"@id\":\"https:\/\/websjop.afuk.frl\/nl\/winkel\/ferburgen-fryslan-hidden-frisia-in-reis-troch-myte-magy-en-religy\/#breadcrumb\"},\"inLanguage\":\"nl-NL\",\"potentialAction\":[{\"@type\":\"ReadAction\",\"target\":[\"https:\/\/websjop.afuk.frl\/nl\/winkel\/ferburgen-fryslan-hidden-frisia-in-reis-troch-myte-magy-en-religy\/\"]}]},{\"@type\":\"ImageObject\",\"inLanguage\":\"nl-NL\",\"@id\":\"https:\/\/websjop.afuk.frl\/nl\/winkel\/ferburgen-fryslan-hidden-frisia-in-reis-troch-myte-magy-en-religy\/#primaryimage\",\"url\":\"https:\/\/websjop.afuk.frl\/wp-content\/uploads\/2025\/11\/Ferburgen-Fryslan.webp\",\"contentUrl\":\"https:\/\/websjop.afuk.frl\/wp-content\/uploads\/2025\/11\/Ferburgen-Fryslan.webp\",\"width\":670,\"height\":889},{\"@type\":\"BreadcrumbList\",\"@id\":\"https:\/\/websjop.afuk.frl\/nl\/winkel\/ferburgen-fryslan-hidden-frisia-in-reis-troch-myte-magy-en-religy\/#breadcrumb\",\"itemListElement\":[{\"@type\":\"ListItem\",\"position\":1,\"name\":\"Home\",\"item\":\"https:\/\/websjop.afuk.frl\/nl\/\"},{\"@type\":\"ListItem\",\"position\":2,\"name\":\"Winkel\",\"item\":\"https:\/\/websjop.afuk.frl\/nl\/winkel\/\"},{\"@type\":\"ListItem\",\"position\":3,\"name\":\"Ferburgen Frysl\u00e2n \/ Hidden Frisia &#8211; In reis troch myte, magy en religy\"}]},{\"@type\":\"WebSite\",\"@id\":\"https:\/\/websjop.afuk.frl\/nl\/#website\",\"url\":\"https:\/\/websjop.afuk.frl\/nl\/\",\"name\":\"Af\u00fbk Websjop\",\"description\":\"\",\"potentialAction\":[{\"@type\":\"SearchAction\",\"target\":{\"@type\":\"EntryPoint\",\"urlTemplate\":\"https:\/\/websjop.afuk.frl\/nl\/?s={search_term_string}\"},\"query-input\":{\"@type\":\"PropertyValueSpecification\",\"valueRequired\":true,\"valueName\":\"search_term_string\"}}],\"inLanguage\":\"nl-NL\"}]}<\/script>\n<!-- \/ Yoast SEO plugin. -->","yoast_head_json":{"title":"Ferburgen Frysl\u00e2n \/ Hidden Frisia - In reis troch myte, magy en religy &#8211; Af\u00fbk Websjop","description":"Ferburgen Frysl\u00e2n \/ Hidden Frisia - In reis troch myte, magy en religy is in twatalich boek oer de bys\u00fbndere, iuwen\u00e2lde saken dy't Frysl\u00e2n te bieden hat.","robots":{"index":"index","follow":"follow","max-snippet":"max-snippet:-1","max-image-preview":"max-image-preview:large","max-video-preview":"max-video-preview:-1"},"canonical":"https:\/\/websjop.afuk.frl\/nl\/winkel\/ferburgen-fryslan-hidden-frisia-in-reis-troch-myte-magy-en-religy\/","og_locale":"nl_NL","og_type":"article","og_title":"Ferburgen Frysl\u00e2n \/ Hidden Frisia - In reis troch myte, magy en religy &#8211; Af\u00fbk Websjop","og_description":"Ferburgen Frysl\u00e2n \/ Hidden Frisia - In reis troch myte, magy en religy is in twatalich boek oer de bys\u00fbndere, iuwen\u00e2lde saken dy't Frysl\u00e2n te bieden hat.","og_url":"https:\/\/websjop.afuk.frl\/nl\/winkel\/ferburgen-fryslan-hidden-frisia-in-reis-troch-myte-magy-en-religy\/","og_site_name":"Af\u00fbk Websjop","article_modified_time":"2026-01-01T09:53:33+00:00","og_image":[{"width":670,"height":889,"url":"https:\/\/websjop.afuk.frl\/wp-content\/uploads\/2025\/11\/Ferburgen-Fryslan.webp","type":"image\/webp"}],"twitter_card":"summary_large_image","twitter_misc":{"Geschatte leestijd":"2 minuten"},"schema":{"@context":"https:\/\/schema.org","@graph":[{"@type":"WebPage","@id":"https:\/\/websjop.afuk.frl\/nl\/winkel\/ferburgen-fryslan-hidden-frisia-in-reis-troch-myte-magy-en-religy\/","url":"https:\/\/websjop.afuk.frl\/nl\/winkel\/ferburgen-fryslan-hidden-frisia-in-reis-troch-myte-magy-en-religy\/","name":"Ferburgen Frysl\u00e2n \/ Hidden Frisia - In reis troch myte, magy en religy &#8211; Af\u00fbk Websjop","isPartOf":{"@id":"https:\/\/websjop.afuk.frl\/nl\/#website"},"primaryImageOfPage":{"@id":"https:\/\/websjop.afuk.frl\/nl\/winkel\/ferburgen-fryslan-hidden-frisia-in-reis-troch-myte-magy-en-religy\/#primaryimage"},"image":{"@id":"https:\/\/websjop.afuk.frl\/nl\/winkel\/ferburgen-fryslan-hidden-frisia-in-reis-troch-myte-magy-en-religy\/#primaryimage"},"thumbnailUrl":"https:\/\/websjop.afuk.frl\/wp-content\/uploads\/2025\/11\/Ferburgen-Fryslan.webp","datePublished":"2025-11-19T13:23:14+00:00","dateModified":"2026-01-01T09:53:33+00:00","description":"Ferburgen Frysl\u00e2n \/ Hidden Frisia - In reis troch myte, magy en religy is in twatalich boek oer de bys\u00fbndere, iuwen\u00e2lde saken dy't Frysl\u00e2n te bieden hat.","breadcrumb":{"@id":"https:\/\/websjop.afuk.frl\/nl\/winkel\/ferburgen-fryslan-hidden-frisia-in-reis-troch-myte-magy-en-religy\/#breadcrumb"},"inLanguage":"nl-NL","potentialAction":[{"@type":"ReadAction","target":["https:\/\/websjop.afuk.frl\/nl\/winkel\/ferburgen-fryslan-hidden-frisia-in-reis-troch-myte-magy-en-religy\/"]}]},{"@type":"ImageObject","inLanguage":"nl-NL","@id":"https:\/\/websjop.afuk.frl\/nl\/winkel\/ferburgen-fryslan-hidden-frisia-in-reis-troch-myte-magy-en-religy\/#primaryimage","url":"https:\/\/websjop.afuk.frl\/wp-content\/uploads\/2025\/11\/Ferburgen-Fryslan.webp","contentUrl":"https:\/\/websjop.afuk.frl\/wp-content\/uploads\/2025\/11\/Ferburgen-Fryslan.webp","width":670,"height":889},{"@type":"BreadcrumbList","@id":"https:\/\/websjop.afuk.frl\/nl\/winkel\/ferburgen-fryslan-hidden-frisia-in-reis-troch-myte-magy-en-religy\/#breadcrumb","itemListElement":[{"@type":"ListItem","position":1,"name":"Home","item":"https:\/\/websjop.afuk.frl\/nl\/"},{"@type":"ListItem","position":2,"name":"Winkel","item":"https:\/\/websjop.afuk.frl\/nl\/winkel\/"},{"@type":"ListItem","position":3,"name":"Ferburgen Frysl\u00e2n \/ Hidden Frisia &#8211; In reis troch myte, magy en religy"}]},{"@type":"WebSite","@id":"https:\/\/websjop.afuk.frl\/nl\/#website","url":"https:\/\/websjop.afuk.frl\/nl\/","name":"Af\u00fbk Websjop","description":"","potentialAction":[{"@type":"SearchAction","target":{"@type":"EntryPoint","urlTemplate":"https:\/\/websjop.afuk.frl\/nl\/?s={search_term_string}"},"query-input":{"@type":"PropertyValueSpecification","valueRequired":true,"valueName":"search_term_string"}}],"inLanguage":"nl-NL"}]}},"_links":{"self":[{"href":"https:\/\/websjop.afuk.frl\/nl\/wp-json\/wp\/v2\/product\/51377","targetHints":{"allow":["GET"]}}],"collection":[{"href":"https:\/\/websjop.afuk.frl\/nl\/wp-json\/wp\/v2\/product"}],"about":[{"href":"https:\/\/websjop.afuk.frl\/nl\/wp-json\/wp\/v2\/types\/product"}],"replies":[{"embeddable":true,"href":"https:\/\/websjop.afuk.frl\/nl\/wp-json\/wp\/v2\/comments?post=51377"}],"wp:featuredmedia":[{"embeddable":true,"href":"https:\/\/websjop.afuk.frl\/nl\/wp-json\/wp\/v2\/media\/51378"}],"wp:attachment":[{"href":"https:\/\/websjop.afuk.frl\/nl\/wp-json\/wp\/v2\/media?parent=51377"}],"wp:term":[{"taxonomy":"product_brand","embeddable":true,"href":"https:\/\/websjop.afuk.frl\/nl\/wp-json\/wp\/v2\/product_brand?post=51377"},{"taxonomy":"product_cat","embeddable":true,"href":"https:\/\/websjop.afuk.frl\/nl\/wp-json\/wp\/v2\/product_cat?post=51377"},{"taxonomy":"product_tag","embeddable":true,"href":"https:\/\/websjop.afuk.frl\/nl\/wp-json\/wp\/v2\/product_tag?post=51377"}],"curies":[{"name":"wp","href":"https:\/\/api.w.org\/{rel}","templated":true}]}}