{"id":51210,"date":"2025-11-12T11:42:56","date_gmt":"2025-11-12T10:42:56","guid":{"rendered":"https:\/\/websjop.afuk.frl\/frl\/?post_type=product&#038;p=51210"},"modified":"2026-02-01T17:44:59","modified_gmt":"2026-02-01T16:44:59","slug":"grunwetter-gedichten","status":"publish","type":"product","link":"https:\/\/websjop.afuk.frl\/nl\/winkel\/grunwetter-gedichten\/","title":{"rendered":"Gr\u00fbnwetter &#8211; gedichten"},"content":{"rendered":"<p><em>Gr\u00fbnwetter<\/em> is een rijke bundel die zacht van toon is. In degelijke, maar lenige taal zet de dichter het lichte naast het zware, op een hele persoonlijke manier. Dit in een landschap dat veranderd is, met steeds het water dat door de grond zijn gangen vindt, het verleden zuivert, de bron zoekt. Voor het eerst is Remco zijn po\u00ebzie nu gebundeld.<\/p>\n","protected":false},"excerpt":{"rendered":"<p>Gr\u00fbnwetter is een rijke bundel die zacht van toon is. In degelijke, maar lenige taal zet de dichter het lichte naast het zware, op een hele persoonlijke manier. Dit in een landschap dat veranderd is, met steeds het water dat door de grond zijn gangen vindt, het verleden zuivert, de bron zoekt. Voor het eerst [&hellip;]<\/p>\n","protected":false},"featured_media":51214,"comment_status":"closed","ping_status":"closed","template":"","meta":{"_acf_changed":false},"product_brand":[],"product_cat":[538,1215],"product_tag":[5191,24490,17012,17036,24491,23441],"class_list":{"0":"post-51210","1":"product","2":"type-product","3":"status-publish","4":"has-post-thumbnail","6":"product_cat-dichtbondels","7":"product_cat-romans-en-literatuer","8":"product_tag-gedichten","9":"product_tag-grunwetter","10":"product_tag-persoanlik","11":"product_tag-poezie","12":"product_tag-remco-kuiper","13":"product_tag-wetter","14":"product_shipping_class-brievenbus-verzending","15":"pa_auteur-remco-kuiper","16":"pa_isbn-24489","17":"pa_new-label-1-3","18":"pa_taal-frysk","19":"pa_uitgever-de-ryp","21":"first","22":"instock","23":"taxable","24":"shipping-taxable","25":"purchasable","26":"product-type-simple"},"acf":[],"yoast_head":"<!-- This site is optimized with the Yoast SEO plugin v27.3 - https:\/\/yoast.com\/product\/yoast-seo-wordpress\/ -->\n<title>Gr\u00fbnwetter - gedichten &#8211; Af\u00fbk Websjop<\/title>\n<meta name=\"description\" content=\"Gr\u00fbnwetter is een rijke bundel die zacht van toon is. In degelijke, maar lenige taal zet de dichter het lichte naast het zware, op een persoonlijke manier.\" \/>\n<meta name=\"robots\" content=\"index, follow, max-snippet:-1, max-image-preview:large, max-video-preview:-1\" \/>\n<link rel=\"canonical\" href=\"https:\/\/websjop.afuk.frl\/nl\/winkel\/grunwetter-gedichten\/\" \/>\n<meta property=\"og:locale\" content=\"nl_NL\" \/>\n<meta property=\"og:type\" content=\"article\" \/>\n<meta property=\"og:title\" content=\"Gr\u00fbnwetter - gedichten &#8211; Af\u00fbk Websjop\" \/>\n<meta property=\"og:description\" content=\"Gr\u00fbnwetter is een rijke bundel die zacht van toon is. In degelijke, maar lenige taal zet de dichter het lichte naast het zware, op een persoonlijke manier.\" \/>\n<meta property=\"og:url\" content=\"https:\/\/websjop.afuk.frl\/nl\/winkel\/grunwetter-gedichten\/\" \/>\n<meta property=\"og:site_name\" content=\"Af\u00fbk Websjop\" \/>\n<meta property=\"article:modified_time\" content=\"2026-02-01T16:44:59+00:00\" \/>\n<meta property=\"og:image\" content=\"https:\/\/websjop.afuk.frl\/wp-content\/uploads\/2025\/11\/Grunwetter2.jpg\" \/>\n\t<meta property=\"og:image:width\" content=\"525\" \/>\n\t<meta property=\"og:image:height\" content=\"800\" \/>\n\t<meta property=\"og:image:type\" content=\"image\/jpeg\" \/>\n<meta name=\"twitter:card\" content=\"summary_large_image\" \/>\n<meta name=\"twitter:label1\" content=\"Geschatte leestijd\" \/>\n\t<meta name=\"twitter:data1\" content=\"1 minuut\" \/>\n<script type=\"application\/ld+json\" class=\"yoast-schema-graph\">{\"@context\":\"https:\\\/\\\/schema.org\",\"@graph\":[{\"@type\":\"WebPage\",\"@id\":\"https:\\\/\\\/websjop.afuk.frl\\\/nl\\\/winkel\\\/grunwetter-gedichten\\\/\",\"url\":\"https:\\\/\\\/websjop.afuk.frl\\\/nl\\\/winkel\\\/grunwetter-gedichten\\\/\",\"name\":\"Gr\u00fbnwetter - gedichten &#8211; Af\u00fbk Websjop\",\"isPartOf\":{\"@id\":\"https:\\\/\\\/websjop.afuk.frl\\\/nl\\\/#website\"},\"primaryImageOfPage\":{\"@id\":\"https:\\\/\\\/websjop.afuk.frl\\\/nl\\\/winkel\\\/grunwetter-gedichten\\\/#primaryimage\"},\"image\":{\"@id\":\"https:\\\/\\\/websjop.afuk.frl\\\/nl\\\/winkel\\\/grunwetter-gedichten\\\/#primaryimage\"},\"thumbnailUrl\":\"https:\\\/\\\/websjop.afuk.frl\\\/wp-content\\\/uploads\\\/2025\\\/11\\\/Grunwetter2.jpg\",\"datePublished\":\"2025-11-12T10:42:56+00:00\",\"dateModified\":\"2026-02-01T16:44:59+00:00\",\"description\":\"Gr\u00fbnwetter is een rijke bundel die zacht van toon is. In degelijke, maar lenige taal zet de dichter het lichte naast het zware, op een persoonlijke manier.\",\"breadcrumb\":{\"@id\":\"https:\\\/\\\/websjop.afuk.frl\\\/nl\\\/winkel\\\/grunwetter-gedichten\\\/#breadcrumb\"},\"inLanguage\":\"nl-NL\",\"potentialAction\":[{\"@type\":\"ReadAction\",\"target\":[\"https:\\\/\\\/websjop.afuk.frl\\\/nl\\\/winkel\\\/grunwetter-gedichten\\\/\"]}]},{\"@type\":\"ImageObject\",\"inLanguage\":\"nl-NL\",\"@id\":\"https:\\\/\\\/websjop.afuk.frl\\\/nl\\\/winkel\\\/grunwetter-gedichten\\\/#primaryimage\",\"url\":\"https:\\\/\\\/websjop.afuk.frl\\\/wp-content\\\/uploads\\\/2025\\\/11\\\/Grunwetter2.jpg\",\"contentUrl\":\"https:\\\/\\\/websjop.afuk.frl\\\/wp-content\\\/uploads\\\/2025\\\/11\\\/Grunwetter2.jpg\",\"width\":525,\"height\":800},{\"@type\":\"BreadcrumbList\",\"@id\":\"https:\\\/\\\/websjop.afuk.frl\\\/nl\\\/winkel\\\/grunwetter-gedichten\\\/#breadcrumb\",\"itemListElement\":[{\"@type\":\"ListItem\",\"position\":1,\"name\":\"Home\",\"item\":\"https:\\\/\\\/websjop.afuk.frl\\\/nl\\\/\"},{\"@type\":\"ListItem\",\"position\":2,\"name\":\"Winkel\",\"item\":\"https:\\\/\\\/websjop.afuk.frl\\\/nl\\\/winkel\\\/\"},{\"@type\":\"ListItem\",\"position\":3,\"name\":\"Gr\u00fbnwetter &#8211; gedichten\"}]},{\"@type\":\"WebSite\",\"@id\":\"https:\\\/\\\/websjop.afuk.frl\\\/nl\\\/#website\",\"url\":\"https:\\\/\\\/websjop.afuk.frl\\\/nl\\\/\",\"name\":\"Af\u00fbk Websjop\",\"description\":\"\",\"potentialAction\":[{\"@type\":\"SearchAction\",\"target\":{\"@type\":\"EntryPoint\",\"urlTemplate\":\"https:\\\/\\\/websjop.afuk.frl\\\/nl\\\/?s={search_term_string}\"},\"query-input\":{\"@type\":\"PropertyValueSpecification\",\"valueRequired\":true,\"valueName\":\"search_term_string\"}}],\"inLanguage\":\"nl-NL\"}]}<\/script>\n<!-- \/ Yoast SEO plugin. -->","yoast_head_json":{"title":"Gr\u00fbnwetter - gedichten &#8211; Af\u00fbk Websjop","description":"Gr\u00fbnwetter is een rijke bundel die zacht van toon is. In degelijke, maar lenige taal zet de dichter het lichte naast het zware, op een persoonlijke manier.","robots":{"index":"index","follow":"follow","max-snippet":"max-snippet:-1","max-image-preview":"max-image-preview:large","max-video-preview":"max-video-preview:-1"},"canonical":"https:\/\/websjop.afuk.frl\/nl\/winkel\/grunwetter-gedichten\/","og_locale":"nl_NL","og_type":"article","og_title":"Gr\u00fbnwetter - gedichten &#8211; Af\u00fbk Websjop","og_description":"Gr\u00fbnwetter is een rijke bundel die zacht van toon is. In degelijke, maar lenige taal zet de dichter het lichte naast het zware, op een persoonlijke manier.","og_url":"https:\/\/websjop.afuk.frl\/nl\/winkel\/grunwetter-gedichten\/","og_site_name":"Af\u00fbk Websjop","article_modified_time":"2026-02-01T16:44:59+00:00","og_image":[{"width":525,"height":800,"url":"https:\/\/websjop.afuk.frl\/wp-content\/uploads\/2025\/11\/Grunwetter2.jpg","type":"image\/jpeg"}],"twitter_card":"summary_large_image","twitter_misc":{"Geschatte leestijd":"1 minuut"},"schema":{"@context":"https:\/\/schema.org","@graph":[{"@type":"WebPage","@id":"https:\/\/websjop.afuk.frl\/nl\/winkel\/grunwetter-gedichten\/","url":"https:\/\/websjop.afuk.frl\/nl\/winkel\/grunwetter-gedichten\/","name":"Gr\u00fbnwetter - gedichten &#8211; Af\u00fbk Websjop","isPartOf":{"@id":"https:\/\/websjop.afuk.frl\/nl\/#website"},"primaryImageOfPage":{"@id":"https:\/\/websjop.afuk.frl\/nl\/winkel\/grunwetter-gedichten\/#primaryimage"},"image":{"@id":"https:\/\/websjop.afuk.frl\/nl\/winkel\/grunwetter-gedichten\/#primaryimage"},"thumbnailUrl":"https:\/\/websjop.afuk.frl\/wp-content\/uploads\/2025\/11\/Grunwetter2.jpg","datePublished":"2025-11-12T10:42:56+00:00","dateModified":"2026-02-01T16:44:59+00:00","description":"Gr\u00fbnwetter is een rijke bundel die zacht van toon is. In degelijke, maar lenige taal zet de dichter het lichte naast het zware, op een persoonlijke manier.","breadcrumb":{"@id":"https:\/\/websjop.afuk.frl\/nl\/winkel\/grunwetter-gedichten\/#breadcrumb"},"inLanguage":"nl-NL","potentialAction":[{"@type":"ReadAction","target":["https:\/\/websjop.afuk.frl\/nl\/winkel\/grunwetter-gedichten\/"]}]},{"@type":"ImageObject","inLanguage":"nl-NL","@id":"https:\/\/websjop.afuk.frl\/nl\/winkel\/grunwetter-gedichten\/#primaryimage","url":"https:\/\/websjop.afuk.frl\/wp-content\/uploads\/2025\/11\/Grunwetter2.jpg","contentUrl":"https:\/\/websjop.afuk.frl\/wp-content\/uploads\/2025\/11\/Grunwetter2.jpg","width":525,"height":800},{"@type":"BreadcrumbList","@id":"https:\/\/websjop.afuk.frl\/nl\/winkel\/grunwetter-gedichten\/#breadcrumb","itemListElement":[{"@type":"ListItem","position":1,"name":"Home","item":"https:\/\/websjop.afuk.frl\/nl\/"},{"@type":"ListItem","position":2,"name":"Winkel","item":"https:\/\/websjop.afuk.frl\/nl\/winkel\/"},{"@type":"ListItem","position":3,"name":"Gr\u00fbnwetter &#8211; gedichten"}]},{"@type":"WebSite","@id":"https:\/\/websjop.afuk.frl\/nl\/#website","url":"https:\/\/websjop.afuk.frl\/nl\/","name":"Af\u00fbk Websjop","description":"","potentialAction":[{"@type":"SearchAction","target":{"@type":"EntryPoint","urlTemplate":"https:\/\/websjop.afuk.frl\/nl\/?s={search_term_string}"},"query-input":{"@type":"PropertyValueSpecification","valueRequired":true,"valueName":"search_term_string"}}],"inLanguage":"nl-NL"}]}},"_links":{"self":[{"href":"https:\/\/websjop.afuk.frl\/nl\/wp-json\/wp\/v2\/product\/51210","targetHints":{"allow":["GET"]}}],"collection":[{"href":"https:\/\/websjop.afuk.frl\/nl\/wp-json\/wp\/v2\/product"}],"about":[{"href":"https:\/\/websjop.afuk.frl\/nl\/wp-json\/wp\/v2\/types\/product"}],"replies":[{"embeddable":true,"href":"https:\/\/websjop.afuk.frl\/nl\/wp-json\/wp\/v2\/comments?post=51210"}],"wp:featuredmedia":[{"embeddable":true,"href":"https:\/\/websjop.afuk.frl\/nl\/wp-json\/wp\/v2\/media\/51214"}],"wp:attachment":[{"href":"https:\/\/websjop.afuk.frl\/nl\/wp-json\/wp\/v2\/media?parent=51210"}],"wp:term":[{"taxonomy":"product_brand","embeddable":true,"href":"https:\/\/websjop.afuk.frl\/nl\/wp-json\/wp\/v2\/product_brand?post=51210"},{"taxonomy":"product_cat","embeddable":true,"href":"https:\/\/websjop.afuk.frl\/nl\/wp-json\/wp\/v2\/product_cat?post=51210"},{"taxonomy":"product_tag","embeddable":true,"href":"https:\/\/websjop.afuk.frl\/nl\/wp-json\/wp\/v2\/product_tag?post=51210"}],"curies":[{"name":"wp","href":"https:\/\/api.w.org\/{rel}","templated":true}]}}