{"id":51095,"date":"2025-11-06T12:30:12","date_gmt":"2025-11-06T11:30:12","guid":{"rendered":"https:\/\/websjop.afuk.frl\/frl\/?post_type=product&#038;p=51095"},"modified":"2025-11-06T12:30:13","modified_gmt":"2025-11-06T11:30:13","slug":"toekomstmakers-vertellen-waarom-jong-talent-in-fryslan-blijft","status":"publish","type":"product","link":"https:\/\/websjop.afuk.frl\/nl\/winkel\/toekomstmakers-vertellen-waarom-jong-talent-in-fryslan-blijft\/","title":{"rendered":"Toekomstmakers vertellen &#8211; Waarom jong talent in Frysl\u00e2n blijft"},"content":{"rendered":"<p>Via het project Friesland Doet vertellen young professionals in het bruisende Frysl\u00e2n over hun carri\u00e8re in het Noorden. Ondanks dat Frysl\u00e2n niet bij alle jongeren op de kaart staat om te settelen, zijn er veel carri\u00e8remogelijkheden door de ruimte, diversiteit en nuchtere mentaliteit. Een functie waar je in de Randstad jaren naartoe moet werken, ligt in het Noorden voor het oprapen. En er is een gemeenschap waar iedereen voor elkaar klaarstaat. Frysl\u00e2n leeft en is de perfecte plek om te wonen en te werken.<\/p>\n<p>Friesland Doet is een initiatief van de Club Diplomatique Frysl\u00e2n, ondersteund door de provincie Frysl\u00e2n. De in dit boek opgenomen interviews met jongeren zijn op verzoek van Club Diplomatique Frysl\u00e2n gemaakt door Karen Hogenbirk. Ze maken onderdeel uit van een serie van 194 verhalen die in 2023 en 2024 onder de noemer Friesland Doet gepubliceerd zijn op LinkedIn en Instagram.<\/p>\n","protected":false},"excerpt":{"rendered":"<p>Via het project Friesland Doet vertellen young professionals in het bruisende Frysl\u00e2n over hun carri\u00e8re in het Noorden. Ondanks dat Frysl\u00e2n niet bij alle jongeren op de kaart staat om te settelen, zijn er veel carri\u00e8remogelijkheden door de ruimte, diversiteit en nuchtere mentaliteit. Een functie waar je in de Randstad jaren naartoe moet werken, ligt [&hellip;]<\/p>\n","protected":false},"featured_media":51096,"comment_status":"closed","ping_status":"closed","template":"","meta":{"_acf_changed":false},"product_brand":[],"product_cat":[554,535],"product_tag":[24474,24473,19595,24472,24475],"class_list":{"0":"post-51095","1":"product","2":"type-product","3":"status-publish","4":"has-post-thumbnail","6":"product_cat-ferskaat","7":"product_cat-fryske-boeken","8":"product_tag-carriere","9":"product_tag-friesland-doet","10":"product_tag-interviews","11":"product_tag-toekomstmakers-vertellen","12":"product_tag-young-professionals","13":"product_shipping_class-brievenbus-verzending","14":"pa_auteur-club-diplomatique-fryslan","15":"pa_isbn-24471","16":"pa_new-label-1-3","17":"pa_taal-nederlands","18":"pa_uitgever-noordboek","20":"first","21":"instock","22":"taxable","23":"shipping-taxable","24":"purchasable","25":"product-type-simple"},"acf":[],"yoast_head":"<!-- This site is optimized with the Yoast SEO plugin v27.3 - https:\/\/yoast.com\/product\/yoast-seo-wordpress\/ -->\n<title>Toekomstmakers vertellen - Waarom jong talent in Frysl\u00e2n blijft &#8211; Af\u00fbk Websjop<\/title>\n<meta name=\"description\" content=\"In Toekomstmakers vertellen, vertellen young professionals in het bruisende Frysl\u00e2n over hun carri\u00e8re in het Noorden. Eerder verschenen op LinkedIn en Insta.\" \/>\n<meta name=\"robots\" content=\"index, follow, max-snippet:-1, max-image-preview:large, max-video-preview:-1\" \/>\n<link rel=\"canonical\" href=\"https:\/\/websjop.afuk.frl\/nl\/winkel\/toekomstmakers-vertellen-waarom-jong-talent-in-fryslan-blijft\/\" \/>\n<meta property=\"og:locale\" content=\"nl_NL\" \/>\n<meta property=\"og:type\" content=\"article\" \/>\n<meta property=\"og:title\" content=\"Toekomstmakers vertellen - Waarom jong talent in Frysl\u00e2n blijft &#8211; Af\u00fbk Websjop\" \/>\n<meta property=\"og:description\" content=\"In Toekomstmakers vertellen, vertellen young professionals in het bruisende Frysl\u00e2n over hun carri\u00e8re in het Noorden. Eerder verschenen op LinkedIn en Insta.\" \/>\n<meta property=\"og:url\" content=\"https:\/\/websjop.afuk.frl\/nl\/winkel\/toekomstmakers-vertellen-waarom-jong-talent-in-fryslan-blijft\/\" \/>\n<meta property=\"og:site_name\" content=\"Af\u00fbk Websjop\" \/>\n<meta property=\"article:modified_time\" content=\"2025-11-06T11:30:13+00:00\" \/>\n<meta property=\"og:image\" content=\"https:\/\/websjop.afuk.frl\/wp-content\/uploads\/2025\/11\/Toekomstmakers.jpg\" \/>\n\t<meta property=\"og:image:width\" content=\"521\" \/>\n\t<meta property=\"og:image:height\" content=\"800\" \/>\n\t<meta property=\"og:image:type\" content=\"image\/jpeg\" \/>\n<meta name=\"twitter:card\" content=\"summary_large_image\" \/>\n<meta name=\"twitter:label1\" content=\"Geschatte leestijd\" \/>\n\t<meta name=\"twitter:data1\" content=\"1 minuut\" \/>\n<script type=\"application\/ld+json\" class=\"yoast-schema-graph\">{\"@context\":\"https:\\\/\\\/schema.org\",\"@graph\":[{\"@type\":\"WebPage\",\"@id\":\"https:\\\/\\\/websjop.afuk.frl\\\/nl\\\/winkel\\\/toekomstmakers-vertellen-waarom-jong-talent-in-fryslan-blijft\\\/\",\"url\":\"https:\\\/\\\/websjop.afuk.frl\\\/nl\\\/winkel\\\/toekomstmakers-vertellen-waarom-jong-talent-in-fryslan-blijft\\\/\",\"name\":\"Toekomstmakers vertellen - Waarom jong talent in Frysl\u00e2n blijft &#8211; Af\u00fbk Websjop\",\"isPartOf\":{\"@id\":\"https:\\\/\\\/websjop.afuk.frl\\\/nl\\\/#website\"},\"primaryImageOfPage\":{\"@id\":\"https:\\\/\\\/websjop.afuk.frl\\\/nl\\\/winkel\\\/toekomstmakers-vertellen-waarom-jong-talent-in-fryslan-blijft\\\/#primaryimage\"},\"image\":{\"@id\":\"https:\\\/\\\/websjop.afuk.frl\\\/nl\\\/winkel\\\/toekomstmakers-vertellen-waarom-jong-talent-in-fryslan-blijft\\\/#primaryimage\"},\"thumbnailUrl\":\"https:\\\/\\\/websjop.afuk.frl\\\/wp-content\\\/uploads\\\/2025\\\/11\\\/Toekomstmakers.jpg\",\"datePublished\":\"2025-11-06T11:30:12+00:00\",\"dateModified\":\"2025-11-06T11:30:13+00:00\",\"description\":\"In Toekomstmakers vertellen, vertellen young professionals in het bruisende Frysl\u00e2n over hun carri\u00e8re in het Noorden. Eerder verschenen op LinkedIn en Insta.\",\"breadcrumb\":{\"@id\":\"https:\\\/\\\/websjop.afuk.frl\\\/nl\\\/winkel\\\/toekomstmakers-vertellen-waarom-jong-talent-in-fryslan-blijft\\\/#breadcrumb\"},\"inLanguage\":\"nl-NL\",\"potentialAction\":[{\"@type\":\"ReadAction\",\"target\":[\"https:\\\/\\\/websjop.afuk.frl\\\/nl\\\/winkel\\\/toekomstmakers-vertellen-waarom-jong-talent-in-fryslan-blijft\\\/\"]}]},{\"@type\":\"ImageObject\",\"inLanguage\":\"nl-NL\",\"@id\":\"https:\\\/\\\/websjop.afuk.frl\\\/nl\\\/winkel\\\/toekomstmakers-vertellen-waarom-jong-talent-in-fryslan-blijft\\\/#primaryimage\",\"url\":\"https:\\\/\\\/websjop.afuk.frl\\\/wp-content\\\/uploads\\\/2025\\\/11\\\/Toekomstmakers.jpg\",\"contentUrl\":\"https:\\\/\\\/websjop.afuk.frl\\\/wp-content\\\/uploads\\\/2025\\\/11\\\/Toekomstmakers.jpg\",\"width\":521,\"height\":800},{\"@type\":\"BreadcrumbList\",\"@id\":\"https:\\\/\\\/websjop.afuk.frl\\\/nl\\\/winkel\\\/toekomstmakers-vertellen-waarom-jong-talent-in-fryslan-blijft\\\/#breadcrumb\",\"itemListElement\":[{\"@type\":\"ListItem\",\"position\":1,\"name\":\"Home\",\"item\":\"https:\\\/\\\/websjop.afuk.frl\\\/nl\\\/\"},{\"@type\":\"ListItem\",\"position\":2,\"name\":\"Winkel\",\"item\":\"https:\\\/\\\/websjop.afuk.frl\\\/nl\\\/winkel\\\/\"},{\"@type\":\"ListItem\",\"position\":3,\"name\":\"Toekomstmakers vertellen &#8211; Waarom jong talent in Frysl\u00e2n blijft\"}]},{\"@type\":\"WebSite\",\"@id\":\"https:\\\/\\\/websjop.afuk.frl\\\/nl\\\/#website\",\"url\":\"https:\\\/\\\/websjop.afuk.frl\\\/nl\\\/\",\"name\":\"Af\u00fbk Websjop\",\"description\":\"\",\"potentialAction\":[{\"@type\":\"SearchAction\",\"target\":{\"@type\":\"EntryPoint\",\"urlTemplate\":\"https:\\\/\\\/websjop.afuk.frl\\\/nl\\\/?s={search_term_string}\"},\"query-input\":{\"@type\":\"PropertyValueSpecification\",\"valueRequired\":true,\"valueName\":\"search_term_string\"}}],\"inLanguage\":\"nl-NL\"}]}<\/script>\n<!-- \/ Yoast SEO plugin. -->","yoast_head_json":{"title":"Toekomstmakers vertellen - Waarom jong talent in Frysl\u00e2n blijft &#8211; Af\u00fbk Websjop","description":"In Toekomstmakers vertellen, vertellen young professionals in het bruisende Frysl\u00e2n over hun carri\u00e8re in het Noorden. Eerder verschenen op LinkedIn en Insta.","robots":{"index":"index","follow":"follow","max-snippet":"max-snippet:-1","max-image-preview":"max-image-preview:large","max-video-preview":"max-video-preview:-1"},"canonical":"https:\/\/websjop.afuk.frl\/nl\/winkel\/toekomstmakers-vertellen-waarom-jong-talent-in-fryslan-blijft\/","og_locale":"nl_NL","og_type":"article","og_title":"Toekomstmakers vertellen - Waarom jong talent in Frysl\u00e2n blijft &#8211; Af\u00fbk Websjop","og_description":"In Toekomstmakers vertellen, vertellen young professionals in het bruisende Frysl\u00e2n over hun carri\u00e8re in het Noorden. Eerder verschenen op LinkedIn en Insta.","og_url":"https:\/\/websjop.afuk.frl\/nl\/winkel\/toekomstmakers-vertellen-waarom-jong-talent-in-fryslan-blijft\/","og_site_name":"Af\u00fbk Websjop","article_modified_time":"2025-11-06T11:30:13+00:00","og_image":[{"width":521,"height":800,"url":"https:\/\/websjop.afuk.frl\/wp-content\/uploads\/2025\/11\/Toekomstmakers.jpg","type":"image\/jpeg"}],"twitter_card":"summary_large_image","twitter_misc":{"Geschatte leestijd":"1 minuut"},"schema":{"@context":"https:\/\/schema.org","@graph":[{"@type":"WebPage","@id":"https:\/\/websjop.afuk.frl\/nl\/winkel\/toekomstmakers-vertellen-waarom-jong-talent-in-fryslan-blijft\/","url":"https:\/\/websjop.afuk.frl\/nl\/winkel\/toekomstmakers-vertellen-waarom-jong-talent-in-fryslan-blijft\/","name":"Toekomstmakers vertellen - Waarom jong talent in Frysl\u00e2n blijft &#8211; Af\u00fbk Websjop","isPartOf":{"@id":"https:\/\/websjop.afuk.frl\/nl\/#website"},"primaryImageOfPage":{"@id":"https:\/\/websjop.afuk.frl\/nl\/winkel\/toekomstmakers-vertellen-waarom-jong-talent-in-fryslan-blijft\/#primaryimage"},"image":{"@id":"https:\/\/websjop.afuk.frl\/nl\/winkel\/toekomstmakers-vertellen-waarom-jong-talent-in-fryslan-blijft\/#primaryimage"},"thumbnailUrl":"https:\/\/websjop.afuk.frl\/wp-content\/uploads\/2025\/11\/Toekomstmakers.jpg","datePublished":"2025-11-06T11:30:12+00:00","dateModified":"2025-11-06T11:30:13+00:00","description":"In Toekomstmakers vertellen, vertellen young professionals in het bruisende Frysl\u00e2n over hun carri\u00e8re in het Noorden. Eerder verschenen op LinkedIn en Insta.","breadcrumb":{"@id":"https:\/\/websjop.afuk.frl\/nl\/winkel\/toekomstmakers-vertellen-waarom-jong-talent-in-fryslan-blijft\/#breadcrumb"},"inLanguage":"nl-NL","potentialAction":[{"@type":"ReadAction","target":["https:\/\/websjop.afuk.frl\/nl\/winkel\/toekomstmakers-vertellen-waarom-jong-talent-in-fryslan-blijft\/"]}]},{"@type":"ImageObject","inLanguage":"nl-NL","@id":"https:\/\/websjop.afuk.frl\/nl\/winkel\/toekomstmakers-vertellen-waarom-jong-talent-in-fryslan-blijft\/#primaryimage","url":"https:\/\/websjop.afuk.frl\/wp-content\/uploads\/2025\/11\/Toekomstmakers.jpg","contentUrl":"https:\/\/websjop.afuk.frl\/wp-content\/uploads\/2025\/11\/Toekomstmakers.jpg","width":521,"height":800},{"@type":"BreadcrumbList","@id":"https:\/\/websjop.afuk.frl\/nl\/winkel\/toekomstmakers-vertellen-waarom-jong-talent-in-fryslan-blijft\/#breadcrumb","itemListElement":[{"@type":"ListItem","position":1,"name":"Home","item":"https:\/\/websjop.afuk.frl\/nl\/"},{"@type":"ListItem","position":2,"name":"Winkel","item":"https:\/\/websjop.afuk.frl\/nl\/winkel\/"},{"@type":"ListItem","position":3,"name":"Toekomstmakers vertellen &#8211; Waarom jong talent in Frysl\u00e2n blijft"}]},{"@type":"WebSite","@id":"https:\/\/websjop.afuk.frl\/nl\/#website","url":"https:\/\/websjop.afuk.frl\/nl\/","name":"Af\u00fbk Websjop","description":"","potentialAction":[{"@type":"SearchAction","target":{"@type":"EntryPoint","urlTemplate":"https:\/\/websjop.afuk.frl\/nl\/?s={search_term_string}"},"query-input":{"@type":"PropertyValueSpecification","valueRequired":true,"valueName":"search_term_string"}}],"inLanguage":"nl-NL"}]}},"_links":{"self":[{"href":"https:\/\/websjop.afuk.frl\/nl\/wp-json\/wp\/v2\/product\/51095","targetHints":{"allow":["GET"]}}],"collection":[{"href":"https:\/\/websjop.afuk.frl\/nl\/wp-json\/wp\/v2\/product"}],"about":[{"href":"https:\/\/websjop.afuk.frl\/nl\/wp-json\/wp\/v2\/types\/product"}],"replies":[{"embeddable":true,"href":"https:\/\/websjop.afuk.frl\/nl\/wp-json\/wp\/v2\/comments?post=51095"}],"wp:featuredmedia":[{"embeddable":true,"href":"https:\/\/websjop.afuk.frl\/nl\/wp-json\/wp\/v2\/media\/51096"}],"wp:attachment":[{"href":"https:\/\/websjop.afuk.frl\/nl\/wp-json\/wp\/v2\/media?parent=51095"}],"wp:term":[{"taxonomy":"product_brand","embeddable":true,"href":"https:\/\/websjop.afuk.frl\/nl\/wp-json\/wp\/v2\/product_brand?post=51095"},{"taxonomy":"product_cat","embeddable":true,"href":"https:\/\/websjop.afuk.frl\/nl\/wp-json\/wp\/v2\/product_cat?post=51095"},{"taxonomy":"product_tag","embeddable":true,"href":"https:\/\/websjop.afuk.frl\/nl\/wp-json\/wp\/v2\/product_tag?post=51095"}],"curies":[{"name":"wp","href":"https:\/\/api.w.org\/{rel}","templated":true}]}}