{"id":50961,"date":"2025-11-27T09:56:09","date_gmt":"2025-11-27T08:56:09","guid":{"rendered":"https:\/\/websjop.afuk.frl\/frl\/?post_type=product&#038;p=50961"},"modified":"2026-03-30T15:03:00","modified_gmt":"2026-03-30T13:03:00","slug":"wetter","status":"publish","type":"product","link":"https:\/\/websjop.afuk.frl\/nl\/winkel\/wetter\/","title":{"rendered":"Wetter"},"content":{"rendered":"<p>Wisse verwondert zich danig. WATER. In de goot, in de sloot, in een orgel, uit de lucht, uit de kraan, achter de dijk, op het strand&#8230; Magisch vindt hij het, en dat is het ook. Zijn moeder en meester laten hem. Met spelen en ontdekken komt ook het respect voor water, denken ze.<\/p>\n<p>Als Wisse op school een brief over de toekomst mag schrijven, dan gaat die brief natuurlijk over water, dat je er niet bang voor hoeft te zijn, je moet gewoon heel goed oppassen.<\/p>\n<p><em>De grotendeels blauwe illustraties in WETTER zijn gemaakt in een gemengde techniek. De illustrator heeft droge naald etsen (Tetrapak print) , gecombineerd met kleurpotlood, inkt, stempels en sjablonen. <\/em><br \/>\n<em>De etsen in het boek zijn gemaakt als Tetrapak print, dit is een diepdruktechniek zonder chemicali\u00ebn.<\/em><\/p>\n<p>Uitgegeven in samenwerking met Waterschap Frysl\u00e2n.<\/p>\n<hr \/>\n<p><em>Irene: &#8220;Wetter is in bys\u00fbnder boek om der in pear kear by te pakken. Net foar it ferhaal, mar wol foar de ferw\u00fbndering. En fansels om de eksperiminten th\u00fas ek te probearjen. Of de feiten oer wetter fierder \u00fat te sykjen as dyn bern likefolle fan wetter h\u00e2ldt as Wisse docht.&#8221; <a href=\"https:\/\/heitenmem.frl\/de-resinsje-fan-irene-steens-wetter\/\" target=\"_blank\" rel=\"noopener\">L\u00eas hjir Irene har folsleine resinsje.<\/a><\/em><\/p>\n<p><em>Anke: &#8220;Foar skoallen is it ek in oanrieder. By it boek kinst in lesbrief mei wetterlessen krije, kinst in proefkes-\u00fatlienset bestelle en der kin in wetterprofessor fan Wetsus by dy op skoalle komme. Sa wurdt tematysk wurkjen superleuk!&#8221; <a href=\"https:\/\/heitenmem.frl\/resinsje-wetter-troch-anke-dykstra\/\" target=\"_blank\" rel=\"noopener\">L\u00eas hjir Anke har folsleine resinsje.<\/a><\/em><\/p>\n<p>&nbsp;<\/p>\n<p>&nbsp;<\/p>\n<p>&nbsp;<\/p>\n<p>&nbsp;<\/p>\n<p>&nbsp;<\/p>\n","protected":false},"excerpt":{"rendered":"<p>Wisse verwondert zich danig. WATER. In de goot, in de sloot, in een orgel, uit de lucht, uit de kraan, achter de dijk, op het strand&#8230; Magisch vindt hij het, en dat is het ook. Zijn moeder en meester laten hem. Met spelen en ontdekken komt ook het respect voor water, denken ze. Als Wisse [&hellip;]<\/p>\n","protected":false},"featured_media":51517,"comment_status":"closed","ping_status":"closed","template":"","meta":{"_acf_changed":false},"product_brand":[],"product_cat":[550,9763,535,24178],"product_tag":[22541,23810,5451,23441,24453,24452],"class_list":{"0":"post-50961","1":"product","2":"type-product","3":"status-publish","4":"has-post-thumbnail","6":"product_cat-berneboeken-4-8","7":"product_cat-de-moaiste-jeugdboeken","8":"product_cat-fryske-boeken","9":"product_cat-tema-wetter","10":"product_tag-linda-de-haan","11":"product_tag-miljeu","12":"product_tag-printeboek","13":"product_tag-wetter","14":"product_tag-wetterskip","15":"product_tag-wisse","16":"product_shipping_class-brievenbus-verzending","17":"pa_auteur-linda-de-haan","18":"pa_isbn-24430","19":"pa_new-label-1-3","20":"pa_taal-frysk","21":"pa_uitgever-afuk","23":"first","24":"instock","25":"featured","26":"taxable","27":"shipping-taxable","28":"purchasable","29":"product-type-simple"},"acf":[],"yoast_head":"<!-- This site is optimized with the Yoast SEO plugin v27.3 - https:\/\/yoast.com\/product\/yoast-seo-wordpress\/ -->\n<title>Wetter &#8211; Af\u00fbk Websjop<\/title>\n<meta name=\"description\" content=\"Wisse verwondert zich over WATER. In de goot, in de sloot, uit de lucht, uit de kraan, op het strand... Magisch vindt hij het, en dat is het ook.\" \/>\n<meta name=\"robots\" content=\"index, follow, max-snippet:-1, max-image-preview:large, max-video-preview:-1\" \/>\n<link rel=\"canonical\" href=\"https:\/\/websjop.afuk.frl\/nl\/winkel\/wetter\/\" \/>\n<meta property=\"og:locale\" content=\"nl_NL\" \/>\n<meta property=\"og:type\" content=\"article\" \/>\n<meta property=\"og:title\" content=\"Wetter &#8211; Af\u00fbk Websjop\" \/>\n<meta property=\"og:description\" content=\"Wisse verwondert zich over WATER. In de goot, in de sloot, uit de lucht, uit de kraan, op het strand... Magisch vindt hij het, en dat is het ook.\" \/>\n<meta property=\"og:url\" content=\"https:\/\/websjop.afuk.frl\/nl\/winkel\/wetter\/\" \/>\n<meta property=\"og:site_name\" content=\"Af\u00fbk Websjop\" \/>\n<meta property=\"article:modified_time\" content=\"2026-03-30T13:03:00+00:00\" \/>\n<meta property=\"og:image\" content=\"https:\/\/websjop.afuk.frl\/wp-content\/uploads\/2025\/10\/Wetter-LR-scaled.jpg\" \/>\n\t<meta property=\"og:image:width\" content=\"1746\" \/>\n\t<meta property=\"og:image:height\" content=\"2560\" \/>\n\t<meta property=\"og:image:type\" content=\"image\/jpeg\" \/>\n<meta name=\"twitter:card\" content=\"summary_large_image\" \/>\n<meta name=\"twitter:label1\" content=\"Geschatte leestijd\" \/>\n\t<meta name=\"twitter:data1\" content=\"3 minuten\" \/>\n<script type=\"application\/ld+json\" class=\"yoast-schema-graph\">{\"@context\":\"https:\\\/\\\/schema.org\",\"@graph\":[{\"@type\":\"WebPage\",\"@id\":\"https:\\\/\\\/websjop.afuk.frl\\\/nl\\\/winkel\\\/wetter\\\/\",\"url\":\"https:\\\/\\\/websjop.afuk.frl\\\/nl\\\/winkel\\\/wetter\\\/\",\"name\":\"Wetter &#8211; Af\u00fbk Websjop\",\"isPartOf\":{\"@id\":\"https:\\\/\\\/websjop.afuk.frl\\\/nl\\\/#website\"},\"primaryImageOfPage\":{\"@id\":\"https:\\\/\\\/websjop.afuk.frl\\\/nl\\\/winkel\\\/wetter\\\/#primaryimage\"},\"image\":{\"@id\":\"https:\\\/\\\/websjop.afuk.frl\\\/nl\\\/winkel\\\/wetter\\\/#primaryimage\"},\"thumbnailUrl\":\"https:\\\/\\\/websjop.afuk.frl\\\/wp-content\\\/uploads\\\/2025\\\/10\\\/Wetter-LR-scaled.jpg\",\"datePublished\":\"2025-11-27T08:56:09+00:00\",\"dateModified\":\"2026-03-30T13:03:00+00:00\",\"description\":\"Wisse verwondert zich over WATER. In de goot, in de sloot, uit de lucht, uit de kraan, op het strand... Magisch vindt hij het, en dat is het ook.\",\"breadcrumb\":{\"@id\":\"https:\\\/\\\/websjop.afuk.frl\\\/nl\\\/winkel\\\/wetter\\\/#breadcrumb\"},\"inLanguage\":\"nl-NL\",\"potentialAction\":[{\"@type\":\"ReadAction\",\"target\":[\"https:\\\/\\\/websjop.afuk.frl\\\/nl\\\/winkel\\\/wetter\\\/\"]}]},{\"@type\":\"ImageObject\",\"inLanguage\":\"nl-NL\",\"@id\":\"https:\\\/\\\/websjop.afuk.frl\\\/nl\\\/winkel\\\/wetter\\\/#primaryimage\",\"url\":\"https:\\\/\\\/websjop.afuk.frl\\\/wp-content\\\/uploads\\\/2025\\\/10\\\/Wetter-LR-scaled.jpg\",\"contentUrl\":\"https:\\\/\\\/websjop.afuk.frl\\\/wp-content\\\/uploads\\\/2025\\\/10\\\/Wetter-LR-scaled.jpg\",\"width\":1746,\"height\":2560},{\"@type\":\"BreadcrumbList\",\"@id\":\"https:\\\/\\\/websjop.afuk.frl\\\/nl\\\/winkel\\\/wetter\\\/#breadcrumb\",\"itemListElement\":[{\"@type\":\"ListItem\",\"position\":1,\"name\":\"Home\",\"item\":\"https:\\\/\\\/websjop.afuk.frl\\\/nl\\\/\"},{\"@type\":\"ListItem\",\"position\":2,\"name\":\"Winkel\",\"item\":\"https:\\\/\\\/websjop.afuk.frl\\\/nl\\\/winkel\\\/\"},{\"@type\":\"ListItem\",\"position\":3,\"name\":\"Wetter\"}]},{\"@type\":\"WebSite\",\"@id\":\"https:\\\/\\\/websjop.afuk.frl\\\/nl\\\/#website\",\"url\":\"https:\\\/\\\/websjop.afuk.frl\\\/nl\\\/\",\"name\":\"Af\u00fbk Websjop\",\"description\":\"\",\"potentialAction\":[{\"@type\":\"SearchAction\",\"target\":{\"@type\":\"EntryPoint\",\"urlTemplate\":\"https:\\\/\\\/websjop.afuk.frl\\\/nl\\\/?s={search_term_string}\"},\"query-input\":{\"@type\":\"PropertyValueSpecification\",\"valueRequired\":true,\"valueName\":\"search_term_string\"}}],\"inLanguage\":\"nl-NL\"}]}<\/script>\n<!-- \/ Yoast SEO plugin. -->","yoast_head_json":{"title":"Wetter &#8211; Af\u00fbk Websjop","description":"Wisse verwondert zich over WATER. In de goot, in de sloot, uit de lucht, uit de kraan, op het strand... Magisch vindt hij het, en dat is het ook.","robots":{"index":"index","follow":"follow","max-snippet":"max-snippet:-1","max-image-preview":"max-image-preview:large","max-video-preview":"max-video-preview:-1"},"canonical":"https:\/\/websjop.afuk.frl\/nl\/winkel\/wetter\/","og_locale":"nl_NL","og_type":"article","og_title":"Wetter &#8211; Af\u00fbk Websjop","og_description":"Wisse verwondert zich over WATER. In de goot, in de sloot, uit de lucht, uit de kraan, op het strand... Magisch vindt hij het, en dat is het ook.","og_url":"https:\/\/websjop.afuk.frl\/nl\/winkel\/wetter\/","og_site_name":"Af\u00fbk Websjop","article_modified_time":"2026-03-30T13:03:00+00:00","og_image":[{"width":1746,"height":2560,"url":"https:\/\/websjop.afuk.frl\/wp-content\/uploads\/2025\/10\/Wetter-LR-scaled.jpg","type":"image\/jpeg"}],"twitter_card":"summary_large_image","twitter_misc":{"Geschatte leestijd":"3 minuten"},"schema":{"@context":"https:\/\/schema.org","@graph":[{"@type":"WebPage","@id":"https:\/\/websjop.afuk.frl\/nl\/winkel\/wetter\/","url":"https:\/\/websjop.afuk.frl\/nl\/winkel\/wetter\/","name":"Wetter &#8211; Af\u00fbk Websjop","isPartOf":{"@id":"https:\/\/websjop.afuk.frl\/nl\/#website"},"primaryImageOfPage":{"@id":"https:\/\/websjop.afuk.frl\/nl\/winkel\/wetter\/#primaryimage"},"image":{"@id":"https:\/\/websjop.afuk.frl\/nl\/winkel\/wetter\/#primaryimage"},"thumbnailUrl":"https:\/\/websjop.afuk.frl\/wp-content\/uploads\/2025\/10\/Wetter-LR-scaled.jpg","datePublished":"2025-11-27T08:56:09+00:00","dateModified":"2026-03-30T13:03:00+00:00","description":"Wisse verwondert zich over WATER. In de goot, in de sloot, uit de lucht, uit de kraan, op het strand... Magisch vindt hij het, en dat is het ook.","breadcrumb":{"@id":"https:\/\/websjop.afuk.frl\/nl\/winkel\/wetter\/#breadcrumb"},"inLanguage":"nl-NL","potentialAction":[{"@type":"ReadAction","target":["https:\/\/websjop.afuk.frl\/nl\/winkel\/wetter\/"]}]},{"@type":"ImageObject","inLanguage":"nl-NL","@id":"https:\/\/websjop.afuk.frl\/nl\/winkel\/wetter\/#primaryimage","url":"https:\/\/websjop.afuk.frl\/wp-content\/uploads\/2025\/10\/Wetter-LR-scaled.jpg","contentUrl":"https:\/\/websjop.afuk.frl\/wp-content\/uploads\/2025\/10\/Wetter-LR-scaled.jpg","width":1746,"height":2560},{"@type":"BreadcrumbList","@id":"https:\/\/websjop.afuk.frl\/nl\/winkel\/wetter\/#breadcrumb","itemListElement":[{"@type":"ListItem","position":1,"name":"Home","item":"https:\/\/websjop.afuk.frl\/nl\/"},{"@type":"ListItem","position":2,"name":"Winkel","item":"https:\/\/websjop.afuk.frl\/nl\/winkel\/"},{"@type":"ListItem","position":3,"name":"Wetter"}]},{"@type":"WebSite","@id":"https:\/\/websjop.afuk.frl\/nl\/#website","url":"https:\/\/websjop.afuk.frl\/nl\/","name":"Af\u00fbk Websjop","description":"","potentialAction":[{"@type":"SearchAction","target":{"@type":"EntryPoint","urlTemplate":"https:\/\/websjop.afuk.frl\/nl\/?s={search_term_string}"},"query-input":{"@type":"PropertyValueSpecification","valueRequired":true,"valueName":"search_term_string"}}],"inLanguage":"nl-NL"}]}},"_links":{"self":[{"href":"https:\/\/websjop.afuk.frl\/nl\/wp-json\/wp\/v2\/product\/50961","targetHints":{"allow":["GET"]}}],"collection":[{"href":"https:\/\/websjop.afuk.frl\/nl\/wp-json\/wp\/v2\/product"}],"about":[{"href":"https:\/\/websjop.afuk.frl\/nl\/wp-json\/wp\/v2\/types\/product"}],"replies":[{"embeddable":true,"href":"https:\/\/websjop.afuk.frl\/nl\/wp-json\/wp\/v2\/comments?post=50961"}],"wp:featuredmedia":[{"embeddable":true,"href":"https:\/\/websjop.afuk.frl\/nl\/wp-json\/wp\/v2\/media\/51517"}],"wp:attachment":[{"href":"https:\/\/websjop.afuk.frl\/nl\/wp-json\/wp\/v2\/media?parent=50961"}],"wp:term":[{"taxonomy":"product_brand","embeddable":true,"href":"https:\/\/websjop.afuk.frl\/nl\/wp-json\/wp\/v2\/product_brand?post=50961"},{"taxonomy":"product_cat","embeddable":true,"href":"https:\/\/websjop.afuk.frl\/nl\/wp-json\/wp\/v2\/product_cat?post=50961"},{"taxonomy":"product_tag","embeddable":true,"href":"https:\/\/websjop.afuk.frl\/nl\/wp-json\/wp\/v2\/product_tag?post=50961"}],"curies":[{"name":"wp","href":"https:\/\/api.w.org\/{rel}","templated":true}]}}