{"id":50954,"date":"2025-10-31T09:37:18","date_gmt":"2025-10-31T08:37:18","guid":{"rendered":"https:\/\/websjop.afuk.frl\/frl\/?post_type=product&#038;p=50954"},"modified":"2026-01-28T11:48:37","modified_gmt":"2026-01-28T10:48:37","slug":"sipke-ziet-sterretjes-sipke-sjocht-stjerkes","status":"publish","type":"product","link":"https:\/\/websjop.afuk.frl\/nl\/winkel\/sipke-ziet-sterretjes-sipke-sjocht-stjerkes\/","title":{"rendered":"Sipke ziet sterretjes &#8211; Sipke sjocht stjerkes"},"content":{"rendered":"<p>Sipke ziet sterretjes &#8211; Sipke sjocht stjerkes.<\/p>\n<p>Sipke vindt het maar lastig om een werkstuk over planeten te maken. Daarom neemt opa Spitsmuis hem mee naar het Planetarium van Eise Eisinga in Franeker. Samen ontdekken ze hoe het zit met het zonnestelsel&#8230; en de ruimte daar voorbij.<\/p>\n<p>Alweer het 8e deel in de serie over Sipke de spitsmuis. Tweetalige editie (Nederlands en Fries) in samenwerking met Uitgeverij Rubinstein.<\/p>\n<p><a href=\"https:\/\/websjop.afuk.frl\/wp-content\/uploads\/2025\/10\/Inkijk-Sipke-ziet-sterretjes-35024.pdf\">Inkijk-Sipke-ziet-sterretjes-35024<\/a><\/p>\n<hr \/>\n<p><em>Sieta: &#8220;Mare (8 jier) f\u00fbn it boek moai, omdat it hielendal oer it Planetarium giet en sy d\u00ear ek al in pear kear west hat! Sy koe yn de tekeningen goed sjen dat it echt op it Planetarium liket! D\u00earneist f\u00fbn se it in grappich ferhaaltsje op rym mei in soad ynformaasje oer it Planetarium, mar it wie wat har oangiet wol wat in koart ferhaal. Sy hie der noch wol mear oer l\u00eaze wollen. Gelokkich sitte der achter yn it boekje noch stikjes tekst oer \u00fbnder oaren Eise Eisinga, it Planetarium en it sinnestelsel. Sy f\u00fbn it moai dat se it boekje sels goed l\u00eaze koe yn it Frysk en yn it Nederl\u00e2nsk; dat is dus ek goed te dwaan foar in bern. Mare seit ek tsjin alle bern, heiten en memmen of pakes en beppes: l\u00eas it boekje en besykje d\u00earnei it Planetarium ek, lykas sy ek dien hat mei har pake en beppe en skoalle. Dat is echt ynteressant om te dwaan!&#8221; <a href=\"https:\/\/heitenmem.frl\/boekresinsje-sipke-sjocht-stjerkes-sipke-ziet-sterretjes-troch-sieta-de-vries\/\" target=\"_blank\" rel=\"noopener\">L\u00eas hjir Sieta har folsleine resinsje.<\/a><\/em><\/p>\n","protected":false},"excerpt":{"rendered":"<p>Sipke ziet sterretjes &#8211; Sipke sjocht stjerkes. Sipke vindt het maar lastig om een werkstuk over planeten te maken. Daarom neemt opa Spitsmuis hem mee naar het Planetarium van Eise Eisinga in Franeker. Samen ontdekken ze hoe het zit met het zonnestelsel&#8230; en de ruimte daar voorbij. Alweer het 8e deel in de serie over [&hellip;]<\/p>\n","protected":false},"featured_media":50955,"comment_status":"closed","ping_status":"closed","template":"","meta":{"_acf_changed":false},"product_brand":[],"product_cat":[1213,550,535,22914],"product_tag":[15183,16999,24450,24448,24447,24449,24451],"class_list":{"0":"post-50954","1":"product","2":"type-product","3":"status-publish","4":"has-post-thumbnail","6":"product_cat-berne-en-jeugdboeken","7":"product_cat-berneboeken-4-8","8":"product_cat-fryske-boeken","9":"product_cat-tema-meartalich","10":"product_tag-planetarium","11":"product_tag-ruimte","12":"product_tag-sinnestelsel","13":"product_tag-sipke-sjocht-stjerkes","14":"product_tag-sipke-ziet-sterretjes","15":"product_tag-wurkstik","16":"product_tag-yn-e-romte","17":"product_shipping_class-brievenbus-verzending","18":"pa_auteur-lida-dykstra-2","19":"pa_isbn-24429","20":"pa_new-label-1-3","21":"pa_taal-frysk-nederlansk","22":"pa_uitgever-afuk-rubinstein","24":"first","25":"instock","26":"featured","27":"taxable","28":"shipping-taxable","29":"purchasable","30":"product-type-simple"},"acf":[],"yoast_head":"<!-- This site is optimized with the Yoast SEO plugin v27.3 - https:\/\/yoast.com\/product\/yoast-seo-wordpress\/ -->\n<title>Sipke ziet sterretjes - Sipke sjocht stjerkes &#8211; Af\u00fbk Websjop<\/title>\n<meta name=\"description\" content=\"Sipke ziet sterretjes! Sipke vindt het lastig om een werkstuk over planeten te maken. Daarom neemt opa Spitsmuis hem mee naar het Planetarium.\" \/>\n<meta name=\"robots\" content=\"index, follow, max-snippet:-1, max-image-preview:large, max-video-preview:-1\" \/>\n<link rel=\"canonical\" href=\"https:\/\/websjop.afuk.frl\/nl\/winkel\/sipke-ziet-sterretjes-sipke-sjocht-stjerkes\/\" \/>\n<meta property=\"og:locale\" content=\"nl_NL\" \/>\n<meta property=\"og:type\" content=\"article\" \/>\n<meta property=\"og:title\" content=\"Sipke ziet sterretjes - Sipke sjocht stjerkes &#8211; Af\u00fbk Websjop\" \/>\n<meta property=\"og:description\" content=\"Sipke ziet sterretjes! Sipke vindt het lastig om een werkstuk over planeten te maken. Daarom neemt opa Spitsmuis hem mee naar het Planetarium.\" \/>\n<meta property=\"og:url\" content=\"https:\/\/websjop.afuk.frl\/nl\/winkel\/sipke-ziet-sterretjes-sipke-sjocht-stjerkes\/\" \/>\n<meta property=\"og:site_name\" content=\"Af\u00fbk Websjop\" \/>\n<meta property=\"article:modified_time\" content=\"2026-01-28T10:48:37+00:00\" \/>\n<meta property=\"og:image\" content=\"https:\/\/websjop.afuk.frl\/wp-content\/uploads\/2025\/10\/sipke-stjerkes.jpg\" \/>\n\t<meta property=\"og:image:width\" content=\"420\" \/>\n\t<meta property=\"og:image:height\" content=\"489\" \/>\n\t<meta property=\"og:image:type\" content=\"image\/jpeg\" \/>\n<meta name=\"twitter:card\" content=\"summary_large_image\" \/>\n<meta name=\"twitter:label1\" content=\"Geschatte leestijd\" \/>\n\t<meta name=\"twitter:data1\" content=\"3 minuten\" \/>\n<script type=\"application\/ld+json\" class=\"yoast-schema-graph\">{\"@context\":\"https:\\\/\\\/schema.org\",\"@graph\":[{\"@type\":\"WebPage\",\"@id\":\"https:\\\/\\\/websjop.afuk.frl\\\/nl\\\/winkel\\\/sipke-ziet-sterretjes-sipke-sjocht-stjerkes\\\/\",\"url\":\"https:\\\/\\\/websjop.afuk.frl\\\/nl\\\/winkel\\\/sipke-ziet-sterretjes-sipke-sjocht-stjerkes\\\/\",\"name\":\"Sipke ziet sterretjes - Sipke sjocht stjerkes &#8211; Af\u00fbk Websjop\",\"isPartOf\":{\"@id\":\"https:\\\/\\\/websjop.afuk.frl\\\/nl\\\/#website\"},\"primaryImageOfPage\":{\"@id\":\"https:\\\/\\\/websjop.afuk.frl\\\/nl\\\/winkel\\\/sipke-ziet-sterretjes-sipke-sjocht-stjerkes\\\/#primaryimage\"},\"image\":{\"@id\":\"https:\\\/\\\/websjop.afuk.frl\\\/nl\\\/winkel\\\/sipke-ziet-sterretjes-sipke-sjocht-stjerkes\\\/#primaryimage\"},\"thumbnailUrl\":\"https:\\\/\\\/websjop.afuk.frl\\\/wp-content\\\/uploads\\\/2025\\\/10\\\/sipke-stjerkes.jpg\",\"datePublished\":\"2025-10-31T08:37:18+00:00\",\"dateModified\":\"2026-01-28T10:48:37+00:00\",\"description\":\"Sipke ziet sterretjes! Sipke vindt het lastig om een werkstuk over planeten te maken. Daarom neemt opa Spitsmuis hem mee naar het Planetarium.\",\"breadcrumb\":{\"@id\":\"https:\\\/\\\/websjop.afuk.frl\\\/nl\\\/winkel\\\/sipke-ziet-sterretjes-sipke-sjocht-stjerkes\\\/#breadcrumb\"},\"inLanguage\":\"nl-NL\",\"potentialAction\":[{\"@type\":\"ReadAction\",\"target\":[\"https:\\\/\\\/websjop.afuk.frl\\\/nl\\\/winkel\\\/sipke-ziet-sterretjes-sipke-sjocht-stjerkes\\\/\"]}]},{\"@type\":\"ImageObject\",\"inLanguage\":\"nl-NL\",\"@id\":\"https:\\\/\\\/websjop.afuk.frl\\\/nl\\\/winkel\\\/sipke-ziet-sterretjes-sipke-sjocht-stjerkes\\\/#primaryimage\",\"url\":\"https:\\\/\\\/websjop.afuk.frl\\\/wp-content\\\/uploads\\\/2025\\\/10\\\/sipke-stjerkes.jpg\",\"contentUrl\":\"https:\\\/\\\/websjop.afuk.frl\\\/wp-content\\\/uploads\\\/2025\\\/10\\\/sipke-stjerkes.jpg\",\"width\":420,\"height\":489,\"caption\":\"Sipke ziet sterretjes\"},{\"@type\":\"BreadcrumbList\",\"@id\":\"https:\\\/\\\/websjop.afuk.frl\\\/nl\\\/winkel\\\/sipke-ziet-sterretjes-sipke-sjocht-stjerkes\\\/#breadcrumb\",\"itemListElement\":[{\"@type\":\"ListItem\",\"position\":1,\"name\":\"Home\",\"item\":\"https:\\\/\\\/websjop.afuk.frl\\\/nl\\\/\"},{\"@type\":\"ListItem\",\"position\":2,\"name\":\"Winkel\",\"item\":\"https:\\\/\\\/websjop.afuk.frl\\\/nl\\\/winkel\\\/\"},{\"@type\":\"ListItem\",\"position\":3,\"name\":\"Sipke ziet sterretjes &#8211; Sipke sjocht stjerkes\"}]},{\"@type\":\"WebSite\",\"@id\":\"https:\\\/\\\/websjop.afuk.frl\\\/nl\\\/#website\",\"url\":\"https:\\\/\\\/websjop.afuk.frl\\\/nl\\\/\",\"name\":\"Af\u00fbk Websjop\",\"description\":\"\",\"potentialAction\":[{\"@type\":\"SearchAction\",\"target\":{\"@type\":\"EntryPoint\",\"urlTemplate\":\"https:\\\/\\\/websjop.afuk.frl\\\/nl\\\/?s={search_term_string}\"},\"query-input\":{\"@type\":\"PropertyValueSpecification\",\"valueRequired\":true,\"valueName\":\"search_term_string\"}}],\"inLanguage\":\"nl-NL\"}]}<\/script>\n<!-- \/ Yoast SEO plugin. -->","yoast_head_json":{"title":"Sipke ziet sterretjes - Sipke sjocht stjerkes &#8211; Af\u00fbk Websjop","description":"Sipke ziet sterretjes! Sipke vindt het lastig om een werkstuk over planeten te maken. Daarom neemt opa Spitsmuis hem mee naar het Planetarium.","robots":{"index":"index","follow":"follow","max-snippet":"max-snippet:-1","max-image-preview":"max-image-preview:large","max-video-preview":"max-video-preview:-1"},"canonical":"https:\/\/websjop.afuk.frl\/nl\/winkel\/sipke-ziet-sterretjes-sipke-sjocht-stjerkes\/","og_locale":"nl_NL","og_type":"article","og_title":"Sipke ziet sterretjes - Sipke sjocht stjerkes &#8211; Af\u00fbk Websjop","og_description":"Sipke ziet sterretjes! Sipke vindt het lastig om een werkstuk over planeten te maken. Daarom neemt opa Spitsmuis hem mee naar het Planetarium.","og_url":"https:\/\/websjop.afuk.frl\/nl\/winkel\/sipke-ziet-sterretjes-sipke-sjocht-stjerkes\/","og_site_name":"Af\u00fbk Websjop","article_modified_time":"2026-01-28T10:48:37+00:00","og_image":[{"width":420,"height":489,"url":"https:\/\/websjop.afuk.frl\/wp-content\/uploads\/2025\/10\/sipke-stjerkes.jpg","type":"image\/jpeg"}],"twitter_card":"summary_large_image","twitter_misc":{"Geschatte leestijd":"3 minuten"},"schema":{"@context":"https:\/\/schema.org","@graph":[{"@type":"WebPage","@id":"https:\/\/websjop.afuk.frl\/nl\/winkel\/sipke-ziet-sterretjes-sipke-sjocht-stjerkes\/","url":"https:\/\/websjop.afuk.frl\/nl\/winkel\/sipke-ziet-sterretjes-sipke-sjocht-stjerkes\/","name":"Sipke ziet sterretjes - Sipke sjocht stjerkes &#8211; Af\u00fbk Websjop","isPartOf":{"@id":"https:\/\/websjop.afuk.frl\/nl\/#website"},"primaryImageOfPage":{"@id":"https:\/\/websjop.afuk.frl\/nl\/winkel\/sipke-ziet-sterretjes-sipke-sjocht-stjerkes\/#primaryimage"},"image":{"@id":"https:\/\/websjop.afuk.frl\/nl\/winkel\/sipke-ziet-sterretjes-sipke-sjocht-stjerkes\/#primaryimage"},"thumbnailUrl":"https:\/\/websjop.afuk.frl\/wp-content\/uploads\/2025\/10\/sipke-stjerkes.jpg","datePublished":"2025-10-31T08:37:18+00:00","dateModified":"2026-01-28T10:48:37+00:00","description":"Sipke ziet sterretjes! Sipke vindt het lastig om een werkstuk over planeten te maken. Daarom neemt opa Spitsmuis hem mee naar het Planetarium.","breadcrumb":{"@id":"https:\/\/websjop.afuk.frl\/nl\/winkel\/sipke-ziet-sterretjes-sipke-sjocht-stjerkes\/#breadcrumb"},"inLanguage":"nl-NL","potentialAction":[{"@type":"ReadAction","target":["https:\/\/websjop.afuk.frl\/nl\/winkel\/sipke-ziet-sterretjes-sipke-sjocht-stjerkes\/"]}]},{"@type":"ImageObject","inLanguage":"nl-NL","@id":"https:\/\/websjop.afuk.frl\/nl\/winkel\/sipke-ziet-sterretjes-sipke-sjocht-stjerkes\/#primaryimage","url":"https:\/\/websjop.afuk.frl\/wp-content\/uploads\/2025\/10\/sipke-stjerkes.jpg","contentUrl":"https:\/\/websjop.afuk.frl\/wp-content\/uploads\/2025\/10\/sipke-stjerkes.jpg","width":420,"height":489,"caption":"Sipke ziet sterretjes"},{"@type":"BreadcrumbList","@id":"https:\/\/websjop.afuk.frl\/nl\/winkel\/sipke-ziet-sterretjes-sipke-sjocht-stjerkes\/#breadcrumb","itemListElement":[{"@type":"ListItem","position":1,"name":"Home","item":"https:\/\/websjop.afuk.frl\/nl\/"},{"@type":"ListItem","position":2,"name":"Winkel","item":"https:\/\/websjop.afuk.frl\/nl\/winkel\/"},{"@type":"ListItem","position":3,"name":"Sipke ziet sterretjes &#8211; Sipke sjocht stjerkes"}]},{"@type":"WebSite","@id":"https:\/\/websjop.afuk.frl\/nl\/#website","url":"https:\/\/websjop.afuk.frl\/nl\/","name":"Af\u00fbk Websjop","description":"","potentialAction":[{"@type":"SearchAction","target":{"@type":"EntryPoint","urlTemplate":"https:\/\/websjop.afuk.frl\/nl\/?s={search_term_string}"},"query-input":{"@type":"PropertyValueSpecification","valueRequired":true,"valueName":"search_term_string"}}],"inLanguage":"nl-NL"}]}},"_links":{"self":[{"href":"https:\/\/websjop.afuk.frl\/nl\/wp-json\/wp\/v2\/product\/50954","targetHints":{"allow":["GET"]}}],"collection":[{"href":"https:\/\/websjop.afuk.frl\/nl\/wp-json\/wp\/v2\/product"}],"about":[{"href":"https:\/\/websjop.afuk.frl\/nl\/wp-json\/wp\/v2\/types\/product"}],"replies":[{"embeddable":true,"href":"https:\/\/websjop.afuk.frl\/nl\/wp-json\/wp\/v2\/comments?post=50954"}],"wp:featuredmedia":[{"embeddable":true,"href":"https:\/\/websjop.afuk.frl\/nl\/wp-json\/wp\/v2\/media\/50955"}],"wp:attachment":[{"href":"https:\/\/websjop.afuk.frl\/nl\/wp-json\/wp\/v2\/media?parent=50954"}],"wp:term":[{"taxonomy":"product_brand","embeddable":true,"href":"https:\/\/websjop.afuk.frl\/nl\/wp-json\/wp\/v2\/product_brand?post=50954"},{"taxonomy":"product_cat","embeddable":true,"href":"https:\/\/websjop.afuk.frl\/nl\/wp-json\/wp\/v2\/product_cat?post=50954"},{"taxonomy":"product_tag","embeddable":true,"href":"https:\/\/websjop.afuk.frl\/nl\/wp-json\/wp\/v2\/product_tag?post=50954"}],"curies":[{"name":"wp","href":"https:\/\/api.w.org\/{rel}","templated":true}]}}