{"id":50471,"date":"2025-09-29T11:20:01","date_gmt":"2025-09-29T09:20:01","guid":{"rendered":"https:\/\/websjop.afuk.frl\/frl\/?post_type=product&#038;p=50471"},"modified":"2025-12-01T09:55:17","modified_gmt":"2025-12-01T08:55:17","slug":"in-hjerstdei-foar-bear","status":"publish","type":"product","link":"https:\/\/websjop.afuk.frl\/nl\/winkel\/in-hjerstdei-foar-bear\/","title":{"rendered":"In hjerstdei foar Bear"},"content":{"rendered":"<p>Bear is er helemaal klaar voor: hij heeft deze herfstdag met M\u00fbs afgesproken om te picknicken. Wanneer M\u00fbs maar niet komt, besluit Bear om hem tegemoet te lopen. Niet veel later vindt hij M\u00fbs, die treurig op een boomstronk zit. &#8216;Alle blaadjes vallen. De vogels vliegen weg. Ik hou er niet van als dingen weggaan,&#8217; zucht M\u00fbs zacht. Zal het Bear lukken om zijn droevige vriendje op te fleuren?<\/p>\n<p>&nbsp;<\/p>\n<p>&nbsp;<\/p>\n","protected":false},"excerpt":{"rendered":"<p>Bear is er helemaal klaar voor: hij heeft deze herfstdag met M\u00fbs afgesproken om te picknicken. Wanneer M\u00fbs maar niet komt, besluit Bear om hem tegemoet te lopen. Niet veel later vindt hij M\u00fbs, die treurig op een boomstronk zit. &#8216;Alle blaadjes vallen. De vogels vliegen weg. Ik hou er niet van als dingen weggaan,&#8217; [&hellip;]<\/p>\n","protected":false},"featured_media":50472,"comment_status":"closed","ping_status":"closed","template":"","meta":{"_acf_changed":false},"product_brand":[],"product_cat":[1213,549,18409,535,16955,22355,14119],"product_tag":[24311,24312,16960,13763,24310,19317,5451,24313],"class_list":{"0":"post-50471","1":"product","2":"type-product","3":"status-publish","4":"has-post-thumbnail","6":"product_cat-berne-en-jeugdboeken","7":"product_cat-berneboeken-0-tot-4-jaar","8":"product_cat-foarskoalsk","9":"product_cat-fryske-boeken","10":"product_cat-herfst","11":"product_cat-hjerst","12":"product_cat-underwiis","13":"product_tag-bonny-becker","14":"product_tag-fallende-bledsjes","15":"product_tag-herfst","16":"product_tag-hjerst","17":"product_tag-in-hjerstdei-foar-bear","18":"product_tag-picknick","19":"product_tag-printeboek","20":"product_tag-vallende-blaadjes","21":"product_shipping_class-brievenbus-verzending","22":"pa_auteur-bonny-becker","23":"pa_isbn-24308","24":"pa_new-label-1-3","25":"pa_taal-frysk","26":"pa_uitgever-hoogland-van-klaveren-uitgeverij","27":"pa_vertaler-rymke-zijlstra","29":"first","30":"instock","31":"taxable","32":"shipping-taxable","33":"purchasable","34":"product-type-simple"},"acf":[],"yoast_head":"<!-- This site is optimized with the Yoast SEO plugin v27.2 - https:\/\/yoast.com\/product\/yoast-seo-wordpress\/ -->\n<title>In hjerstdei foar Bear &#8211; Af\u00fbk Websjop<\/title>\n<meta name=\"description\" content=\"Bear en M\u00fbs hebben deze herfstdag afgesproken om te picknicken. Maar M\u00fbs wordt zo triest van de herfst. Kan Bear hem opfleuren in In hjerstdei foar Bear?\" \/>\n<meta name=\"robots\" content=\"index, follow, max-snippet:-1, max-image-preview:large, max-video-preview:-1\" \/>\n<link rel=\"canonical\" href=\"https:\/\/websjop.afuk.frl\/nl\/winkel\/in-hjerstdei-foar-bear\/\" \/>\n<meta property=\"og:locale\" content=\"nl_NL\" \/>\n<meta property=\"og:type\" content=\"article\" \/>\n<meta property=\"og:title\" content=\"In hjerstdei foar Bear &#8211; Af\u00fbk Websjop\" \/>\n<meta property=\"og:description\" content=\"Bear en M\u00fbs hebben deze herfstdag afgesproken om te picknicken. Maar M\u00fbs wordt zo triest van de herfst. Kan Bear hem opfleuren in In hjerstdei foar Bear?\" \/>\n<meta property=\"og:url\" content=\"https:\/\/websjop.afuk.frl\/nl\/winkel\/in-hjerstdei-foar-bear\/\" \/>\n<meta property=\"og:site_name\" content=\"Af\u00fbk Websjop\" \/>\n<meta property=\"article:modified_time\" content=\"2025-12-01T08:55:17+00:00\" \/>\n<meta property=\"og:image\" content=\"https:\/\/websjop.afuk.frl\/wp-content\/uploads\/2025\/09\/In-hjerstdei-foar-Bear.jpg\" \/>\n\t<meta property=\"og:image:width\" content=\"550\" \/>\n\t<meta property=\"og:image:height\" content=\"478\" \/>\n\t<meta property=\"og:image:type\" content=\"image\/jpeg\" \/>\n<meta name=\"twitter:card\" content=\"summary_large_image\" \/>\n<meta name=\"twitter:label1\" content=\"Geschatte leestijd\" \/>\n\t<meta name=\"twitter:data1\" content=\"1 minuut\" \/>\n<script type=\"application\/ld+json\" class=\"yoast-schema-graph\">{\"@context\":\"https:\/\/schema.org\",\"@graph\":[{\"@type\":\"WebPage\",\"@id\":\"https:\/\/websjop.afuk.frl\/nl\/winkel\/in-hjerstdei-foar-bear\/\",\"url\":\"https:\/\/websjop.afuk.frl\/nl\/winkel\/in-hjerstdei-foar-bear\/\",\"name\":\"In hjerstdei foar Bear &#8211; Af\u00fbk Websjop\",\"isPartOf\":{\"@id\":\"https:\/\/websjop.afuk.frl\/nl\/#website\"},\"primaryImageOfPage\":{\"@id\":\"https:\/\/websjop.afuk.frl\/nl\/winkel\/in-hjerstdei-foar-bear\/#primaryimage\"},\"image\":{\"@id\":\"https:\/\/websjop.afuk.frl\/nl\/winkel\/in-hjerstdei-foar-bear\/#primaryimage\"},\"thumbnailUrl\":\"https:\/\/websjop.afuk.frl\/wp-content\/uploads\/2025\/09\/In-hjerstdei-foar-Bear.jpg\",\"datePublished\":\"2025-09-29T09:20:01+00:00\",\"dateModified\":\"2025-12-01T08:55:17+00:00\",\"description\":\"Bear en M\u00fbs hebben deze herfstdag afgesproken om te picknicken. Maar M\u00fbs wordt zo triest van de herfst. Kan Bear hem opfleuren in In hjerstdei foar Bear?\",\"breadcrumb\":{\"@id\":\"https:\/\/websjop.afuk.frl\/nl\/winkel\/in-hjerstdei-foar-bear\/#breadcrumb\"},\"inLanguage\":\"nl-NL\",\"potentialAction\":[{\"@type\":\"ReadAction\",\"target\":[\"https:\/\/websjop.afuk.frl\/nl\/winkel\/in-hjerstdei-foar-bear\/\"]}]},{\"@type\":\"ImageObject\",\"inLanguage\":\"nl-NL\",\"@id\":\"https:\/\/websjop.afuk.frl\/nl\/winkel\/in-hjerstdei-foar-bear\/#primaryimage\",\"url\":\"https:\/\/websjop.afuk.frl\/wp-content\/uploads\/2025\/09\/In-hjerstdei-foar-Bear.jpg\",\"contentUrl\":\"https:\/\/websjop.afuk.frl\/wp-content\/uploads\/2025\/09\/In-hjerstdei-foar-Bear.jpg\",\"width\":550,\"height\":478},{\"@type\":\"BreadcrumbList\",\"@id\":\"https:\/\/websjop.afuk.frl\/nl\/winkel\/in-hjerstdei-foar-bear\/#breadcrumb\",\"itemListElement\":[{\"@type\":\"ListItem\",\"position\":1,\"name\":\"Home\",\"item\":\"https:\/\/websjop.afuk.frl\/nl\/\"},{\"@type\":\"ListItem\",\"position\":2,\"name\":\"Winkel\",\"item\":\"https:\/\/websjop.afuk.frl\/nl\/winkel\/\"},{\"@type\":\"ListItem\",\"position\":3,\"name\":\"In hjerstdei foar Bear\"}]},{\"@type\":\"WebSite\",\"@id\":\"https:\/\/websjop.afuk.frl\/nl\/#website\",\"url\":\"https:\/\/websjop.afuk.frl\/nl\/\",\"name\":\"Af\u00fbk Websjop\",\"description\":\"\",\"potentialAction\":[{\"@type\":\"SearchAction\",\"target\":{\"@type\":\"EntryPoint\",\"urlTemplate\":\"https:\/\/websjop.afuk.frl\/nl\/?s={search_term_string}\"},\"query-input\":{\"@type\":\"PropertyValueSpecification\",\"valueRequired\":true,\"valueName\":\"search_term_string\"}}],\"inLanguage\":\"nl-NL\"}]}<\/script>\n<!-- \/ Yoast SEO plugin. -->","yoast_head_json":{"title":"In hjerstdei foar Bear &#8211; Af\u00fbk Websjop","description":"Bear en M\u00fbs hebben deze herfstdag afgesproken om te picknicken. Maar M\u00fbs wordt zo triest van de herfst. Kan Bear hem opfleuren in In hjerstdei foar Bear?","robots":{"index":"index","follow":"follow","max-snippet":"max-snippet:-1","max-image-preview":"max-image-preview:large","max-video-preview":"max-video-preview:-1"},"canonical":"https:\/\/websjop.afuk.frl\/nl\/winkel\/in-hjerstdei-foar-bear\/","og_locale":"nl_NL","og_type":"article","og_title":"In hjerstdei foar Bear &#8211; Af\u00fbk Websjop","og_description":"Bear en M\u00fbs hebben deze herfstdag afgesproken om te picknicken. Maar M\u00fbs wordt zo triest van de herfst. Kan Bear hem opfleuren in In hjerstdei foar Bear?","og_url":"https:\/\/websjop.afuk.frl\/nl\/winkel\/in-hjerstdei-foar-bear\/","og_site_name":"Af\u00fbk Websjop","article_modified_time":"2025-12-01T08:55:17+00:00","og_image":[{"width":550,"height":478,"url":"https:\/\/websjop.afuk.frl\/wp-content\/uploads\/2025\/09\/In-hjerstdei-foar-Bear.jpg","type":"image\/jpeg"}],"twitter_card":"summary_large_image","twitter_misc":{"Geschatte leestijd":"1 minuut"},"schema":{"@context":"https:\/\/schema.org","@graph":[{"@type":"WebPage","@id":"https:\/\/websjop.afuk.frl\/nl\/winkel\/in-hjerstdei-foar-bear\/","url":"https:\/\/websjop.afuk.frl\/nl\/winkel\/in-hjerstdei-foar-bear\/","name":"In hjerstdei foar Bear &#8211; Af\u00fbk Websjop","isPartOf":{"@id":"https:\/\/websjop.afuk.frl\/nl\/#website"},"primaryImageOfPage":{"@id":"https:\/\/websjop.afuk.frl\/nl\/winkel\/in-hjerstdei-foar-bear\/#primaryimage"},"image":{"@id":"https:\/\/websjop.afuk.frl\/nl\/winkel\/in-hjerstdei-foar-bear\/#primaryimage"},"thumbnailUrl":"https:\/\/websjop.afuk.frl\/wp-content\/uploads\/2025\/09\/In-hjerstdei-foar-Bear.jpg","datePublished":"2025-09-29T09:20:01+00:00","dateModified":"2025-12-01T08:55:17+00:00","description":"Bear en M\u00fbs hebben deze herfstdag afgesproken om te picknicken. Maar M\u00fbs wordt zo triest van de herfst. Kan Bear hem opfleuren in In hjerstdei foar Bear?","breadcrumb":{"@id":"https:\/\/websjop.afuk.frl\/nl\/winkel\/in-hjerstdei-foar-bear\/#breadcrumb"},"inLanguage":"nl-NL","potentialAction":[{"@type":"ReadAction","target":["https:\/\/websjop.afuk.frl\/nl\/winkel\/in-hjerstdei-foar-bear\/"]}]},{"@type":"ImageObject","inLanguage":"nl-NL","@id":"https:\/\/websjop.afuk.frl\/nl\/winkel\/in-hjerstdei-foar-bear\/#primaryimage","url":"https:\/\/websjop.afuk.frl\/wp-content\/uploads\/2025\/09\/In-hjerstdei-foar-Bear.jpg","contentUrl":"https:\/\/websjop.afuk.frl\/wp-content\/uploads\/2025\/09\/In-hjerstdei-foar-Bear.jpg","width":550,"height":478},{"@type":"BreadcrumbList","@id":"https:\/\/websjop.afuk.frl\/nl\/winkel\/in-hjerstdei-foar-bear\/#breadcrumb","itemListElement":[{"@type":"ListItem","position":1,"name":"Home","item":"https:\/\/websjop.afuk.frl\/nl\/"},{"@type":"ListItem","position":2,"name":"Winkel","item":"https:\/\/websjop.afuk.frl\/nl\/winkel\/"},{"@type":"ListItem","position":3,"name":"In hjerstdei foar Bear"}]},{"@type":"WebSite","@id":"https:\/\/websjop.afuk.frl\/nl\/#website","url":"https:\/\/websjop.afuk.frl\/nl\/","name":"Af\u00fbk Websjop","description":"","potentialAction":[{"@type":"SearchAction","target":{"@type":"EntryPoint","urlTemplate":"https:\/\/websjop.afuk.frl\/nl\/?s={search_term_string}"},"query-input":{"@type":"PropertyValueSpecification","valueRequired":true,"valueName":"search_term_string"}}],"inLanguage":"nl-NL"}]}},"_links":{"self":[{"href":"https:\/\/websjop.afuk.frl\/nl\/wp-json\/wp\/v2\/product\/50471","targetHints":{"allow":["GET"]}}],"collection":[{"href":"https:\/\/websjop.afuk.frl\/nl\/wp-json\/wp\/v2\/product"}],"about":[{"href":"https:\/\/websjop.afuk.frl\/nl\/wp-json\/wp\/v2\/types\/product"}],"replies":[{"embeddable":true,"href":"https:\/\/websjop.afuk.frl\/nl\/wp-json\/wp\/v2\/comments?post=50471"}],"wp:featuredmedia":[{"embeddable":true,"href":"https:\/\/websjop.afuk.frl\/nl\/wp-json\/wp\/v2\/media\/50472"}],"wp:attachment":[{"href":"https:\/\/websjop.afuk.frl\/nl\/wp-json\/wp\/v2\/media?parent=50471"}],"wp:term":[{"taxonomy":"product_brand","embeddable":true,"href":"https:\/\/websjop.afuk.frl\/nl\/wp-json\/wp\/v2\/product_brand?post=50471"},{"taxonomy":"product_cat","embeddable":true,"href":"https:\/\/websjop.afuk.frl\/nl\/wp-json\/wp\/v2\/product_cat?post=50471"},{"taxonomy":"product_tag","embeddable":true,"href":"https:\/\/websjop.afuk.frl\/nl\/wp-json\/wp\/v2\/product_tag?post=50471"}],"curies":[{"name":"wp","href":"https:\/\/api.w.org\/{rel}","templated":true}]}}